{"id":75266,"date":"2020-08-10T19:20:32","date_gmt":"2020-08-10T19:20:32","guid":{"rendered":"https:\/\/www.xmpie.com\/?page_id=75266"},"modified":"2026-01-19T15:32:04","modified_gmt":"2026-01-19T15:32:04","slug":"xmpie-email-service-xes","status":"publish","type":"page","link":"https:\/\/www.xmpie.com\/de\/products\/services\/xmpie-email-service-xes\/","title":{"rendered":"XMPie E-Mail-Dienst (XES)"},"content":{"rendered":"<p>XMPie Email Service (XES)<br \/>\nEINE GEWERBLICHE L\u00d6SUNG F\u00dcR PERSONALISIERTEN EMAIL-VERSAND UND TRACKING<br \/>\nEin abonnementbasierter Service, der allen Cross-Media-Kunden zur Verf\u00fcgung steht, um hochpersonalisierte Marketingnachrichten, verhaltensgesteuerte E-Mails und Transaktionsnachrichten von Ihrer XMPie-Plattform aus zu versenden.<\/p>\n<p>Eine leistungsstarke und robuste L\u00f6sung, der Sie vertrauen k\u00f6nnen<\/p>\n<p><strong>Die einfache, nahtlose Art, E-Mails in Ihre Multichannel-Kampagnen zu integrieren.<\/strong><\/p>\n<p>Einfach, aber leistungsstark<br \/>\n<strong>Senden Sie eine personalisierte E-Mail oder Millionen. Die E-Mail-Zustellung kann durch eine bestimmte Aktion an einen bestimmten Empf\u00e4nger ausgel\u00f6st und\/oder an eine gesamte Liste oder eine Teilmenge der Liste gesendet werden.<\/strong><\/p>\n<p>Personalisierung auf einer h\u00f6heren Ebene<br \/>\nMit XMPie werden Daten und Gesch\u00e4ftsregeln \u00fcber mehrere Kan\u00e4le hinweg gemeinsam genutzt. Wenn Sie also eine dynamische und inhaltsgesteuerte E-Mail in Ihre Kampagne einf\u00fcgen m\u00f6chten, m\u00fcssen Sie nur noch eine Anrede hinzuf\u00fcgen.<\/p>\n<p>Verbessern Sie Ihre E-Mail-Funktionen<br \/>\nStellen Sie sicher, dass Ihre Nachrichten den Posteingang Ihrer Kunden erreichen, indem Sie unsere Technologien zur Inhaltsfilterung nutzen, um Ihren Ruf als Absender zu sch\u00fctzen.<\/p>\n<p>Messen Sie die Ergebnisse Ihrer E-Mail-Kampagnen<br \/>\nMit PersonalEffect Analytics von XMPie, das in unseren Cross-Media-Konfigurationen enthalten ist, k\u00f6nnen Sie alle XES-E-Mails verfolgen und Berichte erstellen.<\/p>\n<p>F\u00fcr alle Cross Media-Benutzer<br \/>\nVerf\u00fcgbar f\u00fcr alle XMPie-Kunden mit PersonalEffect eMedia Cloud, PersonalEffect TransMedia, PersonalEffect TransMedia Pro oder Enterprise Cross Media.<\/p>\n<p>Verschiedene Abonnementpl\u00e4ne verf\u00fcgbar<br \/>\nW\u00e4hlen Sie einen XMPie Email Service (XES) Plan, der dem erwarteten Volumen und den Sicherheitsanforderungen entspricht.<\/p>\n<p>ZUR\u00dcCK ZU ADD-ONS &amp; PRO SERVICES<br \/>\nANDERE ADD-ONS &amp; PRO SERVICES PRODUKTE<br \/>\nXMPie Mapping Service (XMap)<br \/>\nPlug-ins und Integrationen<br \/>\nERFOLGSGESCHICHTEN<br \/>\nJOIN XMPie EMAIL SERVICE<br \/>\nXES Preise &amp; FAQs<br \/>\nOne to One in One<br \/>\nOne to One in One<br \/>\nLiefern Sie personalisierte E-Mail-Nachrichten, die vollst\u00e4ndig in alle anderen Touchpoints Ihrer Kampagne integriert sind. Da es sich bei XMPie um eine einzige L\u00f6sung f\u00fcr alle Kan\u00e4le handelt, werden dieselben Daten, Gesch\u00e4ftsregeln und Logiken, die f\u00fcr die Automatisierung von Print-, Web- und SMS-Nachrichten verwendet werden, auch f\u00fcr die Zustellung personalisierter E-Mail-Nachrichten an dieselben Empf\u00e4nger genutzt.<\/p>\n<p>Ein wirklich integrierter Ansatz f\u00fcr das E-Mail-Marketing<br \/>\nEin wirklich integrierter Ansatz f\u00fcr das E-Mail-Marketing<br \/>\nBei XMPie gibt es keinen Silo-Ansatz f\u00fcr das E-Mail-Marketing. Mit der integrierten Multichannel-Technologie von XMPie k\u00f6nnen Benutzer E-Mails einzeln oder in gro\u00dfen Mengen versenden, um leistungsstarke Kampagnen zu initiieren, die die Empf\u00e4nger zur Reaktion veranlassen. Entwerfen, verfassen und pr\u00fcfen Sie E-Mails direkt in Circle, verteilen Sie sie auf Kampagnen und \u00fcberpr\u00fcfen Sie sofort die Analyseergebnisse.<\/p>\n<p>Holen Sie sich die h\u00f6chste Zustellbarkeit f\u00fcr Ihre Kampagnen<br \/>\nHolen Sie sich die h\u00f6chste Zustellbarkeit f\u00fcr Ihre Kampagnen<br \/>\nUnsere XMPie Email Service Plattform bietet die h\u00f6chste Zustellbarkeit f\u00fcr Ihre E-Mail-Kampagnen. Durch die Integration von E-Mail-Verifizierung, DKIM-Authentifizierung als Standard und SPF- und DMARC-Aktivierung, die alle \u00fcber unsere eigene E-Mail-Zustellplattform bereitgestellt werden, k\u00f6nnen wir Ihnen den besten integrierten Ansatz und die besten Zustellbarkeitsraten f\u00fcr XMPie-Benutzer bieten.<\/p>\n<p>Nachverfolgung und Berichterstellung<br \/>\nNachverfolgung und Berichterstellung<br \/>\nMit der XMPie-Analyse k\u00f6nnen Sie ganz einfach verfolgen, wie Ihre E-Mails innerhalb einer Kampagne abschneiden. \u00d6ffnungsraten, Bounce Backs und andere Metriken sind in PersonalEffect Analytics integriert, das einen umfassenden \u00dcberblick \u00fcber die verschiedenen Medien in Ihrem medien\u00fcbergreifenden Angebot bietet. Kombinieren Sie dies alles mit anderen Ber\u00fchrungspunkten in einer Kampagne und Sie erhalten eine wirklich vollst\u00e4ndige Berichterstattung f\u00fcr eine Multikanal-Kampagne.<\/p>\n<p>Abo-Pl\u00e4ne<br \/>\nAbo-Pl\u00e4ne<br \/>\nAbo-Pl\u00e4ne sind je nach Ihrem Nutzungsvolumen erh\u00e4ltlich: von 200 Tausend E-Mails pro Jahr bis zu 30+ Millionen E-Mails pro Jahr. W\u00e4hlen Sie den f\u00fcr Ihr E-Mail-Volumen am besten geeigneten Tarif und erwerben Sie bei Bedarf online zus\u00e4tzliche Credits.<\/p>\n","protected":false},"excerpt":{"rendered":"<p>XMPie Email Service (XES) EINE GEWERBLICHE L\u00d6SUNG F\u00dcR PERSONALISIERTEN EMAIL-VERSAND UND TRACKING Ein abonnementbasierter Service, der allen Cross-Media-Kunden zur Verf\u00fcgung steht, um hochpersonalisierte Marketingnachrichten, verhaltensgesteuerte E-Mails und Transaktionsnachrichten von Ihrer XMPie-Plattform aus zu&#8230;<\/p>\n","protected":false},"author":24,"featured_media":0,"parent":9258,"menu_order":0,"comment_status":"open","ping_status":"closed","template":"templates\/product.php","meta":{"_acf_changed":false,"footnotes":""},"class_list":["post-75266","page","type-page","status-publish","hentry"],"acf":[],"yoast_head":"<!-- This site is optimized with the Yoast SEO Premium plugin v26.5 (Yoast SEO v27.4) - https:\/\/yoast.com\/product\/yoast-seo-premium-wordpress\/ -->\n<title>Personalisierte E-Mail-Marketingdienste (XES) | XMPie<\/title>\n<meta name=\"description\" content=\"Eine kommerzielle E-Mail-Marketingl\u00f6sung f\u00fcr den personalisierten E-Mail-Versand und die Nachverfolgung\" \/>\n<meta name=\"robots\" content=\"index, follow, max-snippet:-1, max-image-preview:large, max-video-preview:-1\" \/>\n<link rel=\"canonical\" href=\"https:\/\/www.xmpie.com\/de\/products\/services\/xmpie-email-service-xes\/\" \/>\n<meta property=\"og:locale\" content=\"de_DE\" \/>\n<meta property=\"og:type\" content=\"article\" \/>\n<meta property=\"og:title\" content=\"XMPie E-Mail-Dienst (XES)\" \/>\n<meta property=\"og:description\" content=\"Eine kommerzielle E-Mail-Marketingl\u00f6sung f\u00fcr den personalisierten E-Mail-Versand und die Nachverfolgung\" \/>\n<meta property=\"og:url\" content=\"https:\/\/www.xmpie.com\/de\/products\/services\/xmpie-email-service-xes\/\" \/>\n<meta property=\"og:site_name\" content=\"XMPie\" \/>\n<meta property=\"article:publisher\" content=\"https:\/\/www.facebook.com\/xmpie\" \/>\n<meta property=\"article:modified_time\" content=\"2026-01-19T15:32:04+00:00\" \/>\n<meta name=\"twitter:card\" content=\"summary_large_image\" \/>\n<meta name=\"twitter:site\" content=\"@XMPie\" \/>\n<meta name=\"twitter:label1\" content=\"Gesch\u00e4tzte Lesezeit\" \/>\n\t<meta name=\"twitter:data1\" content=\"3\u00a0Minuten\" \/>\n<script type=\"application\/ld+json\" class=\"yoast-schema-graph\">{\"@context\":\"https:\\\/\\\/schema.org\",\"@graph\":[{\"@type\":\"WebPage\",\"@id\":\"https:\\\/\\\/www.xmpie.com\\\/de\\\/products\\\/services\\\/xmpie-email-service-xes\\\/\",\"url\":\"https:\\\/\\\/www.xmpie.com\\\/de\\\/products\\\/services\\\/xmpie-email-service-xes\\\/\",\"name\":\"Personalisierte E-Mail-Marketingdienste (XES) | XMPie\",\"isPartOf\":{\"@id\":\"https:\\\/\\\/www.xmpie.com\\\/de\\\/#website\"},\"datePublished\":\"2020-08-10T19:20:32+00:00\",\"dateModified\":\"2026-01-19T15:32:04+00:00\",\"description\":\"Eine kommerzielle E-Mail-Marketingl\u00f6sung f\u00fcr den personalisierten E-Mail-Versand und die Nachverfolgung\",\"breadcrumb\":{\"@id\":\"https:\\\/\\\/www.xmpie.com\\\/de\\\/products\\\/services\\\/xmpie-email-service-xes\\\/#breadcrumb\"},\"inLanguage\":\"de\",\"potentialAction\":[{\"@type\":\"ReadAction\",\"target\":[\"https:\\\/\\\/www.xmpie.com\\\/de\\\/products\\\/services\\\/xmpie-email-service-xes\\\/\"]}]},{\"@type\":\"BreadcrumbList\",\"@id\":\"https:\\\/\\\/www.xmpie.com\\\/de\\\/products\\\/services\\\/xmpie-email-service-xes\\\/#breadcrumb\",\"itemListElement\":[{\"@type\":\"ListItem\",\"position\":1,\"name\":\"Home\",\"item\":\"https:\\\/\\\/www.xmpie.com\\\/de\\\/\"},{\"@type\":\"ListItem\",\"position\":2,\"name\":\"Products\",\"item\":\"https:\\\/\\\/www.xmpie.com\\\/de\\\/?page_id=11760\"},{\"@type\":\"ListItem\",\"position\":3,\"name\":\"Services\",\"item\":\"https:\\\/\\\/www.xmpie.com\\\/de\\\/products\\\/services\\\/\"},{\"@type\":\"ListItem\",\"position\":4,\"name\":\"XMPie E-Mail-Dienst (XES)\"}]},{\"@type\":\"WebSite\",\"@id\":\"https:\\\/\\\/www.xmpie.com\\\/de\\\/#website\",\"url\":\"https:\\\/\\\/www.xmpie.com\\\/de\\\/\",\"name\":\"XMPie\",\"description\":\"Our Technology Integrates print and digital media to improve the brand experience\",\"publisher\":{\"@id\":\"https:\\\/\\\/www.xmpie.com\\\/de\\\/#organization\"},\"potentialAction\":[{\"@type\":\"SearchAction\",\"target\":{\"@type\":\"EntryPoint\",\"urlTemplate\":\"https:\\\/\\\/www.xmpie.com\\\/de\\\/?s={search_term_string}\"},\"query-input\":{\"@type\":\"PropertyValueSpecification\",\"valueRequired\":true,\"valueName\":\"search_term_string\"}}],\"inLanguage\":\"de\"},{\"@type\":\"Organization\",\"@id\":\"https:\\\/\\\/www.xmpie.com\\\/de\\\/#organization\",\"name\":\"XMPie\",\"url\":\"https:\\\/\\\/www.xmpie.com\\\/de\\\/\",\"logo\":{\"@type\":\"ImageObject\",\"inLanguage\":\"de\",\"@id\":\"https:\\\/\\\/www.xmpie.com\\\/de\\\/#\\\/schema\\\/logo\\\/image\\\/\",\"url\":\"https:\\\/\\\/www.xmpie.com\\\/wp-content\\\/uploads\\\/2015\\\/07\\\/logo.png\",\"contentUrl\":\"https:\\\/\\\/www.xmpie.com\\\/wp-content\\\/uploads\\\/2015\\\/07\\\/logo.png\",\"width\":62,\"height\":62,\"caption\":\"XMPie\"},\"image\":{\"@id\":\"https:\\\/\\\/www.xmpie.com\\\/de\\\/#\\\/schema\\\/logo\\\/image\\\/\"},\"sameAs\":[\"https:\\\/\\\/www.facebook.com\\\/xmpie\",\"https:\\\/\\\/x.com\\\/XMPie\",\"http:\\\/\\\/www.linkedin.com\\\/company\\\/xmpie\",\"https:\\\/\\\/www.pinterest.com\\\/XMPieCreate\\\/\",\"http:\\\/\\\/www.youtube.com\\\/xmpie\"]}]}<\/script>\n<!-- \/ Yoast SEO Premium plugin. -->","yoast_head_json":{"title":"Personalisierte E-Mail-Marketingdienste (XES) | XMPie","description":"Eine kommerzielle E-Mail-Marketingl\u00f6sung f\u00fcr den personalisierten E-Mail-Versand und die Nachverfolgung","robots":{"index":"index","follow":"follow","max-snippet":"max-snippet:-1","max-image-preview":"max-image-preview:large","max-video-preview":"max-video-preview:-1"},"canonical":"https:\/\/www.xmpie.com\/de\/products\/services\/xmpie-email-service-xes\/","og_locale":"de_DE","og_type":"article","og_title":"XMPie E-Mail-Dienst (XES)","og_description":"Eine kommerzielle E-Mail-Marketingl\u00f6sung f\u00fcr den personalisierten E-Mail-Versand und die Nachverfolgung","og_url":"https:\/\/www.xmpie.com\/de\/products\/services\/xmpie-email-service-xes\/","og_site_name":"XMPie","article_publisher":"https:\/\/www.facebook.com\/xmpie","article_modified_time":"2026-01-19T15:32:04+00:00","twitter_card":"summary_large_image","twitter_site":"@XMPie","twitter_misc":{"Gesch\u00e4tzte Lesezeit":"3\u00a0Minuten"},"schema":{"@context":"https:\/\/schema.org","@graph":[{"@type":"WebPage","@id":"https:\/\/www.xmpie.com\/de\/products\/services\/xmpie-email-service-xes\/","url":"https:\/\/www.xmpie.com\/de\/products\/services\/xmpie-email-service-xes\/","name":"Personalisierte E-Mail-Marketingdienste (XES) | XMPie","isPartOf":{"@id":"https:\/\/www.xmpie.com\/de\/#website"},"datePublished":"2020-08-10T19:20:32+00:00","dateModified":"2026-01-19T15:32:04+00:00","description":"Eine kommerzielle E-Mail-Marketingl\u00f6sung f\u00fcr den personalisierten E-Mail-Versand und die Nachverfolgung","breadcrumb":{"@id":"https:\/\/www.xmpie.com\/de\/products\/services\/xmpie-email-service-xes\/#breadcrumb"},"inLanguage":"de","potentialAction":[{"@type":"ReadAction","target":["https:\/\/www.xmpie.com\/de\/products\/services\/xmpie-email-service-xes\/"]}]},{"@type":"BreadcrumbList","@id":"https:\/\/www.xmpie.com\/de\/products\/services\/xmpie-email-service-xes\/#breadcrumb","itemListElement":[{"@type":"ListItem","position":1,"name":"Home","item":"https:\/\/www.xmpie.com\/de\/"},{"@type":"ListItem","position":2,"name":"Products","item":"https:\/\/www.xmpie.com\/de\/?page_id=11760"},{"@type":"ListItem","position":3,"name":"Services","item":"https:\/\/www.xmpie.com\/de\/products\/services\/"},{"@type":"ListItem","position":4,"name":"XMPie E-Mail-Dienst (XES)"}]},{"@type":"WebSite","@id":"https:\/\/www.xmpie.com\/de\/#website","url":"https:\/\/www.xmpie.com\/de\/","name":"XMPie","description":"Our Technology Integrates print and digital media to improve the brand experience","publisher":{"@id":"https:\/\/www.xmpie.com\/de\/#organization"},"potentialAction":[{"@type":"SearchAction","target":{"@type":"EntryPoint","urlTemplate":"https:\/\/www.xmpie.com\/de\/?s={search_term_string}"},"query-input":{"@type":"PropertyValueSpecification","valueRequired":true,"valueName":"search_term_string"}}],"inLanguage":"de"},{"@type":"Organization","@id":"https:\/\/www.xmpie.com\/de\/#organization","name":"XMPie","url":"https:\/\/www.xmpie.com\/de\/","logo":{"@type":"ImageObject","inLanguage":"de","@id":"https:\/\/www.xmpie.com\/de\/#\/schema\/logo\/image\/","url":"https:\/\/www.xmpie.com\/wp-content\/uploads\/2015\/07\/logo.png","contentUrl":"https:\/\/www.xmpie.com\/wp-content\/uploads\/2015\/07\/logo.png","width":62,"height":62,"caption":"XMPie"},"image":{"@id":"https:\/\/www.xmpie.com\/de\/#\/schema\/logo\/image\/"},"sameAs":["https:\/\/www.facebook.com\/xmpie","https:\/\/x.com\/XMPie","http:\/\/www.linkedin.com\/company\/xmpie","https:\/\/www.pinterest.com\/XMPieCreate\/","http:\/\/www.youtube.com\/xmpie"]}]}},"_links":{"self":[{"href":"https:\/\/www.xmpie.com\/de\/wp-json\/wp\/v2\/pages\/75266","targetHints":{"allow":["GET"]}}],"collection":[{"href":"https:\/\/www.xmpie.com\/de\/wp-json\/wp\/v2\/pages"}],"about":[{"href":"https:\/\/www.xmpie.com\/de\/wp-json\/wp\/v2\/types\/page"}],"author":[{"embeddable":true,"href":"https:\/\/www.xmpie.com\/de\/wp-json\/wp\/v2\/users\/24"}],"replies":[{"embeddable":true,"href":"https:\/\/www.xmpie.com\/de\/wp-json\/wp\/v2\/comments?post=75266"}],"version-history":[{"count":3,"href":"https:\/\/www.xmpie.com\/de\/wp-json\/wp\/v2\/pages\/75266\/revisions"}],"predecessor-version":[{"id":119350,"href":"https:\/\/www.xmpie.com\/de\/wp-json\/wp\/v2\/pages\/75266\/revisions\/119350"}],"up":[{"embeddable":true,"href":"https:\/\/www.xmpie.com\/de\/wp-json\/wp\/v2\/pages\/9258"}],"wp:attachment":[{"href":"https:\/\/www.xmpie.com\/de\/wp-json\/wp\/v2\/media?parent=75266"}],"curies":[{"name":"wp","href":"https:\/\/api.w.org\/{rel}","templated":true}]}}