{"id":9223,"date":"2016-04-11T13:41:58","date_gmt":"2016-04-11T13:41:58","guid":{"rendered":"https:\/\/www.xmpie.com\/partner\/?lang=de"},"modified":"2026-02-03T20:45:53","modified_gmt":"2026-02-03T20:45:53","slug":"partner","status":"publish","type":"page","link":"https:\/\/www.xmpie.com\/de\/ber-xmpie\/partner\/","title":{"rendered":"Partner"},"content":{"rendered":"<p>XMPie arbeitet eng mit zahlreichen f\u00fchrenden Unternehmen in den Bereichen technische Integration, Unternehmensentwicklung, Marketing und Vertrieb zusammen.<br \/>\nDank dieser wertvollen Zusammenarbeit k\u00f6nnen wir:<\/p>\n<p>Durch die Zusammenarbeit mit f\u00fchrenden Anbietern von synergetischen, kostenfreien Technologien auf f\u00fcr beide Seiten lohnende M\u00f6glichkeiten aufbauen.<\/p>\n<p>Unseren Partnern eine einzigartige, innovative L\u00f6sung anbieten, mit welcher sie ihren Kundenstock erweitern und zus\u00e4tzliche Ums\u00e4tze generieren k\u00f6nnen.<\/p>\n","protected":false},"excerpt":{"rendered":"<p>XMPie arbeitet eng mit einer Reihe von Branchenf\u00fchrern in Bereichen wie technische Integration, Gesch\u00e4ftsentwicklung, Marketing und Vertrieb zusammen.<\/p>\n","protected":false},"author":1,"featured_media":0,"parent":9253,"menu_order":0,"comment_status":"open","ping_status":"open","template":"templates\/product.php","meta":{"_acf_changed":false,"footnotes":""},"class_list":["post-9223","page","type-page","status-publish","hentry"],"acf":[],"yoast_head":"<!-- This site is optimized with the Yoast SEO Premium plugin v26.5 (Yoast SEO v27.4) - https:\/\/yoast.com\/product\/yoast-seo-premium-wordpress\/ -->\n<title>Partner - XMPie<\/title>\n<meta name=\"description\" content=\"XMPie arbeitet eng mit einer Reihe von Branchenf\u00fchrern in Bereichen wie technische Integration, Gesch\u00e4ftsentwicklung, Marketing und Vertrieb zusammen.\" \/>\n<meta name=\"robots\" content=\"index, follow, max-snippet:-1, max-image-preview:large, max-video-preview:-1\" \/>\n<link rel=\"canonical\" href=\"https:\/\/www.xmpie.com\/de\/ber-xmpie\/partner\/\" \/>\n<meta property=\"og:locale\" content=\"de_DE\" \/>\n<meta property=\"og:type\" content=\"article\" \/>\n<meta property=\"og:title\" content=\"Partner\" \/>\n<meta property=\"og:description\" content=\"XMPie arbeitet eng mit einer Reihe von Branchenf\u00fchrern in Bereichen wie technische Integration, Gesch\u00e4ftsentwicklung, Marketing und Vertrieb zusammen.\" \/>\n<meta property=\"og:url\" content=\"https:\/\/www.xmpie.com\/de\/ber-xmpie\/partner\/\" \/>\n<meta property=\"og:site_name\" content=\"XMPie\" \/>\n<meta property=\"article:publisher\" content=\"https:\/\/www.facebook.com\/xmpie\" \/>\n<meta property=\"article:modified_time\" content=\"2026-02-03T20:45:53+00:00\" \/>\n<meta name=\"twitter:card\" content=\"summary_large_image\" \/>\n<meta name=\"twitter:site\" content=\"@XMPie\" \/>\n<script type=\"application\/ld+json\" class=\"yoast-schema-graph\">{\"@context\":\"https:\\\/\\\/schema.org\",\"@graph\":[{\"@type\":\"WebPage\",\"@id\":\"https:\\\/\\\/www.xmpie.com\\\/de\\\/ber-xmpie\\\/partner\\\/\",\"url\":\"https:\\\/\\\/www.xmpie.com\\\/de\\\/ber-xmpie\\\/partner\\\/\",\"name\":\"Partner - XMPie\",\"isPartOf\":{\"@id\":\"https:\\\/\\\/www.xmpie.com\\\/de\\\/#website\"},\"datePublished\":\"2016-04-11T13:41:58+00:00\",\"dateModified\":\"2026-02-03T20:45:53+00:00\",\"description\":\"XMPie arbeitet eng mit einer Reihe von Branchenf\u00fchrern in Bereichen wie technische Integration, Gesch\u00e4ftsentwicklung, Marketing und Vertrieb zusammen.\",\"breadcrumb\":{\"@id\":\"https:\\\/\\\/www.xmpie.com\\\/de\\\/ber-xmpie\\\/partner\\\/#breadcrumb\"},\"inLanguage\":\"de\",\"potentialAction\":[{\"@type\":\"ReadAction\",\"target\":[\"https:\\\/\\\/www.xmpie.com\\\/de\\\/ber-xmpie\\\/partner\\\/\"]}]},{\"@type\":\"BreadcrumbList\",\"@id\":\"https:\\\/\\\/www.xmpie.com\\\/de\\\/ber-xmpie\\\/partner\\\/#breadcrumb\",\"itemListElement\":[{\"@type\":\"ListItem\",\"position\":1,\"name\":\"Home\",\"item\":\"https:\\\/\\\/www.xmpie.com\\\/de\\\/\"},{\"@type\":\"ListItem\",\"position\":2,\"name\":\"&Uuml;ber XMPie\",\"item\":\"https:\\\/\\\/www.xmpie.com\\\/de\\\/ber-xmpie\\\/\"},{\"@type\":\"ListItem\",\"position\":3,\"name\":\"Partner\"}]},{\"@type\":\"WebSite\",\"@id\":\"https:\\\/\\\/www.xmpie.com\\\/de\\\/#website\",\"url\":\"https:\\\/\\\/www.xmpie.com\\\/de\\\/\",\"name\":\"XMPie\",\"description\":\"Our Technology Integrates print and digital media to improve the brand experience\",\"publisher\":{\"@id\":\"https:\\\/\\\/www.xmpie.com\\\/de\\\/#organization\"},\"potentialAction\":[{\"@type\":\"SearchAction\",\"target\":{\"@type\":\"EntryPoint\",\"urlTemplate\":\"https:\\\/\\\/www.xmpie.com\\\/de\\\/?s={search_term_string}\"},\"query-input\":{\"@type\":\"PropertyValueSpecification\",\"valueRequired\":true,\"valueName\":\"search_term_string\"}}],\"inLanguage\":\"de\"},{\"@type\":\"Organization\",\"@id\":\"https:\\\/\\\/www.xmpie.com\\\/de\\\/#organization\",\"name\":\"XMPie\",\"url\":\"https:\\\/\\\/www.xmpie.com\\\/de\\\/\",\"logo\":{\"@type\":\"ImageObject\",\"inLanguage\":\"de\",\"@id\":\"https:\\\/\\\/www.xmpie.com\\\/de\\\/#\\\/schema\\\/logo\\\/image\\\/\",\"url\":\"https:\\\/\\\/www.xmpie.com\\\/wp-content\\\/uploads\\\/2015\\\/07\\\/logo.png\",\"contentUrl\":\"https:\\\/\\\/www.xmpie.com\\\/wp-content\\\/uploads\\\/2015\\\/07\\\/logo.png\",\"width\":62,\"height\":62,\"caption\":\"XMPie\"},\"image\":{\"@id\":\"https:\\\/\\\/www.xmpie.com\\\/de\\\/#\\\/schema\\\/logo\\\/image\\\/\"},\"sameAs\":[\"https:\\\/\\\/www.facebook.com\\\/xmpie\",\"https:\\\/\\\/x.com\\\/XMPie\",\"http:\\\/\\\/www.linkedin.com\\\/company\\\/xmpie\",\"https:\\\/\\\/www.pinterest.com\\\/XMPieCreate\\\/\",\"http:\\\/\\\/www.youtube.com\\\/xmpie\"]}]}<\/script>\n<!-- \/ Yoast SEO Premium plugin. -->","yoast_head_json":{"title":"Partner - XMPie","description":"XMPie arbeitet eng mit einer Reihe von Branchenf\u00fchrern in Bereichen wie technische Integration, Gesch\u00e4ftsentwicklung, Marketing und Vertrieb zusammen.","robots":{"index":"index","follow":"follow","max-snippet":"max-snippet:-1","max-image-preview":"max-image-preview:large","max-video-preview":"max-video-preview:-1"},"canonical":"https:\/\/www.xmpie.com\/de\/ber-xmpie\/partner\/","og_locale":"de_DE","og_type":"article","og_title":"Partner","og_description":"XMPie arbeitet eng mit einer Reihe von Branchenf\u00fchrern in Bereichen wie technische Integration, Gesch\u00e4ftsentwicklung, Marketing und Vertrieb zusammen.","og_url":"https:\/\/www.xmpie.com\/de\/ber-xmpie\/partner\/","og_site_name":"XMPie","article_publisher":"https:\/\/www.facebook.com\/xmpie","article_modified_time":"2026-02-03T20:45:53+00:00","twitter_card":"summary_large_image","twitter_site":"@XMPie","schema":{"@context":"https:\/\/schema.org","@graph":[{"@type":"WebPage","@id":"https:\/\/www.xmpie.com\/de\/ber-xmpie\/partner\/","url":"https:\/\/www.xmpie.com\/de\/ber-xmpie\/partner\/","name":"Partner - XMPie","isPartOf":{"@id":"https:\/\/www.xmpie.com\/de\/#website"},"datePublished":"2016-04-11T13:41:58+00:00","dateModified":"2026-02-03T20:45:53+00:00","description":"XMPie arbeitet eng mit einer Reihe von Branchenf\u00fchrern in Bereichen wie technische Integration, Gesch\u00e4ftsentwicklung, Marketing und Vertrieb zusammen.","breadcrumb":{"@id":"https:\/\/www.xmpie.com\/de\/ber-xmpie\/partner\/#breadcrumb"},"inLanguage":"de","potentialAction":[{"@type":"ReadAction","target":["https:\/\/www.xmpie.com\/de\/ber-xmpie\/partner\/"]}]},{"@type":"BreadcrumbList","@id":"https:\/\/www.xmpie.com\/de\/ber-xmpie\/partner\/#breadcrumb","itemListElement":[{"@type":"ListItem","position":1,"name":"Home","item":"https:\/\/www.xmpie.com\/de\/"},{"@type":"ListItem","position":2,"name":"&Uuml;ber XMPie","item":"https:\/\/www.xmpie.com\/de\/ber-xmpie\/"},{"@type":"ListItem","position":3,"name":"Partner"}]},{"@type":"WebSite","@id":"https:\/\/www.xmpie.com\/de\/#website","url":"https:\/\/www.xmpie.com\/de\/","name":"XMPie","description":"Our Technology Integrates print and digital media to improve the brand experience","publisher":{"@id":"https:\/\/www.xmpie.com\/de\/#organization"},"potentialAction":[{"@type":"SearchAction","target":{"@type":"EntryPoint","urlTemplate":"https:\/\/www.xmpie.com\/de\/?s={search_term_string}"},"query-input":{"@type":"PropertyValueSpecification","valueRequired":true,"valueName":"search_term_string"}}],"inLanguage":"de"},{"@type":"Organization","@id":"https:\/\/www.xmpie.com\/de\/#organization","name":"XMPie","url":"https:\/\/www.xmpie.com\/de\/","logo":{"@type":"ImageObject","inLanguage":"de","@id":"https:\/\/www.xmpie.com\/de\/#\/schema\/logo\/image\/","url":"https:\/\/www.xmpie.com\/wp-content\/uploads\/2015\/07\/logo.png","contentUrl":"https:\/\/www.xmpie.com\/wp-content\/uploads\/2015\/07\/logo.png","width":62,"height":62,"caption":"XMPie"},"image":{"@id":"https:\/\/www.xmpie.com\/de\/#\/schema\/logo\/image\/"},"sameAs":["https:\/\/www.facebook.com\/xmpie","https:\/\/x.com\/XMPie","http:\/\/www.linkedin.com\/company\/xmpie","https:\/\/www.pinterest.com\/XMPieCreate\/","http:\/\/www.youtube.com\/xmpie"]}]}},"_links":{"self":[{"href":"https:\/\/www.xmpie.com\/de\/wp-json\/wp\/v2\/pages\/9223","targetHints":{"allow":["GET"]}}],"collection":[{"href":"https:\/\/www.xmpie.com\/de\/wp-json\/wp\/v2\/pages"}],"about":[{"href":"https:\/\/www.xmpie.com\/de\/wp-json\/wp\/v2\/types\/page"}],"author":[{"embeddable":true,"href":"https:\/\/www.xmpie.com\/de\/wp-json\/wp\/v2\/users\/1"}],"replies":[{"embeddable":true,"href":"https:\/\/www.xmpie.com\/de\/wp-json\/wp\/v2\/comments?post=9223"}],"version-history":[{"count":5,"href":"https:\/\/www.xmpie.com\/de\/wp-json\/wp\/v2\/pages\/9223\/revisions"}],"predecessor-version":[{"id":119586,"href":"https:\/\/www.xmpie.com\/de\/wp-json\/wp\/v2\/pages\/9223\/revisions\/119586"}],"up":[{"embeddable":true,"href":"https:\/\/www.xmpie.com\/de\/wp-json\/wp\/v2\/pages\/9253"}],"wp:attachment":[{"href":"https:\/\/www.xmpie.com\/de\/wp-json\/wp\/v2\/media?parent=9223"}],"curies":[{"name":"wp","href":"https:\/\/api.w.org\/{rel}","templated":true}]}}