{"id":9228,"date":"2016-04-11T13:41:58","date_gmt":"2016-04-11T13:41:58","guid":{"rendered":"https:\/\/www.xmpie.com\/creative-tools\/?lang=de"},"modified":"2019-11-11T13:30:43","modified_gmt":"2019-11-11T13:30:43","slug":"creative-tools","status":"publish","type":"page","link":"https:\/\/www.xmpie.com\/de\/products\/creative-tools\/","title":{"rendered":"Creative Tools"},"content":{"rendered":"<p>&gt; Erfolgsgeschichten mit Creative Tools<\/p>\n","protected":false},"excerpt":{"rendered":"<p>&gt; Erfolgsgeschichten mit Creative Tools<\/p>\n","protected":false},"author":1,"featured_media":0,"parent":11760,"menu_order":0,"comment_status":"open","ping_status":"closed","template":"templates\/landing.php","meta":{"_acf_changed":false,"footnotes":""},"class_list":["post-9228","page","type-page","status-publish","hentry"],"acf":[],"yoast_head":"<!-- This site is optimized with the Yoast SEO Premium plugin v26.5 (Yoast SEO v27.4) - https:\/\/yoast.com\/product\/yoast-seo-premium-wordpress\/ -->\n<title>Creative Tools | Personalisiertes Direktmarketing | XMPie<\/title>\n<meta name=\"description\" content=\"Sprechen Sie Ihre Zielgruppe direkt \u00fcber deren bevorzugten Kan\u00e4le an. Synchronisieren Sie Ihre Kundengespr\u00e4che auf Druck, E-Mail, Web und Video.\" \/>\n<meta name=\"robots\" content=\"index, follow, max-snippet:-1, max-image-preview:large, max-video-preview:-1\" \/>\n<link rel=\"canonical\" href=\"https:\/\/www.xmpie.com\/de\/products\/creative-tools\/\" \/>\n<meta property=\"og:locale\" content=\"de_DE\" \/>\n<meta property=\"og:type\" content=\"article\" \/>\n<meta property=\"og:title\" content=\"Creative Tools\" \/>\n<meta property=\"og:description\" content=\"Sprechen Sie Ihre Zielgruppe direkt \u00fcber deren bevorzugten Kan\u00e4le an. Synchronisieren Sie Ihre Kundengespr\u00e4che auf Druck, E-Mail, Web und Video.\" \/>\n<meta property=\"og:url\" content=\"https:\/\/www.xmpie.com\/de\/products\/creative-tools\/\" \/>\n<meta property=\"og:site_name\" content=\"XMPie\" \/>\n<meta property=\"article:publisher\" content=\"https:\/\/www.facebook.com\/xmpie\" \/>\n<meta property=\"article:modified_time\" content=\"2019-11-11T13:30:43+00:00\" \/>\n<meta name=\"twitter:card\" content=\"summary_large_image\" \/>\n<meta name=\"twitter:site\" content=\"@XMPie\" \/>\n<script type=\"application\/ld+json\" class=\"yoast-schema-graph\">{\"@context\":\"https:\\\/\\\/schema.org\",\"@graph\":[{\"@type\":\"WebPage\",\"@id\":\"https:\\\/\\\/www.xmpie.com\\\/de\\\/products\\\/creative-tools\\\/\",\"url\":\"https:\\\/\\\/www.xmpie.com\\\/de\\\/products\\\/creative-tools\\\/\",\"name\":\"Creative Tools | Personalisiertes Direktmarketing | XMPie\",\"isPartOf\":{\"@id\":\"https:\\\/\\\/www.xmpie.com\\\/de\\\/#website\"},\"datePublished\":\"2016-04-11T13:41:58+00:00\",\"dateModified\":\"2019-11-11T13:30:43+00:00\",\"description\":\"Sprechen Sie Ihre Zielgruppe direkt \u00fcber deren bevorzugten Kan\u00e4le an. Synchronisieren Sie Ihre Kundengespr\u00e4che auf Druck, E-Mail, Web und Video.\",\"breadcrumb\":{\"@id\":\"https:\\\/\\\/www.xmpie.com\\\/de\\\/products\\\/creative-tools\\\/#breadcrumb\"},\"inLanguage\":\"de\",\"potentialAction\":[{\"@type\":\"ReadAction\",\"target\":[\"https:\\\/\\\/www.xmpie.com\\\/de\\\/products\\\/creative-tools\\\/\"]}]},{\"@type\":\"BreadcrumbList\",\"@id\":\"https:\\\/\\\/www.xmpie.com\\\/de\\\/products\\\/creative-tools\\\/#breadcrumb\",\"itemListElement\":[{\"@type\":\"ListItem\",\"position\":1,\"name\":\"Home\",\"item\":\"https:\\\/\\\/www.xmpie.com\\\/de\\\/\"},{\"@type\":\"ListItem\",\"position\":2,\"name\":\"Products\",\"item\":\"https:\\\/\\\/www.xmpie.com\\\/de\\\/?page_id=11760\"},{\"@type\":\"ListItem\",\"position\":3,\"name\":\"Creative Tools\"}]},{\"@type\":\"WebSite\",\"@id\":\"https:\\\/\\\/www.xmpie.com\\\/de\\\/#website\",\"url\":\"https:\\\/\\\/www.xmpie.com\\\/de\\\/\",\"name\":\"XMPie\",\"description\":\"Our Technology Integrates print and digital media to improve the brand experience\",\"publisher\":{\"@id\":\"https:\\\/\\\/www.xmpie.com\\\/de\\\/#organization\"},\"potentialAction\":[{\"@type\":\"SearchAction\",\"target\":{\"@type\":\"EntryPoint\",\"urlTemplate\":\"https:\\\/\\\/www.xmpie.com\\\/de\\\/?s={search_term_string}\"},\"query-input\":{\"@type\":\"PropertyValueSpecification\",\"valueRequired\":true,\"valueName\":\"search_term_string\"}}],\"inLanguage\":\"de\"},{\"@type\":\"Organization\",\"@id\":\"https:\\\/\\\/www.xmpie.com\\\/de\\\/#organization\",\"name\":\"XMPie\",\"url\":\"https:\\\/\\\/www.xmpie.com\\\/de\\\/\",\"logo\":{\"@type\":\"ImageObject\",\"inLanguage\":\"de\",\"@id\":\"https:\\\/\\\/www.xmpie.com\\\/de\\\/#\\\/schema\\\/logo\\\/image\\\/\",\"url\":\"https:\\\/\\\/www.xmpie.com\\\/wp-content\\\/uploads\\\/2015\\\/07\\\/logo.png\",\"contentUrl\":\"https:\\\/\\\/www.xmpie.com\\\/wp-content\\\/uploads\\\/2015\\\/07\\\/logo.png\",\"width\":62,\"height\":62,\"caption\":\"XMPie\"},\"image\":{\"@id\":\"https:\\\/\\\/www.xmpie.com\\\/de\\\/#\\\/schema\\\/logo\\\/image\\\/\"},\"sameAs\":[\"https:\\\/\\\/www.facebook.com\\\/xmpie\",\"https:\\\/\\\/x.com\\\/XMPie\",\"http:\\\/\\\/www.linkedin.com\\\/company\\\/xmpie\",\"https:\\\/\\\/www.pinterest.com\\\/XMPieCreate\\\/\",\"http:\\\/\\\/www.youtube.com\\\/xmpie\"]}]}<\/script>\n<!-- \/ Yoast SEO Premium plugin. -->","yoast_head_json":{"title":"Creative Tools | Personalisiertes Direktmarketing | XMPie","description":"Sprechen Sie Ihre Zielgruppe direkt \u00fcber deren bevorzugten Kan\u00e4le an. Synchronisieren Sie Ihre Kundengespr\u00e4che auf Druck, E-Mail, Web und Video.","robots":{"index":"index","follow":"follow","max-snippet":"max-snippet:-1","max-image-preview":"max-image-preview:large","max-video-preview":"max-video-preview:-1"},"canonical":"https:\/\/www.xmpie.com\/de\/products\/creative-tools\/","og_locale":"de_DE","og_type":"article","og_title":"Creative Tools","og_description":"Sprechen Sie Ihre Zielgruppe direkt \u00fcber deren bevorzugten Kan\u00e4le an. Synchronisieren Sie Ihre Kundengespr\u00e4che auf Druck, E-Mail, Web und Video.","og_url":"https:\/\/www.xmpie.com\/de\/products\/creative-tools\/","og_site_name":"XMPie","article_publisher":"https:\/\/www.facebook.com\/xmpie","article_modified_time":"2019-11-11T13:30:43+00:00","twitter_card":"summary_large_image","twitter_site":"@XMPie","schema":{"@context":"https:\/\/schema.org","@graph":[{"@type":"WebPage","@id":"https:\/\/www.xmpie.com\/de\/products\/creative-tools\/","url":"https:\/\/www.xmpie.com\/de\/products\/creative-tools\/","name":"Creative Tools | Personalisiertes Direktmarketing | XMPie","isPartOf":{"@id":"https:\/\/www.xmpie.com\/de\/#website"},"datePublished":"2016-04-11T13:41:58+00:00","dateModified":"2019-11-11T13:30:43+00:00","description":"Sprechen Sie Ihre Zielgruppe direkt \u00fcber deren bevorzugten Kan\u00e4le an. Synchronisieren Sie Ihre Kundengespr\u00e4che auf Druck, E-Mail, Web und Video.","breadcrumb":{"@id":"https:\/\/www.xmpie.com\/de\/products\/creative-tools\/#breadcrumb"},"inLanguage":"de","potentialAction":[{"@type":"ReadAction","target":["https:\/\/www.xmpie.com\/de\/products\/creative-tools\/"]}]},{"@type":"BreadcrumbList","@id":"https:\/\/www.xmpie.com\/de\/products\/creative-tools\/#breadcrumb","itemListElement":[{"@type":"ListItem","position":1,"name":"Home","item":"https:\/\/www.xmpie.com\/de\/"},{"@type":"ListItem","position":2,"name":"Products","item":"https:\/\/www.xmpie.com\/de\/?page_id=11760"},{"@type":"ListItem","position":3,"name":"Creative Tools"}]},{"@type":"WebSite","@id":"https:\/\/www.xmpie.com\/de\/#website","url":"https:\/\/www.xmpie.com\/de\/","name":"XMPie","description":"Our Technology Integrates print and digital media to improve the brand experience","publisher":{"@id":"https:\/\/www.xmpie.com\/de\/#organization"},"potentialAction":[{"@type":"SearchAction","target":{"@type":"EntryPoint","urlTemplate":"https:\/\/www.xmpie.com\/de\/?s={search_term_string}"},"query-input":{"@type":"PropertyValueSpecification","valueRequired":true,"valueName":"search_term_string"}}],"inLanguage":"de"},{"@type":"Organization","@id":"https:\/\/www.xmpie.com\/de\/#organization","name":"XMPie","url":"https:\/\/www.xmpie.com\/de\/","logo":{"@type":"ImageObject","inLanguage":"de","@id":"https:\/\/www.xmpie.com\/de\/#\/schema\/logo\/image\/","url":"https:\/\/www.xmpie.com\/wp-content\/uploads\/2015\/07\/logo.png","contentUrl":"https:\/\/www.xmpie.com\/wp-content\/uploads\/2015\/07\/logo.png","width":62,"height":62,"caption":"XMPie"},"image":{"@id":"https:\/\/www.xmpie.com\/de\/#\/schema\/logo\/image\/"},"sameAs":["https:\/\/www.facebook.com\/xmpie","https:\/\/x.com\/XMPie","http:\/\/www.linkedin.com\/company\/xmpie","https:\/\/www.pinterest.com\/XMPieCreate\/","http:\/\/www.youtube.com\/xmpie"]}]}},"_links":{"self":[{"href":"https:\/\/www.xmpie.com\/de\/wp-json\/wp\/v2\/pages\/9228","targetHints":{"allow":["GET"]}}],"collection":[{"href":"https:\/\/www.xmpie.com\/de\/wp-json\/wp\/v2\/pages"}],"about":[{"href":"https:\/\/www.xmpie.com\/de\/wp-json\/wp\/v2\/types\/page"}],"author":[{"embeddable":true,"href":"https:\/\/www.xmpie.com\/de\/wp-json\/wp\/v2\/users\/1"}],"replies":[{"embeddable":true,"href":"https:\/\/www.xmpie.com\/de\/wp-json\/wp\/v2\/comments?post=9228"}],"version-history":[{"count":1,"href":"https:\/\/www.xmpie.com\/de\/wp-json\/wp\/v2\/pages\/9228\/revisions"}],"predecessor-version":[{"id":67079,"href":"https:\/\/www.xmpie.com\/de\/wp-json\/wp\/v2\/pages\/9228\/revisions\/67079"}],"up":[{"embeddable":true,"href":"https:\/\/www.xmpie.com\/de\/wp-json\/wp\/v2\/pages\/11760"}],"wp:attachment":[{"href":"https:\/\/www.xmpie.com\/de\/wp-json\/wp\/v2\/media?parent=9228"}],"curies":[{"name":"wp","href":"https:\/\/api.w.org\/{rel}","templated":true}]}}