{"id":9236,"date":"2016-04-11T13:41:59","date_gmt":"2016-04-11T13:41:59","guid":{"rendered":"https:\/\/www.xmpie.com\/firma\/xmpie-technologie\/?lang=de"},"modified":"2016-05-31T12:37:06","modified_gmt":"2016-05-31T12:37:06","slug":"xmpie-technologie","status":"publish","type":"page","link":"https:\/\/www.xmpie.com\/de\/ber-xmpie\/firma\/xmpie-technologie\/","title":{"rendered":"XMPie-Technologie"},"content":{"rendered":"<p><img fetchpriority=\"high\" decoding=\"async\" class=\"size-full wp-image-11799 alignright\" src=\"https:\/\/www.xmpie.com\/wp-content\/uploads\/2016\/04\/about-diagram.png\" alt=\"about-diagram\" width=\"480\" height=\"476\" srcset=\"https:\/\/www.xmpie.com\/wp-content\/uploads\/2016\/04\/about-diagram.png 480w, https:\/\/www.xmpie.com\/wp-content\/uploads\/2016\/04\/about-diagram-150x150.png 150w, https:\/\/www.xmpie.com\/wp-content\/uploads\/2016\/04\/about-diagram-231x229.png 231w\" sizes=\"(max-width: 480px) 100vw, 480px\" \/><\/p>\n<h2>XMPie wurde mit der Vision gegr\u00fcndet, die Welt der Druck- und digitalen Medien zu integrieren und es f\u00fcr jedes Unternehmen einfacher zu machen, personalisierte Kommunikation zu schaffen und zu produzieren.<\/h2>\n<p>Unsere L\u00f6sungen decken drei Hauptanwendungsbereiche ab &#8211; Medienpersonalisierung, Web-to-Print-Portale und Marketing-Automation &#8211; alle vereint in einer allgemeinen Technologie. Die Architektur von XMPie basiert auf einer modularen Herangehensweise, wobei Daten und Unternehmensregeln \u00fcber mehrere Kan\u00e4le geteilt werden. Unabh\u00e4ngig davon, ob ein Unternehmen nur Druck anbietet oder eine Kombination aus Druck und digitalen Medien, mit XMPie sind die Daten immer auf allen Kan\u00e4len synchronisiert und erm\u00f6glichen so eine ganzheitliche Markenerfahrung.<\/p>\n","protected":false},"excerpt":{"rendered":"<p>XMPie wurde mit der Vision gegr\u00fcndet, die Welt der Druck- und digitalen Medien zu integrieren und es f\u00fcr jedes Unternehmen einfacher zu machen, personalisierte Kommunikation zu schaffen und zu produzieren. Unsere L\u00f6sungen decken&#8230;<\/p>\n","protected":false},"author":12,"featured_media":0,"parent":9222,"menu_order":0,"comment_status":"closed","ping_status":"closed","template":"templates\/about.php","meta":{"_acf_changed":false,"footnotes":""},"class_list":["post-9236","page","type-page","status-publish","hentry"],"acf":[],"yoast_head":"<!-- This site is optimized with the Yoast SEO Premium plugin v26.5 (Yoast SEO v27.4) - https:\/\/yoast.com\/product\/yoast-seo-premium-wordpress\/ -->\n<title>XMPie-Technologie - XMPie<\/title>\n<meta name=\"description\" content=\"Integrieren Sie Druck und digitalen Medien. \u00a0Macht es f\u00fcr jedes Unternehmen einfacher, personalisierte Kommunikation zu schaffen und zu produzieren.\" \/>\n<meta name=\"robots\" content=\"index, follow, max-snippet:-1, max-image-preview:large, max-video-preview:-1\" \/>\n<link rel=\"canonical\" href=\"https:\/\/www.xmpie.com\/de\/ber-xmpie\/firma\/xmpie-technologie\/\" \/>\n<meta property=\"og:locale\" content=\"de_DE\" \/>\n<meta property=\"og:type\" content=\"article\" \/>\n<meta property=\"og:title\" content=\"XMPie-Technologie\" \/>\n<meta property=\"og:description\" content=\"Integrieren Sie Druck und digitalen Medien. \u00a0Macht es f\u00fcr jedes Unternehmen einfacher, personalisierte Kommunikation zu schaffen und zu produzieren.\" \/>\n<meta property=\"og:url\" content=\"https:\/\/www.xmpie.com\/de\/ber-xmpie\/firma\/xmpie-technologie\/\" \/>\n<meta property=\"og:site_name\" content=\"XMPie\" \/>\n<meta property=\"article:publisher\" content=\"https:\/\/www.facebook.com\/xmpie\" \/>\n<meta property=\"article:modified_time\" content=\"2016-05-31T12:37:06+00:00\" \/>\n<meta property=\"og:image\" content=\"https:\/\/www.xmpie.com\/wp-content\/uploads\/2016\/04\/about-diagram.png\" \/>\n<meta name=\"twitter:card\" content=\"summary_large_image\" \/>\n<meta name=\"twitter:site\" content=\"@XMPie\" \/>\n<meta name=\"twitter:label1\" content=\"Gesch\u00e4tzte Lesezeit\" \/>\n\t<meta name=\"twitter:data1\" content=\"1\u00a0Minute\" \/>\n<script type=\"application\/ld+json\" class=\"yoast-schema-graph\">{\"@context\":\"https:\\\/\\\/schema.org\",\"@graph\":[{\"@type\":\"WebPage\",\"@id\":\"https:\\\/\\\/www.xmpie.com\\\/de\\\/ber-xmpie\\\/firma\\\/xmpie-technologie\\\/\",\"url\":\"https:\\\/\\\/www.xmpie.com\\\/de\\\/ber-xmpie\\\/firma\\\/xmpie-technologie\\\/\",\"name\":\"XMPie-Technologie - XMPie\",\"isPartOf\":{\"@id\":\"https:\\\/\\\/www.xmpie.com\\\/de\\\/#website\"},\"primaryImageOfPage\":{\"@id\":\"https:\\\/\\\/www.xmpie.com\\\/de\\\/ber-xmpie\\\/firma\\\/xmpie-technologie\\\/#primaryimage\"},\"image\":{\"@id\":\"https:\\\/\\\/www.xmpie.com\\\/de\\\/ber-xmpie\\\/firma\\\/xmpie-technologie\\\/#primaryimage\"},\"thumbnailUrl\":\"https:\\\/\\\/www.xmpie.com\\\/wp-content\\\/uploads\\\/2016\\\/04\\\/about-diagram.png\",\"datePublished\":\"2016-04-11T13:41:59+00:00\",\"dateModified\":\"2016-05-31T12:37:06+00:00\",\"description\":\"Integrieren Sie Druck und digitalen Medien. \u00a0Macht es f\u00fcr jedes Unternehmen einfacher, personalisierte Kommunikation zu schaffen und zu produzieren.\",\"breadcrumb\":{\"@id\":\"https:\\\/\\\/www.xmpie.com\\\/de\\\/ber-xmpie\\\/firma\\\/xmpie-technologie\\\/#breadcrumb\"},\"inLanguage\":\"de\",\"potentialAction\":[{\"@type\":\"ReadAction\",\"target\":[\"https:\\\/\\\/www.xmpie.com\\\/de\\\/ber-xmpie\\\/firma\\\/xmpie-technologie\\\/\"]}]},{\"@type\":\"ImageObject\",\"inLanguage\":\"de\",\"@id\":\"https:\\\/\\\/www.xmpie.com\\\/de\\\/ber-xmpie\\\/firma\\\/xmpie-technologie\\\/#primaryimage\",\"url\":\"https:\\\/\\\/www.xmpie.com\\\/wp-content\\\/uploads\\\/2016\\\/04\\\/about-diagram.png\",\"contentUrl\":\"https:\\\/\\\/www.xmpie.com\\\/wp-content\\\/uploads\\\/2016\\\/04\\\/about-diagram.png\"},{\"@type\":\"BreadcrumbList\",\"@id\":\"https:\\\/\\\/www.xmpie.com\\\/de\\\/ber-xmpie\\\/firma\\\/xmpie-technologie\\\/#breadcrumb\",\"itemListElement\":[{\"@type\":\"ListItem\",\"position\":1,\"name\":\"Home\",\"item\":\"https:\\\/\\\/www.xmpie.com\\\/de\\\/\"},{\"@type\":\"ListItem\",\"position\":2,\"name\":\"&Uuml;ber XMPie\",\"item\":\"https:\\\/\\\/www.xmpie.com\\\/de\\\/ber-xmpie\\\/\"},{\"@type\":\"ListItem\",\"position\":3,\"name\":\"Firma\",\"item\":\"https:\\\/\\\/www.xmpie.com\\\/de\\\/ber-xmpie\\\/firma\\\/\"},{\"@type\":\"ListItem\",\"position\":4,\"name\":\"XMPie-Technologie\"}]},{\"@type\":\"WebSite\",\"@id\":\"https:\\\/\\\/www.xmpie.com\\\/de\\\/#website\",\"url\":\"https:\\\/\\\/www.xmpie.com\\\/de\\\/\",\"name\":\"XMPie\",\"description\":\"Our Technology Integrates print and digital media to improve the brand experience\",\"publisher\":{\"@id\":\"https:\\\/\\\/www.xmpie.com\\\/de\\\/#organization\"},\"potentialAction\":[{\"@type\":\"SearchAction\",\"target\":{\"@type\":\"EntryPoint\",\"urlTemplate\":\"https:\\\/\\\/www.xmpie.com\\\/de\\\/?s={search_term_string}\"},\"query-input\":{\"@type\":\"PropertyValueSpecification\",\"valueRequired\":true,\"valueName\":\"search_term_string\"}}],\"inLanguage\":\"de\"},{\"@type\":\"Organization\",\"@id\":\"https:\\\/\\\/www.xmpie.com\\\/de\\\/#organization\",\"name\":\"XMPie\",\"url\":\"https:\\\/\\\/www.xmpie.com\\\/de\\\/\",\"logo\":{\"@type\":\"ImageObject\",\"inLanguage\":\"de\",\"@id\":\"https:\\\/\\\/www.xmpie.com\\\/de\\\/#\\\/schema\\\/logo\\\/image\\\/\",\"url\":\"https:\\\/\\\/www.xmpie.com\\\/wp-content\\\/uploads\\\/2015\\\/07\\\/logo.png\",\"contentUrl\":\"https:\\\/\\\/www.xmpie.com\\\/wp-content\\\/uploads\\\/2015\\\/07\\\/logo.png\",\"width\":62,\"height\":62,\"caption\":\"XMPie\"},\"image\":{\"@id\":\"https:\\\/\\\/www.xmpie.com\\\/de\\\/#\\\/schema\\\/logo\\\/image\\\/\"},\"sameAs\":[\"https:\\\/\\\/www.facebook.com\\\/xmpie\",\"https:\\\/\\\/x.com\\\/XMPie\",\"http:\\\/\\\/www.linkedin.com\\\/company\\\/xmpie\",\"https:\\\/\\\/www.pinterest.com\\\/XMPieCreate\\\/\",\"http:\\\/\\\/www.youtube.com\\\/xmpie\"]}]}<\/script>\n<!-- \/ Yoast SEO Premium plugin. -->","yoast_head_json":{"title":"XMPie-Technologie - XMPie","description":"Integrieren Sie Druck und digitalen Medien. \u00a0Macht es f\u00fcr jedes Unternehmen einfacher, personalisierte Kommunikation zu schaffen und zu produzieren.","robots":{"index":"index","follow":"follow","max-snippet":"max-snippet:-1","max-image-preview":"max-image-preview:large","max-video-preview":"max-video-preview:-1"},"canonical":"https:\/\/www.xmpie.com\/de\/ber-xmpie\/firma\/xmpie-technologie\/","og_locale":"de_DE","og_type":"article","og_title":"XMPie-Technologie","og_description":"Integrieren Sie Druck und digitalen Medien. \u00a0Macht es f\u00fcr jedes Unternehmen einfacher, personalisierte Kommunikation zu schaffen und zu produzieren.","og_url":"https:\/\/www.xmpie.com\/de\/ber-xmpie\/firma\/xmpie-technologie\/","og_site_name":"XMPie","article_publisher":"https:\/\/www.facebook.com\/xmpie","article_modified_time":"2016-05-31T12:37:06+00:00","og_image":[{"url":"https:\/\/www.xmpie.com\/wp-content\/uploads\/2016\/04\/about-diagram.png","type":"","width":"","height":""}],"twitter_card":"summary_large_image","twitter_site":"@XMPie","twitter_misc":{"Gesch\u00e4tzte Lesezeit":"1\u00a0Minute"},"schema":{"@context":"https:\/\/schema.org","@graph":[{"@type":"WebPage","@id":"https:\/\/www.xmpie.com\/de\/ber-xmpie\/firma\/xmpie-technologie\/","url":"https:\/\/www.xmpie.com\/de\/ber-xmpie\/firma\/xmpie-technologie\/","name":"XMPie-Technologie - XMPie","isPartOf":{"@id":"https:\/\/www.xmpie.com\/de\/#website"},"primaryImageOfPage":{"@id":"https:\/\/www.xmpie.com\/de\/ber-xmpie\/firma\/xmpie-technologie\/#primaryimage"},"image":{"@id":"https:\/\/www.xmpie.com\/de\/ber-xmpie\/firma\/xmpie-technologie\/#primaryimage"},"thumbnailUrl":"https:\/\/www.xmpie.com\/wp-content\/uploads\/2016\/04\/about-diagram.png","datePublished":"2016-04-11T13:41:59+00:00","dateModified":"2016-05-31T12:37:06+00:00","description":"Integrieren Sie Druck und digitalen Medien. \u00a0Macht es f\u00fcr jedes Unternehmen einfacher, personalisierte Kommunikation zu schaffen und zu produzieren.","breadcrumb":{"@id":"https:\/\/www.xmpie.com\/de\/ber-xmpie\/firma\/xmpie-technologie\/#breadcrumb"},"inLanguage":"de","potentialAction":[{"@type":"ReadAction","target":["https:\/\/www.xmpie.com\/de\/ber-xmpie\/firma\/xmpie-technologie\/"]}]},{"@type":"ImageObject","inLanguage":"de","@id":"https:\/\/www.xmpie.com\/de\/ber-xmpie\/firma\/xmpie-technologie\/#primaryimage","url":"https:\/\/www.xmpie.com\/wp-content\/uploads\/2016\/04\/about-diagram.png","contentUrl":"https:\/\/www.xmpie.com\/wp-content\/uploads\/2016\/04\/about-diagram.png"},{"@type":"BreadcrumbList","@id":"https:\/\/www.xmpie.com\/de\/ber-xmpie\/firma\/xmpie-technologie\/#breadcrumb","itemListElement":[{"@type":"ListItem","position":1,"name":"Home","item":"https:\/\/www.xmpie.com\/de\/"},{"@type":"ListItem","position":2,"name":"&Uuml;ber XMPie","item":"https:\/\/www.xmpie.com\/de\/ber-xmpie\/"},{"@type":"ListItem","position":3,"name":"Firma","item":"https:\/\/www.xmpie.com\/de\/ber-xmpie\/firma\/"},{"@type":"ListItem","position":4,"name":"XMPie-Technologie"}]},{"@type":"WebSite","@id":"https:\/\/www.xmpie.com\/de\/#website","url":"https:\/\/www.xmpie.com\/de\/","name":"XMPie","description":"Our Technology Integrates print and digital media to improve the brand experience","publisher":{"@id":"https:\/\/www.xmpie.com\/de\/#organization"},"potentialAction":[{"@type":"SearchAction","target":{"@type":"EntryPoint","urlTemplate":"https:\/\/www.xmpie.com\/de\/?s={search_term_string}"},"query-input":{"@type":"PropertyValueSpecification","valueRequired":true,"valueName":"search_term_string"}}],"inLanguage":"de"},{"@type":"Organization","@id":"https:\/\/www.xmpie.com\/de\/#organization","name":"XMPie","url":"https:\/\/www.xmpie.com\/de\/","logo":{"@type":"ImageObject","inLanguage":"de","@id":"https:\/\/www.xmpie.com\/de\/#\/schema\/logo\/image\/","url":"https:\/\/www.xmpie.com\/wp-content\/uploads\/2015\/07\/logo.png","contentUrl":"https:\/\/www.xmpie.com\/wp-content\/uploads\/2015\/07\/logo.png","width":62,"height":62,"caption":"XMPie"},"image":{"@id":"https:\/\/www.xmpie.com\/de\/#\/schema\/logo\/image\/"},"sameAs":["https:\/\/www.facebook.com\/xmpie","https:\/\/x.com\/XMPie","http:\/\/www.linkedin.com\/company\/xmpie","https:\/\/www.pinterest.com\/XMPieCreate\/","http:\/\/www.youtube.com\/xmpie"]}]}},"_links":{"self":[{"href":"https:\/\/www.xmpie.com\/de\/wp-json\/wp\/v2\/pages\/9236","targetHints":{"allow":["GET"]}}],"collection":[{"href":"https:\/\/www.xmpie.com\/de\/wp-json\/wp\/v2\/pages"}],"about":[{"href":"https:\/\/www.xmpie.com\/de\/wp-json\/wp\/v2\/types\/page"}],"author":[{"embeddable":true,"href":"https:\/\/www.xmpie.com\/de\/wp-json\/wp\/v2\/users\/12"}],"replies":[{"embeddable":true,"href":"https:\/\/www.xmpie.com\/de\/wp-json\/wp\/v2\/comments?post=9236"}],"version-history":[{"count":3,"href":"https:\/\/www.xmpie.com\/de\/wp-json\/wp\/v2\/pages\/9236\/revisions"}],"predecessor-version":[{"id":11801,"href":"https:\/\/www.xmpie.com\/de\/wp-json\/wp\/v2\/pages\/9236\/revisions\/11801"}],"up":[{"embeddable":true,"href":"https:\/\/www.xmpie.com\/de\/wp-json\/wp\/v2\/pages\/9222"}],"wp:attachment":[{"href":"https:\/\/www.xmpie.com\/de\/wp-json\/wp\/v2\/media?parent=9236"}],"curies":[{"name":"wp","href":"https:\/\/api.w.org\/{rel}","templated":true}]}}