{"id":9242,"date":"2016-04-11T13:41:59","date_gmt":"2016-04-11T13:41:59","guid":{"rendered":"https:\/\/www.xmpie.com\/startseite\/?lang=de"},"modified":"2020-08-10T15:15:12","modified_gmt":"2020-08-10T15:15:12","slug":"startseite","status":"publish","type":"page","link":"https:\/\/www.xmpie.com\/de\/","title":{"rendered":"Startseite"},"content":{"rendered":"<p>VIELE KAN\u00c4LE.<\/p>\n<p>EINE KONVERSATION.<\/p>\n<p>Die f\u00fchrende Technologie, um Ihre Zielgruppen in personalisierte, relevante Kommunikationen auf Print- und Digitalmedien-Touchpoints zu involvieren.<\/p>\n<p>WIR K\u00d6NNEN IHRE KAMPAGNE ZUM ERFOLG F\u00dcHREN<\/p>\n<p>Finden Sie heraus, was Sie mit XMPie tun k\u00f6nnen<\/p>\n<p>UNSERE TECHNOLOGIE INTEGRIERT PRINT- UND DIGITALMEDIEN, UM DIE MARKENERFAHRUNG ZU VERBESSERN<\/p>\n<p>Stellen Sie den Kunden in den Mittelpunkt einer jeden Kommunikation.<\/p>\n<p>DAS<\/p>\n<p>SAGEN<\/p>\n<p>UNSERE KUNDEN \u00dcBER UNS<\/p>\n<p>Die XMPie-Technologie wird von einer gro\u00dfen Anzahl von Unternehmen weltweit in verschiedenen Sektoren f\u00fcr die Kommunikation mit Kunden verwendet.<\/p>\n<p>\u201eIn den letzten 3 Jahren betrug unsere Wachstumsrate \u00fcber 25%. Wir sind \u00fcberzeugt, dass dies auf den Kauf der vollst\u00e4ndigen Suite der XMPie-Produkte vor 3 Jahren zur\u00fcckzuf\u00fchren ist. Damit wurde unser Unternehmen von einem Unternehmen f\u00fcr Digitaldruck zu einem Technologieunternehmen.\u201c<\/p>\n<p>Kenneth Shriber, Ditto Documents (USA)<\/p>\n<p>\u201eEs war einfach ph\u00e4nomenal. Egal wie komplex ein Kunde es zu machen versucht, mit XMPie kann man so viel mehr machen&#8230; [Unsere kunden] wissen nicht, wie einfach es f\u00fcr uns dank XMPie ist, unsere Kunden zufrieden zu stellen.\u201c<\/p>\n<p>Mari McGrath, Digitalx-Press<\/p>\n<p>\u201eWir haben E-Mail-Kampagnen mit XMPie-Personalisierung durchgef\u00fchrt die eine Antwortrate von 47 Prozent erreicht haben. Die Kunden mussten die Kampagne stoppen, weil sie zu erfolgreich war!\u201c<\/p>\n<p>Kathy Levinksi, Direktor der Orange Door Direct Agency (Kanada)<\/p>\n<p>XMPie ist offen f\u00fcr Individualit\u00e4t. Mit unserer Technologiearchitektur k\u00f6nnen wir eine personalisierte L\u00f6sung anbieten. Unsere Produktlinien sind skalierbar, um das Wachstum Ihres Unternehmens zu unterst\u00fctzen.<\/p>\n<p>MEHR \u00dcBER XMPIE<\/p>\n<p>KUNDENERFOLG IN IHREM SEKTOR<\/p>\n<p>DESIGN-HAUS<\/p>\n<p>Nutzen Sie die Adobe-Technologie, um leistungsstarke, personalisierte Kommunikationen f\u00fcr jeden Empf\u00e4nger zugeschnitten zu generieren.<\/p>\n<p>DRUCK-PROVIDER<\/p>\n<p>Generieren Sie Ihre eigenen Web-to-Print- und Print-on-Demand-Anwendungen und erzeugen Sie variable Datendruckprodukte.<\/p>\n<p>AGENTUR<\/p>\n<p>\u00c4ndern Sie die Kundenerfahrung mit unserer disruptiven, personalisierten Technologie.<\/p>\n<p>SMB<\/p>\n<p>Verwalten Sie Ihre Kundenbeziehungen mit personalisiertem Inhalt.<\/p>\n<p>UNTERNEHMEN<\/p>\n<p>Konfigurieren Sie Ihre XMPie-L\u00f6sungen und passen Sie diese benutzerdefiniert an, damit sie Ihren pers\u00f6nlichen Unternehmensanforderungen entsprechen.<\/p>\n","protected":false},"excerpt":{"rendered":"<p>VIELE KAN\u00c4LE. EINE KONVERSATION. Die f\u00fchrende Technologie, um Ihre Zielgruppen in personalisierte, relevante Kommunikationen auf Print- und Digitalmedien-Touchpoints zu involvieren. WIR K\u00d6NNEN IHRE KAMPAGNE ZUM ERFOLG F\u00dcHREN Finden Sie heraus, was Sie mit&#8230;<\/p>\n","protected":false},"author":1,"featured_media":0,"parent":0,"menu_order":-1,"comment_status":"open","ping_status":"open","template":"templates\/home.php","meta":{"_acf_changed":false,"footnotes":""},"class_list":["post-9242","page","type-page","status-publish","hentry"],"acf":[],"yoast_head":"<!-- This site is optimized with the Yoast SEO Premium plugin v26.5 (Yoast SEO v27.1.1) - https:\/\/yoast.com\/product\/yoast-seo-premium-wordpress\/ -->\n<title>Multikanal- und VDP Marketing Software | XMPie<\/title>\n<meta name=\"description\" content=\"Die smarteste Technologie, damit Sie Ihre Zielgruppen mit personalisierten, relevanten Kommunikationen auf Print- und Digitalmedien erreichen.\" \/>\n<meta name=\"robots\" content=\"index, follow, max-snippet:-1, max-image-preview:large, max-video-preview:-1\" \/>\n<link rel=\"canonical\" href=\"https:\/\/www.xmpie.com\/de\/\" \/>\n<meta property=\"og:locale\" content=\"de_DE\" \/>\n<meta property=\"og:type\" content=\"article\" \/>\n<meta property=\"og:title\" content=\"Startseite\" \/>\n<meta property=\"og:description\" content=\"Die smarteste Technologie, damit Sie Ihre Zielgruppen mit personalisierten, relevanten Kommunikationen auf Print- und Digitalmedien erreichen.\" \/>\n<meta property=\"og:url\" content=\"https:\/\/www.xmpie.com\/de\/\" \/>\n<meta property=\"og:site_name\" content=\"XMPie\" \/>\n<meta property=\"article:publisher\" content=\"https:\/\/www.facebook.com\/xmpie\" \/>\n<meta property=\"article:modified_time\" content=\"2020-08-10T15:15:12+00:00\" \/>\n<meta name=\"twitter:card\" content=\"summary_large_image\" \/>\n<meta name=\"twitter:site\" content=\"@XMPie\" \/>\n<meta name=\"twitter:label1\" content=\"Gesch\u00e4tzte Lesezeit\" \/>\n\t<meta name=\"twitter:data1\" content=\"2\u00a0Minuten\" \/>\n<script type=\"application\/ld+json\" class=\"yoast-schema-graph\">{\"@context\":\"https:\/\/schema.org\",\"@graph\":[{\"@type\":\"WebPage\",\"@id\":\"https:\/\/www.xmpie.com\/de\/\",\"url\":\"https:\/\/www.xmpie.com\/de\/\",\"name\":\"Multikanal- und VDP Marketing Software | XMPie\",\"isPartOf\":{\"@id\":\"https:\/\/www.xmpie.com\/de\/#website\"},\"datePublished\":\"2016-04-11T13:41:59+00:00\",\"dateModified\":\"2020-08-10T15:15:12+00:00\",\"description\":\"Die smarteste Technologie, damit Sie Ihre Zielgruppen mit personalisierten, relevanten Kommunikationen auf Print- und Digitalmedien erreichen.\",\"breadcrumb\":{\"@id\":\"https:\/\/www.xmpie.com\/de\/#breadcrumb\"},\"inLanguage\":\"de\",\"potentialAction\":[{\"@type\":\"ReadAction\",\"target\":[\"https:\/\/www.xmpie.com\/de\/\"]}]},{\"@type\":\"BreadcrumbList\",\"@id\":\"https:\/\/www.xmpie.com\/de\/#breadcrumb\",\"itemListElement\":[{\"@type\":\"ListItem\",\"position\":1,\"name\":\"Home\",\"item\":\"https:\/\/www.xmpie.com\/de\/\"},{\"@type\":\"ListItem\",\"position\":2,\"name\":\"Startseite\"}]},{\"@type\":\"WebSite\",\"@id\":\"https:\/\/www.xmpie.com\/de\/#website\",\"url\":\"https:\/\/www.xmpie.com\/de\/\",\"name\":\"XMPie\",\"description\":\"Our Technology Integrates print and digital media to improve the brand experience\",\"publisher\":{\"@id\":\"https:\/\/www.xmpie.com\/de\/#organization\"},\"potentialAction\":[{\"@type\":\"SearchAction\",\"target\":{\"@type\":\"EntryPoint\",\"urlTemplate\":\"https:\/\/www.xmpie.com\/de\/?s={search_term_string}\"},\"query-input\":{\"@type\":\"PropertyValueSpecification\",\"valueRequired\":true,\"valueName\":\"search_term_string\"}}],\"inLanguage\":\"de\"},{\"@type\":\"Organization\",\"@id\":\"https:\/\/www.xmpie.com\/de\/#organization\",\"name\":\"XMPie\",\"url\":\"https:\/\/www.xmpie.com\/de\/\",\"logo\":{\"@type\":\"ImageObject\",\"inLanguage\":\"de\",\"@id\":\"https:\/\/www.xmpie.com\/de\/#\/schema\/logo\/image\/\",\"url\":\"https:\/\/www.xmpie.com\/wp-content\/uploads\/2015\/07\/logo.png\",\"contentUrl\":\"https:\/\/www.xmpie.com\/wp-content\/uploads\/2015\/07\/logo.png\",\"width\":62,\"height\":62,\"caption\":\"XMPie\"},\"image\":{\"@id\":\"https:\/\/www.xmpie.com\/de\/#\/schema\/logo\/image\/\"},\"sameAs\":[\"https:\/\/www.facebook.com\/xmpie\",\"https:\/\/x.com\/XMPie\",\"http:\/\/www.linkedin.com\/company\/xmpie\",\"https:\/\/www.pinterest.com\/XMPieCreate\/\",\"http:\/\/www.youtube.com\/xmpie\"]}]}<\/script>\n<!-- \/ Yoast SEO Premium plugin. -->","yoast_head_json":{"title":"Multikanal- und VDP Marketing Software | XMPie","description":"Die smarteste Technologie, damit Sie Ihre Zielgruppen mit personalisierten, relevanten Kommunikationen auf Print- und Digitalmedien erreichen.","robots":{"index":"index","follow":"follow","max-snippet":"max-snippet:-1","max-image-preview":"max-image-preview:large","max-video-preview":"max-video-preview:-1"},"canonical":"https:\/\/www.xmpie.com\/de\/","og_locale":"de_DE","og_type":"article","og_title":"Startseite","og_description":"Die smarteste Technologie, damit Sie Ihre Zielgruppen mit personalisierten, relevanten Kommunikationen auf Print- und Digitalmedien erreichen.","og_url":"https:\/\/www.xmpie.com\/de\/","og_site_name":"XMPie","article_publisher":"https:\/\/www.facebook.com\/xmpie","article_modified_time":"2020-08-10T15:15:12+00:00","twitter_card":"summary_large_image","twitter_site":"@XMPie","twitter_misc":{"Gesch\u00e4tzte Lesezeit":"2\u00a0Minuten"},"schema":{"@context":"https:\/\/schema.org","@graph":[{"@type":"WebPage","@id":"https:\/\/www.xmpie.com\/de\/","url":"https:\/\/www.xmpie.com\/de\/","name":"Multikanal- und VDP Marketing Software | XMPie","isPartOf":{"@id":"https:\/\/www.xmpie.com\/de\/#website"},"datePublished":"2016-04-11T13:41:59+00:00","dateModified":"2020-08-10T15:15:12+00:00","description":"Die smarteste Technologie, damit Sie Ihre Zielgruppen mit personalisierten, relevanten Kommunikationen auf Print- und Digitalmedien erreichen.","breadcrumb":{"@id":"https:\/\/www.xmpie.com\/de\/#breadcrumb"},"inLanguage":"de","potentialAction":[{"@type":"ReadAction","target":["https:\/\/www.xmpie.com\/de\/"]}]},{"@type":"BreadcrumbList","@id":"https:\/\/www.xmpie.com\/de\/#breadcrumb","itemListElement":[{"@type":"ListItem","position":1,"name":"Home","item":"https:\/\/www.xmpie.com\/de\/"},{"@type":"ListItem","position":2,"name":"Startseite"}]},{"@type":"WebSite","@id":"https:\/\/www.xmpie.com\/de\/#website","url":"https:\/\/www.xmpie.com\/de\/","name":"XMPie","description":"Our Technology Integrates print and digital media to improve the brand experience","publisher":{"@id":"https:\/\/www.xmpie.com\/de\/#organization"},"potentialAction":[{"@type":"SearchAction","target":{"@type":"EntryPoint","urlTemplate":"https:\/\/www.xmpie.com\/de\/?s={search_term_string}"},"query-input":{"@type":"PropertyValueSpecification","valueRequired":true,"valueName":"search_term_string"}}],"inLanguage":"de"},{"@type":"Organization","@id":"https:\/\/www.xmpie.com\/de\/#organization","name":"XMPie","url":"https:\/\/www.xmpie.com\/de\/","logo":{"@type":"ImageObject","inLanguage":"de","@id":"https:\/\/www.xmpie.com\/de\/#\/schema\/logo\/image\/","url":"https:\/\/www.xmpie.com\/wp-content\/uploads\/2015\/07\/logo.png","contentUrl":"https:\/\/www.xmpie.com\/wp-content\/uploads\/2015\/07\/logo.png","width":62,"height":62,"caption":"XMPie"},"image":{"@id":"https:\/\/www.xmpie.com\/de\/#\/schema\/logo\/image\/"},"sameAs":["https:\/\/www.facebook.com\/xmpie","https:\/\/x.com\/XMPie","http:\/\/www.linkedin.com\/company\/xmpie","https:\/\/www.pinterest.com\/XMPieCreate\/","http:\/\/www.youtube.com\/xmpie"]}]}},"_links":{"self":[{"href":"https:\/\/www.xmpie.com\/de\/wp-json\/wp\/v2\/pages\/9242","targetHints":{"allow":["GET"]}}],"collection":[{"href":"https:\/\/www.xmpie.com\/de\/wp-json\/wp\/v2\/pages"}],"about":[{"href":"https:\/\/www.xmpie.com\/de\/wp-json\/wp\/v2\/types\/page"}],"author":[{"embeddable":true,"href":"https:\/\/www.xmpie.com\/de\/wp-json\/wp\/v2\/users\/1"}],"replies":[{"embeddable":true,"href":"https:\/\/www.xmpie.com\/de\/wp-json\/wp\/v2\/comments?post=9242"}],"version-history":[{"count":2,"href":"https:\/\/www.xmpie.com\/de\/wp-json\/wp\/v2\/pages\/9242\/revisions"}],"predecessor-version":[{"id":11764,"href":"https:\/\/www.xmpie.com\/de\/wp-json\/wp\/v2\/pages\/9242\/revisions\/11764"}],"wp:attachment":[{"href":"https:\/\/www.xmpie.com\/de\/wp-json\/wp\/v2\/media?parent=9242"}],"curies":[{"name":"wp","href":"https:\/\/api.w.org\/{rel}","templated":true}]}}