{"id":9245,"date":"2015-08-02T10:50:05","date_gmt":"2015-08-02T10:50:05","guid":{"rendered":"https:\/\/www.xmpie.com\/web-to-print\/personaleffect-storeflow\/?lang=de"},"modified":"2019-09-02T07:53:56","modified_gmt":"2019-09-02T07:53:56","slug":"storeflow","status":"publish","type":"page","link":"https:\/\/www.xmpie.com\/de\/products\/web-to-print\/storeflow\/","title":{"rendered":"PersonalEffect StoreFlow"},"content":{"rendered":"<p>PersonalEffect StoreFlow<br \/>\nWEB-TO-PRINT MIT INTEGRIERTER PREPRESS-AUTOMATION<br \/>\nEine voll funktionsf\u00e4hige eCommerce-L\u00f6sung, die variable Dokumente, statische Produkte und von Benutzern \u00fcbermittelte Microsoft\u00ae Word, PowerPoint und Adobe\u00ae PDF-Dokumente unterst\u00fctzt.<\/p>\n<p>Die beste Komplettl\u00f6sung f\u00fcr Web-to-Print-Software zum Erstellen und Verwalten von Online-Shops und Marketing-Portalen.<\/p>\n<p>Weniger Aufwand und niedrigere Kosten f\u00fcr jeden Druckauftrag. Mit integrierter Automation der Druckvorstufe, automatisiert PersonalEffect StoreFlow die Auftragseing\u00e4nge und implementiert einen effizienten Workflow ohne Schl\u00fcsselfunktionen einzub\u00fc\u00dfen. So k\u00f6nnen Serviceanbieter ihre Shops durchgehend f\u00fcr B2B und B2C-Besucher zug\u00e4nglich machen.<\/p>\n<p>Vollst\u00e4ndiger Workflow f\u00fcr Web-to-Print<br \/>\nIntegrierte Prepress-Automation<br \/>\nMobilger\u00e4tfreundliche Storefronts<br \/>\nEinfache Shop-Einrichtung und -Wartung<br \/>\nIndustriekonformer JDF\/JMF-Workflow<br \/>\nUpgrade f\u00fcr Cross Media<br \/>\nZUR\u00dcCK ZU WEB-TO-PRINT<br \/>\nSONSTIGE WEB-TO-PRINT-PRODUKTE<br \/>\nPersonalEffect StoreFlow Pro<br \/>\nERFOLGSGESCHICHTEN<br \/>\nKONTAKTIEREN SIE UNSER SALES-TEAM<br \/>\nF\u00fcr variable und statische Dokumente<br \/>\nF\u00fcr variable und statische Dokumente<br \/>\nEndbenutzer k\u00f6nnen ihre eigenen statischen Dokumente einfach hochladen und bestellen oder variable Dokumente von einem Storefront-Katalog ausw\u00e4hlen und bestellen. Sowohl variable als auch statische Seiten k\u00f6nnen innerhalb eines Dokuments verwendet werden, wodurch eine gro\u00dfe Anzahl an Produkten von Flyern bis Brosch\u00fcren, bis zu B\u00fcchern und mehr m\u00f6glich ist.<\/p>\n<p>Das Hinzuf\u00fcgen von Deckbl\u00e4ttern, dynamischen Tabs und anderen benutzerdefinierten Optionen bietet eine noch nie dagewesene Flexibilit\u00e4t und Mehrwert bei der Produktion von Kundenanfragen.<\/p>\n<p>Unterst\u00fctzt alle neuesten Browserversionen und Plattformen<br \/>\nUnterst\u00fctzt alle neuesten Browserversionen und Plattformen<br \/>\nMit der StoreFlow Web-to-Print-Software ist Ihr Shop immer aktuell und von mehreren Ger\u00e4ten aus zug\u00e4nglich &#8211; Desktop-PC, Tablets und Smartphones.<\/p>\n<p>Die einfache und intuitive Benutzeroberfl\u00e4che sorgt daf\u00fcr, dass der Kunde eine einfache und vertraute E-Commerce-Erfahrung macht. Die Anpassung des Shop-Designs oder die Anpassung auf einen Markenstandard ist ganz einfach, weil Storeflow den CSS-Standard verwendet. Die neuesten Tools wie die Anmeldung \u00fcber soziale Netzwerke und eingebettete YouTube-Videos verbessern die Benutzererfahrung und das Erscheinungsbild der Storefronts.<\/p>\n<p>Einfache Shop-Einrichtung und -Wartung<br \/>\nEinfache Shop-Einrichtung und -Wartung<br \/>\nDie StoreFlow-Administrator-Dashboard erm\u00f6glicht Operatoren jeden Shop einzurichten und zu verwalten. Gehen Sie durch die vordefinierten Konfigurations-Tabs, um grundlegende Shop-Informationen zu definieren und den Shop schnell online zu stellen. Produktkataloge werden einfach \u00fcber Dokumentvorlagen erstellt, die mit uCreate Print erstellt werden, eine native Anwendung von Adobe InDesign. W\u00e4hlen Sie einfach eine Vorlage aus, legen Sie fest, welche Variablen vom Kunden ge\u00e4ndert werden k\u00f6nnen und definieren Sie Produktions- und Vertriebsparameter.<\/p>\n<p>Um die Einrichtung von \u00e4hnlichen Produkten zu beschleunigen, verwendet StoreFlow Produktprofile. Mit diesen k\u00f6nnen Administratoren globale Produkteigenschaften, einschlie\u00dflich Preis- und Produktionsparameter definieren, die f\u00fcr eine Produktgruppe angewendet werden. Diese Eigenschaften werden automatisch auf alle Produkte angewendet, die dieses Profil teilen. Das spart Zeit und Fehler werden vermieden. Um die Flexibilit\u00e4t zu gew\u00e4hrleisten, k\u00f6nnen Administratoren selektiv ausw\u00e4hlen, welche Parameter vererbt werden und welche produktspezifisch \u00fcberschrieben werden.<\/p>\n<p>Produktionsautomatisierung au\u00dferhalb der Betriebszeiten<br \/>\nProduktionsautomatisierung au\u00dferhalb der Betriebszeiten<br \/>\nDie StoreFlow Web-to-Print-Software umfasst Xerox\u00ae FreeFlow\u00ae Core, womit Shop-Administratoren mehrschrittige Workflows wie Preflight-Dokumente, automatisiertes Ausschie\u00dfen definieren k\u00f6nnen und Jobs entweder direkt an das digitale Drucksystem oder einen Hot Folder \u00fcbermitteln k\u00f6nnen &#8211; alles was f\u00fcr eine effiziente Vorbereitung und Verarbeitung von Web-to-Print-Jobs f\u00fcr die Produktion n\u00f6tig ist.<\/p>\n<p>JDF-Konformit\u00e4t und Job-Ticketing<br \/>\nJDF-Konformit\u00e4t und Job-Ticketing<br \/>\nJeder in StoreFlow erstellte Druckauftrag wird von einem automatisch generiertem JDF-Jobticket begleitet, womit die Verarbeitung der Jobs \u00fcber JDF-konforme Ger\u00e4te zum Kinderspiel wird. Mit diesen JDF-F\u00e4higkeiten haben Kunden den Vorteil von mehr Automation, erh\u00f6hter Geschwindigkeit, Kosteneffizienz und der einfachen Anwendung. Das JDF-Schema von StoreFlow wurde mit dem Xerox FreeFlow Process Manager\u00ae validiert. Kunden, die bereits mit dem FreeFlow Process Manager arbeiten, k\u00f6nnen eine nahtlose Integration mit StoreFlow machen.<\/p>\n<p>Campaigns on Demand<br \/>\nCampaigns on Demand<br \/>\nMit Campaings-on-Demand ist es ganz einfach Multikanal-Kampagnen benutzerdefiniert anzupassen, zu personalisieren und \u00fcber E-Commerce Self-Service-Storefronts einmalig oder wiederholt zu verwenden. Die neue Funktion bietet Franchise-Unternehmen und deren Tochtergesellschaften die M\u00f6glichkeit innovative Multikanal-Kampagnen zu erstellen und zu ver\u00f6ffentlichen, deren Neuerstellung in der Regel schwierig f\u00fcr solche Unternehmen ist. Jetzt ist es m\u00f6glich Flow-Muster f\u00fcr Multikanal-Kampagnen f\u00fcr eine Marke zu erstellen, die Touchpoints verschiedener Medien enthalten und Kampagnen mit Hilfe von Web, E-Mail oder Mobilger\u00e4ten zu erstellen. Der Endbenutzer kann jede Kampagne direkt \u00fcber die Web-to-Print-Storefront ausw\u00e4hlen, anpassen, bestellen, ausf\u00fchren und verfolgen. Benutzer k\u00f6nnen selbst\u00e4ndig eine Kampagnenanalyse in Echtzeit ansehen oder die aktualisierten Kundendaten herunterladen.<\/p>\n","protected":false},"excerpt":{"rendered":"<p>Eine voll funktionsf\u00e4hige eCommerce-L\u00f6sung, die variable Dokumente, statische Produkte und von Benutzern \u00fcbermittelte Microsoft\u00ae Word, PowerPoint und Adobe\u00ae PDF-Dokumente unterst\u00fctzt.<\/p>\n","protected":false},"author":1,"featured_media":0,"parent":40439,"menu_order":0,"comment_status":"open","ping_status":"open","template":"templates\/product.php","meta":{"_acf_changed":false,"footnotes":""},"class_list":["post-9245","page","type-page","status-publish","hentry"],"acf":[],"yoast_head":"<!-- This site is optimized with the Yoast SEO Premium plugin v26.5 (Yoast SEO v27.4) - https:\/\/yoast.com\/product\/yoast-seo-premium-wordpress\/ -->\n<title>PersonalEffect StoreFlow | Prepress Automation | XMPie<\/title>\n<meta name=\"description\" content=\"Die beste Komplettl\u00f6sung f\u00fcr Web-to-Print-Software zum Erstellen und Verwalten von Online-Shops und Marketing-Portalen.\" \/>\n<meta name=\"robots\" content=\"index, follow, max-snippet:-1, max-image-preview:large, max-video-preview:-1\" \/>\n<link rel=\"canonical\" href=\"https:\/\/www.xmpie.com\/de\/products\/web-to-print\/storeflow\/\" \/>\n<meta property=\"og:locale\" content=\"de_DE\" \/>\n<meta property=\"og:type\" content=\"article\" \/>\n<meta property=\"og:title\" content=\"PersonalEffect StoreFlow\" \/>\n<meta property=\"og:description\" content=\"Die beste Komplettl\u00f6sung f\u00fcr Web-to-Print-Software zum Erstellen und Verwalten von Online-Shops und Marketing-Portalen.\" \/>\n<meta property=\"og:url\" content=\"https:\/\/www.xmpie.com\/de\/products\/web-to-print\/storeflow\/\" \/>\n<meta property=\"og:site_name\" content=\"XMPie\" \/>\n<meta property=\"article:publisher\" content=\"https:\/\/www.facebook.com\/xmpie\" \/>\n<meta property=\"article:modified_time\" content=\"2019-09-02T07:53:56+00:00\" \/>\n<meta name=\"twitter:card\" content=\"summary_large_image\" \/>\n<meta name=\"twitter:site\" content=\"@XMPie\" \/>\n<meta name=\"twitter:label1\" content=\"Gesch\u00e4tzte Lesezeit\" \/>\n\t<meta name=\"twitter:data1\" content=\"4\u00a0Minuten\" \/>\n<script type=\"application\/ld+json\" class=\"yoast-schema-graph\">{\"@context\":\"https:\\\/\\\/schema.org\",\"@graph\":[{\"@type\":\"WebPage\",\"@id\":\"https:\\\/\\\/www.xmpie.com\\\/de\\\/products\\\/web-to-print\\\/storeflow\\\/\",\"url\":\"https:\\\/\\\/www.xmpie.com\\\/de\\\/products\\\/web-to-print\\\/storeflow\\\/\",\"name\":\"PersonalEffect StoreFlow | Prepress Automation | XMPie\",\"isPartOf\":{\"@id\":\"https:\\\/\\\/www.xmpie.com\\\/de\\\/#website\"},\"datePublished\":\"2015-08-02T10:50:05+00:00\",\"dateModified\":\"2019-09-02T07:53:56+00:00\",\"description\":\"Die beste Komplettl\u00f6sung f\u00fcr Web-to-Print-Software zum Erstellen und Verwalten von Online-Shops und Marketing-Portalen.\",\"breadcrumb\":{\"@id\":\"https:\\\/\\\/www.xmpie.com\\\/de\\\/products\\\/web-to-print\\\/storeflow\\\/#breadcrumb\"},\"inLanguage\":\"de\",\"potentialAction\":[{\"@type\":\"ReadAction\",\"target\":[\"https:\\\/\\\/www.xmpie.com\\\/de\\\/products\\\/web-to-print\\\/storeflow\\\/\"]}]},{\"@type\":\"BreadcrumbList\",\"@id\":\"https:\\\/\\\/www.xmpie.com\\\/de\\\/products\\\/web-to-print\\\/storeflow\\\/#breadcrumb\",\"itemListElement\":[{\"@type\":\"ListItem\",\"position\":1,\"name\":\"Home\",\"item\":\"https:\\\/\\\/www.xmpie.com\\\/de\\\/\"},{\"@type\":\"ListItem\",\"position\":2,\"name\":\"Products\",\"item\":\"https:\\\/\\\/www.xmpie.com\\\/de\\\/?page_id=11760\"},{\"@type\":\"ListItem\",\"position\":3,\"name\":\"Web-to-Print\",\"item\":\"https:\\\/\\\/www.xmpie.com\\\/de\\\/products\\\/web-to-print\\\/\"},{\"@type\":\"ListItem\",\"position\":4,\"name\":\"PersonalEffect StoreFlow\"}]},{\"@type\":\"WebSite\",\"@id\":\"https:\\\/\\\/www.xmpie.com\\\/de\\\/#website\",\"url\":\"https:\\\/\\\/www.xmpie.com\\\/de\\\/\",\"name\":\"XMPie\",\"description\":\"Our Technology Integrates print and digital media to improve the brand experience\",\"publisher\":{\"@id\":\"https:\\\/\\\/www.xmpie.com\\\/de\\\/#organization\"},\"potentialAction\":[{\"@type\":\"SearchAction\",\"target\":{\"@type\":\"EntryPoint\",\"urlTemplate\":\"https:\\\/\\\/www.xmpie.com\\\/de\\\/?s={search_term_string}\"},\"query-input\":{\"@type\":\"PropertyValueSpecification\",\"valueRequired\":true,\"valueName\":\"search_term_string\"}}],\"inLanguage\":\"de\"},{\"@type\":\"Organization\",\"@id\":\"https:\\\/\\\/www.xmpie.com\\\/de\\\/#organization\",\"name\":\"XMPie\",\"url\":\"https:\\\/\\\/www.xmpie.com\\\/de\\\/\",\"logo\":{\"@type\":\"ImageObject\",\"inLanguage\":\"de\",\"@id\":\"https:\\\/\\\/www.xmpie.com\\\/de\\\/#\\\/schema\\\/logo\\\/image\\\/\",\"url\":\"https:\\\/\\\/www.xmpie.com\\\/wp-content\\\/uploads\\\/2015\\\/07\\\/logo.png\",\"contentUrl\":\"https:\\\/\\\/www.xmpie.com\\\/wp-content\\\/uploads\\\/2015\\\/07\\\/logo.png\",\"width\":62,\"height\":62,\"caption\":\"XMPie\"},\"image\":{\"@id\":\"https:\\\/\\\/www.xmpie.com\\\/de\\\/#\\\/schema\\\/logo\\\/image\\\/\"},\"sameAs\":[\"https:\\\/\\\/www.facebook.com\\\/xmpie\",\"https:\\\/\\\/x.com\\\/XMPie\",\"http:\\\/\\\/www.linkedin.com\\\/company\\\/xmpie\",\"https:\\\/\\\/www.pinterest.com\\\/XMPieCreate\\\/\",\"http:\\\/\\\/www.youtube.com\\\/xmpie\"]}]}<\/script>\n<!-- \/ Yoast SEO Premium plugin. -->","yoast_head_json":{"title":"PersonalEffect StoreFlow | Prepress Automation | XMPie","description":"Die beste Komplettl\u00f6sung f\u00fcr Web-to-Print-Software zum Erstellen und Verwalten von Online-Shops und Marketing-Portalen.","robots":{"index":"index","follow":"follow","max-snippet":"max-snippet:-1","max-image-preview":"max-image-preview:large","max-video-preview":"max-video-preview:-1"},"canonical":"https:\/\/www.xmpie.com\/de\/products\/web-to-print\/storeflow\/","og_locale":"de_DE","og_type":"article","og_title":"PersonalEffect StoreFlow","og_description":"Die beste Komplettl\u00f6sung f\u00fcr Web-to-Print-Software zum Erstellen und Verwalten von Online-Shops und Marketing-Portalen.","og_url":"https:\/\/www.xmpie.com\/de\/products\/web-to-print\/storeflow\/","og_site_name":"XMPie","article_publisher":"https:\/\/www.facebook.com\/xmpie","article_modified_time":"2019-09-02T07:53:56+00:00","twitter_card":"summary_large_image","twitter_site":"@XMPie","twitter_misc":{"Gesch\u00e4tzte Lesezeit":"4\u00a0Minuten"},"schema":{"@context":"https:\/\/schema.org","@graph":[{"@type":"WebPage","@id":"https:\/\/www.xmpie.com\/de\/products\/web-to-print\/storeflow\/","url":"https:\/\/www.xmpie.com\/de\/products\/web-to-print\/storeflow\/","name":"PersonalEffect StoreFlow | Prepress Automation | XMPie","isPartOf":{"@id":"https:\/\/www.xmpie.com\/de\/#website"},"datePublished":"2015-08-02T10:50:05+00:00","dateModified":"2019-09-02T07:53:56+00:00","description":"Die beste Komplettl\u00f6sung f\u00fcr Web-to-Print-Software zum Erstellen und Verwalten von Online-Shops und Marketing-Portalen.","breadcrumb":{"@id":"https:\/\/www.xmpie.com\/de\/products\/web-to-print\/storeflow\/#breadcrumb"},"inLanguage":"de","potentialAction":[{"@type":"ReadAction","target":["https:\/\/www.xmpie.com\/de\/products\/web-to-print\/storeflow\/"]}]},{"@type":"BreadcrumbList","@id":"https:\/\/www.xmpie.com\/de\/products\/web-to-print\/storeflow\/#breadcrumb","itemListElement":[{"@type":"ListItem","position":1,"name":"Home","item":"https:\/\/www.xmpie.com\/de\/"},{"@type":"ListItem","position":2,"name":"Products","item":"https:\/\/www.xmpie.com\/de\/?page_id=11760"},{"@type":"ListItem","position":3,"name":"Web-to-Print","item":"https:\/\/www.xmpie.com\/de\/products\/web-to-print\/"},{"@type":"ListItem","position":4,"name":"PersonalEffect StoreFlow"}]},{"@type":"WebSite","@id":"https:\/\/www.xmpie.com\/de\/#website","url":"https:\/\/www.xmpie.com\/de\/","name":"XMPie","description":"Our Technology Integrates print and digital media to improve the brand experience","publisher":{"@id":"https:\/\/www.xmpie.com\/de\/#organization"},"potentialAction":[{"@type":"SearchAction","target":{"@type":"EntryPoint","urlTemplate":"https:\/\/www.xmpie.com\/de\/?s={search_term_string}"},"query-input":{"@type":"PropertyValueSpecification","valueRequired":true,"valueName":"search_term_string"}}],"inLanguage":"de"},{"@type":"Organization","@id":"https:\/\/www.xmpie.com\/de\/#organization","name":"XMPie","url":"https:\/\/www.xmpie.com\/de\/","logo":{"@type":"ImageObject","inLanguage":"de","@id":"https:\/\/www.xmpie.com\/de\/#\/schema\/logo\/image\/","url":"https:\/\/www.xmpie.com\/wp-content\/uploads\/2015\/07\/logo.png","contentUrl":"https:\/\/www.xmpie.com\/wp-content\/uploads\/2015\/07\/logo.png","width":62,"height":62,"caption":"XMPie"},"image":{"@id":"https:\/\/www.xmpie.com\/de\/#\/schema\/logo\/image\/"},"sameAs":["https:\/\/www.facebook.com\/xmpie","https:\/\/x.com\/XMPie","http:\/\/www.linkedin.com\/company\/xmpie","https:\/\/www.pinterest.com\/XMPieCreate\/","http:\/\/www.youtube.com\/xmpie"]}]}},"_links":{"self":[{"href":"https:\/\/www.xmpie.com\/de\/wp-json\/wp\/v2\/pages\/9245","targetHints":{"allow":["GET"]}}],"collection":[{"href":"https:\/\/www.xmpie.com\/de\/wp-json\/wp\/v2\/pages"}],"about":[{"href":"https:\/\/www.xmpie.com\/de\/wp-json\/wp\/v2\/types\/page"}],"author":[{"embeddable":true,"href":"https:\/\/www.xmpie.com\/de\/wp-json\/wp\/v2\/users\/1"}],"replies":[{"embeddable":true,"href":"https:\/\/www.xmpie.com\/de\/wp-json\/wp\/v2\/comments?post=9245"}],"version-history":[{"count":5,"href":"https:\/\/www.xmpie.com\/de\/wp-json\/wp\/v2\/pages\/9245\/revisions"}],"predecessor-version":[{"id":64306,"href":"https:\/\/www.xmpie.com\/de\/wp-json\/wp\/v2\/pages\/9245\/revisions\/64306"}],"up":[{"embeddable":true,"href":"https:\/\/www.xmpie.com\/de\/wp-json\/wp\/v2\/pages\/40439"}],"wp:attachment":[{"href":"https:\/\/www.xmpie.com\/de\/wp-json\/wp\/v2\/media?parent=9245"}],"curies":[{"name":"wp","href":"https:\/\/api.w.org\/{rel}","templated":true}]}}