{"id":9251,"date":"2016-04-11T13:41:59","date_gmt":"2016-04-11T13:41:59","guid":{"rendered":"https:\/\/www.xmpie.com\/datengesteuerter-druck-und-vdp\/udirect-classic\/?lang=de"},"modified":"2018-04-08T06:53:36","modified_gmt":"2018-04-08T06:53:36","slug":"udirect-classic","status":"publish","type":"page","link":"https:\/\/www.xmpie.com\/de\/products\/datengesteuerter-druck-und-vdp\/udirect-classic\/","title":{"rendered":"uDirect Classic"},"content":{"rendered":"","protected":false},"excerpt":{"rendered":"<p>Mit einer einfach anzuwendenden Desktop VDP-L&ouml;sung k&ouml;nnen jetzt Unternehmen aller Gr&ouml;&szlig;enordnungen grafisch umfangreiche Dokumente erstellen und produzieren, die f&uuml;r jeden Empf&auml;nger personalisiert sind.<\/p>\n","protected":false},"author":1,"featured_media":0,"parent":9230,"menu_order":0,"comment_status":"open","ping_status":"closed","template":"templates\/product.php","meta":{"_acf_changed":false,"footnotes":""},"class_list":["post-9251","page","type-page","status-publish","hentry"],"acf":[],"yoast_head":"<!-- This site is optimized with the Yoast SEO Premium plugin v26.5 (Yoast SEO v27.1.1) - https:\/\/yoast.com\/product\/yoast-seo-premium-wordpress\/ -->\n<title>uDirect Classic | Direktmarketing-Software | XMPie<\/title>\n<meta name=\"description\" content=\"Mit einer einfach anzuwendenden Desktop VDP-L\u00f6sung k\u00f6nnen jetzt Unternehmen aller Gr\u00f6\u00dfenordnungen grafisch umfangreiche Dokumente produzieren, die f\u00fcr jeden Empf\u00e4nger zugeschnitten sind.\" \/>\n<meta name=\"robots\" content=\"index, follow, max-snippet:-1, max-image-preview:large, max-video-preview:-1\" \/>\n<link rel=\"canonical\" href=\"https:\/\/www.xmpie.com\/de\/products\/datengesteuerter-druck-und-vdp\/udirect-classic\/\" \/>\n<meta property=\"og:locale\" content=\"de_DE\" \/>\n<meta property=\"og:type\" content=\"article\" \/>\n<meta property=\"og:title\" content=\"uDirect Classic\" \/>\n<meta property=\"og:description\" content=\"Mit einer einfach anzuwendenden Desktop VDP-L\u00f6sung k\u00f6nnen jetzt Unternehmen aller Gr\u00f6\u00dfenordnungen grafisch umfangreiche Dokumente produzieren, die f\u00fcr jeden Empf\u00e4nger zugeschnitten sind.\" \/>\n<meta property=\"og:url\" content=\"https:\/\/www.xmpie.com\/de\/products\/datengesteuerter-druck-und-vdp\/udirect-classic\/\" \/>\n<meta property=\"og:site_name\" content=\"XMPie\" \/>\n<meta property=\"article:publisher\" content=\"https:\/\/www.facebook.com\/xmpie\" \/>\n<meta property=\"article:modified_time\" content=\"2018-04-08T06:53:36+00:00\" \/>\n<meta name=\"twitter:card\" content=\"summary_large_image\" \/>\n<meta name=\"twitter:site\" content=\"@XMPie\" \/>\n<script type=\"application\/ld+json\" class=\"yoast-schema-graph\">{\"@context\":\"https:\/\/schema.org\",\"@graph\":[{\"@type\":\"WebPage\",\"@id\":\"https:\/\/www.xmpie.com\/de\/products\/datengesteuerter-druck-und-vdp\/udirect-classic\/\",\"url\":\"https:\/\/www.xmpie.com\/de\/products\/datengesteuerter-druck-und-vdp\/udirect-classic\/\",\"name\":\"uDirect Classic | Direktmarketing-Software | XMPie\",\"isPartOf\":{\"@id\":\"https:\/\/www.xmpie.com\/de\/#website\"},\"datePublished\":\"2016-04-11T13:41:59+00:00\",\"dateModified\":\"2018-04-08T06:53:36+00:00\",\"description\":\"Mit einer einfach anzuwendenden Desktop VDP-L\u00f6sung k\u00f6nnen jetzt Unternehmen aller Gr\u00f6\u00dfenordnungen grafisch umfangreiche Dokumente produzieren, die f\u00fcr jeden Empf\u00e4nger zugeschnitten sind.\",\"breadcrumb\":{\"@id\":\"https:\/\/www.xmpie.com\/de\/products\/datengesteuerter-druck-und-vdp\/udirect-classic\/#breadcrumb\"},\"inLanguage\":\"de\",\"potentialAction\":[{\"@type\":\"ReadAction\",\"target\":[\"https:\/\/www.xmpie.com\/de\/products\/datengesteuerter-druck-und-vdp\/udirect-classic\/\"]}]},{\"@type\":\"BreadcrumbList\",\"@id\":\"https:\/\/www.xmpie.com\/de\/products\/datengesteuerter-druck-und-vdp\/udirect-classic\/#breadcrumb\",\"itemListElement\":[{\"@type\":\"ListItem\",\"position\":1,\"name\":\"Home\",\"item\":\"https:\/\/www.xmpie.com\/de\/\"},{\"@type\":\"ListItem\",\"position\":2,\"name\":\"Products\",\"item\":\"https:\/\/www.xmpie.com\/de\/?page_id=11760\"},{\"@type\":\"ListItem\",\"position\":3,\"name\":\"Datengesteuerter Druck und VDP\",\"item\":\"https:\/\/www.xmpie.com\/de\/products\/datengesteuerter-druck-und-vdp\/\"},{\"@type\":\"ListItem\",\"position\":4,\"name\":\"uDirect Classic\"}]},{\"@type\":\"WebSite\",\"@id\":\"https:\/\/www.xmpie.com\/de\/#website\",\"url\":\"https:\/\/www.xmpie.com\/de\/\",\"name\":\"XMPie\",\"description\":\"Our Technology Integrates print and digital media to improve the brand experience\",\"publisher\":{\"@id\":\"https:\/\/www.xmpie.com\/de\/#organization\"},\"potentialAction\":[{\"@type\":\"SearchAction\",\"target\":{\"@type\":\"EntryPoint\",\"urlTemplate\":\"https:\/\/www.xmpie.com\/de\/?s={search_term_string}\"},\"query-input\":{\"@type\":\"PropertyValueSpecification\",\"valueRequired\":true,\"valueName\":\"search_term_string\"}}],\"inLanguage\":\"de\"},{\"@type\":\"Organization\",\"@id\":\"https:\/\/www.xmpie.com\/de\/#organization\",\"name\":\"XMPie\",\"url\":\"https:\/\/www.xmpie.com\/de\/\",\"logo\":{\"@type\":\"ImageObject\",\"inLanguage\":\"de\",\"@id\":\"https:\/\/www.xmpie.com\/de\/#\/schema\/logo\/image\/\",\"url\":\"https:\/\/www.xmpie.com\/wp-content\/uploads\/2015\/07\/logo.png\",\"contentUrl\":\"https:\/\/www.xmpie.com\/wp-content\/uploads\/2015\/07\/logo.png\",\"width\":62,\"height\":62,\"caption\":\"XMPie\"},\"image\":{\"@id\":\"https:\/\/www.xmpie.com\/de\/#\/schema\/logo\/image\/\"},\"sameAs\":[\"https:\/\/www.facebook.com\/xmpie\",\"https:\/\/x.com\/XMPie\",\"http:\/\/www.linkedin.com\/company\/xmpie\",\"https:\/\/www.pinterest.com\/XMPieCreate\/\",\"http:\/\/www.youtube.com\/xmpie\"]}]}<\/script>\n<!-- \/ Yoast SEO Premium plugin. -->","yoast_head_json":{"title":"uDirect Classic | Direktmarketing-Software | XMPie","description":"Mit einer einfach anzuwendenden Desktop VDP-L\u00f6sung k\u00f6nnen jetzt Unternehmen aller Gr\u00f6\u00dfenordnungen grafisch umfangreiche Dokumente produzieren, die f\u00fcr jeden Empf\u00e4nger zugeschnitten sind.","robots":{"index":"index","follow":"follow","max-snippet":"max-snippet:-1","max-image-preview":"max-image-preview:large","max-video-preview":"max-video-preview:-1"},"canonical":"https:\/\/www.xmpie.com\/de\/products\/datengesteuerter-druck-und-vdp\/udirect-classic\/","og_locale":"de_DE","og_type":"article","og_title":"uDirect Classic","og_description":"Mit einer einfach anzuwendenden Desktop VDP-L\u00f6sung k\u00f6nnen jetzt Unternehmen aller Gr\u00f6\u00dfenordnungen grafisch umfangreiche Dokumente produzieren, die f\u00fcr jeden Empf\u00e4nger zugeschnitten sind.","og_url":"https:\/\/www.xmpie.com\/de\/products\/datengesteuerter-druck-und-vdp\/udirect-classic\/","og_site_name":"XMPie","article_publisher":"https:\/\/www.facebook.com\/xmpie","article_modified_time":"2018-04-08T06:53:36+00:00","twitter_card":"summary_large_image","twitter_site":"@XMPie","schema":{"@context":"https:\/\/schema.org","@graph":[{"@type":"WebPage","@id":"https:\/\/www.xmpie.com\/de\/products\/datengesteuerter-druck-und-vdp\/udirect-classic\/","url":"https:\/\/www.xmpie.com\/de\/products\/datengesteuerter-druck-und-vdp\/udirect-classic\/","name":"uDirect Classic | Direktmarketing-Software | XMPie","isPartOf":{"@id":"https:\/\/www.xmpie.com\/de\/#website"},"datePublished":"2016-04-11T13:41:59+00:00","dateModified":"2018-04-08T06:53:36+00:00","description":"Mit einer einfach anzuwendenden Desktop VDP-L\u00f6sung k\u00f6nnen jetzt Unternehmen aller Gr\u00f6\u00dfenordnungen grafisch umfangreiche Dokumente produzieren, die f\u00fcr jeden Empf\u00e4nger zugeschnitten sind.","breadcrumb":{"@id":"https:\/\/www.xmpie.com\/de\/products\/datengesteuerter-druck-und-vdp\/udirect-classic\/#breadcrumb"},"inLanguage":"de","potentialAction":[{"@type":"ReadAction","target":["https:\/\/www.xmpie.com\/de\/products\/datengesteuerter-druck-und-vdp\/udirect-classic\/"]}]},{"@type":"BreadcrumbList","@id":"https:\/\/www.xmpie.com\/de\/products\/datengesteuerter-druck-und-vdp\/udirect-classic\/#breadcrumb","itemListElement":[{"@type":"ListItem","position":1,"name":"Home","item":"https:\/\/www.xmpie.com\/de\/"},{"@type":"ListItem","position":2,"name":"Products","item":"https:\/\/www.xmpie.com\/de\/?page_id=11760"},{"@type":"ListItem","position":3,"name":"Datengesteuerter Druck und VDP","item":"https:\/\/www.xmpie.com\/de\/products\/datengesteuerter-druck-und-vdp\/"},{"@type":"ListItem","position":4,"name":"uDirect Classic"}]},{"@type":"WebSite","@id":"https:\/\/www.xmpie.com\/de\/#website","url":"https:\/\/www.xmpie.com\/de\/","name":"XMPie","description":"Our Technology Integrates print and digital media to improve the brand experience","publisher":{"@id":"https:\/\/www.xmpie.com\/de\/#organization"},"potentialAction":[{"@type":"SearchAction","target":{"@type":"EntryPoint","urlTemplate":"https:\/\/www.xmpie.com\/de\/?s={search_term_string}"},"query-input":{"@type":"PropertyValueSpecification","valueRequired":true,"valueName":"search_term_string"}}],"inLanguage":"de"},{"@type":"Organization","@id":"https:\/\/www.xmpie.com\/de\/#organization","name":"XMPie","url":"https:\/\/www.xmpie.com\/de\/","logo":{"@type":"ImageObject","inLanguage":"de","@id":"https:\/\/www.xmpie.com\/de\/#\/schema\/logo\/image\/","url":"https:\/\/www.xmpie.com\/wp-content\/uploads\/2015\/07\/logo.png","contentUrl":"https:\/\/www.xmpie.com\/wp-content\/uploads\/2015\/07\/logo.png","width":62,"height":62,"caption":"XMPie"},"image":{"@id":"https:\/\/www.xmpie.com\/de\/#\/schema\/logo\/image\/"},"sameAs":["https:\/\/www.facebook.com\/xmpie","https:\/\/x.com\/XMPie","http:\/\/www.linkedin.com\/company\/xmpie","https:\/\/www.pinterest.com\/XMPieCreate\/","http:\/\/www.youtube.com\/xmpie"]}]}},"_links":{"self":[{"href":"https:\/\/www.xmpie.com\/de\/wp-json\/wp\/v2\/pages\/9251","targetHints":{"allow":["GET"]}}],"collection":[{"href":"https:\/\/www.xmpie.com\/de\/wp-json\/wp\/v2\/pages"}],"about":[{"href":"https:\/\/www.xmpie.com\/de\/wp-json\/wp\/v2\/types\/page"}],"author":[{"embeddable":true,"href":"https:\/\/www.xmpie.com\/de\/wp-json\/wp\/v2\/users\/1"}],"replies":[{"embeddable":true,"href":"https:\/\/www.xmpie.com\/de\/wp-json\/wp\/v2\/comments?post=9251"}],"version-history":[{"count":1,"href":"https:\/\/www.xmpie.com\/de\/wp-json\/wp\/v2\/pages\/9251\/revisions"}],"predecessor-version":[{"id":33426,"href":"https:\/\/www.xmpie.com\/de\/wp-json\/wp\/v2\/pages\/9251\/revisions\/33426"}],"up":[{"embeddable":true,"href":"https:\/\/www.xmpie.com\/de\/wp-json\/wp\/v2\/pages\/9230"}],"wp:attachment":[{"href":"https:\/\/www.xmpie.com\/de\/wp-json\/wp\/v2\/media?parent=9251"}],"curies":[{"name":"wp","href":"https:\/\/api.w.org\/{rel}","templated":true}]}}