{"id":75267,"date":"2020-08-10T15:05:19","date_gmt":"2020-08-10T15:05:19","guid":{"rendered":"https:\/\/www.xmpie.com\/?page_id=75267"},"modified":"2026-01-19T15:32:01","modified_gmt":"2026-01-19T15:32:01","slug":"xmpie-email-service-xes-2","status":"publish","type":"page","link":"https:\/\/www.xmpie.com\/es\/products\/servicios\/xmpie-email-service-xes-2\/","title":{"rendered":"Servicio de correo electr\u00f3nico XMPie (XES)"},"content":{"rendered":"<p>XMPie Email Service (XES)<br \/>\nUNA SOLUCI\u00d3N COMERCIAL PARA EL ENV\u00cdO DE CORREOS ELECTR\u00d3NICOS PERSONALIZADOS Y SU SEGUIMIENTO<br \/>\nUn servicio por suscripci\u00f3n disponible para todos los clientes cross-media, para el env\u00edo de mensajes de marketing altamente personalizados, correos electr\u00f3nicos activados por el comportamiento y mensajes transaccionales desde tu plataforma XMPie.<\/p>\n<p>Una soluci\u00f3n potente y robusta en la que puedes confiar<\/p>\n<p><strong>La forma sencilla y sin fisuras de integrar el correo electr\u00f3nico en tus campa\u00f1as multicanal.<\/strong><\/p>\n<p>Sencillo, pero potente<br \/>\n<strong>Env\u00eda un correo personalizado o millones. El env\u00edo de correos electr\u00f3nicos puede activarse a un destinatario espec\u00edfico mediante una acci\u00f3n concreta y\/o enviarse a toda una lista o a un subconjunto de listas.<\/strong><\/p>\n<p>Personalizaci\u00f3n a un nivel superior<br \/>\nCon XMPie, los datos y las reglas empresariales se comparten a trav\u00e9s de m\u00faltiples canales. As\u00ed, a\u00f1adir a tu campa\u00f1a un correo electr\u00f3nico totalmente din\u00e1mico y orientado al contenido es tan f\u00e1cil como incluir un saludo.<\/p>\n<p>Mejora tus capacidades de correo electr\u00f3nico<br \/>\nAseg\u00farate de que tus mensajes llegan a las bandejas de entrada de tus clientes con nuestras tecnolog\u00edas de filtrado de contenidos para proteger tu reputaci\u00f3n de remitente.<\/p>\n<p>Mide los resultados de tu campa\u00f1a de correo electr\u00f3nico<br \/>\nPersonalEffect Analytics de XMPie, que se incluye en nuestras configuraciones Cross-Media, permite el seguimiento y la elaboraci\u00f3n de informes de todos los correos electr\u00f3nicos XES.<\/p>\n<p>Para todos los usuarios de Cross Media<br \/>\nDisponible para cualquier cliente de XMPie con PersonalEffect eMedia cloud, PersonalEffect TransMedia, PersonalEffect TransMedia Pro o Enterprise Cross Media.<\/p>\n<p>Diferentes planes de suscripci\u00f3n disponibles<br \/>\nElige el plan XMPie Email Service (XES) m\u00e1s adecuado a los vol\u00famenes previstos y a las necesidades de seguridad.<\/p>\n<p>VOLVER A COMPLEMENTOS Y SERVICIOS PROFESIONALES<br \/>\nOTROS COMPLEMENTOS Y SERVICIOS PROFESIONALES PRODUCTOS<br \/>\nServicio de mapas de XMPie (XMap)<br \/>\nComplementos e integraciones<br \/>\nHISTORIAS DE \u00c9XITO<br \/>\n\u00daNETE AL SERVICIO DE CORREO ELECTR\u00d3NICO DE XMPie<br \/>\nPrecios y preguntas frecuentes de XES<br \/>\nUno a uno en uno<br \/>\nUno a uno en uno<br \/>\nEnv\u00eda mensajes de correo electr\u00f3nico personalizados totalmente integrados con todos los dem\u00e1s puntos de contacto de tu campa\u00f1a. Como XMPie es una soluci\u00f3n \u00fanica para todos los canales, los mismos datos, reglas empresariales y l\u00f3gica utilizados para automatizar los mensajes impresos, Web y SMS se utilizan para enviar mensajes de correo electr\u00f3nico personalizados a esos mismos destinatarios.<\/p>\n<p>Un enfoque verdaderamente integrado del marketing por correo electr\u00f3nico<br \/>\nUn enfoque verdaderamente integrado del marketing por correo electr\u00f3nico<br \/>\nEn XMPie no hay un enfoque de silo del marketing por correo electr\u00f3nico. Con la tecnolog\u00eda multicanal integrada de XMPie, los usuarios pueden enviar correos electr\u00f3nicos, de forma individual o masiva, para iniciar potentes campa\u00f1as que impulsen a los destinatarios a responder. Dise\u00f1a, redacta y previsualiza correos electr\u00f3nicos directamente en Circle, despli\u00e9galos en campa\u00f1as y revisa inmediatamente los an\u00e1lisis.<\/p>\n<p>Consigue los niveles m\u00e1s altos de entregabilidad para tus campa\u00f1as<br \/>\nConsigue los niveles m\u00e1s altos de entregabilidad para tus campa\u00f1as<br \/>\nNuestra plataforma XMPie Email Service proporciona los niveles m\u00e1s altos de entregabilidad para tus campa\u00f1as de correo electr\u00f3nico. Al incorporar la verificaci\u00f3n del correo electr\u00f3nico, la autenticaci\u00f3n DKIM como est\u00e1ndar y la habilitaci\u00f3n SPF y DMARC, todo ello a trav\u00e9s de nuestra propia plataforma de entrega de correo electr\u00f3nico, podemos ofrecerte el mejor enfoque integrado y los mejores \u00edndices de entregabilidad para los usuarios de XMPie.<\/p>\n<p>Seguimiento e informes<br \/>\nSeguimiento e informes<br \/>\nHacer un seguimiento del rendimiento de tus correos electr\u00f3nicos dentro de una campa\u00f1a es f\u00e1cil con los an\u00e1lisis de XMPie. Las tasas de apertura, los rebotes y otras m\u00e9tricas est\u00e1n integradas en PersonalEffect Analytics, que muestra una visi\u00f3n completa de los distintos medios de tu oferta cross-media. Combina todo esto con otros puntos de contacto de una campa\u00f1a y tendr\u00e1s un nivel de informaci\u00f3n realmente completo para una campa\u00f1a multicanal.<\/p>\n<p>Planes de suscripci\u00f3n<br \/>\nPlanes de suscripci\u00f3n<br \/>\nLos planes de suscripci\u00f3n est\u00e1n disponibles en funci\u00f3n de tu volumen de uso: desde 200 mil correos electr\u00f3nicos al a\u00f1o hasta m\u00e1s de 30 millones de correos electr\u00f3nicos al a\u00f1o. Elige el plan m\u00e1s adecuado para tus vol\u00famenes de correo electr\u00f3nico y, opcionalmente, adquiere cr\u00e9ditos adicionales en l\u00ednea a medida que los necesites.<\/p>\n","protected":false},"excerpt":{"rendered":"<p>XMPie Email Service (XES) UNA SOLUCI\u00d3N COMERCIAL PARA EL ENV\u00cdO DE CORREOS ELECTR\u00d3NICOS PERSONALIZADOS Y SU SEGUIMIENTO Un servicio por suscripci\u00f3n disponible para todos los clientes cross-media, para el env\u00edo de mensajes de&#8230;<\/p>\n","protected":false},"author":24,"featured_media":0,"parent":9160,"menu_order":0,"comment_status":"open","ping_status":"closed","template":"templates\/product.php","meta":{"_acf_changed":false,"footnotes":""},"class_list":["post-75267","page","type-page","status-publish","hentry"],"acf":[],"yoast_head":"<!-- This site is optimized with the Yoast SEO Premium plugin v26.5 (Yoast SEO v27.4) - https:\/\/yoast.com\/product\/yoast-seo-premium-wordpress\/ -->\n<title>Servicios de Email Marketing Personalizado (XES) | XMPie<\/title>\n<meta name=\"description\" content=\"Una soluci\u00f3n de marketing por correo electr\u00f3nico de nivel comercial para el env\u00edo y seguimiento personalizados de correos electr\u00f3nicos\" \/>\n<meta name=\"robots\" content=\"index, follow, max-snippet:-1, max-image-preview:large, max-video-preview:-1\" \/>\n<link rel=\"canonical\" href=\"https:\/\/www.xmpie.com\/es\/products\/servicios\/xmpie-email-service-xes-2\/\" \/>\n<meta property=\"og:locale\" content=\"es_ES\" \/>\n<meta property=\"og:type\" content=\"article\" \/>\n<meta property=\"og:title\" content=\"Servicio de correo electr\u00f3nico XMPie (XES)\" \/>\n<meta property=\"og:description\" content=\"Una soluci\u00f3n de marketing por correo electr\u00f3nico de nivel comercial para el env\u00edo y seguimiento personalizados de correos electr\u00f3nicos\" \/>\n<meta property=\"og:url\" content=\"https:\/\/www.xmpie.com\/es\/products\/servicios\/xmpie-email-service-xes-2\/\" \/>\n<meta property=\"og:site_name\" content=\"XMPie\" \/>\n<meta property=\"article:publisher\" content=\"https:\/\/www.facebook.com\/xmpie\" \/>\n<meta property=\"article:modified_time\" content=\"2026-01-19T15:32:01+00:00\" \/>\n<meta name=\"twitter:card\" content=\"summary_large_image\" \/>\n<meta name=\"twitter:site\" content=\"@XMPie\" \/>\n<meta name=\"twitter:label1\" content=\"Tiempo de lectura\" \/>\n\t<meta name=\"twitter:data1\" content=\"4 minutos\" \/>\n<script type=\"application\/ld+json\" class=\"yoast-schema-graph\">{\"@context\":\"https:\\\/\\\/schema.org\",\"@graph\":[{\"@type\":\"WebPage\",\"@id\":\"https:\\\/\\\/www.xmpie.com\\\/es\\\/products\\\/servicios\\\/xmpie-email-service-xes-2\\\/\",\"url\":\"https:\\\/\\\/www.xmpie.com\\\/es\\\/products\\\/servicios\\\/xmpie-email-service-xes-2\\\/\",\"name\":\"Servicios de Email Marketing Personalizado (XES) | XMPie\",\"isPartOf\":{\"@id\":\"https:\\\/\\\/www.xmpie.com\\\/es\\\/#website\"},\"datePublished\":\"2020-08-10T15:05:19+00:00\",\"dateModified\":\"2026-01-19T15:32:01+00:00\",\"description\":\"Una soluci\u00f3n de marketing por correo electr\u00f3nico de nivel comercial para el env\u00edo y seguimiento personalizados de correos electr\u00f3nicos\",\"breadcrumb\":{\"@id\":\"https:\\\/\\\/www.xmpie.com\\\/es\\\/products\\\/servicios\\\/xmpie-email-service-xes-2\\\/#breadcrumb\"},\"inLanguage\":\"es\",\"potentialAction\":[{\"@type\":\"ReadAction\",\"target\":[\"https:\\\/\\\/www.xmpie.com\\\/es\\\/products\\\/servicios\\\/xmpie-email-service-xes-2\\\/\"]}]},{\"@type\":\"BreadcrumbList\",\"@id\":\"https:\\\/\\\/www.xmpie.com\\\/es\\\/products\\\/servicios\\\/xmpie-email-service-xes-2\\\/#breadcrumb\",\"itemListElement\":[{\"@type\":\"ListItem\",\"position\":1,\"name\":\"Home\",\"item\":\"https:\\\/\\\/www.xmpie.com\\\/es\\\/\"},{\"@type\":\"ListItem\",\"position\":2,\"name\":\"Productos\",\"item\":\"https:\\\/\\\/www.xmpie.com\\\/es\\\/products\\\/\"},{\"@type\":\"ListItem\",\"position\":3,\"name\":\"Servicios\",\"item\":\"https:\\\/\\\/www.xmpie.com\\\/es\\\/products\\\/servicios\\\/\"},{\"@type\":\"ListItem\",\"position\":4,\"name\":\"Servicio de correo electr\u00f3nico XMPie (XES)\"}]},{\"@type\":\"WebSite\",\"@id\":\"https:\\\/\\\/www.xmpie.com\\\/es\\\/#website\",\"url\":\"https:\\\/\\\/www.xmpie.com\\\/es\\\/\",\"name\":\"XMPie\",\"description\":\"Our Technology Integrates print and digital media to improve the brand experience\",\"publisher\":{\"@id\":\"https:\\\/\\\/www.xmpie.com\\\/es\\\/#organization\"},\"potentialAction\":[{\"@type\":\"SearchAction\",\"target\":{\"@type\":\"EntryPoint\",\"urlTemplate\":\"https:\\\/\\\/www.xmpie.com\\\/es\\\/?s={search_term_string}\"},\"query-input\":{\"@type\":\"PropertyValueSpecification\",\"valueRequired\":true,\"valueName\":\"search_term_string\"}}],\"inLanguage\":\"es\"},{\"@type\":\"Organization\",\"@id\":\"https:\\\/\\\/www.xmpie.com\\\/es\\\/#organization\",\"name\":\"XMPie\",\"url\":\"https:\\\/\\\/www.xmpie.com\\\/es\\\/\",\"logo\":{\"@type\":\"ImageObject\",\"inLanguage\":\"es\",\"@id\":\"https:\\\/\\\/www.xmpie.com\\\/es\\\/#\\\/schema\\\/logo\\\/image\\\/\",\"url\":\"https:\\\/\\\/www.xmpie.com\\\/wp-content\\\/uploads\\\/2015\\\/07\\\/logo.png\",\"contentUrl\":\"https:\\\/\\\/www.xmpie.com\\\/wp-content\\\/uploads\\\/2015\\\/07\\\/logo.png\",\"width\":62,\"height\":62,\"caption\":\"XMPie\"},\"image\":{\"@id\":\"https:\\\/\\\/www.xmpie.com\\\/es\\\/#\\\/schema\\\/logo\\\/image\\\/\"},\"sameAs\":[\"https:\\\/\\\/www.facebook.com\\\/xmpie\",\"https:\\\/\\\/x.com\\\/XMPie\",\"http:\\\/\\\/www.linkedin.com\\\/company\\\/xmpie\",\"https:\\\/\\\/www.pinterest.com\\\/XMPieCreate\\\/\",\"http:\\\/\\\/www.youtube.com\\\/xmpie\"]}]}<\/script>\n<!-- \/ Yoast SEO Premium plugin. -->","yoast_head_json":{"title":"Servicios de Email Marketing Personalizado (XES) | XMPie","description":"Una soluci\u00f3n de marketing por correo electr\u00f3nico de nivel comercial para el env\u00edo y seguimiento personalizados de correos electr\u00f3nicos","robots":{"index":"index","follow":"follow","max-snippet":"max-snippet:-1","max-image-preview":"max-image-preview:large","max-video-preview":"max-video-preview:-1"},"canonical":"https:\/\/www.xmpie.com\/es\/products\/servicios\/xmpie-email-service-xes-2\/","og_locale":"es_ES","og_type":"article","og_title":"Servicio de correo electr\u00f3nico XMPie (XES)","og_description":"Una soluci\u00f3n de marketing por correo electr\u00f3nico de nivel comercial para el env\u00edo y seguimiento personalizados de correos electr\u00f3nicos","og_url":"https:\/\/www.xmpie.com\/es\/products\/servicios\/xmpie-email-service-xes-2\/","og_site_name":"XMPie","article_publisher":"https:\/\/www.facebook.com\/xmpie","article_modified_time":"2026-01-19T15:32:01+00:00","twitter_card":"summary_large_image","twitter_site":"@XMPie","twitter_misc":{"Tiempo de lectura":"4 minutos"},"schema":{"@context":"https:\/\/schema.org","@graph":[{"@type":"WebPage","@id":"https:\/\/www.xmpie.com\/es\/products\/servicios\/xmpie-email-service-xes-2\/","url":"https:\/\/www.xmpie.com\/es\/products\/servicios\/xmpie-email-service-xes-2\/","name":"Servicios de Email Marketing Personalizado (XES) | XMPie","isPartOf":{"@id":"https:\/\/www.xmpie.com\/es\/#website"},"datePublished":"2020-08-10T15:05:19+00:00","dateModified":"2026-01-19T15:32:01+00:00","description":"Una soluci\u00f3n de marketing por correo electr\u00f3nico de nivel comercial para el env\u00edo y seguimiento personalizados de correos electr\u00f3nicos","breadcrumb":{"@id":"https:\/\/www.xmpie.com\/es\/products\/servicios\/xmpie-email-service-xes-2\/#breadcrumb"},"inLanguage":"es","potentialAction":[{"@type":"ReadAction","target":["https:\/\/www.xmpie.com\/es\/products\/servicios\/xmpie-email-service-xes-2\/"]}]},{"@type":"BreadcrumbList","@id":"https:\/\/www.xmpie.com\/es\/products\/servicios\/xmpie-email-service-xes-2\/#breadcrumb","itemListElement":[{"@type":"ListItem","position":1,"name":"Home","item":"https:\/\/www.xmpie.com\/es\/"},{"@type":"ListItem","position":2,"name":"Productos","item":"https:\/\/www.xmpie.com\/es\/products\/"},{"@type":"ListItem","position":3,"name":"Servicios","item":"https:\/\/www.xmpie.com\/es\/products\/servicios\/"},{"@type":"ListItem","position":4,"name":"Servicio de correo electr\u00f3nico XMPie (XES)"}]},{"@type":"WebSite","@id":"https:\/\/www.xmpie.com\/es\/#website","url":"https:\/\/www.xmpie.com\/es\/","name":"XMPie","description":"Our Technology Integrates print and digital media to improve the brand experience","publisher":{"@id":"https:\/\/www.xmpie.com\/es\/#organization"},"potentialAction":[{"@type":"SearchAction","target":{"@type":"EntryPoint","urlTemplate":"https:\/\/www.xmpie.com\/es\/?s={search_term_string}"},"query-input":{"@type":"PropertyValueSpecification","valueRequired":true,"valueName":"search_term_string"}}],"inLanguage":"es"},{"@type":"Organization","@id":"https:\/\/www.xmpie.com\/es\/#organization","name":"XMPie","url":"https:\/\/www.xmpie.com\/es\/","logo":{"@type":"ImageObject","inLanguage":"es","@id":"https:\/\/www.xmpie.com\/es\/#\/schema\/logo\/image\/","url":"https:\/\/www.xmpie.com\/wp-content\/uploads\/2015\/07\/logo.png","contentUrl":"https:\/\/www.xmpie.com\/wp-content\/uploads\/2015\/07\/logo.png","width":62,"height":62,"caption":"XMPie"},"image":{"@id":"https:\/\/www.xmpie.com\/es\/#\/schema\/logo\/image\/"},"sameAs":["https:\/\/www.facebook.com\/xmpie","https:\/\/x.com\/XMPie","http:\/\/www.linkedin.com\/company\/xmpie","https:\/\/www.pinterest.com\/XMPieCreate\/","http:\/\/www.youtube.com\/xmpie"]}]}},"_links":{"self":[{"href":"https:\/\/www.xmpie.com\/es\/wp-json\/wp\/v2\/pages\/75267","targetHints":{"allow":["GET"]}}],"collection":[{"href":"https:\/\/www.xmpie.com\/es\/wp-json\/wp\/v2\/pages"}],"about":[{"href":"https:\/\/www.xmpie.com\/es\/wp-json\/wp\/v2\/types\/page"}],"author":[{"embeddable":true,"href":"https:\/\/www.xmpie.com\/es\/wp-json\/wp\/v2\/users\/24"}],"replies":[{"embeddable":true,"href":"https:\/\/www.xmpie.com\/es\/wp-json\/wp\/v2\/comments?post=75267"}],"version-history":[{"count":5,"href":"https:\/\/www.xmpie.com\/es\/wp-json\/wp\/v2\/pages\/75267\/revisions"}],"predecessor-version":[{"id":119348,"href":"https:\/\/www.xmpie.com\/es\/wp-json\/wp\/v2\/pages\/75267\/revisions\/119348"}],"up":[{"embeddable":true,"href":"https:\/\/www.xmpie.com\/es\/wp-json\/wp\/v2\/pages\/9160"}],"wp:attachment":[{"href":"https:\/\/www.xmpie.com\/es\/wp-json\/wp\/v2\/media?parent=75267"}],"curies":[{"name":"wp","href":"https:\/\/api.w.org\/{rel}","templated":true}]}}