{"id":9113,"date":"2015-07-22T07:53:18","date_gmt":"2015-07-22T07:53:18","guid":{"rendered":"https:\/\/www.xmpie.com\/inicio\/?lang=es"},"modified":"2018-05-03T08:55:57","modified_gmt":"2018-05-03T08:55:57","slug":"home","status":"publish","type":"page","link":"https:\/\/www.xmpie.com\/es\/","title":{"rendered":"Inicio"},"content":{"rendered":"<p>MUCHOS CANALES.<br \/>\nUNA CONVERSACI\u00d3N.<br \/>\nLa tecnolog\u00eda l\u00edder para atraer a sus audiencias con comunicaciones personalizadas y relevantes en los puntos de contacto de soportes de impresi\u00f3n y digitales.<br \/>\nPODEMOS AYUDAR A QUE SU CAMPA\u00d1A TENGA \u00c9XITO<br \/>\nExplore lo que puede hacer con XMPie<br \/>\nNUESTRA TECNOLOG\u00cdA INTEGRA SOPORTES DE IMPRESI\u00d3N Y DIGITALES PARA MEJROAR LA EXPERENCIA DE LA MARCA<br \/>\nPonga al cliente en el centro de cada comunicaci\u00f3n.<br \/>\nVEA<br \/>\nQU\u00c9<br \/>\nDICEN NUESTROS CLIENTES SOBRE NOSOTROS<br \/>\nLa tecnolog\u00eda de XMPie es usada ampliamente por una gran variedad de corporaciones e industrias de todo el mundo, para transformar las comunicaciones con el cliente.<br \/>\n\u00abEn los \u00faltimos tres a\u00f1os hemos crecido a una velocidad superior al 25%, y realmente creemos que esto se debe a que hemos adquirido el conjunto completo de productos de XMPie hace tres a\u00f1os, lo que ha transformado a nuestra empresa de una empresa de impresi\u00f3n digital a una empresa de tecnolog\u00eda\u00bb.<br \/>\nKenneth Shriber, Ditto Documents (EE.UU.)<br \/>\n\u00abHa sido fenomenal, porque no importa lo complejo que el cliente piense que lo est\u00e1 haciendo, XMPie permite hacer tanto&#8230;[Nuestros clientes] no se dan cuenta de que XMPie hace que sea realmente f\u00e1cil mantener a nuestros clientes contentos\u00bb.<br \/>\nMari McGrath, Digitalx-Press<br \/>\n\u00abHemos realizado campa\u00f1as de correo electr\u00f3nico usando la personalizaci\u00f3n de XMPie que han conseguido una tasa de respuesta del 47 por ciento. \u00a1Los clientes tuvieron que cerrar la campa\u00f1a porque tuvo demasiado \u00e9xito!\u00bb<br \/>\nKathy Levinksi, Director de Orange Door Direct Agency (Canad\u00e1)<\/p>\n<p>XMPie est\u00e1 construida para ser abierta. La arquitectura de nuestra tecnolog\u00eda hace que sea f\u00e1cil crear una soluci\u00f3n a medida para usted. Nuestras l\u00edneas de producto son escalables para adaptarse al crecimiento de la empresa.<br \/>\nACERCA DE XMPIE<br \/>\n\u00c9XITOS DE CLIENTES EN SU CAMPO<\/p>\n<p>EMPRESA DE DISE\u00d1O<br \/>\nAproveche la tecnolog\u00eda de Adobe para producir comunicaciones potentes y personalizadas, dirigidas a cada destinatario.<\/p>\n<p>PROVEEDOR DE IMPRESI\u00d3N<br \/>\nCree sus propias aplicaciones Web a impresi\u00f3n e impresi\u00f3n bajo demanda y produzca productos de impresi\u00f3n con datos variables.<\/p>\n<p>AGENCIA<br \/>\nTransforme la experiencia del cliente con nuestra tecnolog\u00eda de personalizaci\u00f3n disruptiva.<\/p>\n<p>PYMES<br \/>\nGestione las relaciones con sus clientes con contenido personalizado.<\/p>\n<p>CORPORACI\u00d3N<br \/>\nConfigure y personalice su soluci\u00f3n XMPie para que se adapte a sus necesidades empresariales.<\/p>\n","protected":false},"excerpt":{"rendered":"<p>MUCHOS CANALES. UNA CONVERSACI\u00d3N. La tecnolog\u00eda l\u00edder para atraer a sus audiencias con comunicaciones personalizadas y relevantes en los puntos de contacto de soportes de impresi\u00f3n y digitales. PODEMOS AYUDAR A QUE SU&#8230;<\/p>\n","protected":false},"author":1,"featured_media":0,"parent":0,"menu_order":-1,"comment_status":"open","ping_status":"open","template":"templates\/home.php","meta":{"_acf_changed":false,"footnotes":""},"class_list":["post-9113","page","type-page","status-publish","hentry"],"acf":[],"yoast_head":"<!-- This site is optimized with the Yoast SEO Premium plugin v26.5 (Yoast SEO v27.4) - https:\/\/yoast.com\/product\/yoast-seo-premium-wordpress\/ -->\n<title>Software de marketing multicanal y VDP | XMPie<\/title>\n<meta name=\"description\" content=\"La tecnolog\u00eda m\u00e1s inteligente para ayudarle a llegar a su audiencia con comunicaciones personalizadas y relevantes en soportes de impresi\u00f3n y digitales.\" \/>\n<meta name=\"robots\" content=\"index, follow, max-snippet:-1, max-image-preview:large, max-video-preview:-1\" \/>\n<link rel=\"canonical\" href=\"https:\/\/www.xmpie.com\/es\/\" \/>\n<meta property=\"og:locale\" content=\"es_ES\" \/>\n<meta property=\"og:type\" content=\"article\" \/>\n<meta property=\"og:title\" content=\"Inicio\" \/>\n<meta property=\"og:description\" content=\"La tecnolog\u00eda m\u00e1s inteligente para ayudarle a llegar a su audiencia con comunicaciones personalizadas y relevantes en soportes de impresi\u00f3n y digitales.\" \/>\n<meta property=\"og:url\" content=\"https:\/\/www.xmpie.com\/es\/\" \/>\n<meta property=\"og:site_name\" content=\"XMPie\" \/>\n<meta property=\"article:publisher\" content=\"https:\/\/www.facebook.com\/xmpie\" \/>\n<meta property=\"article:modified_time\" content=\"2018-05-03T08:55:57+00:00\" \/>\n<meta name=\"twitter:card\" content=\"summary_large_image\" \/>\n<meta name=\"twitter:site\" content=\"@XMPie\" \/>\n<meta name=\"twitter:label1\" content=\"Tiempo de lectura\" \/>\n\t<meta name=\"twitter:data1\" content=\"2 minutos\" \/>\n<script type=\"application\/ld+json\" class=\"yoast-schema-graph\">{\"@context\":\"https:\\\/\\\/schema.org\",\"@graph\":[{\"@type\":\"WebPage\",\"@id\":\"https:\\\/\\\/www.xmpie.com\\\/es\\\/\",\"url\":\"https:\\\/\\\/www.xmpie.com\\\/es\\\/\",\"name\":\"Software de marketing multicanal y VDP | XMPie\",\"isPartOf\":{\"@id\":\"https:\\\/\\\/www.xmpie.com\\\/es\\\/#website\"},\"datePublished\":\"2015-07-22T07:53:18+00:00\",\"dateModified\":\"2018-05-03T08:55:57+00:00\",\"description\":\"La tecnolog\u00eda m\u00e1s inteligente para ayudarle a llegar a su audiencia con comunicaciones personalizadas y relevantes en soportes de impresi\u00f3n y digitales.\",\"breadcrumb\":{\"@id\":\"https:\\\/\\\/www.xmpie.com\\\/es\\\/#breadcrumb\"},\"inLanguage\":\"es\",\"potentialAction\":[{\"@type\":\"ReadAction\",\"target\":[\"https:\\\/\\\/www.xmpie.com\\\/es\\\/\"]}]},{\"@type\":\"BreadcrumbList\",\"@id\":\"https:\\\/\\\/www.xmpie.com\\\/es\\\/#breadcrumb\",\"itemListElement\":[{\"@type\":\"ListItem\",\"position\":1,\"name\":\"Home\",\"item\":\"https:\\\/\\\/www.xmpie.com\\\/es\\\/\"},{\"@type\":\"ListItem\",\"position\":2,\"name\":\"Inicio\"}]},{\"@type\":\"WebSite\",\"@id\":\"https:\\\/\\\/www.xmpie.com\\\/es\\\/#website\",\"url\":\"https:\\\/\\\/www.xmpie.com\\\/es\\\/\",\"name\":\"XMPie\",\"description\":\"Our Technology Integrates print and digital media to improve the brand experience\",\"publisher\":{\"@id\":\"https:\\\/\\\/www.xmpie.com\\\/es\\\/#organization\"},\"potentialAction\":[{\"@type\":\"SearchAction\",\"target\":{\"@type\":\"EntryPoint\",\"urlTemplate\":\"https:\\\/\\\/www.xmpie.com\\\/es\\\/?s={search_term_string}\"},\"query-input\":{\"@type\":\"PropertyValueSpecification\",\"valueRequired\":true,\"valueName\":\"search_term_string\"}}],\"inLanguage\":\"es\"},{\"@type\":\"Organization\",\"@id\":\"https:\\\/\\\/www.xmpie.com\\\/es\\\/#organization\",\"name\":\"XMPie\",\"url\":\"https:\\\/\\\/www.xmpie.com\\\/es\\\/\",\"logo\":{\"@type\":\"ImageObject\",\"inLanguage\":\"es\",\"@id\":\"https:\\\/\\\/www.xmpie.com\\\/es\\\/#\\\/schema\\\/logo\\\/image\\\/\",\"url\":\"https:\\\/\\\/www.xmpie.com\\\/wp-content\\\/uploads\\\/2015\\\/07\\\/logo.png\",\"contentUrl\":\"https:\\\/\\\/www.xmpie.com\\\/wp-content\\\/uploads\\\/2015\\\/07\\\/logo.png\",\"width\":62,\"height\":62,\"caption\":\"XMPie\"},\"image\":{\"@id\":\"https:\\\/\\\/www.xmpie.com\\\/es\\\/#\\\/schema\\\/logo\\\/image\\\/\"},\"sameAs\":[\"https:\\\/\\\/www.facebook.com\\\/xmpie\",\"https:\\\/\\\/x.com\\\/XMPie\",\"http:\\\/\\\/www.linkedin.com\\\/company\\\/xmpie\",\"https:\\\/\\\/www.pinterest.com\\\/XMPieCreate\\\/\",\"http:\\\/\\\/www.youtube.com\\\/xmpie\"]}]}<\/script>\n<!-- \/ Yoast SEO Premium plugin. -->","yoast_head_json":{"title":"Software de marketing multicanal y VDP | XMPie","description":"La tecnolog\u00eda m\u00e1s inteligente para ayudarle a llegar a su audiencia con comunicaciones personalizadas y relevantes en soportes de impresi\u00f3n y digitales.","robots":{"index":"index","follow":"follow","max-snippet":"max-snippet:-1","max-image-preview":"max-image-preview:large","max-video-preview":"max-video-preview:-1"},"canonical":"https:\/\/www.xmpie.com\/es\/","og_locale":"es_ES","og_type":"article","og_title":"Inicio","og_description":"La tecnolog\u00eda m\u00e1s inteligente para ayudarle a llegar a su audiencia con comunicaciones personalizadas y relevantes en soportes de impresi\u00f3n y digitales.","og_url":"https:\/\/www.xmpie.com\/es\/","og_site_name":"XMPie","article_publisher":"https:\/\/www.facebook.com\/xmpie","article_modified_time":"2018-05-03T08:55:57+00:00","twitter_card":"summary_large_image","twitter_site":"@XMPie","twitter_misc":{"Tiempo de lectura":"2 minutos"},"schema":{"@context":"https:\/\/schema.org","@graph":[{"@type":"WebPage","@id":"https:\/\/www.xmpie.com\/es\/","url":"https:\/\/www.xmpie.com\/es\/","name":"Software de marketing multicanal y VDP | XMPie","isPartOf":{"@id":"https:\/\/www.xmpie.com\/es\/#website"},"datePublished":"2015-07-22T07:53:18+00:00","dateModified":"2018-05-03T08:55:57+00:00","description":"La tecnolog\u00eda m\u00e1s inteligente para ayudarle a llegar a su audiencia con comunicaciones personalizadas y relevantes en soportes de impresi\u00f3n y digitales.","breadcrumb":{"@id":"https:\/\/www.xmpie.com\/es\/#breadcrumb"},"inLanguage":"es","potentialAction":[{"@type":"ReadAction","target":["https:\/\/www.xmpie.com\/es\/"]}]},{"@type":"BreadcrumbList","@id":"https:\/\/www.xmpie.com\/es\/#breadcrumb","itemListElement":[{"@type":"ListItem","position":1,"name":"Home","item":"https:\/\/www.xmpie.com\/es\/"},{"@type":"ListItem","position":2,"name":"Inicio"}]},{"@type":"WebSite","@id":"https:\/\/www.xmpie.com\/es\/#website","url":"https:\/\/www.xmpie.com\/es\/","name":"XMPie","description":"Our Technology Integrates print and digital media to improve the brand experience","publisher":{"@id":"https:\/\/www.xmpie.com\/es\/#organization"},"potentialAction":[{"@type":"SearchAction","target":{"@type":"EntryPoint","urlTemplate":"https:\/\/www.xmpie.com\/es\/?s={search_term_string}"},"query-input":{"@type":"PropertyValueSpecification","valueRequired":true,"valueName":"search_term_string"}}],"inLanguage":"es"},{"@type":"Organization","@id":"https:\/\/www.xmpie.com\/es\/#organization","name":"XMPie","url":"https:\/\/www.xmpie.com\/es\/","logo":{"@type":"ImageObject","inLanguage":"es","@id":"https:\/\/www.xmpie.com\/es\/#\/schema\/logo\/image\/","url":"https:\/\/www.xmpie.com\/wp-content\/uploads\/2015\/07\/logo.png","contentUrl":"https:\/\/www.xmpie.com\/wp-content\/uploads\/2015\/07\/logo.png","width":62,"height":62,"caption":"XMPie"},"image":{"@id":"https:\/\/www.xmpie.com\/es\/#\/schema\/logo\/image\/"},"sameAs":["https:\/\/www.facebook.com\/xmpie","https:\/\/x.com\/XMPie","http:\/\/www.linkedin.com\/company\/xmpie","https:\/\/www.pinterest.com\/XMPieCreate\/","http:\/\/www.youtube.com\/xmpie"]}]}},"_links":{"self":[{"href":"https:\/\/www.xmpie.com\/es\/wp-json\/wp\/v2\/pages\/9113","targetHints":{"allow":["GET"]}}],"collection":[{"href":"https:\/\/www.xmpie.com\/es\/wp-json\/wp\/v2\/pages"}],"about":[{"href":"https:\/\/www.xmpie.com\/es\/wp-json\/wp\/v2\/types\/page"}],"author":[{"embeddable":true,"href":"https:\/\/www.xmpie.com\/es\/wp-json\/wp\/v2\/users\/1"}],"replies":[{"embeddable":true,"href":"https:\/\/www.xmpie.com\/es\/wp-json\/wp\/v2\/comments?post=9113"}],"version-history":[{"count":1,"href":"https:\/\/www.xmpie.com\/es\/wp-json\/wp\/v2\/pages\/9113\/revisions"}],"predecessor-version":[{"id":28221,"href":"https:\/\/www.xmpie.com\/es\/wp-json\/wp\/v2\/pages\/9113\/revisions\/28221"}],"wp:attachment":[{"href":"https:\/\/www.xmpie.com\/es\/wp-json\/wp\/v2\/media?parent=9113"}],"curies":[{"name":"wp","href":"https:\/\/api.w.org\/{rel}","templated":true}]}}