{"id":9118,"date":"2015-08-02T10:59:32","date_gmt":"2015-08-02T10:59:32","guid":{"rendered":"https:\/\/www.xmpie.com\/udirect-video\/?lang=es"},"modified":"2019-11-12T14:00:19","modified_gmt":"2019-11-12T14:00:19","slug":"servicio-de-video","status":"publish","type":"page","link":"https:\/\/www.xmpie.com\/es\/products\/herramientas-creativas\/servicio-de-video\/","title":{"rendered":"Servicio de v\u00eddeo"},"content":{"rendered":"","protected":false},"excerpt":{"rendered":"<p>Utilice XMPie uDirect Video con Adobe AfterEffects\u00ae para integrar contenido de v\u00eddeo din\u00e1mico en sus campa\u00f1as multicanal.<\/p>\n","protected":false},"author":1,"featured_media":0,"parent":9129,"menu_order":0,"comment_status":"open","ping_status":"closed","template":"templates\/product.php","meta":{"_acf_changed":false,"footnotes":""},"class_list":["post-9118","page","type-page","status-publish","hentry"],"acf":[],"yoast_head":"<!-- This site is optimized with the Yoast SEO Premium plugin v26.5 (Yoast SEO v27.1.1) - https:\/\/yoast.com\/product\/yoast-seo-premium-wordpress\/ -->\n<title>uDirect Video | Marketing de v\u00eddeo personalizado | XMPie<\/title>\n<meta name=\"description\" content=\"Utilice XMPie uDirect Video con Adobe AfterEffects\u00ae para integrar contenido de v\u00eddeo din\u00e1mico en sus campa\u00f1as multicanal.\" \/>\n<meta name=\"robots\" content=\"index, follow, max-snippet:-1, max-image-preview:large, max-video-preview:-1\" \/>\n<link rel=\"canonical\" href=\"https:\/\/www.xmpie.com\/es\/products\/herramientas-creativas\/servicio-de-video\/\" \/>\n<meta property=\"og:locale\" content=\"es_ES\" \/>\n<meta property=\"og:type\" content=\"article\" \/>\n<meta property=\"og:title\" content=\"Servicio de v\u00eddeo\" \/>\n<meta property=\"og:description\" content=\"Utilice XMPie uDirect Video con Adobe AfterEffects\u00ae para integrar contenido de v\u00eddeo din\u00e1mico en sus campa\u00f1as multicanal.\" \/>\n<meta property=\"og:url\" content=\"https:\/\/www.xmpie.com\/es\/products\/herramientas-creativas\/servicio-de-video\/\" \/>\n<meta property=\"og:site_name\" content=\"XMPie\" \/>\n<meta property=\"article:publisher\" content=\"https:\/\/www.facebook.com\/xmpie\" \/>\n<meta property=\"article:modified_time\" content=\"2019-11-12T14:00:19+00:00\" \/>\n<meta name=\"twitter:card\" content=\"summary_large_image\" \/>\n<meta name=\"twitter:site\" content=\"@XMPie\" \/>\n<script type=\"application\/ld+json\" class=\"yoast-schema-graph\">{\"@context\":\"https:\/\/schema.org\",\"@graph\":[{\"@type\":\"WebPage\",\"@id\":\"https:\/\/www.xmpie.com\/es\/products\/herramientas-creativas\/servicio-de-video\/\",\"url\":\"https:\/\/www.xmpie.com\/es\/products\/herramientas-creativas\/servicio-de-video\/\",\"name\":\"uDirect Video | Marketing de v\u00eddeo personalizado | XMPie\",\"isPartOf\":{\"@id\":\"https:\/\/www.xmpie.com\/es\/#website\"},\"datePublished\":\"2015-08-02T10:59:32+00:00\",\"dateModified\":\"2019-11-12T14:00:19+00:00\",\"description\":\"Utilice XMPie uDirect Video con Adobe AfterEffects\u00ae para integrar contenido de v\u00eddeo din\u00e1mico en sus campa\u00f1as multicanal.\",\"breadcrumb\":{\"@id\":\"https:\/\/www.xmpie.com\/es\/products\/herramientas-creativas\/servicio-de-video\/#breadcrumb\"},\"inLanguage\":\"es\",\"potentialAction\":[{\"@type\":\"ReadAction\",\"target\":[\"https:\/\/www.xmpie.com\/es\/products\/herramientas-creativas\/servicio-de-video\/\"]}]},{\"@type\":\"BreadcrumbList\",\"@id\":\"https:\/\/www.xmpie.com\/es\/products\/herramientas-creativas\/servicio-de-video\/#breadcrumb\",\"itemListElement\":[{\"@type\":\"ListItem\",\"position\":1,\"name\":\"Home\",\"item\":\"https:\/\/www.xmpie.com\/es\/\"},{\"@type\":\"ListItem\",\"position\":2,\"name\":\"Productos\",\"item\":\"https:\/\/www.xmpie.com\/es\/products\/\"},{\"@type\":\"ListItem\",\"position\":3,\"name\":\"Herramientas creativas\",\"item\":\"https:\/\/www.xmpie.com\/es\/products\/herramientas-creativas\/\"},{\"@type\":\"ListItem\",\"position\":4,\"name\":\"Servicio de v\u00eddeo\"}]},{\"@type\":\"WebSite\",\"@id\":\"https:\/\/www.xmpie.com\/es\/#website\",\"url\":\"https:\/\/www.xmpie.com\/es\/\",\"name\":\"XMPie\",\"description\":\"Our Technology Integrates print and digital media to improve the brand experience\",\"publisher\":{\"@id\":\"https:\/\/www.xmpie.com\/es\/#organization\"},\"potentialAction\":[{\"@type\":\"SearchAction\",\"target\":{\"@type\":\"EntryPoint\",\"urlTemplate\":\"https:\/\/www.xmpie.com\/es\/?s={search_term_string}\"},\"query-input\":{\"@type\":\"PropertyValueSpecification\",\"valueRequired\":true,\"valueName\":\"search_term_string\"}}],\"inLanguage\":\"es\"},{\"@type\":\"Organization\",\"@id\":\"https:\/\/www.xmpie.com\/es\/#organization\",\"name\":\"XMPie\",\"url\":\"https:\/\/www.xmpie.com\/es\/\",\"logo\":{\"@type\":\"ImageObject\",\"inLanguage\":\"es\",\"@id\":\"https:\/\/www.xmpie.com\/es\/#\/schema\/logo\/image\/\",\"url\":\"https:\/\/www.xmpie.com\/wp-content\/uploads\/2015\/07\/logo.png\",\"contentUrl\":\"https:\/\/www.xmpie.com\/wp-content\/uploads\/2015\/07\/logo.png\",\"width\":62,\"height\":62,\"caption\":\"XMPie\"},\"image\":{\"@id\":\"https:\/\/www.xmpie.com\/es\/#\/schema\/logo\/image\/\"},\"sameAs\":[\"https:\/\/www.facebook.com\/xmpie\",\"https:\/\/x.com\/XMPie\",\"http:\/\/www.linkedin.com\/company\/xmpie\",\"https:\/\/www.pinterest.com\/XMPieCreate\/\",\"http:\/\/www.youtube.com\/xmpie\"]}]}<\/script>\n<!-- \/ Yoast SEO Premium plugin. -->","yoast_head_json":{"title":"uDirect Video | Marketing de v\u00eddeo personalizado | XMPie","description":"Utilice XMPie uDirect Video con Adobe AfterEffects\u00ae para integrar contenido de v\u00eddeo din\u00e1mico en sus campa\u00f1as multicanal.","robots":{"index":"index","follow":"follow","max-snippet":"max-snippet:-1","max-image-preview":"max-image-preview:large","max-video-preview":"max-video-preview:-1"},"canonical":"https:\/\/www.xmpie.com\/es\/products\/herramientas-creativas\/servicio-de-video\/","og_locale":"es_ES","og_type":"article","og_title":"Servicio de v\u00eddeo","og_description":"Utilice XMPie uDirect Video con Adobe AfterEffects\u00ae para integrar contenido de v\u00eddeo din\u00e1mico en sus campa\u00f1as multicanal.","og_url":"https:\/\/www.xmpie.com\/es\/products\/herramientas-creativas\/servicio-de-video\/","og_site_name":"XMPie","article_publisher":"https:\/\/www.facebook.com\/xmpie","article_modified_time":"2019-11-12T14:00:19+00:00","twitter_card":"summary_large_image","twitter_site":"@XMPie","schema":{"@context":"https:\/\/schema.org","@graph":[{"@type":"WebPage","@id":"https:\/\/www.xmpie.com\/es\/products\/herramientas-creativas\/servicio-de-video\/","url":"https:\/\/www.xmpie.com\/es\/products\/herramientas-creativas\/servicio-de-video\/","name":"uDirect Video | Marketing de v\u00eddeo personalizado | XMPie","isPartOf":{"@id":"https:\/\/www.xmpie.com\/es\/#website"},"datePublished":"2015-08-02T10:59:32+00:00","dateModified":"2019-11-12T14:00:19+00:00","description":"Utilice XMPie uDirect Video con Adobe AfterEffects\u00ae para integrar contenido de v\u00eddeo din\u00e1mico en sus campa\u00f1as multicanal.","breadcrumb":{"@id":"https:\/\/www.xmpie.com\/es\/products\/herramientas-creativas\/servicio-de-video\/#breadcrumb"},"inLanguage":"es","potentialAction":[{"@type":"ReadAction","target":["https:\/\/www.xmpie.com\/es\/products\/herramientas-creativas\/servicio-de-video\/"]}]},{"@type":"BreadcrumbList","@id":"https:\/\/www.xmpie.com\/es\/products\/herramientas-creativas\/servicio-de-video\/#breadcrumb","itemListElement":[{"@type":"ListItem","position":1,"name":"Home","item":"https:\/\/www.xmpie.com\/es\/"},{"@type":"ListItem","position":2,"name":"Productos","item":"https:\/\/www.xmpie.com\/es\/products\/"},{"@type":"ListItem","position":3,"name":"Herramientas creativas","item":"https:\/\/www.xmpie.com\/es\/products\/herramientas-creativas\/"},{"@type":"ListItem","position":4,"name":"Servicio de v\u00eddeo"}]},{"@type":"WebSite","@id":"https:\/\/www.xmpie.com\/es\/#website","url":"https:\/\/www.xmpie.com\/es\/","name":"XMPie","description":"Our Technology Integrates print and digital media to improve the brand experience","publisher":{"@id":"https:\/\/www.xmpie.com\/es\/#organization"},"potentialAction":[{"@type":"SearchAction","target":{"@type":"EntryPoint","urlTemplate":"https:\/\/www.xmpie.com\/es\/?s={search_term_string}"},"query-input":{"@type":"PropertyValueSpecification","valueRequired":true,"valueName":"search_term_string"}}],"inLanguage":"es"},{"@type":"Organization","@id":"https:\/\/www.xmpie.com\/es\/#organization","name":"XMPie","url":"https:\/\/www.xmpie.com\/es\/","logo":{"@type":"ImageObject","inLanguage":"es","@id":"https:\/\/www.xmpie.com\/es\/#\/schema\/logo\/image\/","url":"https:\/\/www.xmpie.com\/wp-content\/uploads\/2015\/07\/logo.png","contentUrl":"https:\/\/www.xmpie.com\/wp-content\/uploads\/2015\/07\/logo.png","width":62,"height":62,"caption":"XMPie"},"image":{"@id":"https:\/\/www.xmpie.com\/es\/#\/schema\/logo\/image\/"},"sameAs":["https:\/\/www.facebook.com\/xmpie","https:\/\/x.com\/XMPie","http:\/\/www.linkedin.com\/company\/xmpie","https:\/\/www.pinterest.com\/XMPieCreate\/","http:\/\/www.youtube.com\/xmpie"]}]}},"_links":{"self":[{"href":"https:\/\/www.xmpie.com\/es\/wp-json\/wp\/v2\/pages\/9118","targetHints":{"allow":["GET"]}}],"collection":[{"href":"https:\/\/www.xmpie.com\/es\/wp-json\/wp\/v2\/pages"}],"about":[{"href":"https:\/\/www.xmpie.com\/es\/wp-json\/wp\/v2\/types\/page"}],"author":[{"embeddable":true,"href":"https:\/\/www.xmpie.com\/es\/wp-json\/wp\/v2\/users\/1"}],"replies":[{"embeddable":true,"href":"https:\/\/www.xmpie.com\/es\/wp-json\/wp\/v2\/comments?post=9118"}],"version-history":[{"count":2,"href":"https:\/\/www.xmpie.com\/es\/wp-json\/wp\/v2\/pages\/9118\/revisions"}],"predecessor-version":[{"id":67182,"href":"https:\/\/www.xmpie.com\/es\/wp-json\/wp\/v2\/pages\/9118\/revisions\/67182"}],"up":[{"embeddable":true,"href":"https:\/\/www.xmpie.com\/es\/wp-json\/wp\/v2\/pages\/9129"}],"wp:attachment":[{"href":"https:\/\/www.xmpie.com\/es\/wp-json\/wp\/v2\/media?parent=9118"}],"curies":[{"name":"wp","href":"https:\/\/api.w.org\/{rel}","templated":true}]}}