{"id":9125,"date":"2016-04-11T13:39:25","date_gmt":"2016-04-11T13:39:25","guid":{"rendered":"https:\/\/www.xmpie.com\/socios\/?lang=es"},"modified":"2026-02-03T20:45:49","modified_gmt":"2026-02-03T20:45:49","slug":"socios","status":"publish","type":"page","link":"https:\/\/www.xmpie.com\/es\/acerca-de-xmpie\/socios\/","title":{"rendered":"Socios"},"content":{"rendered":"","protected":false},"excerpt":{"rendered":"<p>XMPie colabora estrechamente con varios l\u00edderes del sector en \u00e1reas como la integraci\u00f3n t\u00e9cnica, el desarrollo empresarial, el marketing y la distribuci\u00f3n.<\/p>\n","protected":false},"author":1,"featured_media":0,"parent":9159,"menu_order":0,"comment_status":"open","ping_status":"open","template":"templates\/product.php","meta":{"_acf_changed":false,"footnotes":""},"class_list":["post-9125","page","type-page","status-publish","hentry"],"acf":[],"yoast_head":"<!-- This site is optimized with the Yoast SEO Premium plugin v26.5 (Yoast SEO v27.4) - https:\/\/yoast.com\/product\/yoast-seo-premium-wordpress\/ -->\n<title>Socios - XMPie<\/title>\n<meta name=\"description\" content=\"XMPie colabora estrechamente con varios l\u00edderes del sector en \u00e1reas como la integraci\u00f3n t\u00e9cnica, el desarrollo empresarial, el marketing y la distribuci\u00f3n.\" \/>\n<meta name=\"robots\" content=\"index, follow, max-snippet:-1, max-image-preview:large, max-video-preview:-1\" \/>\n<link rel=\"canonical\" href=\"https:\/\/www.xmpie.com\/es\/acerca-de-xmpie\/socios\/\" \/>\n<meta property=\"og:locale\" content=\"es_ES\" \/>\n<meta property=\"og:type\" content=\"article\" \/>\n<meta property=\"og:title\" content=\"Socios\" \/>\n<meta property=\"og:description\" content=\"XMPie colabora estrechamente con varios l\u00edderes del sector en \u00e1reas como la integraci\u00f3n t\u00e9cnica, el desarrollo empresarial, el marketing y la distribuci\u00f3n.\" \/>\n<meta property=\"og:url\" content=\"https:\/\/www.xmpie.com\/es\/acerca-de-xmpie\/socios\/\" \/>\n<meta property=\"og:site_name\" content=\"XMPie\" \/>\n<meta property=\"article:publisher\" content=\"https:\/\/www.facebook.com\/xmpie\" \/>\n<meta property=\"article:modified_time\" content=\"2026-02-03T20:45:49+00:00\" \/>\n<meta name=\"twitter:card\" content=\"summary_large_image\" \/>\n<meta name=\"twitter:site\" content=\"@XMPie\" \/>\n<script type=\"application\/ld+json\" class=\"yoast-schema-graph\">{\"@context\":\"https:\\\/\\\/schema.org\",\"@graph\":[{\"@type\":\"WebPage\",\"@id\":\"https:\\\/\\\/www.xmpie.com\\\/es\\\/acerca-de-xmpie\\\/socios\\\/\",\"url\":\"https:\\\/\\\/www.xmpie.com\\\/es\\\/acerca-de-xmpie\\\/socios\\\/\",\"name\":\"Socios - XMPie\",\"isPartOf\":{\"@id\":\"https:\\\/\\\/www.xmpie.com\\\/es\\\/#website\"},\"datePublished\":\"2016-04-11T13:39:25+00:00\",\"dateModified\":\"2026-02-03T20:45:49+00:00\",\"description\":\"XMPie colabora estrechamente con varios l\u00edderes del sector en \u00e1reas como la integraci\u00f3n t\u00e9cnica, el desarrollo empresarial, el marketing y la distribuci\u00f3n.\",\"breadcrumb\":{\"@id\":\"https:\\\/\\\/www.xmpie.com\\\/es\\\/acerca-de-xmpie\\\/socios\\\/#breadcrumb\"},\"inLanguage\":\"es\",\"potentialAction\":[{\"@type\":\"ReadAction\",\"target\":[\"https:\\\/\\\/www.xmpie.com\\\/es\\\/acerca-de-xmpie\\\/socios\\\/\"]}]},{\"@type\":\"BreadcrumbList\",\"@id\":\"https:\\\/\\\/www.xmpie.com\\\/es\\\/acerca-de-xmpie\\\/socios\\\/#breadcrumb\",\"itemListElement\":[{\"@type\":\"ListItem\",\"position\":1,\"name\":\"Home\",\"item\":\"https:\\\/\\\/www.xmpie.com\\\/es\\\/\"},{\"@type\":\"ListItem\",\"position\":2,\"name\":\"Acerca de XMPie\",\"item\":\"https:\\\/\\\/www.xmpie.com\\\/es\\\/acerca-de-xmpie\\\/\"},{\"@type\":\"ListItem\",\"position\":3,\"name\":\"Socios\"}]},{\"@type\":\"WebSite\",\"@id\":\"https:\\\/\\\/www.xmpie.com\\\/es\\\/#website\",\"url\":\"https:\\\/\\\/www.xmpie.com\\\/es\\\/\",\"name\":\"XMPie\",\"description\":\"Our Technology Integrates print and digital media to improve the brand experience\",\"publisher\":{\"@id\":\"https:\\\/\\\/www.xmpie.com\\\/es\\\/#organization\"},\"potentialAction\":[{\"@type\":\"SearchAction\",\"target\":{\"@type\":\"EntryPoint\",\"urlTemplate\":\"https:\\\/\\\/www.xmpie.com\\\/es\\\/?s={search_term_string}\"},\"query-input\":{\"@type\":\"PropertyValueSpecification\",\"valueRequired\":true,\"valueName\":\"search_term_string\"}}],\"inLanguage\":\"es\"},{\"@type\":\"Organization\",\"@id\":\"https:\\\/\\\/www.xmpie.com\\\/es\\\/#organization\",\"name\":\"XMPie\",\"url\":\"https:\\\/\\\/www.xmpie.com\\\/es\\\/\",\"logo\":{\"@type\":\"ImageObject\",\"inLanguage\":\"es\",\"@id\":\"https:\\\/\\\/www.xmpie.com\\\/es\\\/#\\\/schema\\\/logo\\\/image\\\/\",\"url\":\"https:\\\/\\\/www.xmpie.com\\\/wp-content\\\/uploads\\\/2015\\\/07\\\/logo.png\",\"contentUrl\":\"https:\\\/\\\/www.xmpie.com\\\/wp-content\\\/uploads\\\/2015\\\/07\\\/logo.png\",\"width\":62,\"height\":62,\"caption\":\"XMPie\"},\"image\":{\"@id\":\"https:\\\/\\\/www.xmpie.com\\\/es\\\/#\\\/schema\\\/logo\\\/image\\\/\"},\"sameAs\":[\"https:\\\/\\\/www.facebook.com\\\/xmpie\",\"https:\\\/\\\/x.com\\\/XMPie\",\"http:\\\/\\\/www.linkedin.com\\\/company\\\/xmpie\",\"https:\\\/\\\/www.pinterest.com\\\/XMPieCreate\\\/\",\"http:\\\/\\\/www.youtube.com\\\/xmpie\"]}]}<\/script>\n<!-- \/ Yoast SEO Premium plugin. -->","yoast_head_json":{"title":"Socios - XMPie","description":"XMPie colabora estrechamente con varios l\u00edderes del sector en \u00e1reas como la integraci\u00f3n t\u00e9cnica, el desarrollo empresarial, el marketing y la distribuci\u00f3n.","robots":{"index":"index","follow":"follow","max-snippet":"max-snippet:-1","max-image-preview":"max-image-preview:large","max-video-preview":"max-video-preview:-1"},"canonical":"https:\/\/www.xmpie.com\/es\/acerca-de-xmpie\/socios\/","og_locale":"es_ES","og_type":"article","og_title":"Socios","og_description":"XMPie colabora estrechamente con varios l\u00edderes del sector en \u00e1reas como la integraci\u00f3n t\u00e9cnica, el desarrollo empresarial, el marketing y la distribuci\u00f3n.","og_url":"https:\/\/www.xmpie.com\/es\/acerca-de-xmpie\/socios\/","og_site_name":"XMPie","article_publisher":"https:\/\/www.facebook.com\/xmpie","article_modified_time":"2026-02-03T20:45:49+00:00","twitter_card":"summary_large_image","twitter_site":"@XMPie","schema":{"@context":"https:\/\/schema.org","@graph":[{"@type":"WebPage","@id":"https:\/\/www.xmpie.com\/es\/acerca-de-xmpie\/socios\/","url":"https:\/\/www.xmpie.com\/es\/acerca-de-xmpie\/socios\/","name":"Socios - XMPie","isPartOf":{"@id":"https:\/\/www.xmpie.com\/es\/#website"},"datePublished":"2016-04-11T13:39:25+00:00","dateModified":"2026-02-03T20:45:49+00:00","description":"XMPie colabora estrechamente con varios l\u00edderes del sector en \u00e1reas como la integraci\u00f3n t\u00e9cnica, el desarrollo empresarial, el marketing y la distribuci\u00f3n.","breadcrumb":{"@id":"https:\/\/www.xmpie.com\/es\/acerca-de-xmpie\/socios\/#breadcrumb"},"inLanguage":"es","potentialAction":[{"@type":"ReadAction","target":["https:\/\/www.xmpie.com\/es\/acerca-de-xmpie\/socios\/"]}]},{"@type":"BreadcrumbList","@id":"https:\/\/www.xmpie.com\/es\/acerca-de-xmpie\/socios\/#breadcrumb","itemListElement":[{"@type":"ListItem","position":1,"name":"Home","item":"https:\/\/www.xmpie.com\/es\/"},{"@type":"ListItem","position":2,"name":"Acerca de XMPie","item":"https:\/\/www.xmpie.com\/es\/acerca-de-xmpie\/"},{"@type":"ListItem","position":3,"name":"Socios"}]},{"@type":"WebSite","@id":"https:\/\/www.xmpie.com\/es\/#website","url":"https:\/\/www.xmpie.com\/es\/","name":"XMPie","description":"Our Technology Integrates print and digital media to improve the brand experience","publisher":{"@id":"https:\/\/www.xmpie.com\/es\/#organization"},"potentialAction":[{"@type":"SearchAction","target":{"@type":"EntryPoint","urlTemplate":"https:\/\/www.xmpie.com\/es\/?s={search_term_string}"},"query-input":{"@type":"PropertyValueSpecification","valueRequired":true,"valueName":"search_term_string"}}],"inLanguage":"es"},{"@type":"Organization","@id":"https:\/\/www.xmpie.com\/es\/#organization","name":"XMPie","url":"https:\/\/www.xmpie.com\/es\/","logo":{"@type":"ImageObject","inLanguage":"es","@id":"https:\/\/www.xmpie.com\/es\/#\/schema\/logo\/image\/","url":"https:\/\/www.xmpie.com\/wp-content\/uploads\/2015\/07\/logo.png","contentUrl":"https:\/\/www.xmpie.com\/wp-content\/uploads\/2015\/07\/logo.png","width":62,"height":62,"caption":"XMPie"},"image":{"@id":"https:\/\/www.xmpie.com\/es\/#\/schema\/logo\/image\/"},"sameAs":["https:\/\/www.facebook.com\/xmpie","https:\/\/x.com\/XMPie","http:\/\/www.linkedin.com\/company\/xmpie","https:\/\/www.pinterest.com\/XMPieCreate\/","http:\/\/www.youtube.com\/xmpie"]}]}},"_links":{"self":[{"href":"https:\/\/www.xmpie.com\/es\/wp-json\/wp\/v2\/pages\/9125","targetHints":{"allow":["GET"]}}],"collection":[{"href":"https:\/\/www.xmpie.com\/es\/wp-json\/wp\/v2\/pages"}],"about":[{"href":"https:\/\/www.xmpie.com\/es\/wp-json\/wp\/v2\/types\/page"}],"author":[{"embeddable":true,"href":"https:\/\/www.xmpie.com\/es\/wp-json\/wp\/v2\/users\/1"}],"replies":[{"embeddable":true,"href":"https:\/\/www.xmpie.com\/es\/wp-json\/wp\/v2\/comments?post=9125"}],"version-history":[{"count":2,"href":"https:\/\/www.xmpie.com\/es\/wp-json\/wp\/v2\/pages\/9125\/revisions"}],"predecessor-version":[{"id":119584,"href":"https:\/\/www.xmpie.com\/es\/wp-json\/wp\/v2\/pages\/9125\/revisions\/119584"}],"up":[{"embeddable":true,"href":"https:\/\/www.xmpie.com\/es\/wp-json\/wp\/v2\/pages\/9159"}],"wp:attachment":[{"href":"https:\/\/www.xmpie.com\/es\/wp-json\/wp\/v2\/media?parent=9125"}],"curies":[{"name":"wp","href":"https:\/\/api.w.org\/{rel}","templated":true}]}}