{"id":9138,"date":"2016-04-11T13:39:25","date_gmt":"2016-04-11T13:39:25","guid":{"rendered":"https:\/\/www.xmpie.com\/empresa\/tecnologa-xmpie\/?lang=es"},"modified":"2016-07-20T10:36:24","modified_gmt":"2016-07-20T10:36:24","slug":"tecnologa-xmpie","status":"publish","type":"page","link":"https:\/\/www.xmpie.com\/es\/acerca-de-xmpie\/empresa\/tecnologa-xmpie\/","title":{"rendered":"Tecnolog\u00eda XMPie"},"content":{"rendered":"<p><img fetchpriority=\"high\" decoding=\"async\" class=\"size-full wp-image-18155 alignright\" src=\"https:\/\/www.xmpie.com\/wp-content\/uploads\/2015\/08\/about-diagram-1.png\" alt=\"about-diagram\" width=\"480\" height=\"476\" srcset=\"https:\/\/www.xmpie.com\/wp-content\/uploads\/2015\/08\/about-diagram-1.png 480w, https:\/\/www.xmpie.com\/wp-content\/uploads\/2015\/08\/about-diagram-1-150x150.png 150w, https:\/\/www.xmpie.com\/wp-content\/uploads\/2015\/08\/about-diagram-1-231x229.png 231w\" sizes=\"(max-width: 480px) 100vw, 480px\" \/><\/p>\n<h2>XMPie se fund\u00f3 con la visi\u00f3n de integrar el mundo de los medios de impresi\u00f3n y electr\u00f3nicos y hacer que sea m\u00e1s f\u00e1cil para nuestros clientes crear y producir comunicaciones personalizadas.<\/h2>\n<p>Nuestras soluciones cubres tres \u00e1reas principales de aplicaci\u00f3n: Personalizaci\u00f3n de soportes, Portales Web a impresi\u00f3n y Automatizaci\u00f3n de marketing, todas unidas a trav\u00e9s de una base tecnol\u00f3gica com\u00fan. La arquitectura de XMPie emplea exclusivamente un enfoque modular, donde los datos y las reglas empresariales se comparten a trav\u00e9s de m\u00faltiples canales. Tanto si una campa\u00f1a consiste en solo impresi\u00f3n o en una combinaci\u00f3n de impresi\u00f3n y soportes digitales, con XMPie los datos siempre se sincronizan entre todos los canales, permitiendo una experiencia de marca verdaderamente hol\u00edstica.<\/p>\n","protected":false},"excerpt":{"rendered":"<p>XMPie se fund\u00f3 con la visi\u00f3n de integrar el mundo de los medios de impresi\u00f3n y electr\u00f3nicos y hacer que sea m\u00e1s f\u00e1cil para nuestros clientes crear y producir comunicaciones personalizadas. Nuestras soluciones&#8230;<\/p>\n","protected":false},"author":12,"featured_media":0,"parent":9124,"menu_order":0,"comment_status":"closed","ping_status":"closed","template":"templates\/about.php","meta":{"_acf_changed":false,"footnotes":""},"class_list":["post-9138","page","type-page","status-publish","hentry"],"acf":[],"yoast_head":"<!-- This site is optimized with the Yoast SEO Premium plugin v26.5 (Yoast SEO v27.1.1) - https:\/\/yoast.com\/product\/yoast-seo-premium-wordpress\/ -->\n<title>Tecnolog\u00eda XMPie - XMPie<\/title>\n<meta name=\"description\" content=\"Integrando el mundo de la impresi\u00f3n y los medios digitales. \u00a0Haciendo que sea m\u00e1s f\u00e1cil para todas las empresas crear y producir comunicaciones personalizadas.\" \/>\n<meta name=\"robots\" content=\"index, follow, max-snippet:-1, max-image-preview:large, max-video-preview:-1\" \/>\n<link rel=\"canonical\" href=\"https:\/\/www.xmpie.com\/es\/acerca-de-xmpie\/empresa\/tecnologa-xmpie\/\" \/>\n<meta property=\"og:locale\" content=\"es_ES\" \/>\n<meta property=\"og:type\" content=\"article\" \/>\n<meta property=\"og:title\" content=\"Tecnolog\u00eda XMPie\" \/>\n<meta property=\"og:description\" content=\"Integrando el mundo de la impresi\u00f3n y los medios digitales. \u00a0Haciendo que sea m\u00e1s f\u00e1cil para todas las empresas crear y producir comunicaciones personalizadas.\" \/>\n<meta property=\"og:url\" content=\"https:\/\/www.xmpie.com\/es\/acerca-de-xmpie\/empresa\/tecnologa-xmpie\/\" \/>\n<meta property=\"og:site_name\" content=\"XMPie\" \/>\n<meta property=\"article:publisher\" content=\"https:\/\/www.facebook.com\/xmpie\" \/>\n<meta property=\"article:modified_time\" content=\"2016-07-20T10:36:24+00:00\" \/>\n<meta property=\"og:image\" content=\"https:\/\/www.xmpie.com\/wp-content\/uploads\/2015\/08\/about-diagram-1.png\" \/>\n<meta name=\"twitter:card\" content=\"summary_large_image\" \/>\n<meta name=\"twitter:site\" content=\"@XMPie\" \/>\n<meta name=\"twitter:label1\" content=\"Tiempo de lectura\" \/>\n\t<meta name=\"twitter:data1\" content=\"1 minuto\" \/>\n<script type=\"application\/ld+json\" class=\"yoast-schema-graph\">{\"@context\":\"https:\/\/schema.org\",\"@graph\":[{\"@type\":\"WebPage\",\"@id\":\"https:\/\/www.xmpie.com\/es\/acerca-de-xmpie\/empresa\/tecnologa-xmpie\/\",\"url\":\"https:\/\/www.xmpie.com\/es\/acerca-de-xmpie\/empresa\/tecnologa-xmpie\/\",\"name\":\"Tecnolog\u00eda XMPie - XMPie\",\"isPartOf\":{\"@id\":\"https:\/\/www.xmpie.com\/es\/#website\"},\"primaryImageOfPage\":{\"@id\":\"https:\/\/www.xmpie.com\/es\/acerca-de-xmpie\/empresa\/tecnologa-xmpie\/#primaryimage\"},\"image\":{\"@id\":\"https:\/\/www.xmpie.com\/es\/acerca-de-xmpie\/empresa\/tecnologa-xmpie\/#primaryimage\"},\"thumbnailUrl\":\"https:\/\/www.xmpie.com\/wp-content\/uploads\/2015\/08\/about-diagram-1.png\",\"datePublished\":\"2016-04-11T13:39:25+00:00\",\"dateModified\":\"2016-07-20T10:36:24+00:00\",\"description\":\"Integrando el mundo de la impresi\u00f3n y los medios digitales. \u00a0Haciendo que sea m\u00e1s f\u00e1cil para todas las empresas crear y producir comunicaciones personalizadas.\",\"breadcrumb\":{\"@id\":\"https:\/\/www.xmpie.com\/es\/acerca-de-xmpie\/empresa\/tecnologa-xmpie\/#breadcrumb\"},\"inLanguage\":\"es\",\"potentialAction\":[{\"@type\":\"ReadAction\",\"target\":[\"https:\/\/www.xmpie.com\/es\/acerca-de-xmpie\/empresa\/tecnologa-xmpie\/\"]}]},{\"@type\":\"ImageObject\",\"inLanguage\":\"es\",\"@id\":\"https:\/\/www.xmpie.com\/es\/acerca-de-xmpie\/empresa\/tecnologa-xmpie\/#primaryimage\",\"url\":\"https:\/\/www.xmpie.com\/wp-content\/uploads\/2015\/08\/about-diagram-1.png\",\"contentUrl\":\"https:\/\/www.xmpie.com\/wp-content\/uploads\/2015\/08\/about-diagram-1.png\"},{\"@type\":\"BreadcrumbList\",\"@id\":\"https:\/\/www.xmpie.com\/es\/acerca-de-xmpie\/empresa\/tecnologa-xmpie\/#breadcrumb\",\"itemListElement\":[{\"@type\":\"ListItem\",\"position\":1,\"name\":\"Home\",\"item\":\"https:\/\/www.xmpie.com\/es\/\"},{\"@type\":\"ListItem\",\"position\":2,\"name\":\"Acerca de XMPie\",\"item\":\"https:\/\/www.xmpie.com\/es\/acerca-de-xmpie\/\"},{\"@type\":\"ListItem\",\"position\":3,\"name\":\"Empresa\",\"item\":\"https:\/\/www.xmpie.com\/es\/acerca-de-xmpie\/empresa\/\"},{\"@type\":\"ListItem\",\"position\":4,\"name\":\"Tecnolog\u00eda XMPie\"}]},{\"@type\":\"WebSite\",\"@id\":\"https:\/\/www.xmpie.com\/es\/#website\",\"url\":\"https:\/\/www.xmpie.com\/es\/\",\"name\":\"XMPie\",\"description\":\"Our Technology Integrates print and digital media to improve the brand experience\",\"publisher\":{\"@id\":\"https:\/\/www.xmpie.com\/es\/#organization\"},\"potentialAction\":[{\"@type\":\"SearchAction\",\"target\":{\"@type\":\"EntryPoint\",\"urlTemplate\":\"https:\/\/www.xmpie.com\/es\/?s={search_term_string}\"},\"query-input\":{\"@type\":\"PropertyValueSpecification\",\"valueRequired\":true,\"valueName\":\"search_term_string\"}}],\"inLanguage\":\"es\"},{\"@type\":\"Organization\",\"@id\":\"https:\/\/www.xmpie.com\/es\/#organization\",\"name\":\"XMPie\",\"url\":\"https:\/\/www.xmpie.com\/es\/\",\"logo\":{\"@type\":\"ImageObject\",\"inLanguage\":\"es\",\"@id\":\"https:\/\/www.xmpie.com\/es\/#\/schema\/logo\/image\/\",\"url\":\"https:\/\/www.xmpie.com\/wp-content\/uploads\/2015\/07\/logo.png\",\"contentUrl\":\"https:\/\/www.xmpie.com\/wp-content\/uploads\/2015\/07\/logo.png\",\"width\":62,\"height\":62,\"caption\":\"XMPie\"},\"image\":{\"@id\":\"https:\/\/www.xmpie.com\/es\/#\/schema\/logo\/image\/\"},\"sameAs\":[\"https:\/\/www.facebook.com\/xmpie\",\"https:\/\/x.com\/XMPie\",\"http:\/\/www.linkedin.com\/company\/xmpie\",\"https:\/\/www.pinterest.com\/XMPieCreate\/\",\"http:\/\/www.youtube.com\/xmpie\"]}]}<\/script>\n<!-- \/ Yoast SEO Premium plugin. -->","yoast_head_json":{"title":"Tecnolog\u00eda XMPie - XMPie","description":"Integrando el mundo de la impresi\u00f3n y los medios digitales. \u00a0Haciendo que sea m\u00e1s f\u00e1cil para todas las empresas crear y producir comunicaciones personalizadas.","robots":{"index":"index","follow":"follow","max-snippet":"max-snippet:-1","max-image-preview":"max-image-preview:large","max-video-preview":"max-video-preview:-1"},"canonical":"https:\/\/www.xmpie.com\/es\/acerca-de-xmpie\/empresa\/tecnologa-xmpie\/","og_locale":"es_ES","og_type":"article","og_title":"Tecnolog\u00eda XMPie","og_description":"Integrando el mundo de la impresi\u00f3n y los medios digitales. \u00a0Haciendo que sea m\u00e1s f\u00e1cil para todas las empresas crear y producir comunicaciones personalizadas.","og_url":"https:\/\/www.xmpie.com\/es\/acerca-de-xmpie\/empresa\/tecnologa-xmpie\/","og_site_name":"XMPie","article_publisher":"https:\/\/www.facebook.com\/xmpie","article_modified_time":"2016-07-20T10:36:24+00:00","og_image":[{"url":"https:\/\/www.xmpie.com\/wp-content\/uploads\/2015\/08\/about-diagram-1.png","type":"","width":"","height":""}],"twitter_card":"summary_large_image","twitter_site":"@XMPie","twitter_misc":{"Tiempo de lectura":"1 minuto"},"schema":{"@context":"https:\/\/schema.org","@graph":[{"@type":"WebPage","@id":"https:\/\/www.xmpie.com\/es\/acerca-de-xmpie\/empresa\/tecnologa-xmpie\/","url":"https:\/\/www.xmpie.com\/es\/acerca-de-xmpie\/empresa\/tecnologa-xmpie\/","name":"Tecnolog\u00eda XMPie - XMPie","isPartOf":{"@id":"https:\/\/www.xmpie.com\/es\/#website"},"primaryImageOfPage":{"@id":"https:\/\/www.xmpie.com\/es\/acerca-de-xmpie\/empresa\/tecnologa-xmpie\/#primaryimage"},"image":{"@id":"https:\/\/www.xmpie.com\/es\/acerca-de-xmpie\/empresa\/tecnologa-xmpie\/#primaryimage"},"thumbnailUrl":"https:\/\/www.xmpie.com\/wp-content\/uploads\/2015\/08\/about-diagram-1.png","datePublished":"2016-04-11T13:39:25+00:00","dateModified":"2016-07-20T10:36:24+00:00","description":"Integrando el mundo de la impresi\u00f3n y los medios digitales. \u00a0Haciendo que sea m\u00e1s f\u00e1cil para todas las empresas crear y producir comunicaciones personalizadas.","breadcrumb":{"@id":"https:\/\/www.xmpie.com\/es\/acerca-de-xmpie\/empresa\/tecnologa-xmpie\/#breadcrumb"},"inLanguage":"es","potentialAction":[{"@type":"ReadAction","target":["https:\/\/www.xmpie.com\/es\/acerca-de-xmpie\/empresa\/tecnologa-xmpie\/"]}]},{"@type":"ImageObject","inLanguage":"es","@id":"https:\/\/www.xmpie.com\/es\/acerca-de-xmpie\/empresa\/tecnologa-xmpie\/#primaryimage","url":"https:\/\/www.xmpie.com\/wp-content\/uploads\/2015\/08\/about-diagram-1.png","contentUrl":"https:\/\/www.xmpie.com\/wp-content\/uploads\/2015\/08\/about-diagram-1.png"},{"@type":"BreadcrumbList","@id":"https:\/\/www.xmpie.com\/es\/acerca-de-xmpie\/empresa\/tecnologa-xmpie\/#breadcrumb","itemListElement":[{"@type":"ListItem","position":1,"name":"Home","item":"https:\/\/www.xmpie.com\/es\/"},{"@type":"ListItem","position":2,"name":"Acerca de XMPie","item":"https:\/\/www.xmpie.com\/es\/acerca-de-xmpie\/"},{"@type":"ListItem","position":3,"name":"Empresa","item":"https:\/\/www.xmpie.com\/es\/acerca-de-xmpie\/empresa\/"},{"@type":"ListItem","position":4,"name":"Tecnolog\u00eda XMPie"}]},{"@type":"WebSite","@id":"https:\/\/www.xmpie.com\/es\/#website","url":"https:\/\/www.xmpie.com\/es\/","name":"XMPie","description":"Our Technology Integrates print and digital media to improve the brand experience","publisher":{"@id":"https:\/\/www.xmpie.com\/es\/#organization"},"potentialAction":[{"@type":"SearchAction","target":{"@type":"EntryPoint","urlTemplate":"https:\/\/www.xmpie.com\/es\/?s={search_term_string}"},"query-input":{"@type":"PropertyValueSpecification","valueRequired":true,"valueName":"search_term_string"}}],"inLanguage":"es"},{"@type":"Organization","@id":"https:\/\/www.xmpie.com\/es\/#organization","name":"XMPie","url":"https:\/\/www.xmpie.com\/es\/","logo":{"@type":"ImageObject","inLanguage":"es","@id":"https:\/\/www.xmpie.com\/es\/#\/schema\/logo\/image\/","url":"https:\/\/www.xmpie.com\/wp-content\/uploads\/2015\/07\/logo.png","contentUrl":"https:\/\/www.xmpie.com\/wp-content\/uploads\/2015\/07\/logo.png","width":62,"height":62,"caption":"XMPie"},"image":{"@id":"https:\/\/www.xmpie.com\/es\/#\/schema\/logo\/image\/"},"sameAs":["https:\/\/www.facebook.com\/xmpie","https:\/\/x.com\/XMPie","http:\/\/www.linkedin.com\/company\/xmpie","https:\/\/www.pinterest.com\/XMPieCreate\/","http:\/\/www.youtube.com\/xmpie"]}]}},"_links":{"self":[{"href":"https:\/\/www.xmpie.com\/es\/wp-json\/wp\/v2\/pages\/9138","targetHints":{"allow":["GET"]}}],"collection":[{"href":"https:\/\/www.xmpie.com\/es\/wp-json\/wp\/v2\/pages"}],"about":[{"href":"https:\/\/www.xmpie.com\/es\/wp-json\/wp\/v2\/types\/page"}],"author":[{"embeddable":true,"href":"https:\/\/www.xmpie.com\/es\/wp-json\/wp\/v2\/users\/12"}],"replies":[{"embeddable":true,"href":"https:\/\/www.xmpie.com\/es\/wp-json\/wp\/v2\/comments?post=9138"}],"version-history":[{"count":2,"href":"https:\/\/www.xmpie.com\/es\/wp-json\/wp\/v2\/pages\/9138\/revisions"}],"predecessor-version":[{"id":18174,"href":"https:\/\/www.xmpie.com\/es\/wp-json\/wp\/v2\/pages\/9138\/revisions\/18174"}],"up":[{"embeddable":true,"href":"https:\/\/www.xmpie.com\/es\/wp-json\/wp\/v2\/pages\/9124"}],"wp:attachment":[{"href":"https:\/\/www.xmpie.com\/es\/wp-json\/wp\/v2\/media?parent=9138"}],"curies":[{"name":"wp","href":"https:\/\/api.w.org\/{rel}","templated":true}]}}