{"id":9146,"date":"2015-08-02T10:50:05","date_gmt":"2015-08-02T10:50:05","guid":{"rendered":"https:\/\/www.xmpie.com\/web-a-impresin\/personaleffect-storeflow\/?lang=es"},"modified":"2019-09-10T08:07:11","modified_gmt":"2019-09-10T08:07:11","slug":"storeflow","status":"publish","type":"page","link":"https:\/\/www.xmpie.com\/es\/products\/web-a-impresin\/storeflow\/","title":{"rendered":"PersonalEffect StoreFlow"},"content":{"rendered":"<p>PersonalEffect StoreFlow<br \/>\nWEB A IMPRESI\u00d3N CON AUTOMATIZACI\u00d3N PRE-IMPRESI\u00d3N INTEGRADA<br \/>\nUna soluci\u00f3n de comercio electr\u00f3nico totalmente funcional, compatible con documentos variables, productos est\u00e1ticos y documentos Microsoft\u00ae Word, PowerPoint y Adobe\u00ae PDF enviados por el usuario.<\/p>\n<p>La mejor soluci\u00f3n de software todo en uno de Web a impresi\u00f3n de su clase, para crear y administrar tiendas en l\u00ednea y portales de marketing.<\/p>\n<p>Reduzca los gastos y disminuya los costes asociados con cada pedido de impresi\u00f3n. Con la automatizaci\u00f3n pre-prensa integrada, PersonalEffect StoreFlow Cloud automatiza la adquisici\u00f3n de pedidos e implementa procesos de flujo de trabajo eficientes sin sacrificar las funciones clave, permitiendo a los proveedores de servicios abrir sus tiendas a visitantes B2B o B2C, 24 horas al d\u00eda, siete d\u00edas a la semana.<\/p>\n<p>Flujo de trabajo completo para Web a impresi\u00f3n<br \/>\nAutomatizaci\u00f3n pre-prensa integrada<br \/>\nEscaparates adaptados para m\u00f3vil<br \/>\nTienda f\u00e1cil de configurar y mantener<br \/>\nFlujo de trabajo de conformidad con JDF\/JMF del sector<br \/>\nActualizable para incluir Crossmedia<br \/>\nVOLVER A WEB A IMPRESI\u00d3N<br \/>\nOTROS PRODUCTOS WEB A IMPRESI\u00d3N<br \/>\nPersonalEffect StoreFlow Pro<br \/>\nHISTORIAS DE \u00c9XITO<br \/>\nCONTACTE CON NUESTRO EQUIPO DE VENTA<br \/>\nPara documentos est\u00e1ticos y variables<br \/>\nPara documentos est\u00e1ticos y variables<br \/>\nLos usuarios finales subir y ordenar f\u00e1cilmente sus propios documentos est\u00e1ticos, o seleccionar y pedir documentos variables o est\u00e1ticos desde un cat\u00e1logo escaparate. Las p\u00e1ginas variables y est\u00e1ticas tambi\u00e9n pueden usarse en el mismo documento, permitiendo un conjunto avanzado de productos, desde tr\u00edpticos a folletos y mucho m\u00e1s.<\/p>\n<p>Al a\u00f1adir portadas personalizadas, pesta\u00f1as din\u00e1micas y otras opciones personalizadas, se consigue una versatilidad sin precedentes y mayor valor a la hora de completar la producci\u00f3n de pedidos de clientes.<\/p>\n<p>Creada para ser compatible con los navegadores y plataformas m\u00e1s recientes<br \/>\nCreada para ser compatible con los navegadores y plataformas m\u00e1s recientes<br \/>\nEl software Web a impresi\u00f3n StoreFlow mantiene su tienda actualizada y accesible desde m\u00faltiples dispositivos: equipos de escritorio, tabletas y smartphones.<\/p>\n<p>La interfaz de usuario sencilla de usar e intuitiva proporcionar\u00e1 a sus clientes una experiencia de comercio electr\u00f3nico sencilla y familiar, y el aspecto de la tienda puede ajustarse para controlar la est\u00e9tica o adaptarse a un est\u00e1ndar de marca f\u00e1cilmente, ya que StoreFlow utiliza el est\u00e1ndar CSS. Herramientas de vanguardia, como registro con red social y v\u00eddeos YouTube integrados, que mejorar\u00e1n a\u00fan m\u00e1s la experiencia del usuario y el atractivo de sus escaparates.<\/p>\n<p>Tienda f\u00e1cil de configurar y mantener<br \/>\nTienda f\u00e1cil de configurar y mantener<br \/>\nEl panel de administraci\u00f3n de StoreFlow permite a los operadores configurar y administrar cada tienda. Navegue por algunas de las pesta\u00f1as de configuraci\u00f3n para definir la informaci\u00f3n b\u00e1sica de la tienda y poner su tienda en l\u00ednea. Los cat\u00e1logos de productos se crean f\u00e1cilmente a partir de plantillas de documentos creados usando uCreate Print, que se ejecuta de forma nativa dentro de Adobe InDesign. Simplemente seleccione una plantilla, especifique qu\u00e9 variables puede modificar el cliente y defina los par\u00e1metros de producci\u00f3n y ejecuci\u00f3n.<\/p>\n<p>Para acelerar la configuraci\u00f3n de productos similares, StoreFlow utiliza Perfiles de producto, lo que permite a los administradores definir las propiedades globales del producto, incluyendo precios y par\u00e1metros de producci\u00f3n, que se aplicar\u00e1n a un grupo de productos. Estas propiedades se aplican autom\u00e1ticamente a todos los productos que comparten ese perfil, ahorrando tiempo y evitando errores. Para mantener la flexibilidad, los administradores pueden decidir de forma selectiva qu\u00e9 par\u00e1metros se heredan, y cu\u00e1les se anulan para cada producto.<\/p>\n<p>Automatizaci\u00f3n continua de productos<br \/>\nAutomatizaci\u00f3n continua de productos<br \/>\nEl software web a impresi\u00f3n StoreFlow incluye Xerox\u00ae FreeFlow\u00ae, lo que permite a los administradores de la tienda definir flujos de trabajo de m\u00faltiples pasos que verifica los documentos, automatiza la imposici\u00f3n y env\u00eda trabajos directamente a su imprenta digital o los coloca en una carpeta din\u00e1mica; todo lo necesario para preparar y procesar de forma eficiente trabajos Web a impresi\u00f3n para su producci\u00f3n.<\/p>\n<p>Conformidad con JDF y tiquetaje de trabajos<br \/>\nConformidad con JDF y tiquetaje de trabajos<br \/>\nCada trabajo de impresi\u00f3n creado en StoreFlow se acompa\u00f1a con un ticket de trabajo JDF generado autom\u00e1ticamente, lo que hace que el procesamiento de trabajos a trav\u00e9s de dispositivos compatibles con JDF sea una tarea sencilla y directa. Con estas capacidades JDF, los clientes obtienen los beneficios de mayor automatizaci\u00f3n, mayor velocidad, rentabilidad y facilidad de uso. El esquema JDF de StoreFlow ha sido validado con Xerox FreeFlow Process Manager\u00ae. Por tanto, los clientes que ya trabajan con FreeFlow Process Manager pueden ahora integrarse de forma impecable con StoreFlow.<\/p>\n<p>Campaigns on Demand<br \/>\nCampaigns on Demand<br \/>\nCampaigns on Demand (Campa\u00f1as bajo demanda) hace que las campa\u00f1as multicanal sean f\u00e1cilmente accesibles para la personalizaci\u00f3n, utilizaci\u00f3n y reutilizaci\u00f3n en los escaparates auto servicio de comercio electr\u00f3nico. La nueva funci\u00f3n da a los franquiciados o sucursales la capacidad de crear y entregar campa\u00f1as innovadoras multicanal que normalmente ser\u00eda dif\u00edcil para ellos crear desde cero. Ahora pueden ofrecer pautas de flujo de campa\u00f1a multicanal con marca que incluyen puntos de contacto de diferentes medios y campa\u00f1as creadas utilizando el desarrollo web, de correo electr\u00f3nico o m\u00f3vil. El usuario final puede seleccionar, personalizar, pedir, ejecutar y realizar un seguimiento de cada campa\u00f1a directamente desde el escaparate web a impresi\u00f3n. Los usuarios pueden ver el an\u00e1lisis de la campa\u00f1a en tiempo real, y descargar datos del cliente actualizados en un modo auto servicio.<\/p>\n","protected":false},"excerpt":{"rendered":"<p>Una soluci\u00f3n de comercio electr\u00f3nico totalmente funcional, compatible con documentos variables, productos est\u00e1ticos y documentos Microsoft\u00ae Word, PowerPoint y Adobe\u00ae PDF enviados por el usuario.<\/p>\n","protected":false},"author":1,"featured_media":0,"parent":9144,"menu_order":0,"comment_status":"open","ping_status":"open","template":"templates\/product.php","meta":{"_acf_changed":false,"footnotes":""},"class_list":["post-9146","page","type-page","status-publish","hentry"],"acf":[],"yoast_head":"<!-- This site is optimized with the Yoast SEO Premium plugin v26.5 (Yoast SEO v27.1.1) - https:\/\/yoast.com\/product\/yoast-seo-premium-wordpress\/ -->\n<title>PersonalEffect StoreFlow | Automatizaci\u00f3n pre prensa | XMPie<\/title>\n<meta name=\"description\" content=\"La mejor soluci\u00f3n de software todo en uno de Web a impresi\u00f3n de su clase, para crear y administrar tiendas en l\u00ednea y portales de marketing.\" \/>\n<meta name=\"robots\" content=\"index, follow, max-snippet:-1, max-image-preview:large, max-video-preview:-1\" \/>\n<link rel=\"canonical\" href=\"https:\/\/www.xmpie.com\/es\/products\/web-a-impresin\/storeflow\/\" \/>\n<meta property=\"og:locale\" content=\"es_ES\" \/>\n<meta property=\"og:type\" content=\"article\" \/>\n<meta property=\"og:title\" content=\"PersonalEffect StoreFlow\" \/>\n<meta property=\"og:description\" content=\"La mejor soluci\u00f3n de software todo en uno de Web a impresi\u00f3n de su clase, para crear y administrar tiendas en l\u00ednea y portales de marketing.\" \/>\n<meta property=\"og:url\" content=\"https:\/\/www.xmpie.com\/es\/products\/web-a-impresin\/storeflow\/\" \/>\n<meta property=\"og:site_name\" content=\"XMPie\" \/>\n<meta property=\"article:publisher\" content=\"https:\/\/www.facebook.com\/xmpie\" \/>\n<meta property=\"article:modified_time\" content=\"2019-09-10T08:07:11+00:00\" \/>\n<meta name=\"twitter:card\" content=\"summary_large_image\" \/>\n<meta name=\"twitter:site\" content=\"@XMPie\" \/>\n<meta name=\"twitter:label1\" content=\"Tiempo de lectura\" \/>\n\t<meta name=\"twitter:data1\" content=\"5 minutos\" \/>\n<script type=\"application\/ld+json\" class=\"yoast-schema-graph\">{\"@context\":\"https:\/\/schema.org\",\"@graph\":[{\"@type\":\"WebPage\",\"@id\":\"https:\/\/www.xmpie.com\/es\/products\/web-a-impresin\/storeflow\/\",\"url\":\"https:\/\/www.xmpie.com\/es\/products\/web-a-impresin\/storeflow\/\",\"name\":\"PersonalEffect StoreFlow | Automatizaci\u00f3n pre prensa | XMPie\",\"isPartOf\":{\"@id\":\"https:\/\/www.xmpie.com\/es\/#website\"},\"datePublished\":\"2015-08-02T10:50:05+00:00\",\"dateModified\":\"2019-09-10T08:07:11+00:00\",\"description\":\"La mejor soluci\u00f3n de software todo en uno de Web a impresi\u00f3n de su clase, para crear y administrar tiendas en l\u00ednea y portales de marketing.\",\"breadcrumb\":{\"@id\":\"https:\/\/www.xmpie.com\/es\/products\/web-a-impresin\/storeflow\/#breadcrumb\"},\"inLanguage\":\"es\",\"potentialAction\":[{\"@type\":\"ReadAction\",\"target\":[\"https:\/\/www.xmpie.com\/es\/products\/web-a-impresin\/storeflow\/\"]}]},{\"@type\":\"BreadcrumbList\",\"@id\":\"https:\/\/www.xmpie.com\/es\/products\/web-a-impresin\/storeflow\/#breadcrumb\",\"itemListElement\":[{\"@type\":\"ListItem\",\"position\":1,\"name\":\"Home\",\"item\":\"https:\/\/www.xmpie.com\/es\/\"},{\"@type\":\"ListItem\",\"position\":2,\"name\":\"Productos\",\"item\":\"https:\/\/www.xmpie.com\/es\/products\/\"},{\"@type\":\"ListItem\",\"position\":3,\"name\":\"Web a impresi\u00f3n\",\"item\":\"https:\/\/www.xmpie.com\/es\/products\/web-a-impresin\/\"},{\"@type\":\"ListItem\",\"position\":4,\"name\":\"PersonalEffect StoreFlow\"}]},{\"@type\":\"WebSite\",\"@id\":\"https:\/\/www.xmpie.com\/es\/#website\",\"url\":\"https:\/\/www.xmpie.com\/es\/\",\"name\":\"XMPie\",\"description\":\"Our Technology Integrates print and digital media to improve the brand experience\",\"publisher\":{\"@id\":\"https:\/\/www.xmpie.com\/es\/#organization\"},\"potentialAction\":[{\"@type\":\"SearchAction\",\"target\":{\"@type\":\"EntryPoint\",\"urlTemplate\":\"https:\/\/www.xmpie.com\/es\/?s={search_term_string}\"},\"query-input\":{\"@type\":\"PropertyValueSpecification\",\"valueRequired\":true,\"valueName\":\"search_term_string\"}}],\"inLanguage\":\"es\"},{\"@type\":\"Organization\",\"@id\":\"https:\/\/www.xmpie.com\/es\/#organization\",\"name\":\"XMPie\",\"url\":\"https:\/\/www.xmpie.com\/es\/\",\"logo\":{\"@type\":\"ImageObject\",\"inLanguage\":\"es\",\"@id\":\"https:\/\/www.xmpie.com\/es\/#\/schema\/logo\/image\/\",\"url\":\"https:\/\/www.xmpie.com\/wp-content\/uploads\/2015\/07\/logo.png\",\"contentUrl\":\"https:\/\/www.xmpie.com\/wp-content\/uploads\/2015\/07\/logo.png\",\"width\":62,\"height\":62,\"caption\":\"XMPie\"},\"image\":{\"@id\":\"https:\/\/www.xmpie.com\/es\/#\/schema\/logo\/image\/\"},\"sameAs\":[\"https:\/\/www.facebook.com\/xmpie\",\"https:\/\/x.com\/XMPie\",\"http:\/\/www.linkedin.com\/company\/xmpie\",\"https:\/\/www.pinterest.com\/XMPieCreate\/\",\"http:\/\/www.youtube.com\/xmpie\"]}]}<\/script>\n<!-- \/ Yoast SEO Premium plugin. -->","yoast_head_json":{"title":"PersonalEffect StoreFlow | Automatizaci\u00f3n pre prensa | XMPie","description":"La mejor soluci\u00f3n de software todo en uno de Web a impresi\u00f3n de su clase, para crear y administrar tiendas en l\u00ednea y portales de marketing.","robots":{"index":"index","follow":"follow","max-snippet":"max-snippet:-1","max-image-preview":"max-image-preview:large","max-video-preview":"max-video-preview:-1"},"canonical":"https:\/\/www.xmpie.com\/es\/products\/web-a-impresin\/storeflow\/","og_locale":"es_ES","og_type":"article","og_title":"PersonalEffect StoreFlow","og_description":"La mejor soluci\u00f3n de software todo en uno de Web a impresi\u00f3n de su clase, para crear y administrar tiendas en l\u00ednea y portales de marketing.","og_url":"https:\/\/www.xmpie.com\/es\/products\/web-a-impresin\/storeflow\/","og_site_name":"XMPie","article_publisher":"https:\/\/www.facebook.com\/xmpie","article_modified_time":"2019-09-10T08:07:11+00:00","twitter_card":"summary_large_image","twitter_site":"@XMPie","twitter_misc":{"Tiempo de lectura":"5 minutos"},"schema":{"@context":"https:\/\/schema.org","@graph":[{"@type":"WebPage","@id":"https:\/\/www.xmpie.com\/es\/products\/web-a-impresin\/storeflow\/","url":"https:\/\/www.xmpie.com\/es\/products\/web-a-impresin\/storeflow\/","name":"PersonalEffect StoreFlow | Automatizaci\u00f3n pre prensa | XMPie","isPartOf":{"@id":"https:\/\/www.xmpie.com\/es\/#website"},"datePublished":"2015-08-02T10:50:05+00:00","dateModified":"2019-09-10T08:07:11+00:00","description":"La mejor soluci\u00f3n de software todo en uno de Web a impresi\u00f3n de su clase, para crear y administrar tiendas en l\u00ednea y portales de marketing.","breadcrumb":{"@id":"https:\/\/www.xmpie.com\/es\/products\/web-a-impresin\/storeflow\/#breadcrumb"},"inLanguage":"es","potentialAction":[{"@type":"ReadAction","target":["https:\/\/www.xmpie.com\/es\/products\/web-a-impresin\/storeflow\/"]}]},{"@type":"BreadcrumbList","@id":"https:\/\/www.xmpie.com\/es\/products\/web-a-impresin\/storeflow\/#breadcrumb","itemListElement":[{"@type":"ListItem","position":1,"name":"Home","item":"https:\/\/www.xmpie.com\/es\/"},{"@type":"ListItem","position":2,"name":"Productos","item":"https:\/\/www.xmpie.com\/es\/products\/"},{"@type":"ListItem","position":3,"name":"Web a impresi\u00f3n","item":"https:\/\/www.xmpie.com\/es\/products\/web-a-impresin\/"},{"@type":"ListItem","position":4,"name":"PersonalEffect StoreFlow"}]},{"@type":"WebSite","@id":"https:\/\/www.xmpie.com\/es\/#website","url":"https:\/\/www.xmpie.com\/es\/","name":"XMPie","description":"Our Technology Integrates print and digital media to improve the brand experience","publisher":{"@id":"https:\/\/www.xmpie.com\/es\/#organization"},"potentialAction":[{"@type":"SearchAction","target":{"@type":"EntryPoint","urlTemplate":"https:\/\/www.xmpie.com\/es\/?s={search_term_string}"},"query-input":{"@type":"PropertyValueSpecification","valueRequired":true,"valueName":"search_term_string"}}],"inLanguage":"es"},{"@type":"Organization","@id":"https:\/\/www.xmpie.com\/es\/#organization","name":"XMPie","url":"https:\/\/www.xmpie.com\/es\/","logo":{"@type":"ImageObject","inLanguage":"es","@id":"https:\/\/www.xmpie.com\/es\/#\/schema\/logo\/image\/","url":"https:\/\/www.xmpie.com\/wp-content\/uploads\/2015\/07\/logo.png","contentUrl":"https:\/\/www.xmpie.com\/wp-content\/uploads\/2015\/07\/logo.png","width":62,"height":62,"caption":"XMPie"},"image":{"@id":"https:\/\/www.xmpie.com\/es\/#\/schema\/logo\/image\/"},"sameAs":["https:\/\/www.facebook.com\/xmpie","https:\/\/x.com\/XMPie","http:\/\/www.linkedin.com\/company\/xmpie","https:\/\/www.pinterest.com\/XMPieCreate\/","http:\/\/www.youtube.com\/xmpie"]}]}},"_links":{"self":[{"href":"https:\/\/www.xmpie.com\/es\/wp-json\/wp\/v2\/pages\/9146","targetHints":{"allow":["GET"]}}],"collection":[{"href":"https:\/\/www.xmpie.com\/es\/wp-json\/wp\/v2\/pages"}],"about":[{"href":"https:\/\/www.xmpie.com\/es\/wp-json\/wp\/v2\/types\/page"}],"author":[{"embeddable":true,"href":"https:\/\/www.xmpie.com\/es\/wp-json\/wp\/v2\/users\/1"}],"replies":[{"embeddable":true,"href":"https:\/\/www.xmpie.com\/es\/wp-json\/wp\/v2\/comments?post=9146"}],"version-history":[{"count":3,"href":"https:\/\/www.xmpie.com\/es\/wp-json\/wp\/v2\/pages\/9146\/revisions"}],"predecessor-version":[{"id":64302,"href":"https:\/\/www.xmpie.com\/es\/wp-json\/wp\/v2\/pages\/9146\/revisions\/64302"}],"up":[{"embeddable":true,"href":"https:\/\/www.xmpie.com\/es\/wp-json\/wp\/v2\/pages\/9144"}],"wp:attachment":[{"href":"https:\/\/www.xmpie.com\/es\/wp-json\/wp\/v2\/media?parent=9146"}],"curies":[{"name":"wp","href":"https:\/\/api.w.org\/{rel}","templated":true}]}}