{"id":9154,"date":"2015-08-02T10:52:39","date_gmt":"2015-08-02T10:52:39","guid":{"rendered":"https:\/\/www.xmpie.com\/impresin-y-vdp-basados-en-datos\/udirect-studio\/?lang=es"},"modified":"2016-07-18T13:18:55","modified_gmt":"2016-07-18T13:18:55","slug":"udirect-studio","status":"publish","type":"page","link":"https:\/\/www.xmpie.com\/es\/products\/impresin-y-vdp-basados-en-datos\/udirect-studio\/","title":{"rendered":"uDirect Studio"},"content":{"rendered":"","protected":false},"excerpt":{"rendered":"<p>uDirect Studio complementa uDirect Classic con la adici\u00f3n de nuestras herramientas creativas uImage y uChart, para crear comunicaciones con m\u00e1s impacto y relevancia.<\/p>\n","protected":false},"author":1,"featured_media":0,"parent":9131,"menu_order":0,"comment_status":"open","ping_status":"closed","template":"templates\/product.php","meta":{"_acf_changed":false,"footnotes":""},"class_list":["post-9154","page","type-page","status-publish","hentry"],"acf":[],"yoast_head":"<!-- This site is optimized with the Yoast SEO Premium plugin v26.5 (Yoast SEO v27.1.1) - https:\/\/yoast.com\/product\/yoast-seo-premium-wordpress\/ -->\n<title>uDirect Studio | Comunicaci\u00f3n personalizada | XMPie<\/title>\n<meta name=\"description\" content=\"A\u00f1ada im\u00e1genes y gr\u00e1ficos personalizados a sus proyectos VDP\" \/>\n<meta name=\"robots\" content=\"index, follow, max-snippet:-1, max-image-preview:large, max-video-preview:-1\" \/>\n<link rel=\"canonical\" href=\"https:\/\/www.xmpie.com\/es\/products\/impresin-y-vdp-basados-en-datos\/udirect-studio\/\" \/>\n<meta property=\"og:locale\" content=\"es_ES\" \/>\n<meta property=\"og:type\" content=\"article\" \/>\n<meta property=\"og:title\" content=\"uDirect Studio\" \/>\n<meta property=\"og:description\" content=\"A\u00f1ada im\u00e1genes y gr\u00e1ficos personalizados a sus proyectos VDP\" \/>\n<meta property=\"og:url\" content=\"https:\/\/www.xmpie.com\/es\/products\/impresin-y-vdp-basados-en-datos\/udirect-studio\/\" \/>\n<meta property=\"og:site_name\" content=\"XMPie\" \/>\n<meta property=\"article:publisher\" content=\"https:\/\/www.facebook.com\/xmpie\" \/>\n<meta property=\"article:modified_time\" content=\"2016-07-18T13:18:55+00:00\" \/>\n<meta name=\"twitter:card\" content=\"summary_large_image\" \/>\n<meta name=\"twitter:site\" content=\"@XMPie\" \/>\n<script type=\"application\/ld+json\" class=\"yoast-schema-graph\">{\"@context\":\"https:\/\/schema.org\",\"@graph\":[{\"@type\":\"WebPage\",\"@id\":\"https:\/\/www.xmpie.com\/es\/products\/impresin-y-vdp-basados-en-datos\/udirect-studio\/\",\"url\":\"https:\/\/www.xmpie.com\/es\/products\/impresin-y-vdp-basados-en-datos\/udirect-studio\/\",\"name\":\"uDirect Studio | Comunicaci\u00f3n personalizada | XMPie\",\"isPartOf\":{\"@id\":\"https:\/\/www.xmpie.com\/es\/#website\"},\"datePublished\":\"2015-08-02T10:52:39+00:00\",\"dateModified\":\"2016-07-18T13:18:55+00:00\",\"description\":\"A\u00f1ada im\u00e1genes y gr\u00e1ficos personalizados a sus proyectos VDP\",\"breadcrumb\":{\"@id\":\"https:\/\/www.xmpie.com\/es\/products\/impresin-y-vdp-basados-en-datos\/udirect-studio\/#breadcrumb\"},\"inLanguage\":\"es\",\"potentialAction\":[{\"@type\":\"ReadAction\",\"target\":[\"https:\/\/www.xmpie.com\/es\/products\/impresin-y-vdp-basados-en-datos\/udirect-studio\/\"]}]},{\"@type\":\"BreadcrumbList\",\"@id\":\"https:\/\/www.xmpie.com\/es\/products\/impresin-y-vdp-basados-en-datos\/udirect-studio\/#breadcrumb\",\"itemListElement\":[{\"@type\":\"ListItem\",\"position\":1,\"name\":\"Home\",\"item\":\"https:\/\/www.xmpie.com\/es\/\"},{\"@type\":\"ListItem\",\"position\":2,\"name\":\"Productos\",\"item\":\"https:\/\/www.xmpie.com\/es\/products\/\"},{\"@type\":\"ListItem\",\"position\":3,\"name\":\"Impresi\u00f3n y VDP basados en datos\",\"item\":\"https:\/\/www.xmpie.com\/es\/products\/impresin-y-vdp-basados-en-datos\/\"},{\"@type\":\"ListItem\",\"position\":4,\"name\":\"uDirect Studio\"}]},{\"@type\":\"WebSite\",\"@id\":\"https:\/\/www.xmpie.com\/es\/#website\",\"url\":\"https:\/\/www.xmpie.com\/es\/\",\"name\":\"XMPie\",\"description\":\"Our Technology Integrates print and digital media to improve the brand experience\",\"publisher\":{\"@id\":\"https:\/\/www.xmpie.com\/es\/#organization\"},\"potentialAction\":[{\"@type\":\"SearchAction\",\"target\":{\"@type\":\"EntryPoint\",\"urlTemplate\":\"https:\/\/www.xmpie.com\/es\/?s={search_term_string}\"},\"query-input\":{\"@type\":\"PropertyValueSpecification\",\"valueRequired\":true,\"valueName\":\"search_term_string\"}}],\"inLanguage\":\"es\"},{\"@type\":\"Organization\",\"@id\":\"https:\/\/www.xmpie.com\/es\/#organization\",\"name\":\"XMPie\",\"url\":\"https:\/\/www.xmpie.com\/es\/\",\"logo\":{\"@type\":\"ImageObject\",\"inLanguage\":\"es\",\"@id\":\"https:\/\/www.xmpie.com\/es\/#\/schema\/logo\/image\/\",\"url\":\"https:\/\/www.xmpie.com\/wp-content\/uploads\/2015\/07\/logo.png\",\"contentUrl\":\"https:\/\/www.xmpie.com\/wp-content\/uploads\/2015\/07\/logo.png\",\"width\":62,\"height\":62,\"caption\":\"XMPie\"},\"image\":{\"@id\":\"https:\/\/www.xmpie.com\/es\/#\/schema\/logo\/image\/\"},\"sameAs\":[\"https:\/\/www.facebook.com\/xmpie\",\"https:\/\/x.com\/XMPie\",\"http:\/\/www.linkedin.com\/company\/xmpie\",\"https:\/\/www.pinterest.com\/XMPieCreate\/\",\"http:\/\/www.youtube.com\/xmpie\"]}]}<\/script>\n<!-- \/ Yoast SEO Premium plugin. -->","yoast_head_json":{"title":"uDirect Studio | Comunicaci\u00f3n personalizada | XMPie","description":"A\u00f1ada im\u00e1genes y gr\u00e1ficos personalizados a sus proyectos VDP","robots":{"index":"index","follow":"follow","max-snippet":"max-snippet:-1","max-image-preview":"max-image-preview:large","max-video-preview":"max-video-preview:-1"},"canonical":"https:\/\/www.xmpie.com\/es\/products\/impresin-y-vdp-basados-en-datos\/udirect-studio\/","og_locale":"es_ES","og_type":"article","og_title":"uDirect Studio","og_description":"A\u00f1ada im\u00e1genes y gr\u00e1ficos personalizados a sus proyectos VDP","og_url":"https:\/\/www.xmpie.com\/es\/products\/impresin-y-vdp-basados-en-datos\/udirect-studio\/","og_site_name":"XMPie","article_publisher":"https:\/\/www.facebook.com\/xmpie","article_modified_time":"2016-07-18T13:18:55+00:00","twitter_card":"summary_large_image","twitter_site":"@XMPie","schema":{"@context":"https:\/\/schema.org","@graph":[{"@type":"WebPage","@id":"https:\/\/www.xmpie.com\/es\/products\/impresin-y-vdp-basados-en-datos\/udirect-studio\/","url":"https:\/\/www.xmpie.com\/es\/products\/impresin-y-vdp-basados-en-datos\/udirect-studio\/","name":"uDirect Studio | Comunicaci\u00f3n personalizada | XMPie","isPartOf":{"@id":"https:\/\/www.xmpie.com\/es\/#website"},"datePublished":"2015-08-02T10:52:39+00:00","dateModified":"2016-07-18T13:18:55+00:00","description":"A\u00f1ada im\u00e1genes y gr\u00e1ficos personalizados a sus proyectos VDP","breadcrumb":{"@id":"https:\/\/www.xmpie.com\/es\/products\/impresin-y-vdp-basados-en-datos\/udirect-studio\/#breadcrumb"},"inLanguage":"es","potentialAction":[{"@type":"ReadAction","target":["https:\/\/www.xmpie.com\/es\/products\/impresin-y-vdp-basados-en-datos\/udirect-studio\/"]}]},{"@type":"BreadcrumbList","@id":"https:\/\/www.xmpie.com\/es\/products\/impresin-y-vdp-basados-en-datos\/udirect-studio\/#breadcrumb","itemListElement":[{"@type":"ListItem","position":1,"name":"Home","item":"https:\/\/www.xmpie.com\/es\/"},{"@type":"ListItem","position":2,"name":"Productos","item":"https:\/\/www.xmpie.com\/es\/products\/"},{"@type":"ListItem","position":3,"name":"Impresi\u00f3n y VDP basados en datos","item":"https:\/\/www.xmpie.com\/es\/products\/impresin-y-vdp-basados-en-datos\/"},{"@type":"ListItem","position":4,"name":"uDirect Studio"}]},{"@type":"WebSite","@id":"https:\/\/www.xmpie.com\/es\/#website","url":"https:\/\/www.xmpie.com\/es\/","name":"XMPie","description":"Our Technology Integrates print and digital media to improve the brand experience","publisher":{"@id":"https:\/\/www.xmpie.com\/es\/#organization"},"potentialAction":[{"@type":"SearchAction","target":{"@type":"EntryPoint","urlTemplate":"https:\/\/www.xmpie.com\/es\/?s={search_term_string}"},"query-input":{"@type":"PropertyValueSpecification","valueRequired":true,"valueName":"search_term_string"}}],"inLanguage":"es"},{"@type":"Organization","@id":"https:\/\/www.xmpie.com\/es\/#organization","name":"XMPie","url":"https:\/\/www.xmpie.com\/es\/","logo":{"@type":"ImageObject","inLanguage":"es","@id":"https:\/\/www.xmpie.com\/es\/#\/schema\/logo\/image\/","url":"https:\/\/www.xmpie.com\/wp-content\/uploads\/2015\/07\/logo.png","contentUrl":"https:\/\/www.xmpie.com\/wp-content\/uploads\/2015\/07\/logo.png","width":62,"height":62,"caption":"XMPie"},"image":{"@id":"https:\/\/www.xmpie.com\/es\/#\/schema\/logo\/image\/"},"sameAs":["https:\/\/www.facebook.com\/xmpie","https:\/\/x.com\/XMPie","http:\/\/www.linkedin.com\/company\/xmpie","https:\/\/www.pinterest.com\/XMPieCreate\/","http:\/\/www.youtube.com\/xmpie"]}]}},"_links":{"self":[{"href":"https:\/\/www.xmpie.com\/es\/wp-json\/wp\/v2\/pages\/9154","targetHints":{"allow":["GET"]}}],"collection":[{"href":"https:\/\/www.xmpie.com\/es\/wp-json\/wp\/v2\/pages"}],"about":[{"href":"https:\/\/www.xmpie.com\/es\/wp-json\/wp\/v2\/types\/page"}],"author":[{"embeddable":true,"href":"https:\/\/www.xmpie.com\/es\/wp-json\/wp\/v2\/users\/1"}],"replies":[{"embeddable":true,"href":"https:\/\/www.xmpie.com\/es\/wp-json\/wp\/v2\/comments?post=9154"}],"version-history":[{"count":0,"href":"https:\/\/www.xmpie.com\/es\/wp-json\/wp\/v2\/pages\/9154\/revisions"}],"up":[{"embeddable":true,"href":"https:\/\/www.xmpie.com\/es\/wp-json\/wp\/v2\/pages\/9131"}],"wp:attachment":[{"href":"https:\/\/www.xmpie.com\/es\/wp-json\/wp\/v2\/media?parent=9154"}],"curies":[{"name":"wp","href":"https:\/\/api.w.org\/{rel}","templated":true}]}}