{"id":9157,"date":"2015-08-02T10:54:44","date_gmt":"2015-08-02T10:54:44","guid":{"rendered":"https:\/\/www.xmpie.com\/gestin-de-campaas\/circle\/?lang=es"},"modified":"2018-08-19T13:51:43","modified_gmt":"2018-08-19T13:51:43","slug":"circle","status":"publish","type":"page","link":"https:\/\/www.xmpie.com\/es\/products\/gestin-de-campaas\/circle\/","title":{"rendered":"Circle"},"content":{"rendered":"","protected":false},"excerpt":{"rendered":"<p>Una soluci\u00f3n software como servicio (SaaS) para gestionar sus campa\u00f1as de marketing multicanal. Realice un seguimiento de los resultados y descubra qu\u00e9 mensajes funcionan mejor para qu\u00e9 personas, en qu\u00e9 contenido y en qu\u00e9 soporte.<\/p>\n","protected":false},"author":1,"featured_media":0,"parent":9128,"menu_order":0,"comment_status":"open","ping_status":"closed","template":"templates\/product.php","meta":{"_acf_changed":false,"footnotes":""},"class_list":["post-9157","page","type-page","status-publish","hentry"],"acf":[],"yoast_head":"<!-- This site is optimized with the Yoast SEO Premium plugin v26.5 (Yoast SEO v27.1.1) - https:\/\/yoast.com\/product\/yoast-seo-premium-wordpress\/ -->\n<title>Circle | Software de automatizaci\u00f3n de marketing | Soluci\u00f3n SaaS | XMPie<\/title>\n<meta name=\"description\" content=\"Una soluci\u00f3n software como servicio (SaaS) para gestionar sus campa\u00f1as de marketing multicanal.\u00a0\" \/>\n<meta name=\"robots\" content=\"index, follow, max-snippet:-1, max-image-preview:large, max-video-preview:-1\" \/>\n<link rel=\"canonical\" href=\"https:\/\/www.xmpie.com\/es\/products\/gestin-de-campaas\/circle\/\" \/>\n<meta property=\"og:locale\" content=\"es_ES\" \/>\n<meta property=\"og:type\" content=\"article\" \/>\n<meta property=\"og:title\" content=\"Circle\" \/>\n<meta property=\"og:description\" content=\"Una soluci\u00f3n software como servicio (SaaS) para gestionar sus campa\u00f1as de marketing multicanal.\u00a0\" \/>\n<meta property=\"og:url\" content=\"https:\/\/www.xmpie.com\/es\/products\/gestin-de-campaas\/circle\/\" \/>\n<meta property=\"og:site_name\" content=\"XMPie\" \/>\n<meta property=\"article:publisher\" content=\"https:\/\/www.facebook.com\/xmpie\" \/>\n<meta property=\"article:modified_time\" content=\"2018-08-19T13:51:43+00:00\" \/>\n<meta name=\"twitter:card\" content=\"summary_large_image\" \/>\n<meta name=\"twitter:site\" content=\"@XMPie\" \/>\n<script type=\"application\/ld+json\" class=\"yoast-schema-graph\">{\"@context\":\"https:\/\/schema.org\",\"@graph\":[{\"@type\":\"WebPage\",\"@id\":\"https:\/\/www.xmpie.com\/es\/products\/gestin-de-campaas\/circle\/\",\"url\":\"https:\/\/www.xmpie.com\/es\/products\/gestin-de-campaas\/circle\/\",\"name\":\"Circle | Software de automatizaci\u00f3n de marketing | Soluci\u00f3n SaaS | XMPie\",\"isPartOf\":{\"@id\":\"https:\/\/www.xmpie.com\/es\/#website\"},\"datePublished\":\"2015-08-02T10:54:44+00:00\",\"dateModified\":\"2018-08-19T13:51:43+00:00\",\"description\":\"Una soluci\u00f3n software como servicio (SaaS) para gestionar sus campa\u00f1as de marketing multicanal.\u00a0\",\"breadcrumb\":{\"@id\":\"https:\/\/www.xmpie.com\/es\/products\/gestin-de-campaas\/circle\/#breadcrumb\"},\"inLanguage\":\"es\",\"potentialAction\":[{\"@type\":\"ReadAction\",\"target\":[\"https:\/\/www.xmpie.com\/es\/products\/gestin-de-campaas\/circle\/\"]}]},{\"@type\":\"BreadcrumbList\",\"@id\":\"https:\/\/www.xmpie.com\/es\/products\/gestin-de-campaas\/circle\/#breadcrumb\",\"itemListElement\":[{\"@type\":\"ListItem\",\"position\":1,\"name\":\"Home\",\"item\":\"https:\/\/www.xmpie.com\/es\/\"},{\"@type\":\"ListItem\",\"position\":2,\"name\":\"Productos\",\"item\":\"https:\/\/www.xmpie.com\/es\/products\/\"},{\"@type\":\"ListItem\",\"position\":3,\"name\":\"Gesti\u00f3n de campa\u00f1as\",\"item\":\"https:\/\/www.xmpie.com\/es\/products\/gestin-de-campaas\/\"},{\"@type\":\"ListItem\",\"position\":4,\"name\":\"Circle\"}]},{\"@type\":\"WebSite\",\"@id\":\"https:\/\/www.xmpie.com\/es\/#website\",\"url\":\"https:\/\/www.xmpie.com\/es\/\",\"name\":\"XMPie\",\"description\":\"Our Technology Integrates print and digital media to improve the brand experience\",\"publisher\":{\"@id\":\"https:\/\/www.xmpie.com\/es\/#organization\"},\"potentialAction\":[{\"@type\":\"SearchAction\",\"target\":{\"@type\":\"EntryPoint\",\"urlTemplate\":\"https:\/\/www.xmpie.com\/es\/?s={search_term_string}\"},\"query-input\":{\"@type\":\"PropertyValueSpecification\",\"valueRequired\":true,\"valueName\":\"search_term_string\"}}],\"inLanguage\":\"es\"},{\"@type\":\"Organization\",\"@id\":\"https:\/\/www.xmpie.com\/es\/#organization\",\"name\":\"XMPie\",\"url\":\"https:\/\/www.xmpie.com\/es\/\",\"logo\":{\"@type\":\"ImageObject\",\"inLanguage\":\"es\",\"@id\":\"https:\/\/www.xmpie.com\/es\/#\/schema\/logo\/image\/\",\"url\":\"https:\/\/www.xmpie.com\/wp-content\/uploads\/2015\/07\/logo.png\",\"contentUrl\":\"https:\/\/www.xmpie.com\/wp-content\/uploads\/2015\/07\/logo.png\",\"width\":62,\"height\":62,\"caption\":\"XMPie\"},\"image\":{\"@id\":\"https:\/\/www.xmpie.com\/es\/#\/schema\/logo\/image\/\"},\"sameAs\":[\"https:\/\/www.facebook.com\/xmpie\",\"https:\/\/x.com\/XMPie\",\"http:\/\/www.linkedin.com\/company\/xmpie\",\"https:\/\/www.pinterest.com\/XMPieCreate\/\",\"http:\/\/www.youtube.com\/xmpie\"]}]}<\/script>\n<!-- \/ Yoast SEO Premium plugin. -->","yoast_head_json":{"title":"Circle | Software de automatizaci\u00f3n de marketing | Soluci\u00f3n SaaS | XMPie","description":"Una soluci\u00f3n software como servicio (SaaS) para gestionar sus campa\u00f1as de marketing multicanal.\u00a0","robots":{"index":"index","follow":"follow","max-snippet":"max-snippet:-1","max-image-preview":"max-image-preview:large","max-video-preview":"max-video-preview:-1"},"canonical":"https:\/\/www.xmpie.com\/es\/products\/gestin-de-campaas\/circle\/","og_locale":"es_ES","og_type":"article","og_title":"Circle","og_description":"Una soluci\u00f3n software como servicio (SaaS) para gestionar sus campa\u00f1as de marketing multicanal.\u00a0","og_url":"https:\/\/www.xmpie.com\/es\/products\/gestin-de-campaas\/circle\/","og_site_name":"XMPie","article_publisher":"https:\/\/www.facebook.com\/xmpie","article_modified_time":"2018-08-19T13:51:43+00:00","twitter_card":"summary_large_image","twitter_site":"@XMPie","schema":{"@context":"https:\/\/schema.org","@graph":[{"@type":"WebPage","@id":"https:\/\/www.xmpie.com\/es\/products\/gestin-de-campaas\/circle\/","url":"https:\/\/www.xmpie.com\/es\/products\/gestin-de-campaas\/circle\/","name":"Circle | Software de automatizaci\u00f3n de marketing | Soluci\u00f3n SaaS | XMPie","isPartOf":{"@id":"https:\/\/www.xmpie.com\/es\/#website"},"datePublished":"2015-08-02T10:54:44+00:00","dateModified":"2018-08-19T13:51:43+00:00","description":"Una soluci\u00f3n software como servicio (SaaS) para gestionar sus campa\u00f1as de marketing multicanal.\u00a0","breadcrumb":{"@id":"https:\/\/www.xmpie.com\/es\/products\/gestin-de-campaas\/circle\/#breadcrumb"},"inLanguage":"es","potentialAction":[{"@type":"ReadAction","target":["https:\/\/www.xmpie.com\/es\/products\/gestin-de-campaas\/circle\/"]}]},{"@type":"BreadcrumbList","@id":"https:\/\/www.xmpie.com\/es\/products\/gestin-de-campaas\/circle\/#breadcrumb","itemListElement":[{"@type":"ListItem","position":1,"name":"Home","item":"https:\/\/www.xmpie.com\/es\/"},{"@type":"ListItem","position":2,"name":"Productos","item":"https:\/\/www.xmpie.com\/es\/products\/"},{"@type":"ListItem","position":3,"name":"Gesti\u00f3n de campa\u00f1as","item":"https:\/\/www.xmpie.com\/es\/products\/gestin-de-campaas\/"},{"@type":"ListItem","position":4,"name":"Circle"}]},{"@type":"WebSite","@id":"https:\/\/www.xmpie.com\/es\/#website","url":"https:\/\/www.xmpie.com\/es\/","name":"XMPie","description":"Our Technology Integrates print and digital media to improve the brand experience","publisher":{"@id":"https:\/\/www.xmpie.com\/es\/#organization"},"potentialAction":[{"@type":"SearchAction","target":{"@type":"EntryPoint","urlTemplate":"https:\/\/www.xmpie.com\/es\/?s={search_term_string}"},"query-input":{"@type":"PropertyValueSpecification","valueRequired":true,"valueName":"search_term_string"}}],"inLanguage":"es"},{"@type":"Organization","@id":"https:\/\/www.xmpie.com\/es\/#organization","name":"XMPie","url":"https:\/\/www.xmpie.com\/es\/","logo":{"@type":"ImageObject","inLanguage":"es","@id":"https:\/\/www.xmpie.com\/es\/#\/schema\/logo\/image\/","url":"https:\/\/www.xmpie.com\/wp-content\/uploads\/2015\/07\/logo.png","contentUrl":"https:\/\/www.xmpie.com\/wp-content\/uploads\/2015\/07\/logo.png","width":62,"height":62,"caption":"XMPie"},"image":{"@id":"https:\/\/www.xmpie.com\/es\/#\/schema\/logo\/image\/"},"sameAs":["https:\/\/www.facebook.com\/xmpie","https:\/\/x.com\/XMPie","http:\/\/www.linkedin.com\/company\/xmpie","https:\/\/www.pinterest.com\/XMPieCreate\/","http:\/\/www.youtube.com\/xmpie"]}]}},"_links":{"self":[{"href":"https:\/\/www.xmpie.com\/es\/wp-json\/wp\/v2\/pages\/9157","targetHints":{"allow":["GET"]}}],"collection":[{"href":"https:\/\/www.xmpie.com\/es\/wp-json\/wp\/v2\/pages"}],"about":[{"href":"https:\/\/www.xmpie.com\/es\/wp-json\/wp\/v2\/types\/page"}],"author":[{"embeddable":true,"href":"https:\/\/www.xmpie.com\/es\/wp-json\/wp\/v2\/users\/1"}],"replies":[{"embeddable":true,"href":"https:\/\/www.xmpie.com\/es\/wp-json\/wp\/v2\/comments?post=9157"}],"version-history":[{"count":1,"href":"https:\/\/www.xmpie.com\/es\/wp-json\/wp\/v2\/pages\/9157\/revisions"}],"predecessor-version":[{"id":47714,"href":"https:\/\/www.xmpie.com\/es\/wp-json\/wp\/v2\/pages\/9157\/revisions\/47714"}],"up":[{"embeddable":true,"href":"https:\/\/www.xmpie.com\/es\/wp-json\/wp\/v2\/pages\/9128"}],"wp:attachment":[{"href":"https:\/\/www.xmpie.com\/es\/wp-json\/wp\/v2\/media?parent=9157"}],"curies":[{"name":"wp","href":"https:\/\/api.w.org\/{rel}","templated":true}]}}