{"id":40441,"date":"2018-10-28T13:24:14","date_gmt":"2018-10-28T13:24:14","guid":{"rendered":"https:\/\/www.xmpie.com\/?page_id=40441"},"modified":"2018-10-28T13:24:14","modified_gmt":"2018-10-28T13:24:14","slug":"web-to-print-2","status":"publish","type":"page","link":"https:\/\/www.xmpie.com\/fr\/products\/web-to-print-2\/","title":{"rendered":"Web-To-Print"},"content":{"rendered":"","protected":false},"excerpt":{"rendered":"<p>Mettez votre entreprise d&rsquo;impression en ligne et \u00e9largissez votre pr\u00e9sence sur le march\u00e9, attirez de nouveaux clients et augmentez vos revenus. Augmentez votre pertinence aupr\u00e8s des clients en leur faisant des offres statiques et variables d&rsquo;impression \u00e0 la demande et impressionnez-les avec un nouvel ensemble de capacit\u00e9s.<\/p>\n","protected":false},"author":12,"featured_media":0,"parent":18214,"menu_order":0,"comment_status":"open","ping_status":"closed","template":"templates\/landing.php","meta":{"_acf_changed":false,"footnotes":""},"class_list":["post-40441","page","type-page","status-publish","hentry"],"acf":[],"yoast_head":"<!-- This site is optimized with the Yoast SEO Premium plugin v26.5 (Yoast SEO v27.4) - https:\/\/yoast.com\/product\/yoast-seo-premium-wordpress\/ -->\n<title>Logiciel et solutions Web-to-print | XMPie<\/title>\n<meta name=\"description\" content=\"Lancez votre solution de commande Web-to-print en ligne pour votre boutique d&#039;impression ou entreprise.\u00a0\" \/>\n<meta name=\"robots\" content=\"index, follow, max-snippet:-1, max-image-preview:large, max-video-preview:-1\" \/>\n<link rel=\"canonical\" href=\"https:\/\/www.xmpie.com\/fr\/products\/web-to-print-2\/\" \/>\n<meta property=\"og:locale\" content=\"fr_FR\" \/>\n<meta property=\"og:type\" content=\"article\" \/>\n<meta property=\"og:title\" content=\"Web-To-Print\" \/>\n<meta property=\"og:description\" content=\"Lancez votre solution de commande Web-to-print en ligne pour votre boutique d&#039;impression ou entreprise.\u00a0\" \/>\n<meta property=\"og:url\" content=\"https:\/\/www.xmpie.com\/fr\/products\/web-to-print-2\/\" \/>\n<meta property=\"og:site_name\" content=\"XMPie\" \/>\n<meta property=\"article:publisher\" content=\"https:\/\/www.facebook.com\/xmpie\" \/>\n<meta name=\"twitter:card\" content=\"summary_large_image\" \/>\n<meta name=\"twitter:site\" content=\"@XMPie\" \/>\n<script type=\"application\/ld+json\" class=\"yoast-schema-graph\">{\"@context\":\"https:\\\/\\\/schema.org\",\"@graph\":[{\"@type\":\"WebPage\",\"@id\":\"https:\\\/\\\/www.xmpie.com\\\/fr\\\/products\\\/web-to-print-2\\\/\",\"url\":\"https:\\\/\\\/www.xmpie.com\\\/fr\\\/products\\\/web-to-print-2\\\/\",\"name\":\"Logiciel et solutions Web-to-print | XMPie\",\"isPartOf\":{\"@id\":\"https:\\\/\\\/www.xmpie.com\\\/fr\\\/#website\"},\"datePublished\":\"2018-10-28T13:24:14+00:00\",\"description\":\"Lancez votre solution de commande Web-to-print en ligne pour votre boutique d'impression ou entreprise.\u00a0\",\"breadcrumb\":{\"@id\":\"https:\\\/\\\/www.xmpie.com\\\/fr\\\/products\\\/web-to-print-2\\\/#breadcrumb\"},\"inLanguage\":\"fr-FR\",\"potentialAction\":[{\"@type\":\"ReadAction\",\"target\":[\"https:\\\/\\\/www.xmpie.com\\\/fr\\\/products\\\/web-to-print-2\\\/\"]}]},{\"@type\":\"BreadcrumbList\",\"@id\":\"https:\\\/\\\/www.xmpie.com\\\/fr\\\/products\\\/web-to-print-2\\\/#breadcrumb\",\"itemListElement\":[{\"@type\":\"ListItem\",\"position\":1,\"name\":\"Home\",\"item\":\"https:\\\/\\\/www.xmpie.com\\\/fr\\\/\"},{\"@type\":\"ListItem\",\"position\":2,\"name\":\"Produits\",\"item\":\"https:\\\/\\\/www.xmpie.com\\\/fr\\\/products\\\/\"},{\"@type\":\"ListItem\",\"position\":3,\"name\":\"Web-To-Print\"}]},{\"@type\":\"WebSite\",\"@id\":\"https:\\\/\\\/www.xmpie.com\\\/fr\\\/#website\",\"url\":\"https:\\\/\\\/www.xmpie.com\\\/fr\\\/\",\"name\":\"XMPie\",\"description\":\"Our Technology Integrates print and digital media to improve the brand experience\",\"publisher\":{\"@id\":\"https:\\\/\\\/www.xmpie.com\\\/fr\\\/#organization\"},\"potentialAction\":[{\"@type\":\"SearchAction\",\"target\":{\"@type\":\"EntryPoint\",\"urlTemplate\":\"https:\\\/\\\/www.xmpie.com\\\/fr\\\/?s={search_term_string}\"},\"query-input\":{\"@type\":\"PropertyValueSpecification\",\"valueRequired\":true,\"valueName\":\"search_term_string\"}}],\"inLanguage\":\"fr-FR\"},{\"@type\":\"Organization\",\"@id\":\"https:\\\/\\\/www.xmpie.com\\\/fr\\\/#organization\",\"name\":\"XMPie\",\"url\":\"https:\\\/\\\/www.xmpie.com\\\/fr\\\/\",\"logo\":{\"@type\":\"ImageObject\",\"inLanguage\":\"fr-FR\",\"@id\":\"https:\\\/\\\/www.xmpie.com\\\/fr\\\/#\\\/schema\\\/logo\\\/image\\\/\",\"url\":\"https:\\\/\\\/www.xmpie.com\\\/wp-content\\\/uploads\\\/2015\\\/07\\\/logo.png\",\"contentUrl\":\"https:\\\/\\\/www.xmpie.com\\\/wp-content\\\/uploads\\\/2015\\\/07\\\/logo.png\",\"width\":62,\"height\":62,\"caption\":\"XMPie\"},\"image\":{\"@id\":\"https:\\\/\\\/www.xmpie.com\\\/fr\\\/#\\\/schema\\\/logo\\\/image\\\/\"},\"sameAs\":[\"https:\\\/\\\/www.facebook.com\\\/xmpie\",\"https:\\\/\\\/x.com\\\/XMPie\",\"http:\\\/\\\/www.linkedin.com\\\/company\\\/xmpie\",\"https:\\\/\\\/www.pinterest.com\\\/XMPieCreate\\\/\",\"http:\\\/\\\/www.youtube.com\\\/xmpie\"]}]}<\/script>\n<!-- \/ Yoast SEO Premium plugin. -->","yoast_head_json":{"title":"Logiciel et solutions Web-to-print | XMPie","description":"Lancez votre solution de commande Web-to-print en ligne pour votre boutique d'impression ou entreprise.\u00a0","robots":{"index":"index","follow":"follow","max-snippet":"max-snippet:-1","max-image-preview":"max-image-preview:large","max-video-preview":"max-video-preview:-1"},"canonical":"https:\/\/www.xmpie.com\/fr\/products\/web-to-print-2\/","og_locale":"fr_FR","og_type":"article","og_title":"Web-To-Print","og_description":"Lancez votre solution de commande Web-to-print en ligne pour votre boutique d'impression ou entreprise.\u00a0","og_url":"https:\/\/www.xmpie.com\/fr\/products\/web-to-print-2\/","og_site_name":"XMPie","article_publisher":"https:\/\/www.facebook.com\/xmpie","twitter_card":"summary_large_image","twitter_site":"@XMPie","schema":{"@context":"https:\/\/schema.org","@graph":[{"@type":"WebPage","@id":"https:\/\/www.xmpie.com\/fr\/products\/web-to-print-2\/","url":"https:\/\/www.xmpie.com\/fr\/products\/web-to-print-2\/","name":"Logiciel et solutions Web-to-print | XMPie","isPartOf":{"@id":"https:\/\/www.xmpie.com\/fr\/#website"},"datePublished":"2018-10-28T13:24:14+00:00","description":"Lancez votre solution de commande Web-to-print en ligne pour votre boutique d'impression ou entreprise.\u00a0","breadcrumb":{"@id":"https:\/\/www.xmpie.com\/fr\/products\/web-to-print-2\/#breadcrumb"},"inLanguage":"fr-FR","potentialAction":[{"@type":"ReadAction","target":["https:\/\/www.xmpie.com\/fr\/products\/web-to-print-2\/"]}]},{"@type":"BreadcrumbList","@id":"https:\/\/www.xmpie.com\/fr\/products\/web-to-print-2\/#breadcrumb","itemListElement":[{"@type":"ListItem","position":1,"name":"Home","item":"https:\/\/www.xmpie.com\/fr\/"},{"@type":"ListItem","position":2,"name":"Produits","item":"https:\/\/www.xmpie.com\/fr\/products\/"},{"@type":"ListItem","position":3,"name":"Web-To-Print"}]},{"@type":"WebSite","@id":"https:\/\/www.xmpie.com\/fr\/#website","url":"https:\/\/www.xmpie.com\/fr\/","name":"XMPie","description":"Our Technology Integrates print and digital media to improve the brand experience","publisher":{"@id":"https:\/\/www.xmpie.com\/fr\/#organization"},"potentialAction":[{"@type":"SearchAction","target":{"@type":"EntryPoint","urlTemplate":"https:\/\/www.xmpie.com\/fr\/?s={search_term_string}"},"query-input":{"@type":"PropertyValueSpecification","valueRequired":true,"valueName":"search_term_string"}}],"inLanguage":"fr-FR"},{"@type":"Organization","@id":"https:\/\/www.xmpie.com\/fr\/#organization","name":"XMPie","url":"https:\/\/www.xmpie.com\/fr\/","logo":{"@type":"ImageObject","inLanguage":"fr-FR","@id":"https:\/\/www.xmpie.com\/fr\/#\/schema\/logo\/image\/","url":"https:\/\/www.xmpie.com\/wp-content\/uploads\/2015\/07\/logo.png","contentUrl":"https:\/\/www.xmpie.com\/wp-content\/uploads\/2015\/07\/logo.png","width":62,"height":62,"caption":"XMPie"},"image":{"@id":"https:\/\/www.xmpie.com\/fr\/#\/schema\/logo\/image\/"},"sameAs":["https:\/\/www.facebook.com\/xmpie","https:\/\/x.com\/XMPie","http:\/\/www.linkedin.com\/company\/xmpie","https:\/\/www.pinterest.com\/XMPieCreate\/","http:\/\/www.youtube.com\/xmpie"]}]}},"_links":{"self":[{"href":"https:\/\/www.xmpie.com\/fr\/wp-json\/wp\/v2\/pages\/40441","targetHints":{"allow":["GET"]}}],"collection":[{"href":"https:\/\/www.xmpie.com\/fr\/wp-json\/wp\/v2\/pages"}],"about":[{"href":"https:\/\/www.xmpie.com\/fr\/wp-json\/wp\/v2\/types\/page"}],"author":[{"embeddable":true,"href":"https:\/\/www.xmpie.com\/fr\/wp-json\/wp\/v2\/users\/12"}],"replies":[{"embeddable":true,"href":"https:\/\/www.xmpie.com\/fr\/wp-json\/wp\/v2\/comments?post=40441"}],"version-history":[{"count":1,"href":"https:\/\/www.xmpie.com\/fr\/wp-json\/wp\/v2\/pages\/40441\/revisions"}],"predecessor-version":[{"id":50507,"href":"https:\/\/www.xmpie.com\/fr\/wp-json\/wp\/v2\/pages\/40441\/revisions\/50507"}],"up":[{"embeddable":true,"href":"https:\/\/www.xmpie.com\/fr\/wp-json\/wp\/v2\/pages\/18214"}],"wp:attachment":[{"href":"https:\/\/www.xmpie.com\/fr\/wp-json\/wp\/v2\/media?parent=40441"}],"curies":[{"name":"wp","href":"https:\/\/api.w.org\/{rel}","templated":true}]}}