{"id":56274,"date":"2019-02-24T08:14:35","date_gmt":"2019-02-24T08:14:35","guid":{"rendered":"https:\/\/www.xmpie.com\/logiciel-et-tutoriels-devaluation\/"},"modified":"2021-04-27T10:45:00","modified_gmt":"2021-04-27T10:45:00","slug":"logiciel-et-tutoriels-devaluation","status":"publish","type":"page","link":"https:\/\/www.xmpie.com\/fr\/logiciel-et-tutoriels-devaluation\/","title":{"rendered":"Logiciel et tutoriels d\u2019\u00e9valuation"},"content":{"rendered":"\t\t<div data-elementor-type=\"wp-post\" data-elementor-id=\"56274\" class=\"elementor elementor-56274 elementor-55961\" data-elementor-post-type=\"page\">\n\t\t\t\t\t\t<section data-particle_enable=\"false\" data-particle-mobile-disabled=\"false\" class=\"elementor-section elementor-top-section elementor-element elementor-element-a3b0c7a elementor-section-height-min-height elementor-section-content-middle elementor-section-stretched elementor-section-boxed elementor-section-height-default elementor-section-items-middle\" data-id=\"a3b0c7a\" data-element_type=\"section\" data-e-type=\"section\" data-settings=\"{&quot;background_background&quot;:&quot;video&quot;,&quot;stretch_section&quot;:&quot;section-stretched&quot;,&quot;background_video_link&quot;:&quot;https:\\\/\\\/www.xmpie.com\\\/wp-content\\\/uploads\\\/2019\\\/02\\\/All-w1280.mp4&quot;,&quot;background_video_start&quot;:0}\">\n\t\t\t\t\t\t\t\t<div class=\"elementor-background-video-container elementor-hidden-mobile\">\n\t\t\t\t\t\t\t\t\t\t\t\t\t<video class=\"elementor-background-video-hosted\" role=\"presentation\" autoplay muted playsinline loop><\/video>\n\t\t\t\t\t\t\t\t\t\t\t<\/div>\n\t\t\t\t\t\t\t\t\t<div class=\"elementor-background-overlay\"><\/div>\n\t\t\t\t\t\t\t<div class=\"elementor-container elementor-column-gap-no\">\n\t\t\t\t\t<div class=\"elementor-column elementor-col-100 elementor-top-column elementor-element elementor-element-36701392\" data-id=\"36701392\" data-element_type=\"column\" data-e-type=\"column\">\n\t\t\t<div class=\"elementor-widget-wrap elementor-element-populated\">\n\t\t\t\t\t\t<div class=\"elementor-element elementor-element-2ea47660 elementor-widget elementor-widget-heading\" data-id=\"2ea47660\" data-element_type=\"widget\" data-e-type=\"widget\" data-widget_type=\"heading.default\">\n\t\t\t\t<div class=\"elementor-widget-container\">\n\t\t\t\t\t<h2 class=\"elementor-heading-title elementor-size-default\">T\u00e9l\u00e9chargement du logiciel d'\u00e9valuation uDirect<\/h2>\t\t\t\t<\/div>\n\t\t\t\t<\/div>\n\t\t\t\t<div class=\"elementor-element elementor-element-d010e72 elementor-widget elementor-widget-heading\" data-id=\"d010e72\" data-element_type=\"widget\" data-e-type=\"widget\" data-widget_type=\"heading.default\">\n\t\t\t\t<div class=\"elementor-widget-container\">\n\t\t\t\t\t<h2 class=\"elementor-heading-title elementor-size-default\">uDirect Trial Software<\/h2>\t\t\t\t<\/div>\n\t\t\t\t<\/div>\n\t\t\t\t<div class=\"elementor-element elementor-element-57f4e97c elementor-widget elementor-widget-text-editor\" data-id=\"57f4e97c\" data-element_type=\"widget\" data-e-type=\"widget\" data-widget_type=\"text-editor.default\">\n\t\t\t\t<div class=\"elementor-widget-container\">\n\t\t\t\t\t\t\t\t\t<p><strong>Versions gratuites d&rsquo;essai de logiciel uDirect, uImage et uChart sans capacit\u00e9 de production.<\/strong><\/p>\n\t\t\t\t\t\t\t\t<\/div>\n\t\t\t\t<\/div>\n\t\t\t\t<section data-particle_enable=\"false\" data-particle-mobile-disabled=\"false\" class=\"elementor-section elementor-inner-section elementor-element elementor-element-227cb85f elementor-section-boxed elementor-section-height-default elementor-section-height-default\" data-id=\"227cb85f\" data-element_type=\"section\" data-e-type=\"section\">\n\t\t\t\t\t\t<div class=\"elementor-container elementor-column-gap-wider\">\n\t\t\t\t\t<div class=\"elementor-column elementor-col-50 elementor-inner-column elementor-element elementor-element-5edc1d10\" data-id=\"5edc1d10\" data-element_type=\"column\" data-e-type=\"column\">\n\t\t\t<div class=\"elementor-widget-wrap elementor-element-populated\">\n\t\t\t\t\t\t<div class=\"elementor-element elementor-element-25f6b8a elementor-align-right elementor-mobile-align-center elementor-invisible elementor-widget elementor-widget-button\" data-id=\"25f6b8a\" data-element_type=\"widget\" data-e-type=\"widget\" data-settings=\"{&quot;_animation&quot;:&quot;slideInLeft&quot;}\" data-widget_type=\"button.default\">\n\t\t\t\t<div class=\"elementor-widget-container\">\n\t\t\t\t\t\t\t\t\t<div class=\"elementor-button-wrapper\">\n\t\t\t\t\t<a class=\"elementor-button elementor-button-link elementor-size-lg\" href=\"https:\/\/www.xmpie.com\/fr\/udirect-trial-software-download-pc\/\">\n\t\t\t\t\t\t<span class=\"elementor-button-content-wrapper\">\n\t\t\t\t\t\t\t\t\t<span class=\"elementor-button-text\">T\u00e9l\u00e9charger une d\u00e9mo - PC<\/span>\n\t\t\t\t\t<\/span>\n\t\t\t\t\t<\/a>\n\t\t\t\t<\/div>\n\t\t\t\t\t\t\t\t<\/div>\n\t\t\t\t<\/div>\n\t\t\t\t\t<\/div>\n\t\t<\/div>\n\t\t\t\t<div class=\"elementor-column elementor-col-50 elementor-inner-column elementor-element elementor-element-11197e59\" data-id=\"11197e59\" data-element_type=\"column\" data-e-type=\"column\">\n\t\t\t<div class=\"elementor-widget-wrap elementor-element-populated\">\n\t\t\t\t\t\t<div class=\"elementor-element elementor-element-670f102 elementor-button-success elementor-align-left elementor-mobile-align-center elementor-invisible elementor-widget elementor-widget-button\" data-id=\"670f102\" data-element_type=\"widget\" data-e-type=\"widget\" data-settings=\"{&quot;_animation&quot;:&quot;slideInRight&quot;}\" data-widget_type=\"button.default\">\n\t\t\t\t<div class=\"elementor-widget-container\">\n\t\t\t\t\t\t\t\t\t<div class=\"elementor-button-wrapper\">\n\t\t\t\t\t<a class=\"elementor-button elementor-button-link elementor-size-lg\" href=\"https:\/\/www.xmpie.com\/fr\/udirect-trial-software-download-mac-version\/\">\n\t\t\t\t\t\t<span class=\"elementor-button-content-wrapper\">\n\t\t\t\t\t\t\t\t\t<span class=\"elementor-button-text\">T\u00e9l\u00e9charger une d\u00e9mo - MAC<\/span>\n\t\t\t\t\t<\/span>\n\t\t\t\t\t<\/a>\n\t\t\t\t<\/div>\n\t\t\t\t\t\t\t\t<\/div>\n\t\t\t\t<\/div>\n\t\t\t\t\t<\/div>\n\t\t<\/div>\n\t\t\t\t\t<\/div>\n\t\t<\/section>\n\t\t\t\t<div class=\"elementor-element elementor-element-995526b elementor-widget elementor-widget-spacer\" data-id=\"995526b\" data-element_type=\"widget\" data-e-type=\"widget\" data-widget_type=\"spacer.default\">\n\t\t\t\t<div class=\"elementor-widget-container\">\n\t\t\t\t\t\t\t<div class=\"elementor-spacer\">\n\t\t\t<div class=\"elementor-spacer-inner\"><\/div>\n\t\t<\/div>\n\t\t\t\t\t\t<\/div>\n\t\t\t\t<\/div>\n\t\t\t\t<div class=\"elementor-element elementor-element-4a02f41 elementor-widget elementor-widget-text-editor\" data-id=\"4a02f41\" data-element_type=\"widget\" data-e-type=\"widget\" data-widget_type=\"text-editor.default\">\n\t\t\t\t<div class=\"elementor-widget-container\">\n\t\t\t\t\t\t\t\t\t<p style=\"text-align: center;\">The uDirect Trial software is a free trial version for evaluation of\u00a0<a href=\"https:\/\/www.xmpie.com\/products\/print-design-and-vdp\/udirect-classic\/\">uDirect<\/a>,\u00a0<a href=\"https:\/\/www.xmpie.com\/products\/creative-tools\/uimage\/\" target=\"_blank\" rel=\"noopener\">uImage\u00a0<\/a>and\u00a0<a href=\"https:\/\/www.xmpie.com\/products\/creative-tools\/uchart\/\">uChart\u00a0<\/a>with no production capability. Adobe InDesign is required.<\/p>\n<p style=\"text-align: center;\">Dynamic charts and personalized images print with a watermark. uDirect Trial does not require a license key, and may be used for an unlimited period of time. When purchasing uDirect, you will receive an activation (license) key.<\/p>\n<p style=\"text-align: center;\">The software can be run localized for: English, French, Italian, German, Spanish, Japanese and Chinese.<\/p>\n<p style=\"text-align: center;\">Warning \u2013 if you are currently using PersonalEffect server system, please do not install this version of uDirect until you have read the requirements document to ensure compatibility.<\/p>\n\t\t\t\t\t\t\t\t<\/div>\n\t\t\t\t<\/div>\n\t\t\t\t\t<\/div>\n\t\t<\/div>\n\t\t\t\t\t<\/div>\n\t\t<\/section>\n\t\t\t\t<section data-particle_enable=\"false\" data-particle-mobile-disabled=\"false\" class=\"elementor-section elementor-top-section elementor-element elementor-element-fac1f7d elementor-section-content-middle elementor-section-boxed elementor-section-height-default elementor-section-height-default\" data-id=\"fac1f7d\" data-element_type=\"section\" data-e-type=\"section\">\n\t\t\t\t\t\t<div class=\"elementor-container elementor-column-gap-no\">\n\t\t\t\t\t<div class=\"elementor-column elementor-col-100 elementor-top-column elementor-element elementor-element-31a4995a\" data-id=\"31a4995a\" data-element_type=\"column\" data-e-type=\"column\">\n\t\t\t<div class=\"elementor-widget-wrap elementor-element-populated\">\n\t\t\t\t\t\t<div class=\"elementor-element elementor-element-70c59dbf elementor-widget elementor-widget-heading\" data-id=\"70c59dbf\" data-element_type=\"widget\" data-e-type=\"widget\" data-widget_type=\"heading.default\">\n\t\t\t\t<div class=\"elementor-widget-container\">\n\t\t\t\t\t<h3 class=\"elementor-heading-title elementor-size-default\">Tutoriels Logiciels<\/h3>\t\t\t\t<\/div>\n\t\t\t\t<\/div>\n\t\t\t\t<section data-particle_enable=\"false\" data-particle-mobile-disabled=\"false\" class=\"elementor-section elementor-inner-section elementor-element elementor-element-84d7397 elementor-section-boxed elementor-section-height-default elementor-section-height-default\" data-id=\"84d7397\" data-element_type=\"section\" data-e-type=\"section\">\n\t\t\t\t\t\t<div class=\"elementor-container elementor-column-gap-default\">\n\t\t\t\t\t<div class=\"elementor-column elementor-col-50 elementor-inner-column elementor-element elementor-element-42dd0a85 animated-slow elementor-invisible\" data-id=\"42dd0a85\" data-element_type=\"column\" data-e-type=\"column\" data-settings=\"{&quot;animation&quot;:&quot;swing&quot;}\">\n\t\t\t<div class=\"elementor-widget-wrap elementor-element-populated\">\n\t\t\t\t\t\t<div class=\"elementor-element elementor-element-41a3c87 elementor-widget elementor-widget-image\" data-id=\"41a3c87\" data-element_type=\"widget\" data-e-type=\"widget\" data-widget_type=\"image.default\">\n\t\t\t\t<div class=\"elementor-widget-container\">\n\t\t\t\t\t\t\t\t\t\t\t\t\t\t\t<img decoding=\"async\" width=\"150\" height=\"150\" src=\"https:\/\/www.xmpie.com\/wp-content\/uploads\/2015\/08\/udirect-150x150.png\" class=\"attachment-thumbnail size-thumbnail wp-image-12826\" alt=\"\" \/>\t\t\t\t\t\t\t\t\t\t\t\t\t\t\t<\/div>\n\t\t\t\t<\/div>\n\t\t\t\t<div class=\"elementor-element elementor-element-756a70d3 elementor-widget elementor-widget-text-editor\" data-id=\"756a70d3\" data-element_type=\"widget\" data-e-type=\"widget\" data-widget_type=\"text-editor.default\">\n\t\t\t\t<div class=\"elementor-widget-container\">\n\t\t\t\t\t\t\t\t\t<h2>Tutoriel pour uDirect Classic<\/h2>\n<h2>Journ\u00e9e portes ouvertes \u00e0 EDU<\/h2>\n\t\t\t\t\t\t\t\t<\/div>\n\t\t\t\t<\/div>\n\t\t\t\t<div class=\"elementor-element elementor-element-131cfbd elementor-widget elementor-widget-text-editor\" data-id=\"131cfbd\" data-element_type=\"widget\" data-e-type=\"widget\" data-widget_type=\"text-editor.default\">\n\t\t\t\t<div class=\"elementor-widget-container\">\n\t\t\t\t\t\t\t\t\t<h3>Apprenez \u00e0 cr\u00e9er une simple campagne sur un support VDP, du concept \u00e0 la production<\/h3>\n\t\t\t\t\t\t\t\t<\/div>\n\t\t\t\t<\/div>\n\t\t\t\t<div class=\"elementor-element elementor-element-22d2734 elementor-widget elementor-widget-text-editor\" data-id=\"22d2734\" data-element_type=\"widget\" data-e-type=\"widget\" data-widget_type=\"text-editor.default\">\n\t\t\t\t<div class=\"elementor-widget-container\">\n\t\t\t\t\t\t\t\t\t<p>Ce tutoriel vous aidera \u00e0 d\u00e9marrer avec uDirect Classic, en vous montrant comment cr\u00e9er une simple campagne sur un support VDP, du concept \u00e0 la production. Dans le cadre de ce tutoriel, votre client est une universit\u00e9 fictive appel\u00e9e EDU. EDU vous demande de cr\u00e9er une nouvelle campagne intitul\u00e9e \u00ab Rejoignez EDU \u00bb, invitant les futurs \u00e9tudiants \u00e0 une journ\u00e9e portes ouvertes pour en apprendre davantage sur l&rsquo;universit\u00e9. Ce tutoriel prend environ 3 heures, veuillez planifier en cons\u00e9quence. Il est destin\u00e9 aux utilisateurs d&rsquo;Adobe InDesign CC qui souhaitent cr\u00e9er des documents \u00e0 donn\u00e9es variables. Si vous n&rsquo;avez jamais utilis\u00e9 InDesign, il est recommand\u00e9 de consulter l&rsquo;aide et\/ou la documentation d&rsquo;Adobe sur InDesign tout en travaillant avec ce turoriel.<\/p>\n\t\t\t\t\t\t\t\t<\/div>\n\t\t\t\t<\/div>\n\t\t\t\t<div class=\"elementor-element elementor-element-55f12fb elementor-align-center elementor-widget elementor-widget-button\" data-id=\"55f12fb\" data-element_type=\"widget\" data-e-type=\"widget\" data-widget_type=\"button.default\">\n\t\t\t\t<div class=\"elementor-widget-container\">\n\t\t\t\t\t\t\t\t\t<div class=\"elementor-button-wrapper\">\n\t\t\t\t\t<a class=\"elementor-button elementor-button-link elementor-size-sm\" href=\"https:\/\/www.xmpie.com\/fr\/udirect-classic-tutorial-edu-open-house-event\/\">\n\t\t\t\t\t\t<span class=\"elementor-button-content-wrapper\">\n\t\t\t\t\t\t\t\t\t<span class=\"elementor-button-text\">T\u00e9l\u00e9charger le Tutoriel<\/span>\n\t\t\t\t\t<\/span>\n\t\t\t\t\t<\/a>\n\t\t\t\t<\/div>\n\t\t\t\t\t\t\t\t<\/div>\n\t\t\t\t<\/div>\n\t\t\t\t\t<\/div>\n\t\t<\/div>\n\t\t\t\t<div class=\"elementor-column elementor-col-50 elementor-inner-column elementor-element elementor-element-1465067 animated-slow elementor-invisible\" data-id=\"1465067\" data-element_type=\"column\" data-e-type=\"column\" data-settings=\"{&quot;animation&quot;:&quot;swing&quot;}\">\n\t\t\t<div class=\"elementor-widget-wrap elementor-element-populated\">\n\t\t\t\t\t\t<div class=\"elementor-element elementor-element-6437ef8 elementor-widget elementor-widget-image\" data-id=\"6437ef8\" data-element_type=\"widget\" data-e-type=\"widget\" data-widget_type=\"image.default\">\n\t\t\t\t<div class=\"elementor-widget-container\">\n\t\t\t\t\t\t\t\t\t\t\t\t\t\t\t<img decoding=\"async\" width=\"150\" height=\"150\" src=\"https:\/\/www.xmpie.com\/wp-content\/uploads\/2015\/08\/udirect-studio-150x150.png\" class=\"attachment-thumbnail size-thumbnail wp-image-12831\" alt=\"\" \/>\t\t\t\t\t\t\t\t\t\t\t\t\t\t\t<\/div>\n\t\t\t\t<\/div>\n\t\t\t\t<div class=\"elementor-element elementor-element-8bc582c elementor-widget elementor-widget-text-editor\" data-id=\"8bc582c\" data-element_type=\"widget\" data-e-type=\"widget\" data-widget_type=\"text-editor.default\">\n\t\t\t\t<div class=\"elementor-widget-container\">\n\t\t\t\t\t\t\t\t\t<h2>Tutoriel pour uDirect Studio<\/h2>\n<h2>Journ\u00e9e portes ouvertes \u00e0 EDU<\/h2>\n\t\t\t\t\t\t\t\t<\/div>\n\t\t\t\t<\/div>\n\t\t\t\t<div class=\"elementor-element elementor-element-4d4eb74 elementor-widget elementor-widget-text-editor\" data-id=\"4d4eb74\" data-element_type=\"widget\" data-e-type=\"widget\" data-widget_type=\"text-editor.default\">\n\t\t\t\t<div class=\"elementor-widget-container\">\n\t\t\t\t\t\t\t\t\t<h3>Ajoutez une image personnalis\u00e9e et un graphique \u00e0 une campagne VDP simple.<\/h3>\n\t\t\t\t\t\t\t\t<\/div>\n\t\t\t\t<\/div>\n\t\t\t\t<div class=\"elementor-element elementor-element-7ae6a00 elementor-widget elementor-widget-text-editor\" data-id=\"7ae6a00\" data-element_type=\"widget\" data-e-type=\"widget\" data-widget_type=\"text-editor.default\">\n\t\t\t\t<div class=\"elementor-widget-container\">\n\t\t\t\t\t\t\t\t\t<p>Ce tutoriel vous aidera \u00e0 d\u00e9marrer avec uDirect Studio etest destin\u00e9 aux utilisateurs d&rsquo;Adobe InDesign CC qui souhaitent cr\u00e9er des documents de donn\u00e9es variables en utilisant des images personnalis\u00e9es et une cartographie ax\u00e9e sur les donn\u00e9es. Si vous n&rsquo;avez jamais utilis\u00e9 InDesign, il est recommand\u00e9 de consulter l&rsquo;aide et\/ou la documentation sur le produit.<\/p>\n\t\t\t\t\t\t\t\t<\/div>\n\t\t\t\t<\/div>\n\t\t\t\t<div class=\"elementor-element elementor-element-ff1053a elementor-align-center elementor-widget elementor-widget-button\" data-id=\"ff1053a\" data-element_type=\"widget\" data-e-type=\"widget\" data-widget_type=\"button.default\">\n\t\t\t\t<div class=\"elementor-widget-container\">\n\t\t\t\t\t\t\t\t\t<div class=\"elementor-button-wrapper\">\n\t\t\t\t\t<a class=\"elementor-button elementor-button-link elementor-size-sm\" href=\"https:\/\/www.xmpie.com\/fr\/udirect-studio-tutorial-edu-open-house-event\/\">\n\t\t\t\t\t\t<span class=\"elementor-button-content-wrapper\">\n\t\t\t\t\t\t\t\t\t<span class=\"elementor-button-text\">T\u00e9l\u00e9charger le Tutoriel<\/span>\n\t\t\t\t\t<\/span>\n\t\t\t\t\t<\/a>\n\t\t\t\t<\/div>\n\t\t\t\t\t\t\t\t<\/div>\n\t\t\t\t<\/div>\n\t\t\t\t\t<\/div>\n\t\t<\/div>\n\t\t\t\t\t<\/div>\n\t\t<\/section>\n\t\t\t\t\t<\/div>\n\t\t<\/div>\n\t\t\t\t\t<\/div>\n\t\t<\/section>\n\t\t\t\t<\/div>\n\t\t","protected":false},"excerpt":{"rendered":"<p>T\u00e9l\u00e9chargement du logiciel d&rsquo;\u00e9valuation uDirect uDirect Trial Software Versions gratuites d&rsquo;essai de logiciel uDirect, uImage et uChart sans capacit\u00e9 de production. T\u00e9l\u00e9charger une d\u00e9mo &#8211; PC T\u00e9l\u00e9charger une d\u00e9mo &#8211; MAC The uDirect&#8230;<\/p>\n","protected":false},"author":12,"featured_media":0,"parent":0,"menu_order":0,"comment_status":"closed","ping_status":"closed","template":"","meta":{"_acf_changed":false,"footnotes":""},"class_list":["post-56274","page","type-page","status-publish","hentry"],"acf":[],"yoast_head":"<!-- This site is optimized with the Yoast SEO Premium plugin v26.5 (Yoast SEO v27.1.1) - https:\/\/yoast.com\/product\/yoast-seo-premium-wordpress\/ -->\n<title>Logiciel et tutoriels d\u2019\u00e9valuation - XMPie<\/title>\n<meta name=\"robots\" content=\"index, follow, max-snippet:-1, max-image-preview:large, max-video-preview:-1\" \/>\n<link rel=\"canonical\" href=\"https:\/\/www.xmpie.com\/fr\/logiciel-et-tutoriels-devaluation\/\" \/>\n<meta property=\"og:locale\" content=\"fr_FR\" \/>\n<meta property=\"og:type\" content=\"article\" \/>\n<meta property=\"og:title\" content=\"Logiciel et tutoriels d\u2019\u00e9valuation\" \/>\n<meta property=\"og:description\" content=\"T\u00e9l\u00e9chargement du logiciel d&rsquo;\u00e9valuation uDirect uDirect Trial Software Versions gratuites d&rsquo;essai de logiciel uDirect, uImage et uChart sans capacit\u00e9 de production. T\u00e9l\u00e9charger une d\u00e9mo &#8211; PC T\u00e9l\u00e9charger une d\u00e9mo &#8211; MAC The uDirect...\" \/>\n<meta property=\"og:url\" content=\"https:\/\/www.xmpie.com\/fr\/logiciel-et-tutoriels-devaluation\/\" \/>\n<meta property=\"og:site_name\" content=\"XMPie\" \/>\n<meta property=\"article:publisher\" content=\"https:\/\/www.facebook.com\/xmpie\" \/>\n<meta property=\"article:modified_time\" content=\"2021-04-27T10:45:00+00:00\" \/>\n<meta property=\"og:image\" content=\"https:\/\/www.xmpie.com\/wp-content\/uploads\/2015\/08\/udirect-150x150.png\" \/>\n<meta name=\"twitter:card\" content=\"summary_large_image\" \/>\n<meta name=\"twitter:site\" content=\"@XMPie\" \/>\n<meta name=\"twitter:label1\" content=\"Dur\u00e9e de lecture estim\u00e9e\" \/>\n\t<meta name=\"twitter:data1\" content=\"2 minutes\" \/>\n<script type=\"application\/ld+json\" class=\"yoast-schema-graph\">{\"@context\":\"https:\/\/schema.org\",\"@graph\":[{\"@type\":\"WebPage\",\"@id\":\"https:\/\/www.xmpie.com\/fr\/logiciel-et-tutoriels-devaluation\/\",\"url\":\"https:\/\/www.xmpie.com\/fr\/logiciel-et-tutoriels-devaluation\/\",\"name\":\"Logiciel et tutoriels d\u2019\u00e9valuation - XMPie\",\"isPartOf\":{\"@id\":\"https:\/\/www.xmpie.com\/fr\/#website\"},\"primaryImageOfPage\":{\"@id\":\"https:\/\/www.xmpie.com\/fr\/logiciel-et-tutoriels-devaluation\/#primaryimage\"},\"image\":{\"@id\":\"https:\/\/www.xmpie.com\/fr\/logiciel-et-tutoriels-devaluation\/#primaryimage\"},\"thumbnailUrl\":\"https:\/\/www.xmpie.com\/wp-content\/uploads\/2015\/08\/udirect-150x150.png\",\"datePublished\":\"2019-02-24T08:14:35+00:00\",\"dateModified\":\"2021-04-27T10:45:00+00:00\",\"breadcrumb\":{\"@id\":\"https:\/\/www.xmpie.com\/fr\/logiciel-et-tutoriels-devaluation\/#breadcrumb\"},\"inLanguage\":\"fr-FR\",\"potentialAction\":[{\"@type\":\"ReadAction\",\"target\":[\"https:\/\/www.xmpie.com\/fr\/logiciel-et-tutoriels-devaluation\/\"]}]},{\"@type\":\"ImageObject\",\"inLanguage\":\"fr-FR\",\"@id\":\"https:\/\/www.xmpie.com\/fr\/logiciel-et-tutoriels-devaluation\/#primaryimage\",\"url\":\"https:\/\/www.xmpie.com\/wp-content\/uploads\/2015\/08\/udirect-150x150.png\",\"contentUrl\":\"https:\/\/www.xmpie.com\/wp-content\/uploads\/2015\/08\/udirect-150x150.png\"},{\"@type\":\"BreadcrumbList\",\"@id\":\"https:\/\/www.xmpie.com\/fr\/logiciel-et-tutoriels-devaluation\/#breadcrumb\",\"itemListElement\":[{\"@type\":\"ListItem\",\"position\":1,\"name\":\"Home\",\"item\":\"https:\/\/www.xmpie.com\/fr\/\"},{\"@type\":\"ListItem\",\"position\":2,\"name\":\"Logiciel et tutoriels d\u2019\u00e9valuation\"}]},{\"@type\":\"WebSite\",\"@id\":\"https:\/\/www.xmpie.com\/fr\/#website\",\"url\":\"https:\/\/www.xmpie.com\/fr\/\",\"name\":\"XMPie\",\"description\":\"Our Technology Integrates print and digital media to improve the brand experience\",\"publisher\":{\"@id\":\"https:\/\/www.xmpie.com\/fr\/#organization\"},\"potentialAction\":[{\"@type\":\"SearchAction\",\"target\":{\"@type\":\"EntryPoint\",\"urlTemplate\":\"https:\/\/www.xmpie.com\/fr\/?s={search_term_string}\"},\"query-input\":{\"@type\":\"PropertyValueSpecification\",\"valueRequired\":true,\"valueName\":\"search_term_string\"}}],\"inLanguage\":\"fr-FR\"},{\"@type\":\"Organization\",\"@id\":\"https:\/\/www.xmpie.com\/fr\/#organization\",\"name\":\"XMPie\",\"url\":\"https:\/\/www.xmpie.com\/fr\/\",\"logo\":{\"@type\":\"ImageObject\",\"inLanguage\":\"fr-FR\",\"@id\":\"https:\/\/www.xmpie.com\/fr\/#\/schema\/logo\/image\/\",\"url\":\"https:\/\/www.xmpie.com\/wp-content\/uploads\/2015\/07\/logo.png\",\"contentUrl\":\"https:\/\/www.xmpie.com\/wp-content\/uploads\/2015\/07\/logo.png\",\"width\":62,\"height\":62,\"caption\":\"XMPie\"},\"image\":{\"@id\":\"https:\/\/www.xmpie.com\/fr\/#\/schema\/logo\/image\/\"},\"sameAs\":[\"https:\/\/www.facebook.com\/xmpie\",\"https:\/\/x.com\/XMPie\",\"http:\/\/www.linkedin.com\/company\/xmpie\",\"https:\/\/www.pinterest.com\/XMPieCreate\/\",\"http:\/\/www.youtube.com\/xmpie\"]}]}<\/script>\n<!-- \/ Yoast SEO Premium plugin. -->","yoast_head_json":{"title":"Logiciel et tutoriels d\u2019\u00e9valuation - XMPie","robots":{"index":"index","follow":"follow","max-snippet":"max-snippet:-1","max-image-preview":"max-image-preview:large","max-video-preview":"max-video-preview:-1"},"canonical":"https:\/\/www.xmpie.com\/fr\/logiciel-et-tutoriels-devaluation\/","og_locale":"fr_FR","og_type":"article","og_title":"Logiciel et tutoriels d\u2019\u00e9valuation","og_description":"T\u00e9l\u00e9chargement du logiciel d&rsquo;\u00e9valuation uDirect uDirect Trial Software Versions gratuites d&rsquo;essai de logiciel uDirect, uImage et uChart sans capacit\u00e9 de production. T\u00e9l\u00e9charger une d\u00e9mo &#8211; PC T\u00e9l\u00e9charger une d\u00e9mo &#8211; MAC The uDirect...","og_url":"https:\/\/www.xmpie.com\/fr\/logiciel-et-tutoriels-devaluation\/","og_site_name":"XMPie","article_publisher":"https:\/\/www.facebook.com\/xmpie","article_modified_time":"2021-04-27T10:45:00+00:00","og_image":[{"url":"https:\/\/www.xmpie.com\/wp-content\/uploads\/2015\/08\/udirect-150x150.png","type":"","width":"","height":""}],"twitter_card":"summary_large_image","twitter_site":"@XMPie","twitter_misc":{"Dur\u00e9e de lecture estim\u00e9e":"2 minutes"},"schema":{"@context":"https:\/\/schema.org","@graph":[{"@type":"WebPage","@id":"https:\/\/www.xmpie.com\/fr\/logiciel-et-tutoriels-devaluation\/","url":"https:\/\/www.xmpie.com\/fr\/logiciel-et-tutoriels-devaluation\/","name":"Logiciel et tutoriels d\u2019\u00e9valuation - XMPie","isPartOf":{"@id":"https:\/\/www.xmpie.com\/fr\/#website"},"primaryImageOfPage":{"@id":"https:\/\/www.xmpie.com\/fr\/logiciel-et-tutoriels-devaluation\/#primaryimage"},"image":{"@id":"https:\/\/www.xmpie.com\/fr\/logiciel-et-tutoriels-devaluation\/#primaryimage"},"thumbnailUrl":"https:\/\/www.xmpie.com\/wp-content\/uploads\/2015\/08\/udirect-150x150.png","datePublished":"2019-02-24T08:14:35+00:00","dateModified":"2021-04-27T10:45:00+00:00","breadcrumb":{"@id":"https:\/\/www.xmpie.com\/fr\/logiciel-et-tutoriels-devaluation\/#breadcrumb"},"inLanguage":"fr-FR","potentialAction":[{"@type":"ReadAction","target":["https:\/\/www.xmpie.com\/fr\/logiciel-et-tutoriels-devaluation\/"]}]},{"@type":"ImageObject","inLanguage":"fr-FR","@id":"https:\/\/www.xmpie.com\/fr\/logiciel-et-tutoriels-devaluation\/#primaryimage","url":"https:\/\/www.xmpie.com\/wp-content\/uploads\/2015\/08\/udirect-150x150.png","contentUrl":"https:\/\/www.xmpie.com\/wp-content\/uploads\/2015\/08\/udirect-150x150.png"},{"@type":"BreadcrumbList","@id":"https:\/\/www.xmpie.com\/fr\/logiciel-et-tutoriels-devaluation\/#breadcrumb","itemListElement":[{"@type":"ListItem","position":1,"name":"Home","item":"https:\/\/www.xmpie.com\/fr\/"},{"@type":"ListItem","position":2,"name":"Logiciel et tutoriels d\u2019\u00e9valuation"}]},{"@type":"WebSite","@id":"https:\/\/www.xmpie.com\/fr\/#website","url":"https:\/\/www.xmpie.com\/fr\/","name":"XMPie","description":"Our Technology Integrates print and digital media to improve the brand experience","publisher":{"@id":"https:\/\/www.xmpie.com\/fr\/#organization"},"potentialAction":[{"@type":"SearchAction","target":{"@type":"EntryPoint","urlTemplate":"https:\/\/www.xmpie.com\/fr\/?s={search_term_string}"},"query-input":{"@type":"PropertyValueSpecification","valueRequired":true,"valueName":"search_term_string"}}],"inLanguage":"fr-FR"},{"@type":"Organization","@id":"https:\/\/www.xmpie.com\/fr\/#organization","name":"XMPie","url":"https:\/\/www.xmpie.com\/fr\/","logo":{"@type":"ImageObject","inLanguage":"fr-FR","@id":"https:\/\/www.xmpie.com\/fr\/#\/schema\/logo\/image\/","url":"https:\/\/www.xmpie.com\/wp-content\/uploads\/2015\/07\/logo.png","contentUrl":"https:\/\/www.xmpie.com\/wp-content\/uploads\/2015\/07\/logo.png","width":62,"height":62,"caption":"XMPie"},"image":{"@id":"https:\/\/www.xmpie.com\/fr\/#\/schema\/logo\/image\/"},"sameAs":["https:\/\/www.facebook.com\/xmpie","https:\/\/x.com\/XMPie","http:\/\/www.linkedin.com\/company\/xmpie","https:\/\/www.pinterest.com\/XMPieCreate\/","http:\/\/www.youtube.com\/xmpie"]}]}},"_links":{"self":[{"href":"https:\/\/www.xmpie.com\/fr\/wp-json\/wp\/v2\/pages\/56274","targetHints":{"allow":["GET"]}}],"collection":[{"href":"https:\/\/www.xmpie.com\/fr\/wp-json\/wp\/v2\/pages"}],"about":[{"href":"https:\/\/www.xmpie.com\/fr\/wp-json\/wp\/v2\/types\/page"}],"author":[{"embeddable":true,"href":"https:\/\/www.xmpie.com\/fr\/wp-json\/wp\/v2\/users\/12"}],"replies":[{"embeddable":true,"href":"https:\/\/www.xmpie.com\/fr\/wp-json\/wp\/v2\/comments?post=56274"}],"version-history":[{"count":3,"href":"https:\/\/www.xmpie.com\/fr\/wp-json\/wp\/v2\/pages\/56274\/revisions"}],"predecessor-version":[{"id":83204,"href":"https:\/\/www.xmpie.com\/fr\/wp-json\/wp\/v2\/pages\/56274\/revisions\/83204"}],"wp:attachment":[{"href":"https:\/\/www.xmpie.com\/fr\/wp-json\/wp\/v2\/media?parent=56274"}],"curies":[{"name":"wp","href":"https:\/\/api.w.org\/{rel}","templated":true}]}}