{"id":9103,"date":"2015-07-22T07:53:18","date_gmt":"2015-07-22T07:53:18","guid":{"rendered":"https:\/\/www.xmpie.com\/page-daccueil\/?lang=fr"},"modified":"2023-11-22T21:12:21","modified_gmt":"2023-11-22T21:12:21","slug":"home","status":"publish","type":"page","link":"https:\/\/www.xmpie.com\/fr\/","title":{"rendered":"Page d&rsquo;accueil"},"content":{"rendered":"<p>PLUSIEURS CANAUX.<br \/>\nUNE CONVERSATION.<br \/>\nLa technologie de pointe pour engager votre public dans des communications pertinentes et personnalis\u00e9es par le biais de points de contact sous forme de m\u00e9dias imprim\u00e9s et num\u00e9riques.<br \/>\nNOUS POUVONS VOUS AIDER \u00c0 R\u00c9USSIR VOTRE CAMPAGNE<br \/>\nExplorez les possibilit\u00e9s qui s&rsquo;offrent \u00e0 vous avec XMPie<br \/>\nNOTRE TECHNOLOGIE INT\u00c8GRE DES M\u00c9DIAS IMPRIM\u00c9S ET NUM\u00c9RIQUES POUR OPTIMISER L&rsquo;EXP\u00c9RIENCE DE LA MARQUE<br \/>\nPlacez le client au centre de chaque communication.<br \/>\nVOYEZ<br \/>\nCE QUE<br \/>\nNOS CLIENTS DISENT DE NOUS<br \/>\nLa technologie XMPie est largement utilis\u00e9e par toute une panoplie d&rsquo;entreprises et d&rsquo;industries \u00e0 travers le monde pour transformer les communications avec les clients.<br \/>\n\u00ab\u00a0Au cours des 3\u00a0derni\u00e8res ann\u00e9es, nous avons connu une croissance de plus de 25\u00a0% et nous pensons que cette hausse est due \u00e0 l&rsquo;achat de la gamme compl\u00e8te des produits XMPie, que nous avons justement achet\u00e9 il y a 3\u00a0ans et qui a propuls\u00e9 nos activit\u00e9s d&rsquo;impression num\u00e9rique \u00e0 des activit\u00e9s de technologies\u00a0\u00bb.<br \/>\nKenneth Shriber, Ditto Documents (\u00c9.-U)<br \/>\n\u00ab\u00a0Cette transformation a \u00e9t\u00e9 ph\u00e9nom\u00e9nale, parce que peu importe la complexit\u00e9 des demandes de nos clients, XMPie vous permet de faire tellement&#8230; [Nos clients] ne r\u00e9alisent pas avec quelle facilit\u00e9 XMPie nous a permis de satisfaire aux besoins de nos clients\u00a0\u00bb<br \/>\nMari McGrath, Digitalx-Press<br \/>\n\u00ab\u00a0Nous avons fait des campagnes d&rsquo;e-mailing en utilisant la personnalisation de XMPie dont le taux de r\u00e9ponse a atteint 47\u00a0pour cent. Les clients ont d\u00fb mettre fin \u00e0 la campagne parce qu&rsquo;elle avait trop bien r\u00e9ussi\u00a0!\u00a0\u00bb<br \/>\nKathy Levinksi, Directrice de Orange Door Direct Agency (Canada)<\/p>\n<p>XMPie a \u00e9t\u00e9 con\u00e7u pour \u00eatre un syst\u00e8me ouvert. L&rsquo;architecture de notre technologie s&rsquo;adapte facilement \u00e0 votre solution. Nos gammes de produits modulables prennent en charge la croissance de votre entreprise.<br \/>\nD\u00c9COUVRIR XMPIE<br \/>\nR\u00c9USSITES AVEC LES CLIENTS DANS VOTRE SECTEUR<\/p>\n<p>MAISON DE CONCEPTION<br \/>\nExploitez la technologie d\u2019Adobe technologie pour produire des communications personnalis\u00e9es et puissantes cibl\u00e9es \u00e0 chaque destinataire.<\/p>\n<p>FOURNISSEUR D&rsquo;IMPRESSION<br \/>\nConstruisez vos propres applications Web-to-print et d&rsquo;impression \u00e0 la demande et obtenez des produits d&rsquo;impression de donn\u00e9es variables.<\/p>\n<p>AGENCE<br \/>\nTransformez l&rsquo;exp\u00e9rience client avec notre technologie de personnalisation bouleversante.<\/p>\n<p>SMB<br \/>\nG\u00e9rez les relations avec votre client\u00e8le en personnalisant le contenu.<\/p>\n<p>ENTREPRISE<br \/>\nConfigurez et personnalisez votre solution XMPie pour r\u00e9pondre \u00e0 vos besoins commerciaux uniques.<\/p>\n","protected":false},"excerpt":{"rendered":"<p>PLUSIEURS CANAUX. UNE CONVERSATION. La technologie de pointe pour engager votre public dans des communications pertinentes et personnalis\u00e9es par le biais de points de contact sous forme de m\u00e9dias imprim\u00e9s et num\u00e9riques. NOUS&#8230;<\/p>\n","protected":false},"author":1,"featured_media":0,"parent":0,"menu_order":-1,"comment_status":"open","ping_status":"open","template":"templates\/home.php","meta":{"_acf_changed":false,"footnotes":""},"class_list":["post-9103","page","type-page","status-publish","hentry"],"acf":[],"yoast_head":"<!-- This site is optimized with the Yoast SEO Premium plugin v26.5 (Yoast SEO v27.1.1) - https:\/\/yoast.com\/product\/yoast-seo-premium-wordpress\/ -->\n<title>Logiciel de marketing VDP et multicanal | XMPie<\/title>\n<meta name=\"description\" content=\"La technologie la plus intelligente pour aider \u00e0 atteindre votre public avec des communications pertinentes et personnalis\u00e9es par le biais de m\u00e9dias imprim\u00e9s et num\u00e9riques.\" \/>\n<meta name=\"robots\" content=\"index, follow, max-snippet:-1, max-image-preview:large, max-video-preview:-1\" \/>\n<link rel=\"canonical\" href=\"https:\/\/www.xmpie.com\/fr\/\" \/>\n<meta property=\"og:locale\" content=\"fr_FR\" \/>\n<meta property=\"og:type\" content=\"article\" \/>\n<meta property=\"og:title\" content=\"Page d&#039;accueil\" \/>\n<meta property=\"og:description\" content=\"La technologie la plus intelligente pour aider \u00e0 atteindre votre public avec des communications pertinentes et personnalis\u00e9es par le biais de m\u00e9dias imprim\u00e9s et num\u00e9riques.\" \/>\n<meta property=\"og:url\" content=\"https:\/\/www.xmpie.com\/fr\/\" \/>\n<meta property=\"og:site_name\" content=\"XMPie\" \/>\n<meta property=\"article:publisher\" content=\"https:\/\/www.facebook.com\/xmpie\" \/>\n<meta property=\"article:modified_time\" content=\"2023-11-22T21:12:21+00:00\" \/>\n<meta name=\"twitter:card\" content=\"summary_large_image\" \/>\n<meta name=\"twitter:site\" content=\"@XMPie\" \/>\n<meta name=\"twitter:label1\" content=\"Dur\u00e9e de lecture estim\u00e9e\" \/>\n\t<meta name=\"twitter:data1\" content=\"2 minutes\" \/>\n<script type=\"application\/ld+json\" class=\"yoast-schema-graph\">{\"@context\":\"https:\/\/schema.org\",\"@graph\":[{\"@type\":\"WebPage\",\"@id\":\"https:\/\/www.xmpie.com\/fr\/\",\"url\":\"https:\/\/www.xmpie.com\/fr\/\",\"name\":\"Logiciel de marketing VDP et multicanal | XMPie\",\"isPartOf\":{\"@id\":\"https:\/\/www.xmpie.com\/fr\/#website\"},\"datePublished\":\"2015-07-22T07:53:18+00:00\",\"dateModified\":\"2023-11-22T21:12:21+00:00\",\"description\":\"La technologie la plus intelligente pour aider \u00e0 atteindre votre public avec des communications pertinentes et personnalis\u00e9es par le biais de m\u00e9dias imprim\u00e9s et num\u00e9riques.\",\"breadcrumb\":{\"@id\":\"https:\/\/www.xmpie.com\/fr\/#breadcrumb\"},\"inLanguage\":\"fr-FR\",\"potentialAction\":[{\"@type\":\"ReadAction\",\"target\":[\"https:\/\/www.xmpie.com\/fr\/\"]}]},{\"@type\":\"BreadcrumbList\",\"@id\":\"https:\/\/www.xmpie.com\/fr\/#breadcrumb\",\"itemListElement\":[{\"@type\":\"ListItem\",\"position\":1,\"name\":\"Home\",\"item\":\"https:\/\/www.xmpie.com\/fr\/\"},{\"@type\":\"ListItem\",\"position\":2,\"name\":\"Page d&rsquo;accueil\"}]},{\"@type\":\"WebSite\",\"@id\":\"https:\/\/www.xmpie.com\/fr\/#website\",\"url\":\"https:\/\/www.xmpie.com\/fr\/\",\"name\":\"XMPie\",\"description\":\"Our Technology Integrates print and digital media to improve the brand experience\",\"publisher\":{\"@id\":\"https:\/\/www.xmpie.com\/fr\/#organization\"},\"potentialAction\":[{\"@type\":\"SearchAction\",\"target\":{\"@type\":\"EntryPoint\",\"urlTemplate\":\"https:\/\/www.xmpie.com\/fr\/?s={search_term_string}\"},\"query-input\":{\"@type\":\"PropertyValueSpecification\",\"valueRequired\":true,\"valueName\":\"search_term_string\"}}],\"inLanguage\":\"fr-FR\"},{\"@type\":\"Organization\",\"@id\":\"https:\/\/www.xmpie.com\/fr\/#organization\",\"name\":\"XMPie\",\"url\":\"https:\/\/www.xmpie.com\/fr\/\",\"logo\":{\"@type\":\"ImageObject\",\"inLanguage\":\"fr-FR\",\"@id\":\"https:\/\/www.xmpie.com\/fr\/#\/schema\/logo\/image\/\",\"url\":\"https:\/\/www.xmpie.com\/wp-content\/uploads\/2015\/07\/logo.png\",\"contentUrl\":\"https:\/\/www.xmpie.com\/wp-content\/uploads\/2015\/07\/logo.png\",\"width\":62,\"height\":62,\"caption\":\"XMPie\"},\"image\":{\"@id\":\"https:\/\/www.xmpie.com\/fr\/#\/schema\/logo\/image\/\"},\"sameAs\":[\"https:\/\/www.facebook.com\/xmpie\",\"https:\/\/x.com\/XMPie\",\"http:\/\/www.linkedin.com\/company\/xmpie\",\"https:\/\/www.pinterest.com\/XMPieCreate\/\",\"http:\/\/www.youtube.com\/xmpie\"]}]}<\/script>\n<!-- \/ Yoast SEO Premium plugin. -->","yoast_head_json":{"title":"Logiciel de marketing VDP et multicanal | XMPie","description":"La technologie la plus intelligente pour aider \u00e0 atteindre votre public avec des communications pertinentes et personnalis\u00e9es par le biais de m\u00e9dias imprim\u00e9s et num\u00e9riques.","robots":{"index":"index","follow":"follow","max-snippet":"max-snippet:-1","max-image-preview":"max-image-preview:large","max-video-preview":"max-video-preview:-1"},"canonical":"https:\/\/www.xmpie.com\/fr\/","og_locale":"fr_FR","og_type":"article","og_title":"Page d'accueil","og_description":"La technologie la plus intelligente pour aider \u00e0 atteindre votre public avec des communications pertinentes et personnalis\u00e9es par le biais de m\u00e9dias imprim\u00e9s et num\u00e9riques.","og_url":"https:\/\/www.xmpie.com\/fr\/","og_site_name":"XMPie","article_publisher":"https:\/\/www.facebook.com\/xmpie","article_modified_time":"2023-11-22T21:12:21+00:00","twitter_card":"summary_large_image","twitter_site":"@XMPie","twitter_misc":{"Dur\u00e9e de lecture estim\u00e9e":"2 minutes"},"schema":{"@context":"https:\/\/schema.org","@graph":[{"@type":"WebPage","@id":"https:\/\/www.xmpie.com\/fr\/","url":"https:\/\/www.xmpie.com\/fr\/","name":"Logiciel de marketing VDP et multicanal | XMPie","isPartOf":{"@id":"https:\/\/www.xmpie.com\/fr\/#website"},"datePublished":"2015-07-22T07:53:18+00:00","dateModified":"2023-11-22T21:12:21+00:00","description":"La technologie la plus intelligente pour aider \u00e0 atteindre votre public avec des communications pertinentes et personnalis\u00e9es par le biais de m\u00e9dias imprim\u00e9s et num\u00e9riques.","breadcrumb":{"@id":"https:\/\/www.xmpie.com\/fr\/#breadcrumb"},"inLanguage":"fr-FR","potentialAction":[{"@type":"ReadAction","target":["https:\/\/www.xmpie.com\/fr\/"]}]},{"@type":"BreadcrumbList","@id":"https:\/\/www.xmpie.com\/fr\/#breadcrumb","itemListElement":[{"@type":"ListItem","position":1,"name":"Home","item":"https:\/\/www.xmpie.com\/fr\/"},{"@type":"ListItem","position":2,"name":"Page d&rsquo;accueil"}]},{"@type":"WebSite","@id":"https:\/\/www.xmpie.com\/fr\/#website","url":"https:\/\/www.xmpie.com\/fr\/","name":"XMPie","description":"Our Technology Integrates print and digital media to improve the brand experience","publisher":{"@id":"https:\/\/www.xmpie.com\/fr\/#organization"},"potentialAction":[{"@type":"SearchAction","target":{"@type":"EntryPoint","urlTemplate":"https:\/\/www.xmpie.com\/fr\/?s={search_term_string}"},"query-input":{"@type":"PropertyValueSpecification","valueRequired":true,"valueName":"search_term_string"}}],"inLanguage":"fr-FR"},{"@type":"Organization","@id":"https:\/\/www.xmpie.com\/fr\/#organization","name":"XMPie","url":"https:\/\/www.xmpie.com\/fr\/","logo":{"@type":"ImageObject","inLanguage":"fr-FR","@id":"https:\/\/www.xmpie.com\/fr\/#\/schema\/logo\/image\/","url":"https:\/\/www.xmpie.com\/wp-content\/uploads\/2015\/07\/logo.png","contentUrl":"https:\/\/www.xmpie.com\/wp-content\/uploads\/2015\/07\/logo.png","width":62,"height":62,"caption":"XMPie"},"image":{"@id":"https:\/\/www.xmpie.com\/fr\/#\/schema\/logo\/image\/"},"sameAs":["https:\/\/www.facebook.com\/xmpie","https:\/\/x.com\/XMPie","http:\/\/www.linkedin.com\/company\/xmpie","https:\/\/www.pinterest.com\/XMPieCreate\/","http:\/\/www.youtube.com\/xmpie"]}]}},"_links":{"self":[{"href":"https:\/\/www.xmpie.com\/fr\/wp-json\/wp\/v2\/pages\/9103","targetHints":{"allow":["GET"]}}],"collection":[{"href":"https:\/\/www.xmpie.com\/fr\/wp-json\/wp\/v2\/pages"}],"about":[{"href":"https:\/\/www.xmpie.com\/fr\/wp-json\/wp\/v2\/types\/page"}],"author":[{"embeddable":true,"href":"https:\/\/www.xmpie.com\/fr\/wp-json\/wp\/v2\/users\/1"}],"replies":[{"embeddable":true,"href":"https:\/\/www.xmpie.com\/fr\/wp-json\/wp\/v2\/comments?post=9103"}],"version-history":[{"count":2,"href":"https:\/\/www.xmpie.com\/fr\/wp-json\/wp\/v2\/pages\/9103\/revisions"}],"predecessor-version":[{"id":76115,"href":"https:\/\/www.xmpie.com\/fr\/wp-json\/wp\/v2\/pages\/9103\/revisions\/76115"}],"wp:attachment":[{"href":"https:\/\/www.xmpie.com\/fr\/wp-json\/wp\/v2\/media?parent=9103"}],"curies":[{"name":"wp","href":"https:\/\/api.w.org\/{rel}","templated":true}]}}