{"id":9271,"date":"2016-04-11T13:42:12","date_gmt":"2016-04-11T13:42:12","guid":{"rendered":"https:\/\/www.xmpie.com\/socit\/?lang=fr"},"modified":"2021-03-24T12:46:40","modified_gmt":"2021-03-24T12:46:40","slug":"socit","status":"publish","type":"page","link":"https:\/\/www.xmpie.com\/fr\/propose-de-xmpie\/socit\/","title":{"rendered":"Soci\u00e9t\u00e9"},"content":{"rendered":"<p><img decoding=\"async\" class=\"size-full wp-image-31 aligncenter\" src=\"https:\/\/www.xmpie.com\/wp-content\/uploads\/2015\/07\/footer-logo.png\" alt=\"footer-logo\" width=\"136\" height=\"104\" \/><\/p>\n<h3 style=\"text-align: center;\">XMPie, fournisseur leader de logiciels pour le cross-m\u00e9dia<\/h3>\n<h3 style=\"text-align: center;\">marketing personnalis\u00e9es avec donn\u00e9es variables offre des solutions aidant les entreprises \u00e0 cr\u00e9er<\/h3>\n<h3 style=\"text-align: center;\">et g\u00e9rer des campagnes de marketing direct et avec le cross-m\u00e9dia particuli\u00e8rement efficaces.<\/h3>\n<p style=\"text-align: center;\">XMPie a \u00e9t\u00e9 fond\u00e9e en 2000 par des anciens employ\u00e9s et visionnaires de Scitex et EFI qui, avant le lancement de XMPie,<\/p>\n<p style=\"text-align: center;\">ont contribu\u00e9 de mani\u00e8re significative aux solutions d&rsquo;impression num\u00e9rique et analogiques innovantes cr\u00e9\u00e9s par ces entreprises.<\/p>\n","protected":false},"excerpt":{"rendered":"<p>XMPie, fournisseur leader de logiciels pour le cross-m\u00e9dia marketing personnalis\u00e9es avec donn\u00e9es variables offre des solutions aidant les entreprises \u00e0 cr\u00e9er et g\u00e9rer des campagnes de marketing direct et avec le cross-m\u00e9dia particuli\u00e8rement&#8230;<\/p>\n","protected":false},"author":1,"featured_media":0,"parent":9299,"menu_order":0,"comment_status":"open","ping_status":"open","template":"templates\/about.php","meta":{"_acf_changed":false,"footnotes":""},"class_list":["post-9271","page","type-page","status-publish","hentry"],"acf":[],"yoast_head":"<!-- This site is optimized with the Yoast SEO Premium plugin v26.5 (Yoast SEO v27.4) - https:\/\/yoast.com\/product\/yoast-seo-premium-wordpress\/ -->\n<title>Soci\u00e9t\u00e9 - XMPie<\/title>\n<meta name=\"robots\" content=\"index, follow, max-snippet:-1, max-image-preview:large, max-video-preview:-1\" \/>\n<link rel=\"canonical\" href=\"https:\/\/www.xmpie.com\/fr\/propose-de-xmpie\/socit\/\" \/>\n<meta property=\"og:locale\" content=\"fr_FR\" \/>\n<meta property=\"og:type\" content=\"article\" \/>\n<meta property=\"og:title\" content=\"Soci\u00e9t\u00e9\" \/>\n<meta property=\"og:description\" content=\"XMPie, fournisseur leader de logiciels pour le cross-m\u00e9dia marketing personnalis\u00e9es avec donn\u00e9es variables offre des solutions aidant les entreprises \u00e0 cr\u00e9er et g\u00e9rer des campagnes de marketing direct et avec le cross-m\u00e9dia particuli\u00e8rement...\" \/>\n<meta property=\"og:url\" content=\"https:\/\/www.xmpie.com\/fr\/propose-de-xmpie\/socit\/\" \/>\n<meta property=\"og:site_name\" content=\"XMPie\" \/>\n<meta property=\"article:publisher\" content=\"https:\/\/www.facebook.com\/xmpie\" \/>\n<meta property=\"article:modified_time\" content=\"2021-03-24T12:46:40+00:00\" \/>\n<meta property=\"og:image\" content=\"https:\/\/www.xmpie.com\/wp-content\/uploads\/2015\/07\/footer-logo.png\" \/>\n<meta name=\"twitter:card\" content=\"summary_large_image\" \/>\n<meta name=\"twitter:site\" content=\"@XMPie\" \/>\n<script type=\"application\/ld+json\" class=\"yoast-schema-graph\">{\"@context\":\"https:\\\/\\\/schema.org\",\"@graph\":[{\"@type\":\"WebPage\",\"@id\":\"https:\\\/\\\/www.xmpie.com\\\/fr\\\/propose-de-xmpie\\\/socit\\\/\",\"url\":\"https:\\\/\\\/www.xmpie.com\\\/fr\\\/propose-de-xmpie\\\/socit\\\/\",\"name\":\"Soci\u00e9t\u00e9 - XMPie\",\"isPartOf\":{\"@id\":\"https:\\\/\\\/www.xmpie.com\\\/fr\\\/#website\"},\"primaryImageOfPage\":{\"@id\":\"https:\\\/\\\/www.xmpie.com\\\/fr\\\/propose-de-xmpie\\\/socit\\\/#primaryimage\"},\"image\":{\"@id\":\"https:\\\/\\\/www.xmpie.com\\\/fr\\\/propose-de-xmpie\\\/socit\\\/#primaryimage\"},\"thumbnailUrl\":\"https:\\\/\\\/www.xmpie.com\\\/wp-content\\\/uploads\\\/2015\\\/07\\\/footer-logo.png\",\"datePublished\":\"2016-04-11T13:42:12+00:00\",\"dateModified\":\"2021-03-24T12:46:40+00:00\",\"breadcrumb\":{\"@id\":\"https:\\\/\\\/www.xmpie.com\\\/fr\\\/propose-de-xmpie\\\/socit\\\/#breadcrumb\"},\"inLanguage\":\"fr-FR\",\"potentialAction\":[{\"@type\":\"ReadAction\",\"target\":[\"https:\\\/\\\/www.xmpie.com\\\/fr\\\/propose-de-xmpie\\\/socit\\\/\"]}]},{\"@type\":\"ImageObject\",\"inLanguage\":\"fr-FR\",\"@id\":\"https:\\\/\\\/www.xmpie.com\\\/fr\\\/propose-de-xmpie\\\/socit\\\/#primaryimage\",\"url\":\"https:\\\/\\\/www.xmpie.com\\\/wp-content\\\/uploads\\\/2015\\\/07\\\/footer-logo.png\",\"contentUrl\":\"https:\\\/\\\/www.xmpie.com\\\/wp-content\\\/uploads\\\/2015\\\/07\\\/footer-logo.png\"},{\"@type\":\"BreadcrumbList\",\"@id\":\"https:\\\/\\\/www.xmpie.com\\\/fr\\\/propose-de-xmpie\\\/socit\\\/#breadcrumb\",\"itemListElement\":[{\"@type\":\"ListItem\",\"position\":1,\"name\":\"Home\",\"item\":\"https:\\\/\\\/www.xmpie.com\\\/fr\\\/\"},{\"@type\":\"ListItem\",\"position\":2,\"name\":\"\u00c0 propose de XMPIE\",\"item\":\"https:\\\/\\\/www.xmpie.com\\\/fr\\\/propose-de-xmpie\\\/\"},{\"@type\":\"ListItem\",\"position\":3,\"name\":\"Soci\u00e9t\u00e9\"}]},{\"@type\":\"WebSite\",\"@id\":\"https:\\\/\\\/www.xmpie.com\\\/fr\\\/#website\",\"url\":\"https:\\\/\\\/www.xmpie.com\\\/fr\\\/\",\"name\":\"XMPie\",\"description\":\"Our Technology Integrates print and digital media to improve the brand experience\",\"publisher\":{\"@id\":\"https:\\\/\\\/www.xmpie.com\\\/fr\\\/#organization\"},\"potentialAction\":[{\"@type\":\"SearchAction\",\"target\":{\"@type\":\"EntryPoint\",\"urlTemplate\":\"https:\\\/\\\/www.xmpie.com\\\/fr\\\/?s={search_term_string}\"},\"query-input\":{\"@type\":\"PropertyValueSpecification\",\"valueRequired\":true,\"valueName\":\"search_term_string\"}}],\"inLanguage\":\"fr-FR\"},{\"@type\":\"Organization\",\"@id\":\"https:\\\/\\\/www.xmpie.com\\\/fr\\\/#organization\",\"name\":\"XMPie\",\"url\":\"https:\\\/\\\/www.xmpie.com\\\/fr\\\/\",\"logo\":{\"@type\":\"ImageObject\",\"inLanguage\":\"fr-FR\",\"@id\":\"https:\\\/\\\/www.xmpie.com\\\/fr\\\/#\\\/schema\\\/logo\\\/image\\\/\",\"url\":\"https:\\\/\\\/www.xmpie.com\\\/wp-content\\\/uploads\\\/2015\\\/07\\\/logo.png\",\"contentUrl\":\"https:\\\/\\\/www.xmpie.com\\\/wp-content\\\/uploads\\\/2015\\\/07\\\/logo.png\",\"width\":62,\"height\":62,\"caption\":\"XMPie\"},\"image\":{\"@id\":\"https:\\\/\\\/www.xmpie.com\\\/fr\\\/#\\\/schema\\\/logo\\\/image\\\/\"},\"sameAs\":[\"https:\\\/\\\/www.facebook.com\\\/xmpie\",\"https:\\\/\\\/x.com\\\/XMPie\",\"http:\\\/\\\/www.linkedin.com\\\/company\\\/xmpie\",\"https:\\\/\\\/www.pinterest.com\\\/XMPieCreate\\\/\",\"http:\\\/\\\/www.youtube.com\\\/xmpie\"]}]}<\/script>\n<!-- \/ Yoast SEO Premium plugin. -->","yoast_head_json":{"title":"Soci\u00e9t\u00e9 - XMPie","robots":{"index":"index","follow":"follow","max-snippet":"max-snippet:-1","max-image-preview":"max-image-preview:large","max-video-preview":"max-video-preview:-1"},"canonical":"https:\/\/www.xmpie.com\/fr\/propose-de-xmpie\/socit\/","og_locale":"fr_FR","og_type":"article","og_title":"Soci\u00e9t\u00e9","og_description":"XMPie, fournisseur leader de logiciels pour le cross-m\u00e9dia marketing personnalis\u00e9es avec donn\u00e9es variables offre des solutions aidant les entreprises \u00e0 cr\u00e9er et g\u00e9rer des campagnes de marketing direct et avec le cross-m\u00e9dia particuli\u00e8rement...","og_url":"https:\/\/www.xmpie.com\/fr\/propose-de-xmpie\/socit\/","og_site_name":"XMPie","article_publisher":"https:\/\/www.facebook.com\/xmpie","article_modified_time":"2021-03-24T12:46:40+00:00","og_image":[{"url":"https:\/\/www.xmpie.com\/wp-content\/uploads\/2015\/07\/footer-logo.png","type":"","width":"","height":""}],"twitter_card":"summary_large_image","twitter_site":"@XMPie","schema":{"@context":"https:\/\/schema.org","@graph":[{"@type":"WebPage","@id":"https:\/\/www.xmpie.com\/fr\/propose-de-xmpie\/socit\/","url":"https:\/\/www.xmpie.com\/fr\/propose-de-xmpie\/socit\/","name":"Soci\u00e9t\u00e9 - XMPie","isPartOf":{"@id":"https:\/\/www.xmpie.com\/fr\/#website"},"primaryImageOfPage":{"@id":"https:\/\/www.xmpie.com\/fr\/propose-de-xmpie\/socit\/#primaryimage"},"image":{"@id":"https:\/\/www.xmpie.com\/fr\/propose-de-xmpie\/socit\/#primaryimage"},"thumbnailUrl":"https:\/\/www.xmpie.com\/wp-content\/uploads\/2015\/07\/footer-logo.png","datePublished":"2016-04-11T13:42:12+00:00","dateModified":"2021-03-24T12:46:40+00:00","breadcrumb":{"@id":"https:\/\/www.xmpie.com\/fr\/propose-de-xmpie\/socit\/#breadcrumb"},"inLanguage":"fr-FR","potentialAction":[{"@type":"ReadAction","target":["https:\/\/www.xmpie.com\/fr\/propose-de-xmpie\/socit\/"]}]},{"@type":"ImageObject","inLanguage":"fr-FR","@id":"https:\/\/www.xmpie.com\/fr\/propose-de-xmpie\/socit\/#primaryimage","url":"https:\/\/www.xmpie.com\/wp-content\/uploads\/2015\/07\/footer-logo.png","contentUrl":"https:\/\/www.xmpie.com\/wp-content\/uploads\/2015\/07\/footer-logo.png"},{"@type":"BreadcrumbList","@id":"https:\/\/www.xmpie.com\/fr\/propose-de-xmpie\/socit\/#breadcrumb","itemListElement":[{"@type":"ListItem","position":1,"name":"Home","item":"https:\/\/www.xmpie.com\/fr\/"},{"@type":"ListItem","position":2,"name":"\u00c0 propose de XMPIE","item":"https:\/\/www.xmpie.com\/fr\/propose-de-xmpie\/"},{"@type":"ListItem","position":3,"name":"Soci\u00e9t\u00e9"}]},{"@type":"WebSite","@id":"https:\/\/www.xmpie.com\/fr\/#website","url":"https:\/\/www.xmpie.com\/fr\/","name":"XMPie","description":"Our Technology Integrates print and digital media to improve the brand experience","publisher":{"@id":"https:\/\/www.xmpie.com\/fr\/#organization"},"potentialAction":[{"@type":"SearchAction","target":{"@type":"EntryPoint","urlTemplate":"https:\/\/www.xmpie.com\/fr\/?s={search_term_string}"},"query-input":{"@type":"PropertyValueSpecification","valueRequired":true,"valueName":"search_term_string"}}],"inLanguage":"fr-FR"},{"@type":"Organization","@id":"https:\/\/www.xmpie.com\/fr\/#organization","name":"XMPie","url":"https:\/\/www.xmpie.com\/fr\/","logo":{"@type":"ImageObject","inLanguage":"fr-FR","@id":"https:\/\/www.xmpie.com\/fr\/#\/schema\/logo\/image\/","url":"https:\/\/www.xmpie.com\/wp-content\/uploads\/2015\/07\/logo.png","contentUrl":"https:\/\/www.xmpie.com\/wp-content\/uploads\/2015\/07\/logo.png","width":62,"height":62,"caption":"XMPie"},"image":{"@id":"https:\/\/www.xmpie.com\/fr\/#\/schema\/logo\/image\/"},"sameAs":["https:\/\/www.facebook.com\/xmpie","https:\/\/x.com\/XMPie","http:\/\/www.linkedin.com\/company\/xmpie","https:\/\/www.pinterest.com\/XMPieCreate\/","http:\/\/www.youtube.com\/xmpie"]}]}},"_links":{"self":[{"href":"https:\/\/www.xmpie.com\/fr\/wp-json\/wp\/v2\/pages\/9271","targetHints":{"allow":["GET"]}}],"collection":[{"href":"https:\/\/www.xmpie.com\/fr\/wp-json\/wp\/v2\/pages"}],"about":[{"href":"https:\/\/www.xmpie.com\/fr\/wp-json\/wp\/v2\/types\/page"}],"author":[{"embeddable":true,"href":"https:\/\/www.xmpie.com\/fr\/wp-json\/wp\/v2\/users\/1"}],"replies":[{"embeddable":true,"href":"https:\/\/www.xmpie.com\/fr\/wp-json\/wp\/v2\/comments?post=9271"}],"version-history":[{"count":1,"href":"https:\/\/www.xmpie.com\/fr\/wp-json\/wp\/v2\/pages\/9271\/revisions"}],"predecessor-version":[{"id":18285,"href":"https:\/\/www.xmpie.com\/fr\/wp-json\/wp\/v2\/pages\/9271\/revisions\/18285"}],"up":[{"embeddable":true,"href":"https:\/\/www.xmpie.com\/fr\/wp-json\/wp\/v2\/pages\/9299"}],"wp:attachment":[{"href":"https:\/\/www.xmpie.com\/fr\/wp-json\/wp\/v2\/media?parent=9271"}],"curies":[{"name":"wp","href":"https:\/\/api.w.org\/{rel}","templated":true}]}}