{"id":9279,"date":"2016-04-11T13:42:12","date_gmt":"2016-04-11T13:42:12","guid":{"rendered":"https:\/\/www.xmpie.com\/impression-oriente-par-les-donnes-et-vdp\/?lang=fr"},"modified":"2017-04-19T06:41:16","modified_gmt":"2017-04-19T06:41:16","slug":"impression-oriente-par-les-donnes-et-vdp","status":"publish","type":"page","link":"https:\/\/www.xmpie.com\/fr\/products\/impression-oriente-par-les-donnes-et-vdp\/","title":{"rendered":"Impression orient\u00e9e par les donn\u00e9es et VDP"},"content":{"rendered":"<p>&gt;\u00a0Histoires de r\u00e9ussite avec Print Design et VDP<\/p>\n","protected":false},"excerpt":{"rendered":"<p>Boostez vos documents avec des messages, des images et des graphiques pertinents pour attirer l&rsquo;attention de votre audience. Automatisez la production de campagnes d&rsquo;impression personnalis\u00e9es pour inciter les destinataires \u00e0 r\u00e9pondre. L&rsquo;architecture ouverte de XMPie vous permet de d\u00e9marrer n&rsquo;importe o\u00f9, d&rsquo;ajouter des fonctionnalit\u00e9s, et de prot\u00e9ger votre investissement tout au long du processus.<\/p>\n","protected":false},"author":1,"featured_media":0,"parent":18214,"menu_order":0,"comment_status":"open","ping_status":"closed","template":"templates\/landing.php","meta":{"_acf_changed":false,"footnotes":""},"class_list":["post-9279","page","type-page","status-publish","hentry"],"acf":[],"yoast_head":"<!-- This site is optimized with the Yoast SEO Premium plugin v26.5 (Yoast SEO v27.4) - https:\/\/yoast.com\/product\/yoast-seo-premium-wordpress\/ -->\n<title>Logiciel d&#039;impression de donn\u00e9es variables et Print Design | XMPie<\/title>\n<meta name=\"description\" content=\"Superchargez vos documents avec une impression de donn\u00e9es variables. \u00a0Gagnez en utilisant des flux de travail flexibles du design \u00e0 la production.\u00a0\" \/>\n<meta name=\"robots\" content=\"index, follow, max-snippet:-1, max-image-preview:large, max-video-preview:-1\" \/>\n<link rel=\"canonical\" href=\"https:\/\/www.xmpie.com\/fr\/products\/impression-oriente-par-les-donnes-et-vdp\/\" \/>\n<meta property=\"og:locale\" content=\"fr_FR\" \/>\n<meta property=\"og:type\" content=\"article\" \/>\n<meta property=\"og:title\" content=\"Impression orient\u00e9e par les donn\u00e9es et VDP\" \/>\n<meta property=\"og:description\" content=\"Superchargez vos documents avec une impression de donn\u00e9es variables. \u00a0Gagnez en utilisant des flux de travail flexibles du design \u00e0 la production.\u00a0\" \/>\n<meta property=\"og:url\" content=\"https:\/\/www.xmpie.com\/fr\/products\/impression-oriente-par-les-donnes-et-vdp\/\" \/>\n<meta property=\"og:site_name\" content=\"XMPie\" \/>\n<meta property=\"article:publisher\" content=\"https:\/\/www.facebook.com\/xmpie\" \/>\n<meta property=\"article:modified_time\" content=\"2017-04-19T06:41:16+00:00\" \/>\n<meta name=\"twitter:card\" content=\"summary_large_image\" \/>\n<meta name=\"twitter:site\" content=\"@XMPie\" \/>\n<script type=\"application\/ld+json\" class=\"yoast-schema-graph\">{\"@context\":\"https:\\\/\\\/schema.org\",\"@graph\":[{\"@type\":\"WebPage\",\"@id\":\"https:\\\/\\\/www.xmpie.com\\\/fr\\\/products\\\/impression-oriente-par-les-donnes-et-vdp\\\/\",\"url\":\"https:\\\/\\\/www.xmpie.com\\\/fr\\\/products\\\/impression-oriente-par-les-donnes-et-vdp\\\/\",\"name\":\"Logiciel d'impression de donn\u00e9es variables et Print Design | XMPie\",\"isPartOf\":{\"@id\":\"https:\\\/\\\/www.xmpie.com\\\/fr\\\/#website\"},\"datePublished\":\"2016-04-11T13:42:12+00:00\",\"dateModified\":\"2017-04-19T06:41:16+00:00\",\"description\":\"Superchargez vos documents avec une impression de donn\u00e9es variables. \u00a0Gagnez en utilisant des flux de travail flexibles du design \u00e0 la production.\u00a0\",\"breadcrumb\":{\"@id\":\"https:\\\/\\\/www.xmpie.com\\\/fr\\\/products\\\/impression-oriente-par-les-donnes-et-vdp\\\/#breadcrumb\"},\"inLanguage\":\"fr-FR\",\"potentialAction\":[{\"@type\":\"ReadAction\",\"target\":[\"https:\\\/\\\/www.xmpie.com\\\/fr\\\/products\\\/impression-oriente-par-les-donnes-et-vdp\\\/\"]}]},{\"@type\":\"BreadcrumbList\",\"@id\":\"https:\\\/\\\/www.xmpie.com\\\/fr\\\/products\\\/impression-oriente-par-les-donnes-et-vdp\\\/#breadcrumb\",\"itemListElement\":[{\"@type\":\"ListItem\",\"position\":1,\"name\":\"Home\",\"item\":\"https:\\\/\\\/www.xmpie.com\\\/fr\\\/\"},{\"@type\":\"ListItem\",\"position\":2,\"name\":\"Produits\",\"item\":\"https:\\\/\\\/www.xmpie.com\\\/fr\\\/products\\\/\"},{\"@type\":\"ListItem\",\"position\":3,\"name\":\"Impression orient\u00e9e par les donn\u00e9es et VDP\"}]},{\"@type\":\"WebSite\",\"@id\":\"https:\\\/\\\/www.xmpie.com\\\/fr\\\/#website\",\"url\":\"https:\\\/\\\/www.xmpie.com\\\/fr\\\/\",\"name\":\"XMPie\",\"description\":\"Our Technology Integrates print and digital media to improve the brand experience\",\"publisher\":{\"@id\":\"https:\\\/\\\/www.xmpie.com\\\/fr\\\/#organization\"},\"potentialAction\":[{\"@type\":\"SearchAction\",\"target\":{\"@type\":\"EntryPoint\",\"urlTemplate\":\"https:\\\/\\\/www.xmpie.com\\\/fr\\\/?s={search_term_string}\"},\"query-input\":{\"@type\":\"PropertyValueSpecification\",\"valueRequired\":true,\"valueName\":\"search_term_string\"}}],\"inLanguage\":\"fr-FR\"},{\"@type\":\"Organization\",\"@id\":\"https:\\\/\\\/www.xmpie.com\\\/fr\\\/#organization\",\"name\":\"XMPie\",\"url\":\"https:\\\/\\\/www.xmpie.com\\\/fr\\\/\",\"logo\":{\"@type\":\"ImageObject\",\"inLanguage\":\"fr-FR\",\"@id\":\"https:\\\/\\\/www.xmpie.com\\\/fr\\\/#\\\/schema\\\/logo\\\/image\\\/\",\"url\":\"https:\\\/\\\/www.xmpie.com\\\/wp-content\\\/uploads\\\/2015\\\/07\\\/logo.png\",\"contentUrl\":\"https:\\\/\\\/www.xmpie.com\\\/wp-content\\\/uploads\\\/2015\\\/07\\\/logo.png\",\"width\":62,\"height\":62,\"caption\":\"XMPie\"},\"image\":{\"@id\":\"https:\\\/\\\/www.xmpie.com\\\/fr\\\/#\\\/schema\\\/logo\\\/image\\\/\"},\"sameAs\":[\"https:\\\/\\\/www.facebook.com\\\/xmpie\",\"https:\\\/\\\/x.com\\\/XMPie\",\"http:\\\/\\\/www.linkedin.com\\\/company\\\/xmpie\",\"https:\\\/\\\/www.pinterest.com\\\/XMPieCreate\\\/\",\"http:\\\/\\\/www.youtube.com\\\/xmpie\"]}]}<\/script>\n<!-- \/ Yoast SEO Premium plugin. -->","yoast_head_json":{"title":"Logiciel d'impression de donn\u00e9es variables et Print Design | XMPie","description":"Superchargez vos documents avec une impression de donn\u00e9es variables. \u00a0Gagnez en utilisant des flux de travail flexibles du design \u00e0 la production.\u00a0","robots":{"index":"index","follow":"follow","max-snippet":"max-snippet:-1","max-image-preview":"max-image-preview:large","max-video-preview":"max-video-preview:-1"},"canonical":"https:\/\/www.xmpie.com\/fr\/products\/impression-oriente-par-les-donnes-et-vdp\/","og_locale":"fr_FR","og_type":"article","og_title":"Impression orient\u00e9e par les donn\u00e9es et VDP","og_description":"Superchargez vos documents avec une impression de donn\u00e9es variables. \u00a0Gagnez en utilisant des flux de travail flexibles du design \u00e0 la production.\u00a0","og_url":"https:\/\/www.xmpie.com\/fr\/products\/impression-oriente-par-les-donnes-et-vdp\/","og_site_name":"XMPie","article_publisher":"https:\/\/www.facebook.com\/xmpie","article_modified_time":"2017-04-19T06:41:16+00:00","twitter_card":"summary_large_image","twitter_site":"@XMPie","schema":{"@context":"https:\/\/schema.org","@graph":[{"@type":"WebPage","@id":"https:\/\/www.xmpie.com\/fr\/products\/impression-oriente-par-les-donnes-et-vdp\/","url":"https:\/\/www.xmpie.com\/fr\/products\/impression-oriente-par-les-donnes-et-vdp\/","name":"Logiciel d'impression de donn\u00e9es variables et Print Design | XMPie","isPartOf":{"@id":"https:\/\/www.xmpie.com\/fr\/#website"},"datePublished":"2016-04-11T13:42:12+00:00","dateModified":"2017-04-19T06:41:16+00:00","description":"Superchargez vos documents avec une impression de donn\u00e9es variables. \u00a0Gagnez en utilisant des flux de travail flexibles du design \u00e0 la production.\u00a0","breadcrumb":{"@id":"https:\/\/www.xmpie.com\/fr\/products\/impression-oriente-par-les-donnes-et-vdp\/#breadcrumb"},"inLanguage":"fr-FR","potentialAction":[{"@type":"ReadAction","target":["https:\/\/www.xmpie.com\/fr\/products\/impression-oriente-par-les-donnes-et-vdp\/"]}]},{"@type":"BreadcrumbList","@id":"https:\/\/www.xmpie.com\/fr\/products\/impression-oriente-par-les-donnes-et-vdp\/#breadcrumb","itemListElement":[{"@type":"ListItem","position":1,"name":"Home","item":"https:\/\/www.xmpie.com\/fr\/"},{"@type":"ListItem","position":2,"name":"Produits","item":"https:\/\/www.xmpie.com\/fr\/products\/"},{"@type":"ListItem","position":3,"name":"Impression orient\u00e9e par les donn\u00e9es et VDP"}]},{"@type":"WebSite","@id":"https:\/\/www.xmpie.com\/fr\/#website","url":"https:\/\/www.xmpie.com\/fr\/","name":"XMPie","description":"Our Technology Integrates print and digital media to improve the brand experience","publisher":{"@id":"https:\/\/www.xmpie.com\/fr\/#organization"},"potentialAction":[{"@type":"SearchAction","target":{"@type":"EntryPoint","urlTemplate":"https:\/\/www.xmpie.com\/fr\/?s={search_term_string}"},"query-input":{"@type":"PropertyValueSpecification","valueRequired":true,"valueName":"search_term_string"}}],"inLanguage":"fr-FR"},{"@type":"Organization","@id":"https:\/\/www.xmpie.com\/fr\/#organization","name":"XMPie","url":"https:\/\/www.xmpie.com\/fr\/","logo":{"@type":"ImageObject","inLanguage":"fr-FR","@id":"https:\/\/www.xmpie.com\/fr\/#\/schema\/logo\/image\/","url":"https:\/\/www.xmpie.com\/wp-content\/uploads\/2015\/07\/logo.png","contentUrl":"https:\/\/www.xmpie.com\/wp-content\/uploads\/2015\/07\/logo.png","width":62,"height":62,"caption":"XMPie"},"image":{"@id":"https:\/\/www.xmpie.com\/fr\/#\/schema\/logo\/image\/"},"sameAs":["https:\/\/www.facebook.com\/xmpie","https:\/\/x.com\/XMPie","http:\/\/www.linkedin.com\/company\/xmpie","https:\/\/www.pinterest.com\/XMPieCreate\/","http:\/\/www.youtube.com\/xmpie"]}]}},"_links":{"self":[{"href":"https:\/\/www.xmpie.com\/fr\/wp-json\/wp\/v2\/pages\/9279","targetHints":{"allow":["GET"]}}],"collection":[{"href":"https:\/\/www.xmpie.com\/fr\/wp-json\/wp\/v2\/pages"}],"about":[{"href":"https:\/\/www.xmpie.com\/fr\/wp-json\/wp\/v2\/types\/page"}],"author":[{"embeddable":true,"href":"https:\/\/www.xmpie.com\/fr\/wp-json\/wp\/v2\/users\/1"}],"replies":[{"embeddable":true,"href":"https:\/\/www.xmpie.com\/fr\/wp-json\/wp\/v2\/comments?post=9279"}],"version-history":[{"count":1,"href":"https:\/\/www.xmpie.com\/fr\/wp-json\/wp\/v2\/pages\/9279\/revisions"}],"predecessor-version":[{"id":18282,"href":"https:\/\/www.xmpie.com\/fr\/wp-json\/wp\/v2\/pages\/9279\/revisions\/18282"}],"up":[{"embeddable":true,"href":"https:\/\/www.xmpie.com\/fr\/wp-json\/wp\/v2\/pages\/18214"}],"wp:attachment":[{"href":"https:\/\/www.xmpie.com\/fr\/wp-json\/wp\/v2\/media?parent=9279"}],"curies":[{"name":"wp","href":"https:\/\/api.w.org\/{rel}","templated":true}]}}