{"id":9286,"date":"2016-04-11T13:42:12","date_gmt":"2016-04-11T13:42:12","guid":{"rendered":"https:\/\/www.xmpie.com\/socit\/technologie-xmpie\/?lang=fr"},"modified":"2016-07-24T07:55:39","modified_gmt":"2016-07-24T07:55:39","slug":"technologie-xmpie","status":"publish","type":"page","link":"https:\/\/www.xmpie.com\/fr\/propose-de-xmpie\/socit\/technologie-xmpie\/","title":{"rendered":"Technologie XMPie"},"content":{"rendered":"<p><img fetchpriority=\"high\" decoding=\"async\" class=\"size-full wp-image-18410 alignright\" src=\"https:\/\/www.xmpie.com\/wp-content\/uploads\/2016\/04\/about-diagram-2.png\" alt=\"about-diagram\" width=\"480\" height=\"476\" srcset=\"https:\/\/www.xmpie.com\/wp-content\/uploads\/2016\/04\/about-diagram-2.png 480w, https:\/\/www.xmpie.com\/wp-content\/uploads\/2016\/04\/about-diagram-2-150x150.png 150w, https:\/\/www.xmpie.com\/wp-content\/uploads\/2016\/04\/about-diagram-2-231x229.png 231w\" sizes=\"(max-width: 480px) 100vw, 480px\" \/><\/p>\n<h2>XMPie a \u00e9t\u00e9 fond\u00e9e avec une vision ayant pour objectif d&rsquo;int\u00e9grer le monde de l&rsquo;impression et des m\u00e9dias \u00e9lectroniques et de faciliter la cr\u00e9ation et la production de communications personnalis\u00e9es.<\/h2>\n<p>Nos solutions couvrent trois principaux domaines d&rsquo;application &#8211; Personnalisation des m\u00e9dias, Portails Web-to-Print et Automatisation du marketing &#8211; tous unis par le biais d&rsquo;une base technologique commune. L&rsquo;architecture XMPie utilise uniquement une approche modulaire o\u00f9 les donn\u00e9es et les r\u00e8gles de gestion sont partag\u00e9es entre plusieurs canaux. Qu&rsquo;une campagne soit compos\u00e9e d&rsquo;impression uniquement ou une combinaison de m\u00e9dias imprim\u00e9s et num\u00e9riques &#8211; avec XMPie, les donn\u00e9es sont toujours synchronis\u00e9es sur tous les canaux permettant une exp\u00e9rience de marque v\u00e9ritablement globale.<\/p>\n","protected":false},"excerpt":{"rendered":"<p>XMPie a \u00e9t\u00e9 fond\u00e9e avec une vision ayant pour objectif d&rsquo;int\u00e9grer le monde de l&rsquo;impression et des m\u00e9dias \u00e9lectroniques et de faciliter la cr\u00e9ation et la production de communications personnalis\u00e9es. Nos solutions couvrent&#8230;<\/p>\n","protected":false},"author":12,"featured_media":0,"parent":9271,"menu_order":0,"comment_status":"closed","ping_status":"closed","template":"templates\/about.php","meta":{"_acf_changed":false,"footnotes":""},"class_list":["post-9286","page","type-page","status-publish","hentry"],"acf":[],"yoast_head":"<!-- This site is optimized with the Yoast SEO Premium plugin v26.5 (Yoast SEO v27.1.1) - https:\/\/yoast.com\/product\/yoast-seo-premium-wordpress\/ -->\n<title>Technologie XMPie - XMPie<\/title>\n<meta name=\"description\" content=\"Int\u00e9gration du monde des m\u00e9dias imprim\u00e9s et num\u00e9riques. \u00a0Facilitez la t\u00e2che des entreprises \u00e0 cr\u00e9er et produire des communications personnalis\u00e9es.\" \/>\n<meta name=\"robots\" content=\"index, follow, max-snippet:-1, max-image-preview:large, max-video-preview:-1\" \/>\n<link rel=\"canonical\" href=\"https:\/\/www.xmpie.com\/fr\/propose-de-xmpie\/socit\/technologie-xmpie\/\" \/>\n<meta property=\"og:locale\" content=\"fr_FR\" \/>\n<meta property=\"og:type\" content=\"article\" \/>\n<meta property=\"og:title\" content=\"Technologie XMPie\" \/>\n<meta property=\"og:description\" content=\"Int\u00e9gration du monde des m\u00e9dias imprim\u00e9s et num\u00e9riques. \u00a0Facilitez la t\u00e2che des entreprises \u00e0 cr\u00e9er et produire des communications personnalis\u00e9es.\" \/>\n<meta property=\"og:url\" content=\"https:\/\/www.xmpie.com\/fr\/propose-de-xmpie\/socit\/technologie-xmpie\/\" \/>\n<meta property=\"og:site_name\" content=\"XMPie\" \/>\n<meta property=\"article:publisher\" content=\"https:\/\/www.facebook.com\/xmpie\" \/>\n<meta property=\"article:modified_time\" content=\"2016-07-24T07:55:39+00:00\" \/>\n<meta property=\"og:image\" content=\"https:\/\/www.xmpie.com\/wp-content\/uploads\/2016\/04\/about-diagram-2.png\" \/>\n<meta name=\"twitter:card\" content=\"summary_large_image\" \/>\n<meta name=\"twitter:site\" content=\"@XMPie\" \/>\n<meta name=\"twitter:label1\" content=\"Dur\u00e9e de lecture estim\u00e9e\" \/>\n\t<meta name=\"twitter:data1\" content=\"1 minute\" \/>\n<script type=\"application\/ld+json\" class=\"yoast-schema-graph\">{\"@context\":\"https:\/\/schema.org\",\"@graph\":[{\"@type\":\"WebPage\",\"@id\":\"https:\/\/www.xmpie.com\/fr\/propose-de-xmpie\/socit\/technologie-xmpie\/\",\"url\":\"https:\/\/www.xmpie.com\/fr\/propose-de-xmpie\/socit\/technologie-xmpie\/\",\"name\":\"Technologie XMPie - XMPie\",\"isPartOf\":{\"@id\":\"https:\/\/www.xmpie.com\/fr\/#website\"},\"primaryImageOfPage\":{\"@id\":\"https:\/\/www.xmpie.com\/fr\/propose-de-xmpie\/socit\/technologie-xmpie\/#primaryimage\"},\"image\":{\"@id\":\"https:\/\/www.xmpie.com\/fr\/propose-de-xmpie\/socit\/technologie-xmpie\/#primaryimage\"},\"thumbnailUrl\":\"https:\/\/www.xmpie.com\/wp-content\/uploads\/2016\/04\/about-diagram-2.png\",\"datePublished\":\"2016-04-11T13:42:12+00:00\",\"dateModified\":\"2016-07-24T07:55:39+00:00\",\"description\":\"Int\u00e9gration du monde des m\u00e9dias imprim\u00e9s et num\u00e9riques. \u00a0Facilitez la t\u00e2che des entreprises \u00e0 cr\u00e9er et produire des communications personnalis\u00e9es.\",\"breadcrumb\":{\"@id\":\"https:\/\/www.xmpie.com\/fr\/propose-de-xmpie\/socit\/technologie-xmpie\/#breadcrumb\"},\"inLanguage\":\"fr-FR\",\"potentialAction\":[{\"@type\":\"ReadAction\",\"target\":[\"https:\/\/www.xmpie.com\/fr\/propose-de-xmpie\/socit\/technologie-xmpie\/\"]}]},{\"@type\":\"ImageObject\",\"inLanguage\":\"fr-FR\",\"@id\":\"https:\/\/www.xmpie.com\/fr\/propose-de-xmpie\/socit\/technologie-xmpie\/#primaryimage\",\"url\":\"https:\/\/www.xmpie.com\/wp-content\/uploads\/2016\/04\/about-diagram-2.png\",\"contentUrl\":\"https:\/\/www.xmpie.com\/wp-content\/uploads\/2016\/04\/about-diagram-2.png\"},{\"@type\":\"BreadcrumbList\",\"@id\":\"https:\/\/www.xmpie.com\/fr\/propose-de-xmpie\/socit\/technologie-xmpie\/#breadcrumb\",\"itemListElement\":[{\"@type\":\"ListItem\",\"position\":1,\"name\":\"Home\",\"item\":\"https:\/\/www.xmpie.com\/fr\/\"},{\"@type\":\"ListItem\",\"position\":2,\"name\":\"\u00c0 propose de XMPIE\",\"item\":\"https:\/\/www.xmpie.com\/fr\/propose-de-xmpie\/\"},{\"@type\":\"ListItem\",\"position\":3,\"name\":\"Soci\u00e9t\u00e9\",\"item\":\"https:\/\/www.xmpie.com\/fr\/propose-de-xmpie\/socit\/\"},{\"@type\":\"ListItem\",\"position\":4,\"name\":\"Technologie XMPie\"}]},{\"@type\":\"WebSite\",\"@id\":\"https:\/\/www.xmpie.com\/fr\/#website\",\"url\":\"https:\/\/www.xmpie.com\/fr\/\",\"name\":\"XMPie\",\"description\":\"Our Technology Integrates print and digital media to improve the brand experience\",\"publisher\":{\"@id\":\"https:\/\/www.xmpie.com\/fr\/#organization\"},\"potentialAction\":[{\"@type\":\"SearchAction\",\"target\":{\"@type\":\"EntryPoint\",\"urlTemplate\":\"https:\/\/www.xmpie.com\/fr\/?s={search_term_string}\"},\"query-input\":{\"@type\":\"PropertyValueSpecification\",\"valueRequired\":true,\"valueName\":\"search_term_string\"}}],\"inLanguage\":\"fr-FR\"},{\"@type\":\"Organization\",\"@id\":\"https:\/\/www.xmpie.com\/fr\/#organization\",\"name\":\"XMPie\",\"url\":\"https:\/\/www.xmpie.com\/fr\/\",\"logo\":{\"@type\":\"ImageObject\",\"inLanguage\":\"fr-FR\",\"@id\":\"https:\/\/www.xmpie.com\/fr\/#\/schema\/logo\/image\/\",\"url\":\"https:\/\/www.xmpie.com\/wp-content\/uploads\/2015\/07\/logo.png\",\"contentUrl\":\"https:\/\/www.xmpie.com\/wp-content\/uploads\/2015\/07\/logo.png\",\"width\":62,\"height\":62,\"caption\":\"XMPie\"},\"image\":{\"@id\":\"https:\/\/www.xmpie.com\/fr\/#\/schema\/logo\/image\/\"},\"sameAs\":[\"https:\/\/www.facebook.com\/xmpie\",\"https:\/\/x.com\/XMPie\",\"http:\/\/www.linkedin.com\/company\/xmpie\",\"https:\/\/www.pinterest.com\/XMPieCreate\/\",\"http:\/\/www.youtube.com\/xmpie\"]}]}<\/script>\n<!-- \/ Yoast SEO Premium plugin. -->","yoast_head_json":{"title":"Technologie XMPie - XMPie","description":"Int\u00e9gration du monde des m\u00e9dias imprim\u00e9s et num\u00e9riques. \u00a0Facilitez la t\u00e2che des entreprises \u00e0 cr\u00e9er et produire des communications personnalis\u00e9es.","robots":{"index":"index","follow":"follow","max-snippet":"max-snippet:-1","max-image-preview":"max-image-preview:large","max-video-preview":"max-video-preview:-1"},"canonical":"https:\/\/www.xmpie.com\/fr\/propose-de-xmpie\/socit\/technologie-xmpie\/","og_locale":"fr_FR","og_type":"article","og_title":"Technologie XMPie","og_description":"Int\u00e9gration du monde des m\u00e9dias imprim\u00e9s et num\u00e9riques. \u00a0Facilitez la t\u00e2che des entreprises \u00e0 cr\u00e9er et produire des communications personnalis\u00e9es.","og_url":"https:\/\/www.xmpie.com\/fr\/propose-de-xmpie\/socit\/technologie-xmpie\/","og_site_name":"XMPie","article_publisher":"https:\/\/www.facebook.com\/xmpie","article_modified_time":"2016-07-24T07:55:39+00:00","og_image":[{"url":"https:\/\/www.xmpie.com\/wp-content\/uploads\/2016\/04\/about-diagram-2.png","type":"","width":"","height":""}],"twitter_card":"summary_large_image","twitter_site":"@XMPie","twitter_misc":{"Dur\u00e9e de lecture estim\u00e9e":"1 minute"},"schema":{"@context":"https:\/\/schema.org","@graph":[{"@type":"WebPage","@id":"https:\/\/www.xmpie.com\/fr\/propose-de-xmpie\/socit\/technologie-xmpie\/","url":"https:\/\/www.xmpie.com\/fr\/propose-de-xmpie\/socit\/technologie-xmpie\/","name":"Technologie XMPie - XMPie","isPartOf":{"@id":"https:\/\/www.xmpie.com\/fr\/#website"},"primaryImageOfPage":{"@id":"https:\/\/www.xmpie.com\/fr\/propose-de-xmpie\/socit\/technologie-xmpie\/#primaryimage"},"image":{"@id":"https:\/\/www.xmpie.com\/fr\/propose-de-xmpie\/socit\/technologie-xmpie\/#primaryimage"},"thumbnailUrl":"https:\/\/www.xmpie.com\/wp-content\/uploads\/2016\/04\/about-diagram-2.png","datePublished":"2016-04-11T13:42:12+00:00","dateModified":"2016-07-24T07:55:39+00:00","description":"Int\u00e9gration du monde des m\u00e9dias imprim\u00e9s et num\u00e9riques. \u00a0Facilitez la t\u00e2che des entreprises \u00e0 cr\u00e9er et produire des communications personnalis\u00e9es.","breadcrumb":{"@id":"https:\/\/www.xmpie.com\/fr\/propose-de-xmpie\/socit\/technologie-xmpie\/#breadcrumb"},"inLanguage":"fr-FR","potentialAction":[{"@type":"ReadAction","target":["https:\/\/www.xmpie.com\/fr\/propose-de-xmpie\/socit\/technologie-xmpie\/"]}]},{"@type":"ImageObject","inLanguage":"fr-FR","@id":"https:\/\/www.xmpie.com\/fr\/propose-de-xmpie\/socit\/technologie-xmpie\/#primaryimage","url":"https:\/\/www.xmpie.com\/wp-content\/uploads\/2016\/04\/about-diagram-2.png","contentUrl":"https:\/\/www.xmpie.com\/wp-content\/uploads\/2016\/04\/about-diagram-2.png"},{"@type":"BreadcrumbList","@id":"https:\/\/www.xmpie.com\/fr\/propose-de-xmpie\/socit\/technologie-xmpie\/#breadcrumb","itemListElement":[{"@type":"ListItem","position":1,"name":"Home","item":"https:\/\/www.xmpie.com\/fr\/"},{"@type":"ListItem","position":2,"name":"\u00c0 propose de XMPIE","item":"https:\/\/www.xmpie.com\/fr\/propose-de-xmpie\/"},{"@type":"ListItem","position":3,"name":"Soci\u00e9t\u00e9","item":"https:\/\/www.xmpie.com\/fr\/propose-de-xmpie\/socit\/"},{"@type":"ListItem","position":4,"name":"Technologie XMPie"}]},{"@type":"WebSite","@id":"https:\/\/www.xmpie.com\/fr\/#website","url":"https:\/\/www.xmpie.com\/fr\/","name":"XMPie","description":"Our Technology Integrates print and digital media to improve the brand experience","publisher":{"@id":"https:\/\/www.xmpie.com\/fr\/#organization"},"potentialAction":[{"@type":"SearchAction","target":{"@type":"EntryPoint","urlTemplate":"https:\/\/www.xmpie.com\/fr\/?s={search_term_string}"},"query-input":{"@type":"PropertyValueSpecification","valueRequired":true,"valueName":"search_term_string"}}],"inLanguage":"fr-FR"},{"@type":"Organization","@id":"https:\/\/www.xmpie.com\/fr\/#organization","name":"XMPie","url":"https:\/\/www.xmpie.com\/fr\/","logo":{"@type":"ImageObject","inLanguage":"fr-FR","@id":"https:\/\/www.xmpie.com\/fr\/#\/schema\/logo\/image\/","url":"https:\/\/www.xmpie.com\/wp-content\/uploads\/2015\/07\/logo.png","contentUrl":"https:\/\/www.xmpie.com\/wp-content\/uploads\/2015\/07\/logo.png","width":62,"height":62,"caption":"XMPie"},"image":{"@id":"https:\/\/www.xmpie.com\/fr\/#\/schema\/logo\/image\/"},"sameAs":["https:\/\/www.facebook.com\/xmpie","https:\/\/x.com\/XMPie","http:\/\/www.linkedin.com\/company\/xmpie","https:\/\/www.pinterest.com\/XMPieCreate\/","http:\/\/www.youtube.com\/xmpie"]}]}},"_links":{"self":[{"href":"https:\/\/www.xmpie.com\/fr\/wp-json\/wp\/v2\/pages\/9286","targetHints":{"allow":["GET"]}}],"collection":[{"href":"https:\/\/www.xmpie.com\/fr\/wp-json\/wp\/v2\/pages"}],"about":[{"href":"https:\/\/www.xmpie.com\/fr\/wp-json\/wp\/v2\/types\/page"}],"author":[{"embeddable":true,"href":"https:\/\/www.xmpie.com\/fr\/wp-json\/wp\/v2\/users\/12"}],"replies":[{"embeddable":true,"href":"https:\/\/www.xmpie.com\/fr\/wp-json\/wp\/v2\/comments?post=9286"}],"version-history":[{"count":3,"href":"https:\/\/www.xmpie.com\/fr\/wp-json\/wp\/v2\/pages\/9286\/revisions"}],"predecessor-version":[{"id":18428,"href":"https:\/\/www.xmpie.com\/fr\/wp-json\/wp\/v2\/pages\/9286\/revisions\/18428"}],"up":[{"embeddable":true,"href":"https:\/\/www.xmpie.com\/fr\/wp-json\/wp\/v2\/pages\/9271"}],"wp:attachment":[{"href":"https:\/\/www.xmpie.com\/fr\/wp-json\/wp\/v2\/media?parent=9286"}],"curies":[{"name":"wp","href":"https:\/\/api.w.org\/{rel}","templated":true}]}}