{"id":9293,"date":"2015-08-02T10:50:05","date_gmt":"2015-08-02T10:50:05","guid":{"rendered":"https:\/\/www.xmpie.com\/web-to-print\/personaleffect-storeflow\/?lang=fr"},"modified":"2019-09-10T08:08:00","modified_gmt":"2019-09-10T08:08:00","slug":"storeflow","status":"publish","type":"page","link":"https:\/\/www.xmpie.com\/fr\/products\/web-to-print-2\/storeflow\/","title":{"rendered":"PersonalEffect StoreFlow"},"content":{"rendered":"<p>PersonalEffect StoreFlow<br \/>\nWEB-TO-PRINT AVEC AUTOMATISATION DE LA PRODUCTION PR\u00c9PRESSE INT\u00c9GR\u00c9E<br \/>\nUne solution de commerce \u00e9lectronique compl\u00e8te prenant en charge divers types de document, produits statiques et documents de Microsoft\u00ae Word, PowerPoint et Adobe\u00ae PDF soumis par l&rsquo;utilisateur.<\/p>\n<p>La meilleure solution logicielle compl\u00e8te Impression via internet pour cr\u00e9er et g\u00e9rer des boutiques en ligne et les portails de marketing.<\/p>\n<p>R\u00e9duire les frais g\u00e9n\u00e9raux et les co\u00fbts associ\u00e9s \u00e0 chaque commande d&rsquo;impression. Gr\u00e2ce \u00e0 l&rsquo;automatisation de la production pr\u00e9presse int\u00e9gr\u00e9e, PersonalEffect StoreFlow automatise l&rsquo;acquisition de la commande et met en \u0153uvre des processus de flux de travail efficaces sans pour autant sacrifier la fonctionnalit\u00e9 cl\u00e9, ce qui permet aux fournisseurs de services d&rsquo;ouvrir leurs boutiques aux visiteurs B2B ou B2C &#8211; 24\u00a0heures par jour et 7\u00a0jours par semaine.<\/p>\n<p>Flux de travail complet pour Web-to-print<br \/>\nAutomatisation de la production pr\u00e9presse int\u00e9gr\u00e9e<br \/>\nVitrines compatibles aux appareils mobiles<br \/>\nConfiguration et maintenance pratiques d&rsquo;une boutique<br \/>\nFlux de travail JDF\/JMF conformes aux normes de l&rsquo;industrie<br \/>\nExtensible pour inclure les multim\u00e9dias<br \/>\nRETOUR \u00c0 IMPRESSION VIA INTERNET<br \/>\nAUTRES PRODUITS D\u2019IMPRESSION VIA INTERNET<br \/>\nPersonalEffect StoreFlow Pro<br \/>\nHISTOIRES DE R\u00c9USSITE<br \/>\nCONTACTEZ NOTRE \u00c9QUIPE COMMERCIALE<br \/>\nPour les documents statiques et variables<br \/>\nPour les documents statiques et variables<br \/>\nLes utilisateurs finaux peuvent facilement t\u00e9l\u00e9charger et commander leurs propres documents statiques, ou de s\u00e9lectionner et de commander des documents variables dans un catalogue de vitrines. Des pages statiques et variables peuvent \u00eatre utilis\u00e9es dans le m\u00eame document, ce qui permet d&rsquo;avoir un ensemble truff\u00e9 de produits de d\u00e9pliants et de brochures, de livrets etc.<\/p>\n<p>L&rsquo;ajout de couvertures personnalis\u00e9es, d&rsquo;onglets dynamiques, et d&rsquo;autres options personnalis\u00e9es conf\u00e8re une flexibilit\u00e9 et de la valeur ajout\u00e9e sans pr\u00e9c\u00e9dent pour la satisfaction des besoins de production des commandes des clients.<\/p>\n<p>Con\u00e7u pour prendre en charge les navigateurs et plates-formes les plus r\u00e9cents<br \/>\nCon\u00e7u pour prendre en charge les navigateurs et plates-formes les plus r\u00e9cents<br \/>\nGr\u00e2ce au logiciel d\u2019impression via internet StoreFlow, votre boutique est actualis\u00e9e et accessible \u00e0 partir de plusieurs appareils \u00e0 la fois\u00a0: ordinateurs de bureau, tablettes et smartphones.<\/p>\n<p>L&rsquo;interface utilisateur graphique intuitive permettra \u00e0 vos clients d&rsquo;avoir une exp\u00e9rience e-commerce simple et famili\u00e8re et la modification de l&rsquo;apparence de la boutique pour contr\u00f4ler la pr\u00e9sentation ou la faire correspondre \u00e0 une norme de la marque est facile parce que StoreFlow exploite le CSS standard. Les outils de pointe, tels que des connexions via les m\u00e9dias sociaux et des vid\u00e9os YouTube int\u00e9gr\u00e9es enrichiront davantage l&rsquo;exp\u00e9rience utilisateur et l&rsquo;attrait de vos vitrines.<\/p>\n<p>Maintenance et configuration simples de la boutique<br \/>\nMaintenance et configuration simples de la boutique<br \/>\nLe tableau de bord de l&rsquo;administration de StoreFlow permet aux op\u00e9rateurs de configurer et de g\u00e9rer chaque boutique. Parcourez quelques onglets de configuration pour d\u00e9finir les informations de base de la boutique et mettre rapidement votre boutique en ligne. Les catalogues de produits sont facilement cr\u00e9\u00e9s \u00e0 partir de mod\u00e8les de documents construits en utilisant uCreate Print, qui existe en version native dans Adobe InDesign. Il suffit de s\u00e9lectionner un mod\u00e8le, sp\u00e9cifier les variables qu&rsquo;un client peut modifier, et d\u00e9finir les param\u00e8tres de production et de r\u00e9alisation.<\/p>\n<p>Pour acc\u00e9l\u00e9rer \u00e0 la configuration de produits semblables, StoreFlow utilise la fonction de profil des produits pour permettre aux administrateurs de d\u00e9finir les propri\u00e9t\u00e9s globales des produits, y compris les param\u00e8tres de tarification et de production qui seront appliqu\u00e9s \u00e0 un groupe de produits. Ces propri\u00e9t\u00e9s sont automatiquement attribu\u00e9es \u00e0 tous les produits partageant ce profil, permettant non seulement d&rsquo;\u00e9conomiser du temps mais \u00e9galement d&rsquo;\u00e9viter les erreurs. Pour maintenir la flexibilit\u00e9, les administrateurs peuvent s\u00e9lectivement d\u00e9cider sur une base de produit par produit des param\u00e8tres qui sont h\u00e9rit\u00e9s, et qui sont remplac\u00e9s.<\/p>\n<p>Automatisation de la production sans surveillance<br \/>\nAutomatisation de la production sans surveillance<br \/>\nLe logiciel d\u2019Impression via internet de StoreFlow inclut Xerox\u00ae FreeFlow\u00ae. Il permet aux administrateurs de magasin de d\u00e9finir des flux de production \u00e0 plusieurs \u00e9tapes qui v\u00e9rifient les documents et automatisent l\u2019imposition. Il peut \u00e9galement envoyer directement des travaux vers votre presse num\u00e9rique ou les d\u00e9poser dans un dossier actif. StoreFlow assure toutes les t\u00e2ches n\u00e9cessaires \u00e0 la pr\u00e9paration et au traitement en toute efficacit\u00e9, de la production d\u2019Impression via internet.<\/p>\n<p>Conformit\u00e9 JDF et \u00e9mission des bons de travail<br \/>\nConformit\u00e9 JDF et \u00e9mission des bons de travail<br \/>\nChaque t\u00e2che d&rsquo;impression cr\u00e9\u00e9e en StoreFlow est accompagn\u00e9e d&rsquo;un bon de travail JDF g\u00e9n\u00e9r\u00e9 automatiquement, ce qui facilite le traitement des t\u00e2ches par le biais de dispositifs conformes \u00e0 JDF pour en faire une t\u00e2che tellement plus simple. Gr\u00e2ce aux fonctionnalit\u00e9s JDF, les clients peuvent profiter des avantages d&rsquo;une plus grande automatisation, d&rsquo;une vitesse accrue, la rentabilit\u00e9 et la convivialit\u00e9 d&rsquo;utilisation. Le sch\u00e9ma JDF de StoreFlow a \u00e9t\u00e9 valid\u00e9 avec Xerox FreeFlow Process Manager\u00ae. Par cons\u00e9quent, les clients qui travaillent d\u00e9j\u00e0 avec FreeFlow Process Manager peuvent d\u00e9sormais s&rsquo;int\u00e9grer harmonieusement avec StoreFlow.<\/p>\n<p>Campaigns on Demand<br \/>\nCampaigns on Demand<br \/>\nCampaigns-on-Demand permettent de personnaliser, d&rsquo;utiliser et de r\u00e9utiliser facilement les campagnes multicanaux via les magasins en libre-service et les vitrines de commerce \u00e9lectronique. La nouvelle fonctionnalit\u00e9 permet aux franchis\u00e9s ou aux succursales de cr\u00e9er et de proposer des campagnes multicanaux novatrices, qu&rsquo;il serait g\u00e9n\u00e9ralement difficile de cr\u00e9er de z\u00e9ro. Ils peuvent maintenant proposer des mod\u00e8les de flux de campagne multicanaux de marque incluant des points tactiles de diff\u00e9rents m\u00e9dias et g\u00e9n\u00e9rer des campagnes en utilisant le d\u00e9veloppement Web, \u00e9lectronique ou mobile. L&rsquo;utilisateur final peut s\u00e9lectionner, personnaliser, commander, ex\u00e9cuter et suivre chaque campagne directement \u00e0 partir de la vitrine Web-to-print. Les utilisateurs peuvent visualiser les analyses de campagne en temps r\u00e9el et t\u00e9l\u00e9charger les donn\u00e9es de client actualis\u00e9es, et tout cela de mani\u00e8re autonome.<\/p>\n","protected":false},"excerpt":{"rendered":"<p>Une solution de commerce \u00e9lectronique compl\u00e8te prenant en charge divers types de document, produits statiques et documents de Microsoft\u00ae Word, PowerPoint et Adobe\u00ae PDF soumis par l&rsquo;utilisateur.<\/p>\n","protected":false},"author":1,"featured_media":0,"parent":9243,"menu_order":0,"comment_status":"open","ping_status":"open","template":"templates\/product.php","meta":{"_acf_changed":false,"footnotes":""},"class_list":["post-9293","page","type-page","status-publish","hentry"],"acf":[],"yoast_head":"<!-- This site is optimized with the Yoast SEO Premium plugin v26.5 (Yoast SEO v27.1.1) - https:\/\/yoast.com\/product\/yoast-seo-premium-wordpress\/ -->\n<title>PersonalEffect StoreFlow | automatisation de la production pr\u00e9presse | XMPie<\/title>\n<meta name=\"description\" content=\"La meilleure solution logicielle compl\u00e8te Impression via internet pour cr\u00e9er et g\u00e9rer des boutiques en ligne et les portails de marketing.\" \/>\n<meta name=\"robots\" content=\"index, follow, max-snippet:-1, max-image-preview:large, max-video-preview:-1\" \/>\n<link rel=\"canonical\" href=\"https:\/\/www.xmpie.com\/fr\/products\/web-to-print-2\/storeflow\/\" \/>\n<meta property=\"og:locale\" content=\"fr_FR\" \/>\n<meta property=\"og:type\" content=\"article\" \/>\n<meta property=\"og:title\" content=\"PersonalEffect StoreFlow\" \/>\n<meta property=\"og:description\" content=\"La meilleure solution logicielle compl\u00e8te Impression via internet pour cr\u00e9er et g\u00e9rer des boutiques en ligne et les portails de marketing.\" \/>\n<meta property=\"og:url\" content=\"https:\/\/www.xmpie.com\/fr\/products\/web-to-print-2\/storeflow\/\" \/>\n<meta property=\"og:site_name\" content=\"XMPie\" \/>\n<meta property=\"article:publisher\" content=\"https:\/\/www.facebook.com\/xmpie\" \/>\n<meta property=\"article:modified_time\" content=\"2019-09-10T08:08:00+00:00\" \/>\n<meta name=\"twitter:card\" content=\"summary_large_image\" \/>\n<meta name=\"twitter:site\" content=\"@XMPie\" \/>\n<meta name=\"twitter:label1\" content=\"Dur\u00e9e de lecture estim\u00e9e\" \/>\n\t<meta name=\"twitter:data1\" content=\"5 minutes\" \/>\n<script type=\"application\/ld+json\" class=\"yoast-schema-graph\">{\"@context\":\"https:\/\/schema.org\",\"@graph\":[{\"@type\":\"WebPage\",\"@id\":\"https:\/\/www.xmpie.com\/fr\/products\/web-to-print-2\/storeflow\/\",\"url\":\"https:\/\/www.xmpie.com\/fr\/products\/web-to-print-2\/storeflow\/\",\"name\":\"PersonalEffect StoreFlow | automatisation de la production pr\u00e9presse | XMPie\",\"isPartOf\":{\"@id\":\"https:\/\/www.xmpie.com\/fr\/#website\"},\"datePublished\":\"2015-08-02T10:50:05+00:00\",\"dateModified\":\"2019-09-10T08:08:00+00:00\",\"description\":\"La meilleure solution logicielle compl\u00e8te Impression via internet pour cr\u00e9er et g\u00e9rer des boutiques en ligne et les portails de marketing.\",\"breadcrumb\":{\"@id\":\"https:\/\/www.xmpie.com\/fr\/products\/web-to-print-2\/storeflow\/#breadcrumb\"},\"inLanguage\":\"fr-FR\",\"potentialAction\":[{\"@type\":\"ReadAction\",\"target\":[\"https:\/\/www.xmpie.com\/fr\/products\/web-to-print-2\/storeflow\/\"]}]},{\"@type\":\"BreadcrumbList\",\"@id\":\"https:\/\/www.xmpie.com\/fr\/products\/web-to-print-2\/storeflow\/#breadcrumb\",\"itemListElement\":[{\"@type\":\"ListItem\",\"position\":1,\"name\":\"Home\",\"item\":\"https:\/\/www.xmpie.com\/fr\/\"},{\"@type\":\"ListItem\",\"position\":2,\"name\":\"Produits\",\"item\":\"https:\/\/www.xmpie.com\/fr\/products\/\"},{\"@type\":\"ListItem\",\"position\":3,\"name\":\"Web-to-Print\",\"item\":\"https:\/\/www.xmpie.com\/fr\/products\/web-to-print-2\/\"},{\"@type\":\"ListItem\",\"position\":4,\"name\":\"PersonalEffect StoreFlow\"}]},{\"@type\":\"WebSite\",\"@id\":\"https:\/\/www.xmpie.com\/fr\/#website\",\"url\":\"https:\/\/www.xmpie.com\/fr\/\",\"name\":\"XMPie\",\"description\":\"Our Technology Integrates print and digital media to improve the brand experience\",\"publisher\":{\"@id\":\"https:\/\/www.xmpie.com\/fr\/#organization\"},\"potentialAction\":[{\"@type\":\"SearchAction\",\"target\":{\"@type\":\"EntryPoint\",\"urlTemplate\":\"https:\/\/www.xmpie.com\/fr\/?s={search_term_string}\"},\"query-input\":{\"@type\":\"PropertyValueSpecification\",\"valueRequired\":true,\"valueName\":\"search_term_string\"}}],\"inLanguage\":\"fr-FR\"},{\"@type\":\"Organization\",\"@id\":\"https:\/\/www.xmpie.com\/fr\/#organization\",\"name\":\"XMPie\",\"url\":\"https:\/\/www.xmpie.com\/fr\/\",\"logo\":{\"@type\":\"ImageObject\",\"inLanguage\":\"fr-FR\",\"@id\":\"https:\/\/www.xmpie.com\/fr\/#\/schema\/logo\/image\/\",\"url\":\"https:\/\/www.xmpie.com\/wp-content\/uploads\/2015\/07\/logo.png\",\"contentUrl\":\"https:\/\/www.xmpie.com\/wp-content\/uploads\/2015\/07\/logo.png\",\"width\":62,\"height\":62,\"caption\":\"XMPie\"},\"image\":{\"@id\":\"https:\/\/www.xmpie.com\/fr\/#\/schema\/logo\/image\/\"},\"sameAs\":[\"https:\/\/www.facebook.com\/xmpie\",\"https:\/\/x.com\/XMPie\",\"http:\/\/www.linkedin.com\/company\/xmpie\",\"https:\/\/www.pinterest.com\/XMPieCreate\/\",\"http:\/\/www.youtube.com\/xmpie\"]}]}<\/script>\n<!-- \/ Yoast SEO Premium plugin. -->","yoast_head_json":{"title":"PersonalEffect StoreFlow | automatisation de la production pr\u00e9presse | XMPie","description":"La meilleure solution logicielle compl\u00e8te Impression via internet pour cr\u00e9er et g\u00e9rer des boutiques en ligne et les portails de marketing.","robots":{"index":"index","follow":"follow","max-snippet":"max-snippet:-1","max-image-preview":"max-image-preview:large","max-video-preview":"max-video-preview:-1"},"canonical":"https:\/\/www.xmpie.com\/fr\/products\/web-to-print-2\/storeflow\/","og_locale":"fr_FR","og_type":"article","og_title":"PersonalEffect StoreFlow","og_description":"La meilleure solution logicielle compl\u00e8te Impression via internet pour cr\u00e9er et g\u00e9rer des boutiques en ligne et les portails de marketing.","og_url":"https:\/\/www.xmpie.com\/fr\/products\/web-to-print-2\/storeflow\/","og_site_name":"XMPie","article_publisher":"https:\/\/www.facebook.com\/xmpie","article_modified_time":"2019-09-10T08:08:00+00:00","twitter_card":"summary_large_image","twitter_site":"@XMPie","twitter_misc":{"Dur\u00e9e de lecture estim\u00e9e":"5 minutes"},"schema":{"@context":"https:\/\/schema.org","@graph":[{"@type":"WebPage","@id":"https:\/\/www.xmpie.com\/fr\/products\/web-to-print-2\/storeflow\/","url":"https:\/\/www.xmpie.com\/fr\/products\/web-to-print-2\/storeflow\/","name":"PersonalEffect StoreFlow | automatisation de la production pr\u00e9presse | XMPie","isPartOf":{"@id":"https:\/\/www.xmpie.com\/fr\/#website"},"datePublished":"2015-08-02T10:50:05+00:00","dateModified":"2019-09-10T08:08:00+00:00","description":"La meilleure solution logicielle compl\u00e8te Impression via internet pour cr\u00e9er et g\u00e9rer des boutiques en ligne et les portails de marketing.","breadcrumb":{"@id":"https:\/\/www.xmpie.com\/fr\/products\/web-to-print-2\/storeflow\/#breadcrumb"},"inLanguage":"fr-FR","potentialAction":[{"@type":"ReadAction","target":["https:\/\/www.xmpie.com\/fr\/products\/web-to-print-2\/storeflow\/"]}]},{"@type":"BreadcrumbList","@id":"https:\/\/www.xmpie.com\/fr\/products\/web-to-print-2\/storeflow\/#breadcrumb","itemListElement":[{"@type":"ListItem","position":1,"name":"Home","item":"https:\/\/www.xmpie.com\/fr\/"},{"@type":"ListItem","position":2,"name":"Produits","item":"https:\/\/www.xmpie.com\/fr\/products\/"},{"@type":"ListItem","position":3,"name":"Web-to-Print","item":"https:\/\/www.xmpie.com\/fr\/products\/web-to-print-2\/"},{"@type":"ListItem","position":4,"name":"PersonalEffect StoreFlow"}]},{"@type":"WebSite","@id":"https:\/\/www.xmpie.com\/fr\/#website","url":"https:\/\/www.xmpie.com\/fr\/","name":"XMPie","description":"Our Technology Integrates print and digital media to improve the brand experience","publisher":{"@id":"https:\/\/www.xmpie.com\/fr\/#organization"},"potentialAction":[{"@type":"SearchAction","target":{"@type":"EntryPoint","urlTemplate":"https:\/\/www.xmpie.com\/fr\/?s={search_term_string}"},"query-input":{"@type":"PropertyValueSpecification","valueRequired":true,"valueName":"search_term_string"}}],"inLanguage":"fr-FR"},{"@type":"Organization","@id":"https:\/\/www.xmpie.com\/fr\/#organization","name":"XMPie","url":"https:\/\/www.xmpie.com\/fr\/","logo":{"@type":"ImageObject","inLanguage":"fr-FR","@id":"https:\/\/www.xmpie.com\/fr\/#\/schema\/logo\/image\/","url":"https:\/\/www.xmpie.com\/wp-content\/uploads\/2015\/07\/logo.png","contentUrl":"https:\/\/www.xmpie.com\/wp-content\/uploads\/2015\/07\/logo.png","width":62,"height":62,"caption":"XMPie"},"image":{"@id":"https:\/\/www.xmpie.com\/fr\/#\/schema\/logo\/image\/"},"sameAs":["https:\/\/www.facebook.com\/xmpie","https:\/\/x.com\/XMPie","http:\/\/www.linkedin.com\/company\/xmpie","https:\/\/www.pinterest.com\/XMPieCreate\/","http:\/\/www.youtube.com\/xmpie"]}]}},"_links":{"self":[{"href":"https:\/\/www.xmpie.com\/fr\/wp-json\/wp\/v2\/pages\/9293","targetHints":{"allow":["GET"]}}],"collection":[{"href":"https:\/\/www.xmpie.com\/fr\/wp-json\/wp\/v2\/pages"}],"about":[{"href":"https:\/\/www.xmpie.com\/fr\/wp-json\/wp\/v2\/types\/page"}],"author":[{"embeddable":true,"href":"https:\/\/www.xmpie.com\/fr\/wp-json\/wp\/v2\/users\/1"}],"replies":[{"embeddable":true,"href":"https:\/\/www.xmpie.com\/fr\/wp-json\/wp\/v2\/comments?post=9293"}],"version-history":[{"count":4,"href":"https:\/\/www.xmpie.com\/fr\/wp-json\/wp\/v2\/pages\/9293\/revisions"}],"predecessor-version":[{"id":64735,"href":"https:\/\/www.xmpie.com\/fr\/wp-json\/wp\/v2\/pages\/9293\/revisions\/64735"}],"up":[{"embeddable":true,"href":"https:\/\/www.xmpie.com\/fr\/wp-json\/wp\/v2\/pages\/9243"}],"wp:attachment":[{"href":"https:\/\/www.xmpie.com\/fr\/wp-json\/wp\/v2\/media?parent=9293"}],"curies":[{"name":"wp","href":"https:\/\/api.w.org\/{rel}","templated":true}]}}