{"id":9300,"date":"2015-08-02T10:52:20","date_gmt":"2015-08-02T10:52:20","guid":{"rendered":"https:\/\/www.xmpie.com\/impression-oriente-par-les-donnes-et-vdp\/udirect-classic\/?lang=fr"},"modified":"2018-04-08T06:51:46","modified_gmt":"2018-04-08T06:51:46","slug":"udirect-classic","status":"publish","type":"page","link":"https:\/\/www.xmpie.com\/fr\/products\/impression-oriente-par-les-donnes-et-vdp\/udirect-classic\/","title":{"rendered":"uDirect Classic"},"content":{"rendered":"","protected":false},"excerpt":{"rendered":"<p>Aujourd&rsquo;hui, les entreprises, quelle que soit leur taille, peuvent cr\u00e9er et produire des documents riches en traitements graphiques, d\u00e9taill\u00e9s et individualis\u00e9s par destinataire gr\u00e2ce \u00e0 une solution unique et conviviale de bureau VDP.<\/p>\n","protected":false},"author":1,"featured_media":0,"parent":9279,"menu_order":0,"comment_status":"open","ping_status":"closed","template":"templates\/product.php","meta":{"_acf_changed":false,"footnotes":""},"class_list":["post-9300","page","type-page","status-publish","hentry"],"acf":[],"yoast_head":"<!-- This site is optimized with the Yoast SEO Premium plugin v26.5 (Yoast SEO v27.1.1) - https:\/\/yoast.com\/product\/yoast-seo-premium-wordpress\/ -->\n<title>uDirect Classic | Logiciel marketing personalis\u00e9 | XMPie<\/title>\n<meta name=\"description\" content=\"Les entreprises de toutes les tailles peuvent d\u00e9sormais produire des documents riches en traitements graphiques, d\u00e9taill\u00e9s et cibl\u00e9s par destinataire gr\u00e2ce \u00e0 une solution de bureau VDP unique et conviviale.\" \/>\n<meta name=\"robots\" content=\"index, follow, max-snippet:-1, max-image-preview:large, max-video-preview:-1\" \/>\n<link rel=\"canonical\" href=\"https:\/\/www.xmpie.com\/fr\/products\/impression-oriente-par-les-donnes-et-vdp\/udirect-classic\/\" \/>\n<meta property=\"og:locale\" content=\"fr_FR\" \/>\n<meta property=\"og:type\" content=\"article\" \/>\n<meta property=\"og:title\" content=\"uDirect Classic\" \/>\n<meta property=\"og:description\" content=\"Les entreprises de toutes les tailles peuvent d\u00e9sormais produire des documents riches en traitements graphiques, d\u00e9taill\u00e9s et cibl\u00e9s par destinataire gr\u00e2ce \u00e0 une solution de bureau VDP unique et conviviale.\" \/>\n<meta property=\"og:url\" content=\"https:\/\/www.xmpie.com\/fr\/products\/impression-oriente-par-les-donnes-et-vdp\/udirect-classic\/\" \/>\n<meta property=\"og:site_name\" content=\"XMPie\" \/>\n<meta property=\"article:publisher\" content=\"https:\/\/www.facebook.com\/xmpie\" \/>\n<meta property=\"article:modified_time\" content=\"2018-04-08T06:51:46+00:00\" \/>\n<meta name=\"twitter:card\" content=\"summary_large_image\" \/>\n<meta name=\"twitter:site\" content=\"@XMPie\" \/>\n<script type=\"application\/ld+json\" class=\"yoast-schema-graph\">{\"@context\":\"https:\/\/schema.org\",\"@graph\":[{\"@type\":\"WebPage\",\"@id\":\"https:\/\/www.xmpie.com\/fr\/products\/impression-oriente-par-les-donnes-et-vdp\/udirect-classic\/\",\"url\":\"https:\/\/www.xmpie.com\/fr\/products\/impression-oriente-par-les-donnes-et-vdp\/udirect-classic\/\",\"name\":\"uDirect Classic | Logiciel marketing personalis\u00e9 | XMPie\",\"isPartOf\":{\"@id\":\"https:\/\/www.xmpie.com\/fr\/#website\"},\"datePublished\":\"2015-08-02T10:52:20+00:00\",\"dateModified\":\"2018-04-08T06:51:46+00:00\",\"description\":\"Les entreprises de toutes les tailles peuvent d\u00e9sormais produire des documents riches en traitements graphiques, d\u00e9taill\u00e9s et cibl\u00e9s par destinataire gr\u00e2ce \u00e0 une solution de bureau VDP unique et conviviale.\",\"breadcrumb\":{\"@id\":\"https:\/\/www.xmpie.com\/fr\/products\/impression-oriente-par-les-donnes-et-vdp\/udirect-classic\/#breadcrumb\"},\"inLanguage\":\"fr-FR\",\"potentialAction\":[{\"@type\":\"ReadAction\",\"target\":[\"https:\/\/www.xmpie.com\/fr\/products\/impression-oriente-par-les-donnes-et-vdp\/udirect-classic\/\"]}]},{\"@type\":\"BreadcrumbList\",\"@id\":\"https:\/\/www.xmpie.com\/fr\/products\/impression-oriente-par-les-donnes-et-vdp\/udirect-classic\/#breadcrumb\",\"itemListElement\":[{\"@type\":\"ListItem\",\"position\":1,\"name\":\"Home\",\"item\":\"https:\/\/www.xmpie.com\/fr\/\"},{\"@type\":\"ListItem\",\"position\":2,\"name\":\"Produits\",\"item\":\"https:\/\/www.xmpie.com\/fr\/products\/\"},{\"@type\":\"ListItem\",\"position\":3,\"name\":\"Impression orient\u00e9e par les donn\u00e9es et VDP\",\"item\":\"https:\/\/www.xmpie.com\/fr\/products\/impression-oriente-par-les-donnes-et-vdp\/\"},{\"@type\":\"ListItem\",\"position\":4,\"name\":\"uDirect Classic\"}]},{\"@type\":\"WebSite\",\"@id\":\"https:\/\/www.xmpie.com\/fr\/#website\",\"url\":\"https:\/\/www.xmpie.com\/fr\/\",\"name\":\"XMPie\",\"description\":\"Our Technology Integrates print and digital media to improve the brand experience\",\"publisher\":{\"@id\":\"https:\/\/www.xmpie.com\/fr\/#organization\"},\"potentialAction\":[{\"@type\":\"SearchAction\",\"target\":{\"@type\":\"EntryPoint\",\"urlTemplate\":\"https:\/\/www.xmpie.com\/fr\/?s={search_term_string}\"},\"query-input\":{\"@type\":\"PropertyValueSpecification\",\"valueRequired\":true,\"valueName\":\"search_term_string\"}}],\"inLanguage\":\"fr-FR\"},{\"@type\":\"Organization\",\"@id\":\"https:\/\/www.xmpie.com\/fr\/#organization\",\"name\":\"XMPie\",\"url\":\"https:\/\/www.xmpie.com\/fr\/\",\"logo\":{\"@type\":\"ImageObject\",\"inLanguage\":\"fr-FR\",\"@id\":\"https:\/\/www.xmpie.com\/fr\/#\/schema\/logo\/image\/\",\"url\":\"https:\/\/www.xmpie.com\/wp-content\/uploads\/2015\/07\/logo.png\",\"contentUrl\":\"https:\/\/www.xmpie.com\/wp-content\/uploads\/2015\/07\/logo.png\",\"width\":62,\"height\":62,\"caption\":\"XMPie\"},\"image\":{\"@id\":\"https:\/\/www.xmpie.com\/fr\/#\/schema\/logo\/image\/\"},\"sameAs\":[\"https:\/\/www.facebook.com\/xmpie\",\"https:\/\/x.com\/XMPie\",\"http:\/\/www.linkedin.com\/company\/xmpie\",\"https:\/\/www.pinterest.com\/XMPieCreate\/\",\"http:\/\/www.youtube.com\/xmpie\"]}]}<\/script>\n<!-- \/ Yoast SEO Premium plugin. -->","yoast_head_json":{"title":"uDirect Classic | Logiciel marketing personalis\u00e9 | XMPie","description":"Les entreprises de toutes les tailles peuvent d\u00e9sormais produire des documents riches en traitements graphiques, d\u00e9taill\u00e9s et cibl\u00e9s par destinataire gr\u00e2ce \u00e0 une solution de bureau VDP unique et conviviale.","robots":{"index":"index","follow":"follow","max-snippet":"max-snippet:-1","max-image-preview":"max-image-preview:large","max-video-preview":"max-video-preview:-1"},"canonical":"https:\/\/www.xmpie.com\/fr\/products\/impression-oriente-par-les-donnes-et-vdp\/udirect-classic\/","og_locale":"fr_FR","og_type":"article","og_title":"uDirect Classic","og_description":"Les entreprises de toutes les tailles peuvent d\u00e9sormais produire des documents riches en traitements graphiques, d\u00e9taill\u00e9s et cibl\u00e9s par destinataire gr\u00e2ce \u00e0 une solution de bureau VDP unique et conviviale.","og_url":"https:\/\/www.xmpie.com\/fr\/products\/impression-oriente-par-les-donnes-et-vdp\/udirect-classic\/","og_site_name":"XMPie","article_publisher":"https:\/\/www.facebook.com\/xmpie","article_modified_time":"2018-04-08T06:51:46+00:00","twitter_card":"summary_large_image","twitter_site":"@XMPie","schema":{"@context":"https:\/\/schema.org","@graph":[{"@type":"WebPage","@id":"https:\/\/www.xmpie.com\/fr\/products\/impression-oriente-par-les-donnes-et-vdp\/udirect-classic\/","url":"https:\/\/www.xmpie.com\/fr\/products\/impression-oriente-par-les-donnes-et-vdp\/udirect-classic\/","name":"uDirect Classic | Logiciel marketing personalis\u00e9 | XMPie","isPartOf":{"@id":"https:\/\/www.xmpie.com\/fr\/#website"},"datePublished":"2015-08-02T10:52:20+00:00","dateModified":"2018-04-08T06:51:46+00:00","description":"Les entreprises de toutes les tailles peuvent d\u00e9sormais produire des documents riches en traitements graphiques, d\u00e9taill\u00e9s et cibl\u00e9s par destinataire gr\u00e2ce \u00e0 une solution de bureau VDP unique et conviviale.","breadcrumb":{"@id":"https:\/\/www.xmpie.com\/fr\/products\/impression-oriente-par-les-donnes-et-vdp\/udirect-classic\/#breadcrumb"},"inLanguage":"fr-FR","potentialAction":[{"@type":"ReadAction","target":["https:\/\/www.xmpie.com\/fr\/products\/impression-oriente-par-les-donnes-et-vdp\/udirect-classic\/"]}]},{"@type":"BreadcrumbList","@id":"https:\/\/www.xmpie.com\/fr\/products\/impression-oriente-par-les-donnes-et-vdp\/udirect-classic\/#breadcrumb","itemListElement":[{"@type":"ListItem","position":1,"name":"Home","item":"https:\/\/www.xmpie.com\/fr\/"},{"@type":"ListItem","position":2,"name":"Produits","item":"https:\/\/www.xmpie.com\/fr\/products\/"},{"@type":"ListItem","position":3,"name":"Impression orient\u00e9e par les donn\u00e9es et VDP","item":"https:\/\/www.xmpie.com\/fr\/products\/impression-oriente-par-les-donnes-et-vdp\/"},{"@type":"ListItem","position":4,"name":"uDirect Classic"}]},{"@type":"WebSite","@id":"https:\/\/www.xmpie.com\/fr\/#website","url":"https:\/\/www.xmpie.com\/fr\/","name":"XMPie","description":"Our Technology Integrates print and digital media to improve the brand experience","publisher":{"@id":"https:\/\/www.xmpie.com\/fr\/#organization"},"potentialAction":[{"@type":"SearchAction","target":{"@type":"EntryPoint","urlTemplate":"https:\/\/www.xmpie.com\/fr\/?s={search_term_string}"},"query-input":{"@type":"PropertyValueSpecification","valueRequired":true,"valueName":"search_term_string"}}],"inLanguage":"fr-FR"},{"@type":"Organization","@id":"https:\/\/www.xmpie.com\/fr\/#organization","name":"XMPie","url":"https:\/\/www.xmpie.com\/fr\/","logo":{"@type":"ImageObject","inLanguage":"fr-FR","@id":"https:\/\/www.xmpie.com\/fr\/#\/schema\/logo\/image\/","url":"https:\/\/www.xmpie.com\/wp-content\/uploads\/2015\/07\/logo.png","contentUrl":"https:\/\/www.xmpie.com\/wp-content\/uploads\/2015\/07\/logo.png","width":62,"height":62,"caption":"XMPie"},"image":{"@id":"https:\/\/www.xmpie.com\/fr\/#\/schema\/logo\/image\/"},"sameAs":["https:\/\/www.facebook.com\/xmpie","https:\/\/x.com\/XMPie","http:\/\/www.linkedin.com\/company\/xmpie","https:\/\/www.pinterest.com\/XMPieCreate\/","http:\/\/www.youtube.com\/xmpie"]}]}},"_links":{"self":[{"href":"https:\/\/www.xmpie.com\/fr\/wp-json\/wp\/v2\/pages\/9300","targetHints":{"allow":["GET"]}}],"collection":[{"href":"https:\/\/www.xmpie.com\/fr\/wp-json\/wp\/v2\/pages"}],"about":[{"href":"https:\/\/www.xmpie.com\/fr\/wp-json\/wp\/v2\/types\/page"}],"author":[{"embeddable":true,"href":"https:\/\/www.xmpie.com\/fr\/wp-json\/wp\/v2\/users\/1"}],"replies":[{"embeddable":true,"href":"https:\/\/www.xmpie.com\/fr\/wp-json\/wp\/v2\/comments?post=9300"}],"version-history":[{"count":2,"href":"https:\/\/www.xmpie.com\/fr\/wp-json\/wp\/v2\/pages\/9300\/revisions"}],"predecessor-version":[{"id":33427,"href":"https:\/\/www.xmpie.com\/fr\/wp-json\/wp\/v2\/pages\/9300\/revisions\/33427"}],"up":[{"embeddable":true,"href":"https:\/\/www.xmpie.com\/fr\/wp-json\/wp\/v2\/pages\/9279"}],"wp:attachment":[{"href":"https:\/\/www.xmpie.com\/fr\/wp-json\/wp\/v2\/media?parent=9300"}],"curies":[{"name":"wp","href":"https:\/\/api.w.org\/{rel}","templated":true}]}}