{"id":9304,"date":"2015-08-02T10:54:44","date_gmt":"2015-08-02T10:54:44","guid":{"rendered":"https:\/\/www.xmpie.com\/gestion-de-campagne\/circle\/?lang=fr"},"modified":"2018-08-19T13:47:23","modified_gmt":"2018-08-19T13:47:23","slug":"circle","status":"publish","type":"page","link":"https:\/\/www.xmpie.com\/fr\/products\/gestion-de-campagne\/circle\/","title":{"rendered":"Circle"},"content":{"rendered":"","protected":false},"excerpt":{"rendered":"<p>Une solution Software-as-a-Service (SaaS) permettant de g\u00e9rer des campagnes de marketing multicanaux. Effectuez un suivi des r\u00e9sultats et d\u00e9terminez quels messages fonctionnent le mieux avec tels types de personnes, dans quel contexte et avec quel m\u00e9dia.<\/p>\n","protected":false},"author":1,"featured_media":0,"parent":9276,"menu_order":0,"comment_status":"open","ping_status":"closed","template":"templates\/product.php","meta":{"_acf_changed":false,"footnotes":""},"class_list":["post-9304","page","type-page","status-publish","hentry"],"acf":[],"yoast_head":"<!-- This site is optimized with the Yoast SEO Premium plugin v26.5 (Yoast SEO v27.1.1) - https:\/\/yoast.com\/product\/yoast-seo-premium-wordpress\/ -->\n<title>Circle | Logiciel automatisation marketing | Solution SaaS | XMPie<\/title>\n<meta name=\"description\" content=\"Une solution Software-as-a-Service (SaaS) permettant de g\u00e9rer des campagnes de marketing multicanaux.\u00a0\" \/>\n<meta name=\"robots\" content=\"index, follow, max-snippet:-1, max-image-preview:large, max-video-preview:-1\" \/>\n<link rel=\"canonical\" href=\"https:\/\/www.xmpie.com\/fr\/products\/gestion-de-campagne\/circle\/\" \/>\n<meta property=\"og:locale\" content=\"fr_FR\" \/>\n<meta property=\"og:type\" content=\"article\" \/>\n<meta property=\"og:title\" content=\"Circle\" \/>\n<meta property=\"og:description\" content=\"Une solution Software-as-a-Service (SaaS) permettant de g\u00e9rer des campagnes de marketing multicanaux.\u00a0\" \/>\n<meta property=\"og:url\" content=\"https:\/\/www.xmpie.com\/fr\/products\/gestion-de-campagne\/circle\/\" \/>\n<meta property=\"og:site_name\" content=\"XMPie\" \/>\n<meta property=\"article:publisher\" content=\"https:\/\/www.facebook.com\/xmpie\" \/>\n<meta property=\"article:modified_time\" content=\"2018-08-19T13:47:23+00:00\" \/>\n<meta name=\"twitter:card\" content=\"summary_large_image\" \/>\n<meta name=\"twitter:site\" content=\"@XMPie\" \/>\n<script type=\"application\/ld+json\" class=\"yoast-schema-graph\">{\"@context\":\"https:\/\/schema.org\",\"@graph\":[{\"@type\":\"WebPage\",\"@id\":\"https:\/\/www.xmpie.com\/fr\/products\/gestion-de-campagne\/circle\/\",\"url\":\"https:\/\/www.xmpie.com\/fr\/products\/gestion-de-campagne\/circle\/\",\"name\":\"Circle | Logiciel automatisation marketing | Solution SaaS | XMPie\",\"isPartOf\":{\"@id\":\"https:\/\/www.xmpie.com\/fr\/#website\"},\"datePublished\":\"2015-08-02T10:54:44+00:00\",\"dateModified\":\"2018-08-19T13:47:23+00:00\",\"description\":\"Une solution Software-as-a-Service (SaaS) permettant de g\u00e9rer des campagnes de marketing multicanaux.\u00a0\",\"breadcrumb\":{\"@id\":\"https:\/\/www.xmpie.com\/fr\/products\/gestion-de-campagne\/circle\/#breadcrumb\"},\"inLanguage\":\"fr-FR\",\"potentialAction\":[{\"@type\":\"ReadAction\",\"target\":[\"https:\/\/www.xmpie.com\/fr\/products\/gestion-de-campagne\/circle\/\"]}]},{\"@type\":\"BreadcrumbList\",\"@id\":\"https:\/\/www.xmpie.com\/fr\/products\/gestion-de-campagne\/circle\/#breadcrumb\",\"itemListElement\":[{\"@type\":\"ListItem\",\"position\":1,\"name\":\"Home\",\"item\":\"https:\/\/www.xmpie.com\/fr\/\"},{\"@type\":\"ListItem\",\"position\":2,\"name\":\"Produits\",\"item\":\"https:\/\/www.xmpie.com\/fr\/products\/\"},{\"@type\":\"ListItem\",\"position\":3,\"name\":\"Gestion de campagne\",\"item\":\"https:\/\/www.xmpie.com\/fr\/products\/gestion-de-campagne\/\"},{\"@type\":\"ListItem\",\"position\":4,\"name\":\"Circle\"}]},{\"@type\":\"WebSite\",\"@id\":\"https:\/\/www.xmpie.com\/fr\/#website\",\"url\":\"https:\/\/www.xmpie.com\/fr\/\",\"name\":\"XMPie\",\"description\":\"Our Technology Integrates print and digital media to improve the brand experience\",\"publisher\":{\"@id\":\"https:\/\/www.xmpie.com\/fr\/#organization\"},\"potentialAction\":[{\"@type\":\"SearchAction\",\"target\":{\"@type\":\"EntryPoint\",\"urlTemplate\":\"https:\/\/www.xmpie.com\/fr\/?s={search_term_string}\"},\"query-input\":{\"@type\":\"PropertyValueSpecification\",\"valueRequired\":true,\"valueName\":\"search_term_string\"}}],\"inLanguage\":\"fr-FR\"},{\"@type\":\"Organization\",\"@id\":\"https:\/\/www.xmpie.com\/fr\/#organization\",\"name\":\"XMPie\",\"url\":\"https:\/\/www.xmpie.com\/fr\/\",\"logo\":{\"@type\":\"ImageObject\",\"inLanguage\":\"fr-FR\",\"@id\":\"https:\/\/www.xmpie.com\/fr\/#\/schema\/logo\/image\/\",\"url\":\"https:\/\/www.xmpie.com\/wp-content\/uploads\/2015\/07\/logo.png\",\"contentUrl\":\"https:\/\/www.xmpie.com\/wp-content\/uploads\/2015\/07\/logo.png\",\"width\":62,\"height\":62,\"caption\":\"XMPie\"},\"image\":{\"@id\":\"https:\/\/www.xmpie.com\/fr\/#\/schema\/logo\/image\/\"},\"sameAs\":[\"https:\/\/www.facebook.com\/xmpie\",\"https:\/\/x.com\/XMPie\",\"http:\/\/www.linkedin.com\/company\/xmpie\",\"https:\/\/www.pinterest.com\/XMPieCreate\/\",\"http:\/\/www.youtube.com\/xmpie\"]}]}<\/script>\n<!-- \/ Yoast SEO Premium plugin. -->","yoast_head_json":{"title":"Circle | Logiciel automatisation marketing | Solution SaaS | XMPie","description":"Une solution Software-as-a-Service (SaaS) permettant de g\u00e9rer des campagnes de marketing multicanaux.\u00a0","robots":{"index":"index","follow":"follow","max-snippet":"max-snippet:-1","max-image-preview":"max-image-preview:large","max-video-preview":"max-video-preview:-1"},"canonical":"https:\/\/www.xmpie.com\/fr\/products\/gestion-de-campagne\/circle\/","og_locale":"fr_FR","og_type":"article","og_title":"Circle","og_description":"Une solution Software-as-a-Service (SaaS) permettant de g\u00e9rer des campagnes de marketing multicanaux.\u00a0","og_url":"https:\/\/www.xmpie.com\/fr\/products\/gestion-de-campagne\/circle\/","og_site_name":"XMPie","article_publisher":"https:\/\/www.facebook.com\/xmpie","article_modified_time":"2018-08-19T13:47:23+00:00","twitter_card":"summary_large_image","twitter_site":"@XMPie","schema":{"@context":"https:\/\/schema.org","@graph":[{"@type":"WebPage","@id":"https:\/\/www.xmpie.com\/fr\/products\/gestion-de-campagne\/circle\/","url":"https:\/\/www.xmpie.com\/fr\/products\/gestion-de-campagne\/circle\/","name":"Circle | Logiciel automatisation marketing | Solution SaaS | XMPie","isPartOf":{"@id":"https:\/\/www.xmpie.com\/fr\/#website"},"datePublished":"2015-08-02T10:54:44+00:00","dateModified":"2018-08-19T13:47:23+00:00","description":"Une solution Software-as-a-Service (SaaS) permettant de g\u00e9rer des campagnes de marketing multicanaux.\u00a0","breadcrumb":{"@id":"https:\/\/www.xmpie.com\/fr\/products\/gestion-de-campagne\/circle\/#breadcrumb"},"inLanguage":"fr-FR","potentialAction":[{"@type":"ReadAction","target":["https:\/\/www.xmpie.com\/fr\/products\/gestion-de-campagne\/circle\/"]}]},{"@type":"BreadcrumbList","@id":"https:\/\/www.xmpie.com\/fr\/products\/gestion-de-campagne\/circle\/#breadcrumb","itemListElement":[{"@type":"ListItem","position":1,"name":"Home","item":"https:\/\/www.xmpie.com\/fr\/"},{"@type":"ListItem","position":2,"name":"Produits","item":"https:\/\/www.xmpie.com\/fr\/products\/"},{"@type":"ListItem","position":3,"name":"Gestion de campagne","item":"https:\/\/www.xmpie.com\/fr\/products\/gestion-de-campagne\/"},{"@type":"ListItem","position":4,"name":"Circle"}]},{"@type":"WebSite","@id":"https:\/\/www.xmpie.com\/fr\/#website","url":"https:\/\/www.xmpie.com\/fr\/","name":"XMPie","description":"Our Technology Integrates print and digital media to improve the brand experience","publisher":{"@id":"https:\/\/www.xmpie.com\/fr\/#organization"},"potentialAction":[{"@type":"SearchAction","target":{"@type":"EntryPoint","urlTemplate":"https:\/\/www.xmpie.com\/fr\/?s={search_term_string}"},"query-input":{"@type":"PropertyValueSpecification","valueRequired":true,"valueName":"search_term_string"}}],"inLanguage":"fr-FR"},{"@type":"Organization","@id":"https:\/\/www.xmpie.com\/fr\/#organization","name":"XMPie","url":"https:\/\/www.xmpie.com\/fr\/","logo":{"@type":"ImageObject","inLanguage":"fr-FR","@id":"https:\/\/www.xmpie.com\/fr\/#\/schema\/logo\/image\/","url":"https:\/\/www.xmpie.com\/wp-content\/uploads\/2015\/07\/logo.png","contentUrl":"https:\/\/www.xmpie.com\/wp-content\/uploads\/2015\/07\/logo.png","width":62,"height":62,"caption":"XMPie"},"image":{"@id":"https:\/\/www.xmpie.com\/fr\/#\/schema\/logo\/image\/"},"sameAs":["https:\/\/www.facebook.com\/xmpie","https:\/\/x.com\/XMPie","http:\/\/www.linkedin.com\/company\/xmpie","https:\/\/www.pinterest.com\/XMPieCreate\/","http:\/\/www.youtube.com\/xmpie"]}]}},"_links":{"self":[{"href":"https:\/\/www.xmpie.com\/fr\/wp-json\/wp\/v2\/pages\/9304","targetHints":{"allow":["GET"]}}],"collection":[{"href":"https:\/\/www.xmpie.com\/fr\/wp-json\/wp\/v2\/pages"}],"about":[{"href":"https:\/\/www.xmpie.com\/fr\/wp-json\/wp\/v2\/types\/page"}],"author":[{"embeddable":true,"href":"https:\/\/www.xmpie.com\/fr\/wp-json\/wp\/v2\/users\/1"}],"replies":[{"embeddable":true,"href":"https:\/\/www.xmpie.com\/fr\/wp-json\/wp\/v2\/comments?post=9304"}],"version-history":[{"count":1,"href":"https:\/\/www.xmpie.com\/fr\/wp-json\/wp\/v2\/pages\/9304\/revisions"}],"predecessor-version":[{"id":47712,"href":"https:\/\/www.xmpie.com\/fr\/wp-json\/wp\/v2\/pages\/9304\/revisions\/47712"}],"up":[{"embeddable":true,"href":"https:\/\/www.xmpie.com\/fr\/wp-json\/wp\/v2\/pages\/9276"}],"wp:attachment":[{"href":"https:\/\/www.xmpie.com\/fr\/wp-json\/wp\/v2\/media?parent=9304"}],"curies":[{"name":"wp","href":"https:\/\/api.w.org\/{rel}","templated":true}]}}