{"id":9305,"date":"2016-04-11T13:42:13","date_gmt":"2016-04-11T13:42:13","guid":{"rendered":"https:\/\/www.xmpie.com\/gestion-de-campagne\/personaleffect-analytics\/?lang=fr"},"modified":"2016-07-20T15:40:08","modified_gmt":"2016-07-20T15:40:08","slug":"personaleffect-analytics","status":"publish","type":"page","link":"https:\/\/www.xmpie.com\/fr\/products\/gestion-de-campagne\/personaleffect-analytics\/","title":{"rendered":"PersonalEffect Analytics"},"content":{"rendered":"","protected":false},"excerpt":{"rendered":"<p>La technologie de suivi et d&rsquo;analyse de XMPie est l&rsquo;une des bases de la plate-forme XMPie. Elle offre des vues d\u00e9taill\u00e9es et facilement accessibles, des r\u00e9sultats de la campagne et des mesures dans tous les m\u00e9dias ce qui repr\u00e9sente un \u00e9l\u00e9ment cl\u00e9 de la gestion des communications individualis\u00e9es en masse.<\/p>\n","protected":false},"author":1,"featured_media":0,"parent":9276,"menu_order":0,"comment_status":"open","ping_status":"closed","template":"templates\/product.php","meta":{"_acf_changed":false,"footnotes":""},"class_list":["post-9305","page","type-page","status-publish","hentry"],"acf":[],"yoast_head":"<!-- This site is optimized with the Yoast SEO Premium plugin v26.5 (Yoast SEO v27.1.1) - https:\/\/yoast.com\/product\/yoast-seo-premium-wordpress\/ -->\n<title>Analyses PersonalEffect | Logiciel d&#039;analyses marketing | XMPie<\/title>\n<meta name=\"description\" content=\"D\u00e9couvrez dans quelle mesure vos initiatives marketing contribuent a vos r\u00e9sultats. Utilisez vos capacit\u00e9s analytiques pour accro\u00eetre le rendement ainsi que le retour sur investissement.\" \/>\n<meta name=\"robots\" content=\"index, follow, max-snippet:-1, max-image-preview:large, max-video-preview:-1\" \/>\n<link rel=\"canonical\" href=\"https:\/\/www.xmpie.com\/fr\/products\/gestion-de-campagne\/personaleffect-analytics\/\" \/>\n<meta property=\"og:locale\" content=\"fr_FR\" \/>\n<meta property=\"og:type\" content=\"article\" \/>\n<meta property=\"og:title\" content=\"PersonalEffect Analytics\" \/>\n<meta property=\"og:description\" content=\"D\u00e9couvrez dans quelle mesure vos initiatives marketing contribuent a vos r\u00e9sultats. Utilisez vos capacit\u00e9s analytiques pour accro\u00eetre le rendement ainsi que le retour sur investissement.\" \/>\n<meta property=\"og:url\" content=\"https:\/\/www.xmpie.com\/fr\/products\/gestion-de-campagne\/personaleffect-analytics\/\" \/>\n<meta property=\"og:site_name\" content=\"XMPie\" \/>\n<meta property=\"article:publisher\" content=\"https:\/\/www.facebook.com\/xmpie\" \/>\n<meta property=\"article:modified_time\" content=\"2016-07-20T15:40:08+00:00\" \/>\n<meta name=\"twitter:card\" content=\"summary_large_image\" \/>\n<meta name=\"twitter:site\" content=\"@XMPie\" \/>\n<script type=\"application\/ld+json\" class=\"yoast-schema-graph\">{\"@context\":\"https:\/\/schema.org\",\"@graph\":[{\"@type\":\"WebPage\",\"@id\":\"https:\/\/www.xmpie.com\/fr\/products\/gestion-de-campagne\/personaleffect-analytics\/\",\"url\":\"https:\/\/www.xmpie.com\/fr\/products\/gestion-de-campagne\/personaleffect-analytics\/\",\"name\":\"Analyses PersonalEffect | Logiciel d'analyses marketing | XMPie\",\"isPartOf\":{\"@id\":\"https:\/\/www.xmpie.com\/fr\/#website\"},\"datePublished\":\"2016-04-11T13:42:13+00:00\",\"dateModified\":\"2016-07-20T15:40:08+00:00\",\"description\":\"D\u00e9couvrez dans quelle mesure vos initiatives marketing contribuent a vos r\u00e9sultats. Utilisez vos capacit\u00e9s analytiques pour accro\u00eetre le rendement ainsi que le retour sur investissement.\",\"breadcrumb\":{\"@id\":\"https:\/\/www.xmpie.com\/fr\/products\/gestion-de-campagne\/personaleffect-analytics\/#breadcrumb\"},\"inLanguage\":\"fr-FR\",\"potentialAction\":[{\"@type\":\"ReadAction\",\"target\":[\"https:\/\/www.xmpie.com\/fr\/products\/gestion-de-campagne\/personaleffect-analytics\/\"]}]},{\"@type\":\"BreadcrumbList\",\"@id\":\"https:\/\/www.xmpie.com\/fr\/products\/gestion-de-campagne\/personaleffect-analytics\/#breadcrumb\",\"itemListElement\":[{\"@type\":\"ListItem\",\"position\":1,\"name\":\"Home\",\"item\":\"https:\/\/www.xmpie.com\/fr\/\"},{\"@type\":\"ListItem\",\"position\":2,\"name\":\"Produits\",\"item\":\"https:\/\/www.xmpie.com\/fr\/products\/\"},{\"@type\":\"ListItem\",\"position\":3,\"name\":\"Gestion de campagne\",\"item\":\"https:\/\/www.xmpie.com\/fr\/products\/gestion-de-campagne\/\"},{\"@type\":\"ListItem\",\"position\":4,\"name\":\"PersonalEffect Analytics\"}]},{\"@type\":\"WebSite\",\"@id\":\"https:\/\/www.xmpie.com\/fr\/#website\",\"url\":\"https:\/\/www.xmpie.com\/fr\/\",\"name\":\"XMPie\",\"description\":\"Our Technology Integrates print and digital media to improve the brand experience\",\"publisher\":{\"@id\":\"https:\/\/www.xmpie.com\/fr\/#organization\"},\"potentialAction\":[{\"@type\":\"SearchAction\",\"target\":{\"@type\":\"EntryPoint\",\"urlTemplate\":\"https:\/\/www.xmpie.com\/fr\/?s={search_term_string}\"},\"query-input\":{\"@type\":\"PropertyValueSpecification\",\"valueRequired\":true,\"valueName\":\"search_term_string\"}}],\"inLanguage\":\"fr-FR\"},{\"@type\":\"Organization\",\"@id\":\"https:\/\/www.xmpie.com\/fr\/#organization\",\"name\":\"XMPie\",\"url\":\"https:\/\/www.xmpie.com\/fr\/\",\"logo\":{\"@type\":\"ImageObject\",\"inLanguage\":\"fr-FR\",\"@id\":\"https:\/\/www.xmpie.com\/fr\/#\/schema\/logo\/image\/\",\"url\":\"https:\/\/www.xmpie.com\/wp-content\/uploads\/2015\/07\/logo.png\",\"contentUrl\":\"https:\/\/www.xmpie.com\/wp-content\/uploads\/2015\/07\/logo.png\",\"width\":62,\"height\":62,\"caption\":\"XMPie\"},\"image\":{\"@id\":\"https:\/\/www.xmpie.com\/fr\/#\/schema\/logo\/image\/\"},\"sameAs\":[\"https:\/\/www.facebook.com\/xmpie\",\"https:\/\/x.com\/XMPie\",\"http:\/\/www.linkedin.com\/company\/xmpie\",\"https:\/\/www.pinterest.com\/XMPieCreate\/\",\"http:\/\/www.youtube.com\/xmpie\"]}]}<\/script>\n<!-- \/ Yoast SEO Premium plugin. -->","yoast_head_json":{"title":"Analyses PersonalEffect | Logiciel d'analyses marketing | XMPie","description":"D\u00e9couvrez dans quelle mesure vos initiatives marketing contribuent a vos r\u00e9sultats. Utilisez vos capacit\u00e9s analytiques pour accro\u00eetre le rendement ainsi que le retour sur investissement.","robots":{"index":"index","follow":"follow","max-snippet":"max-snippet:-1","max-image-preview":"max-image-preview:large","max-video-preview":"max-video-preview:-1"},"canonical":"https:\/\/www.xmpie.com\/fr\/products\/gestion-de-campagne\/personaleffect-analytics\/","og_locale":"fr_FR","og_type":"article","og_title":"PersonalEffect Analytics","og_description":"D\u00e9couvrez dans quelle mesure vos initiatives marketing contribuent a vos r\u00e9sultats. Utilisez vos capacit\u00e9s analytiques pour accro\u00eetre le rendement ainsi que le retour sur investissement.","og_url":"https:\/\/www.xmpie.com\/fr\/products\/gestion-de-campagne\/personaleffect-analytics\/","og_site_name":"XMPie","article_publisher":"https:\/\/www.facebook.com\/xmpie","article_modified_time":"2016-07-20T15:40:08+00:00","twitter_card":"summary_large_image","twitter_site":"@XMPie","schema":{"@context":"https:\/\/schema.org","@graph":[{"@type":"WebPage","@id":"https:\/\/www.xmpie.com\/fr\/products\/gestion-de-campagne\/personaleffect-analytics\/","url":"https:\/\/www.xmpie.com\/fr\/products\/gestion-de-campagne\/personaleffect-analytics\/","name":"Analyses PersonalEffect | Logiciel d'analyses marketing | XMPie","isPartOf":{"@id":"https:\/\/www.xmpie.com\/fr\/#website"},"datePublished":"2016-04-11T13:42:13+00:00","dateModified":"2016-07-20T15:40:08+00:00","description":"D\u00e9couvrez dans quelle mesure vos initiatives marketing contribuent a vos r\u00e9sultats. Utilisez vos capacit\u00e9s analytiques pour accro\u00eetre le rendement ainsi que le retour sur investissement.","breadcrumb":{"@id":"https:\/\/www.xmpie.com\/fr\/products\/gestion-de-campagne\/personaleffect-analytics\/#breadcrumb"},"inLanguage":"fr-FR","potentialAction":[{"@type":"ReadAction","target":["https:\/\/www.xmpie.com\/fr\/products\/gestion-de-campagne\/personaleffect-analytics\/"]}]},{"@type":"BreadcrumbList","@id":"https:\/\/www.xmpie.com\/fr\/products\/gestion-de-campagne\/personaleffect-analytics\/#breadcrumb","itemListElement":[{"@type":"ListItem","position":1,"name":"Home","item":"https:\/\/www.xmpie.com\/fr\/"},{"@type":"ListItem","position":2,"name":"Produits","item":"https:\/\/www.xmpie.com\/fr\/products\/"},{"@type":"ListItem","position":3,"name":"Gestion de campagne","item":"https:\/\/www.xmpie.com\/fr\/products\/gestion-de-campagne\/"},{"@type":"ListItem","position":4,"name":"PersonalEffect Analytics"}]},{"@type":"WebSite","@id":"https:\/\/www.xmpie.com\/fr\/#website","url":"https:\/\/www.xmpie.com\/fr\/","name":"XMPie","description":"Our Technology Integrates print and digital media to improve the brand experience","publisher":{"@id":"https:\/\/www.xmpie.com\/fr\/#organization"},"potentialAction":[{"@type":"SearchAction","target":{"@type":"EntryPoint","urlTemplate":"https:\/\/www.xmpie.com\/fr\/?s={search_term_string}"},"query-input":{"@type":"PropertyValueSpecification","valueRequired":true,"valueName":"search_term_string"}}],"inLanguage":"fr-FR"},{"@type":"Organization","@id":"https:\/\/www.xmpie.com\/fr\/#organization","name":"XMPie","url":"https:\/\/www.xmpie.com\/fr\/","logo":{"@type":"ImageObject","inLanguage":"fr-FR","@id":"https:\/\/www.xmpie.com\/fr\/#\/schema\/logo\/image\/","url":"https:\/\/www.xmpie.com\/wp-content\/uploads\/2015\/07\/logo.png","contentUrl":"https:\/\/www.xmpie.com\/wp-content\/uploads\/2015\/07\/logo.png","width":62,"height":62,"caption":"XMPie"},"image":{"@id":"https:\/\/www.xmpie.com\/fr\/#\/schema\/logo\/image\/"},"sameAs":["https:\/\/www.facebook.com\/xmpie","https:\/\/x.com\/XMPie","http:\/\/www.linkedin.com\/company\/xmpie","https:\/\/www.pinterest.com\/XMPieCreate\/","http:\/\/www.youtube.com\/xmpie"]}]}},"_links":{"self":[{"href":"https:\/\/www.xmpie.com\/fr\/wp-json\/wp\/v2\/pages\/9305","targetHints":{"allow":["GET"]}}],"collection":[{"href":"https:\/\/www.xmpie.com\/fr\/wp-json\/wp\/v2\/pages"}],"about":[{"href":"https:\/\/www.xmpie.com\/fr\/wp-json\/wp\/v2\/types\/page"}],"author":[{"embeddable":true,"href":"https:\/\/www.xmpie.com\/fr\/wp-json\/wp\/v2\/users\/1"}],"replies":[{"embeddable":true,"href":"https:\/\/www.xmpie.com\/fr\/wp-json\/wp\/v2\/comments?post=9305"}],"version-history":[{"count":0,"href":"https:\/\/www.xmpie.com\/fr\/wp-json\/wp\/v2\/pages\/9305\/revisions"}],"up":[{"embeddable":true,"href":"https:\/\/www.xmpie.com\/fr\/wp-json\/wp\/v2\/pages\/9276"}],"wp:attachment":[{"href":"https:\/\/www.xmpie.com\/fr\/wp-json\/wp\/v2\/media?parent=9305"}],"curies":[{"name":"wp","href":"https:\/\/api.w.org\/{rel}","templated":true}]}}