{"id":9307,"date":"2015-08-02T10:56:52","date_gmt":"2015-08-02T10:56:52","guid":{"rendered":"https:\/\/www.xmpie.com\/services\/xmpie-email-service-xes\/?lang=fr"},"modified":"2023-11-22T21:13:57","modified_gmt":"2023-11-22T21:13:57","slug":"xmpie-email-service-xes2","status":"publish","type":"page","link":"https:\/\/www.xmpie.com\/fr\/products\/services\/xmpie-email-service-xes2\/","title":{"rendered":"XMPie e-Mail Service (XES)"},"content":{"rendered":"","protected":false},"excerpt":{"rendered":"","protected":false},"author":1,"featured_media":0,"parent":9306,"menu_order":0,"comment_status":"open","ping_status":"closed","template":"templates\/product.php","meta":{"_acf_changed":false,"footnotes":""},"class_list":["post-9307","page","type-page","status-publish","hentry"],"acf":[],"yoast_head":"<!-- This site is optimized with the Yoast SEO Premium plugin v26.5 (Yoast SEO v27.1.1) - https:\/\/yoast.com\/product\/yoast-seo-premium-wordpress\/ -->\n<title>Services marketing par e-mail personnalis\u00e9s (XES) | XMPie\u00a0<\/title>\n<meta name=\"description\" content=\"Une solution de qualit\u00e9 commerciale personnalis\u00e9e pour la livraison et le suivi de courrier \u00e9lectronique\" \/>\n<meta name=\"robots\" content=\"index, follow, max-snippet:-1, max-image-preview:large, max-video-preview:-1\" \/>\n<link rel=\"canonical\" href=\"https:\/\/www.xmpie.com\/fr\/products\/services\/xmpie-email-service-xes2\/\" \/>\n<meta property=\"og:locale\" content=\"fr_FR\" \/>\n<meta property=\"og:type\" content=\"article\" \/>\n<meta property=\"og:title\" content=\"XMPie e-Mail Service (XES)\" \/>\n<meta property=\"og:description\" content=\"Une solution de qualit\u00e9 commerciale personnalis\u00e9e pour la livraison et le suivi de courrier \u00e9lectronique\" \/>\n<meta property=\"og:url\" content=\"https:\/\/www.xmpie.com\/fr\/products\/services\/xmpie-email-service-xes2\/\" \/>\n<meta property=\"og:site_name\" content=\"XMPie\" \/>\n<meta property=\"article:publisher\" content=\"https:\/\/www.facebook.com\/xmpie\" \/>\n<meta property=\"article:modified_time\" content=\"2023-11-22T21:13:57+00:00\" \/>\n<meta name=\"twitter:card\" content=\"summary_large_image\" \/>\n<meta name=\"twitter:site\" content=\"@XMPie\" \/>\n<script type=\"application\/ld+json\" class=\"yoast-schema-graph\">{\"@context\":\"https:\/\/schema.org\",\"@graph\":[{\"@type\":\"WebPage\",\"@id\":\"https:\/\/www.xmpie.com\/fr\/products\/services\/xmpie-email-service-xes2\/\",\"url\":\"https:\/\/www.xmpie.com\/fr\/products\/services\/xmpie-email-service-xes2\/\",\"name\":\"Services marketing par e-mail personnalis\u00e9s (XES) | XMPie\u00a0\",\"isPartOf\":{\"@id\":\"https:\/\/www.xmpie.com\/fr\/#website\"},\"datePublished\":\"2015-08-02T10:56:52+00:00\",\"dateModified\":\"2023-11-22T21:13:57+00:00\",\"description\":\"Une solution de qualit\u00e9 commerciale personnalis\u00e9e pour la livraison et le suivi de courrier \u00e9lectronique\",\"breadcrumb\":{\"@id\":\"https:\/\/www.xmpie.com\/fr\/products\/services\/xmpie-email-service-xes2\/#breadcrumb\"},\"inLanguage\":\"fr-FR\",\"potentialAction\":[{\"@type\":\"ReadAction\",\"target\":[\"https:\/\/www.xmpie.com\/fr\/products\/services\/xmpie-email-service-xes2\/\"]}]},{\"@type\":\"BreadcrumbList\",\"@id\":\"https:\/\/www.xmpie.com\/fr\/products\/services\/xmpie-email-service-xes2\/#breadcrumb\",\"itemListElement\":[{\"@type\":\"ListItem\",\"position\":1,\"name\":\"Home\",\"item\":\"https:\/\/www.xmpie.com\/fr\/\"},{\"@type\":\"ListItem\",\"position\":2,\"name\":\"Produits\",\"item\":\"https:\/\/www.xmpie.com\/fr\/products\/\"},{\"@type\":\"ListItem\",\"position\":3,\"name\":\"Services\",\"item\":\"https:\/\/www.xmpie.com\/fr\/products\/services\/\"},{\"@type\":\"ListItem\",\"position\":4,\"name\":\"XMPie e-Mail Service (XES)\"}]},{\"@type\":\"WebSite\",\"@id\":\"https:\/\/www.xmpie.com\/fr\/#website\",\"url\":\"https:\/\/www.xmpie.com\/fr\/\",\"name\":\"XMPie\",\"description\":\"Our Technology Integrates print and digital media to improve the brand experience\",\"publisher\":{\"@id\":\"https:\/\/www.xmpie.com\/fr\/#organization\"},\"potentialAction\":[{\"@type\":\"SearchAction\",\"target\":{\"@type\":\"EntryPoint\",\"urlTemplate\":\"https:\/\/www.xmpie.com\/fr\/?s={search_term_string}\"},\"query-input\":{\"@type\":\"PropertyValueSpecification\",\"valueRequired\":true,\"valueName\":\"search_term_string\"}}],\"inLanguage\":\"fr-FR\"},{\"@type\":\"Organization\",\"@id\":\"https:\/\/www.xmpie.com\/fr\/#organization\",\"name\":\"XMPie\",\"url\":\"https:\/\/www.xmpie.com\/fr\/\",\"logo\":{\"@type\":\"ImageObject\",\"inLanguage\":\"fr-FR\",\"@id\":\"https:\/\/www.xmpie.com\/fr\/#\/schema\/logo\/image\/\",\"url\":\"https:\/\/www.xmpie.com\/wp-content\/uploads\/2015\/07\/logo.png\",\"contentUrl\":\"https:\/\/www.xmpie.com\/wp-content\/uploads\/2015\/07\/logo.png\",\"width\":62,\"height\":62,\"caption\":\"XMPie\"},\"image\":{\"@id\":\"https:\/\/www.xmpie.com\/fr\/#\/schema\/logo\/image\/\"},\"sameAs\":[\"https:\/\/www.facebook.com\/xmpie\",\"https:\/\/x.com\/XMPie\",\"http:\/\/www.linkedin.com\/company\/xmpie\",\"https:\/\/www.pinterest.com\/XMPieCreate\/\",\"http:\/\/www.youtube.com\/xmpie\"]}]}<\/script>\n<!-- \/ Yoast SEO Premium plugin. -->","yoast_head_json":{"title":"Services marketing par e-mail personnalis\u00e9s (XES) | XMPie\u00a0","description":"Une solution de qualit\u00e9 commerciale personnalis\u00e9e pour la livraison et le suivi de courrier \u00e9lectronique","robots":{"index":"index","follow":"follow","max-snippet":"max-snippet:-1","max-image-preview":"max-image-preview:large","max-video-preview":"max-video-preview:-1"},"canonical":"https:\/\/www.xmpie.com\/fr\/products\/services\/xmpie-email-service-xes2\/","og_locale":"fr_FR","og_type":"article","og_title":"XMPie e-Mail Service (XES)","og_description":"Une solution de qualit\u00e9 commerciale personnalis\u00e9e pour la livraison et le suivi de courrier \u00e9lectronique","og_url":"https:\/\/www.xmpie.com\/fr\/products\/services\/xmpie-email-service-xes2\/","og_site_name":"XMPie","article_publisher":"https:\/\/www.facebook.com\/xmpie","article_modified_time":"2023-11-22T21:13:57+00:00","twitter_card":"summary_large_image","twitter_site":"@XMPie","schema":{"@context":"https:\/\/schema.org","@graph":[{"@type":"WebPage","@id":"https:\/\/www.xmpie.com\/fr\/products\/services\/xmpie-email-service-xes2\/","url":"https:\/\/www.xmpie.com\/fr\/products\/services\/xmpie-email-service-xes2\/","name":"Services marketing par e-mail personnalis\u00e9s (XES) | XMPie\u00a0","isPartOf":{"@id":"https:\/\/www.xmpie.com\/fr\/#website"},"datePublished":"2015-08-02T10:56:52+00:00","dateModified":"2023-11-22T21:13:57+00:00","description":"Une solution de qualit\u00e9 commerciale personnalis\u00e9e pour la livraison et le suivi de courrier \u00e9lectronique","breadcrumb":{"@id":"https:\/\/www.xmpie.com\/fr\/products\/services\/xmpie-email-service-xes2\/#breadcrumb"},"inLanguage":"fr-FR","potentialAction":[{"@type":"ReadAction","target":["https:\/\/www.xmpie.com\/fr\/products\/services\/xmpie-email-service-xes2\/"]}]},{"@type":"BreadcrumbList","@id":"https:\/\/www.xmpie.com\/fr\/products\/services\/xmpie-email-service-xes2\/#breadcrumb","itemListElement":[{"@type":"ListItem","position":1,"name":"Home","item":"https:\/\/www.xmpie.com\/fr\/"},{"@type":"ListItem","position":2,"name":"Produits","item":"https:\/\/www.xmpie.com\/fr\/products\/"},{"@type":"ListItem","position":3,"name":"Services","item":"https:\/\/www.xmpie.com\/fr\/products\/services\/"},{"@type":"ListItem","position":4,"name":"XMPie e-Mail Service (XES)"}]},{"@type":"WebSite","@id":"https:\/\/www.xmpie.com\/fr\/#website","url":"https:\/\/www.xmpie.com\/fr\/","name":"XMPie","description":"Our Technology Integrates print and digital media to improve the brand experience","publisher":{"@id":"https:\/\/www.xmpie.com\/fr\/#organization"},"potentialAction":[{"@type":"SearchAction","target":{"@type":"EntryPoint","urlTemplate":"https:\/\/www.xmpie.com\/fr\/?s={search_term_string}"},"query-input":{"@type":"PropertyValueSpecification","valueRequired":true,"valueName":"search_term_string"}}],"inLanguage":"fr-FR"},{"@type":"Organization","@id":"https:\/\/www.xmpie.com\/fr\/#organization","name":"XMPie","url":"https:\/\/www.xmpie.com\/fr\/","logo":{"@type":"ImageObject","inLanguage":"fr-FR","@id":"https:\/\/www.xmpie.com\/fr\/#\/schema\/logo\/image\/","url":"https:\/\/www.xmpie.com\/wp-content\/uploads\/2015\/07\/logo.png","contentUrl":"https:\/\/www.xmpie.com\/wp-content\/uploads\/2015\/07\/logo.png","width":62,"height":62,"caption":"XMPie"},"image":{"@id":"https:\/\/www.xmpie.com\/fr\/#\/schema\/logo\/image\/"},"sameAs":["https:\/\/www.facebook.com\/xmpie","https:\/\/x.com\/XMPie","http:\/\/www.linkedin.com\/company\/xmpie","https:\/\/www.pinterest.com\/XMPieCreate\/","http:\/\/www.youtube.com\/xmpie"]}]}},"_links":{"self":[{"href":"https:\/\/www.xmpie.com\/fr\/wp-json\/wp\/v2\/pages\/9307","targetHints":{"allow":["GET"]}}],"collection":[{"href":"https:\/\/www.xmpie.com\/fr\/wp-json\/wp\/v2\/pages"}],"about":[{"href":"https:\/\/www.xmpie.com\/fr\/wp-json\/wp\/v2\/types\/page"}],"author":[{"embeddable":true,"href":"https:\/\/www.xmpie.com\/fr\/wp-json\/wp\/v2\/users\/1"}],"replies":[{"embeddable":true,"href":"https:\/\/www.xmpie.com\/fr\/wp-json\/wp\/v2\/comments?post=9307"}],"version-history":[{"count":3,"href":"https:\/\/www.xmpie.com\/fr\/wp-json\/wp\/v2\/pages\/9307\/revisions"}],"predecessor-version":[{"id":34768,"href":"https:\/\/www.xmpie.com\/fr\/wp-json\/wp\/v2\/pages\/9307\/revisions\/34768"}],"up":[{"embeddable":true,"href":"https:\/\/www.xmpie.com\/fr\/wp-json\/wp\/v2\/pages\/9306"}],"wp:attachment":[{"href":"https:\/\/www.xmpie.com\/fr\/wp-json\/wp\/v2\/media?parent=9307"}],"curies":[{"name":"wp","href":"https:\/\/api.w.org\/{rel}","templated":true}]}}