{"id":9187,"date":"2016-04-11T13:41:39","date_gmt":"2016-04-11T13:41:39","guid":{"rendered":"https:\/\/www.xmpie.com\/societ\/tecnologia-xmpie\/?lang=it"},"modified":"2016-07-19T12:43:27","modified_gmt":"2016-07-19T12:43:27","slug":"tecnologia-xmpie","status":"publish","type":"page","link":"https:\/\/www.xmpie.com\/it\/informazioni-su-xmpie\/societ\/tecnologia-xmpie\/","title":{"rendered":"Tecnologia XMPie"},"content":{"rendered":"<p><img fetchpriority=\"high\" decoding=\"async\" class=\"size-full wp-image-18075 alignright\" src=\"https:\/\/www.xmpie.com\/wp-content\/uploads\/2016\/04\/about-diagram-1.png\" alt=\"about-diagram\" width=\"480\" height=\"476\" srcset=\"https:\/\/www.xmpie.com\/wp-content\/uploads\/2016\/04\/about-diagram-1.png 480w, https:\/\/www.xmpie.com\/wp-content\/uploads\/2016\/04\/about-diagram-1-150x150.png 150w, https:\/\/www.xmpie.com\/wp-content\/uploads\/2016\/04\/about-diagram-1-231x229.png 231w\" sizes=\"(max-width: 480px) 100vw, 480px\" \/><\/p>\n<h2>XMPie \u00e8 stata fondata con la volont\u00e0 di integrare il mondo della stampa e dei media digitali e rendere pi\u00f9 facile per ogni azienda la creazione e la produzione di comunicazioni personalizzate.<\/h2>\n<p>La nostra soluzione copre tre aree di applicazione principali \u2013 personalizzazione per i media, portali Web-to-Print e automazione marketing \u2013 unite da un comune denominatore tecnologico. L\u2019architettura XMPie utilizza unicamente un approccio modulare, in cui i dati e le regole commerciali sono condivise nei diversi canali. Sia che una campagna sia costituita esclusivamente da stampe o da una combinazione di stampa e media digitali, con XMPie i dati sono sempre sincronizzati su tutti i canali, consentendo una vera brand experience olistica.<\/p>\n","protected":false},"excerpt":{"rendered":"<p>XMPie \u00e8 stata fondata con la volont\u00e0 di integrare il mondo della stampa e dei media digitali e rendere pi\u00f9 facile per ogni azienda la creazione e la produzione di comunicazioni personalizzate. La&#8230;<\/p>\n","protected":false},"author":12,"featured_media":0,"parent":9173,"menu_order":0,"comment_status":"closed","ping_status":"closed","template":"templates\/about.php","meta":{"_acf_changed":false,"footnotes":""},"class_list":["post-9187","page","type-page","status-publish","hentry"],"acf":[],"yoast_head":"<!-- This site is optimized with the Yoast SEO Premium plugin v26.5 (Yoast SEO v27.1.1) - https:\/\/yoast.com\/product\/yoast-seo-premium-wordpress\/ -->\n<title>Tecnologia XMPie - XMPie<\/title>\n<meta name=\"description\" content=\"L\u2019integrazione tra la stampa e i media digitali.\u00a0Rendiamo pi\u00f9 semplice per ogni azienda la creazione e la produzione di comunicazioni personalizzate.\" \/>\n<meta name=\"robots\" content=\"index, follow, max-snippet:-1, max-image-preview:large, max-video-preview:-1\" \/>\n<link rel=\"canonical\" href=\"https:\/\/www.xmpie.com\/it\/informazioni-su-xmpie\/societ\/tecnologia-xmpie\/\" \/>\n<meta property=\"og:locale\" content=\"it_IT\" \/>\n<meta property=\"og:type\" content=\"article\" \/>\n<meta property=\"og:title\" content=\"Tecnologia XMPie\" \/>\n<meta property=\"og:description\" content=\"L\u2019integrazione tra la stampa e i media digitali.\u00a0Rendiamo pi\u00f9 semplice per ogni azienda la creazione e la produzione di comunicazioni personalizzate.\" \/>\n<meta property=\"og:url\" content=\"https:\/\/www.xmpie.com\/it\/informazioni-su-xmpie\/societ\/tecnologia-xmpie\/\" \/>\n<meta property=\"og:site_name\" content=\"XMPie\" \/>\n<meta property=\"article:publisher\" content=\"https:\/\/www.facebook.com\/xmpie\" \/>\n<meta property=\"article:modified_time\" content=\"2016-07-19T12:43:27+00:00\" \/>\n<meta property=\"og:image\" content=\"https:\/\/www.xmpie.com\/wp-content\/uploads\/2016\/04\/about-diagram-1.png\" \/>\n<meta name=\"twitter:card\" content=\"summary_large_image\" \/>\n<meta name=\"twitter:site\" content=\"@XMPie\" \/>\n<meta name=\"twitter:label1\" content=\"Tempo di lettura stimato\" \/>\n\t<meta name=\"twitter:data1\" content=\"1 minuto\" \/>\n<script type=\"application\/ld+json\" class=\"yoast-schema-graph\">{\"@context\":\"https:\/\/schema.org\",\"@graph\":[{\"@type\":\"WebPage\",\"@id\":\"https:\/\/www.xmpie.com\/it\/informazioni-su-xmpie\/societ\/tecnologia-xmpie\/\",\"url\":\"https:\/\/www.xmpie.com\/it\/informazioni-su-xmpie\/societ\/tecnologia-xmpie\/\",\"name\":\"Tecnologia XMPie - XMPie\",\"isPartOf\":{\"@id\":\"https:\/\/www.xmpie.com\/it\/#website\"},\"primaryImageOfPage\":{\"@id\":\"https:\/\/www.xmpie.com\/it\/informazioni-su-xmpie\/societ\/tecnologia-xmpie\/#primaryimage\"},\"image\":{\"@id\":\"https:\/\/www.xmpie.com\/it\/informazioni-su-xmpie\/societ\/tecnologia-xmpie\/#primaryimage\"},\"thumbnailUrl\":\"https:\/\/www.xmpie.com\/wp-content\/uploads\/2016\/04\/about-diagram-1.png\",\"datePublished\":\"2016-04-11T13:41:39+00:00\",\"dateModified\":\"2016-07-19T12:43:27+00:00\",\"description\":\"L\u2019integrazione tra la stampa e i media digitali.\u00a0Rendiamo pi\u00f9 semplice per ogni azienda la creazione e la produzione di comunicazioni personalizzate.\",\"breadcrumb\":{\"@id\":\"https:\/\/www.xmpie.com\/it\/informazioni-su-xmpie\/societ\/tecnologia-xmpie\/#breadcrumb\"},\"inLanguage\":\"it-IT\",\"potentialAction\":[{\"@type\":\"ReadAction\",\"target\":[\"https:\/\/www.xmpie.com\/it\/informazioni-su-xmpie\/societ\/tecnologia-xmpie\/\"]}]},{\"@type\":\"ImageObject\",\"inLanguage\":\"it-IT\",\"@id\":\"https:\/\/www.xmpie.com\/it\/informazioni-su-xmpie\/societ\/tecnologia-xmpie\/#primaryimage\",\"url\":\"https:\/\/www.xmpie.com\/wp-content\/uploads\/2016\/04\/about-diagram-1.png\",\"contentUrl\":\"https:\/\/www.xmpie.com\/wp-content\/uploads\/2016\/04\/about-diagram-1.png\"},{\"@type\":\"BreadcrumbList\",\"@id\":\"https:\/\/www.xmpie.com\/it\/informazioni-su-xmpie\/societ\/tecnologia-xmpie\/#breadcrumb\",\"itemListElement\":[{\"@type\":\"ListItem\",\"position\":1,\"name\":\"Home\",\"item\":\"https:\/\/www.xmpie.com\/it\/\"},{\"@type\":\"ListItem\",\"position\":2,\"name\":\"Informazioni su XMPie\",\"item\":\"https:\/\/www.xmpie.com\/it\/informazioni-su-xmpie\/\"},{\"@type\":\"ListItem\",\"position\":3,\"name\":\"Societ\u00e0\",\"item\":\"https:\/\/www.xmpie.com\/it\/informazioni-su-xmpie\/societ\/\"},{\"@type\":\"ListItem\",\"position\":4,\"name\":\"Tecnologia XMPie\"}]},{\"@type\":\"WebSite\",\"@id\":\"https:\/\/www.xmpie.com\/it\/#website\",\"url\":\"https:\/\/www.xmpie.com\/it\/\",\"name\":\"XMPie\",\"description\":\"Our Technology Integrates print and digital media to improve the brand experience\",\"publisher\":{\"@id\":\"https:\/\/www.xmpie.com\/it\/#organization\"},\"potentialAction\":[{\"@type\":\"SearchAction\",\"target\":{\"@type\":\"EntryPoint\",\"urlTemplate\":\"https:\/\/www.xmpie.com\/it\/?s={search_term_string}\"},\"query-input\":{\"@type\":\"PropertyValueSpecification\",\"valueRequired\":true,\"valueName\":\"search_term_string\"}}],\"inLanguage\":\"it-IT\"},{\"@type\":\"Organization\",\"@id\":\"https:\/\/www.xmpie.com\/it\/#organization\",\"name\":\"XMPie\",\"url\":\"https:\/\/www.xmpie.com\/it\/\",\"logo\":{\"@type\":\"ImageObject\",\"inLanguage\":\"it-IT\",\"@id\":\"https:\/\/www.xmpie.com\/it\/#\/schema\/logo\/image\/\",\"url\":\"https:\/\/www.xmpie.com\/wp-content\/uploads\/2015\/07\/logo.png\",\"contentUrl\":\"https:\/\/www.xmpie.com\/wp-content\/uploads\/2015\/07\/logo.png\",\"width\":62,\"height\":62,\"caption\":\"XMPie\"},\"image\":{\"@id\":\"https:\/\/www.xmpie.com\/it\/#\/schema\/logo\/image\/\"},\"sameAs\":[\"https:\/\/www.facebook.com\/xmpie\",\"https:\/\/x.com\/XMPie\",\"http:\/\/www.linkedin.com\/company\/xmpie\",\"https:\/\/www.pinterest.com\/XMPieCreate\/\",\"http:\/\/www.youtube.com\/xmpie\"]}]}<\/script>\n<!-- \/ Yoast SEO Premium plugin. -->","yoast_head_json":{"title":"Tecnologia XMPie - XMPie","description":"L\u2019integrazione tra la stampa e i media digitali.\u00a0Rendiamo pi\u00f9 semplice per ogni azienda la creazione e la produzione di comunicazioni personalizzate.","robots":{"index":"index","follow":"follow","max-snippet":"max-snippet:-1","max-image-preview":"max-image-preview:large","max-video-preview":"max-video-preview:-1"},"canonical":"https:\/\/www.xmpie.com\/it\/informazioni-su-xmpie\/societ\/tecnologia-xmpie\/","og_locale":"it_IT","og_type":"article","og_title":"Tecnologia XMPie","og_description":"L\u2019integrazione tra la stampa e i media digitali.\u00a0Rendiamo pi\u00f9 semplice per ogni azienda la creazione e la produzione di comunicazioni personalizzate.","og_url":"https:\/\/www.xmpie.com\/it\/informazioni-su-xmpie\/societ\/tecnologia-xmpie\/","og_site_name":"XMPie","article_publisher":"https:\/\/www.facebook.com\/xmpie","article_modified_time":"2016-07-19T12:43:27+00:00","og_image":[{"url":"https:\/\/www.xmpie.com\/wp-content\/uploads\/2016\/04\/about-diagram-1.png","type":"","width":"","height":""}],"twitter_card":"summary_large_image","twitter_site":"@XMPie","twitter_misc":{"Tempo di lettura stimato":"1 minuto"},"schema":{"@context":"https:\/\/schema.org","@graph":[{"@type":"WebPage","@id":"https:\/\/www.xmpie.com\/it\/informazioni-su-xmpie\/societ\/tecnologia-xmpie\/","url":"https:\/\/www.xmpie.com\/it\/informazioni-su-xmpie\/societ\/tecnologia-xmpie\/","name":"Tecnologia XMPie - XMPie","isPartOf":{"@id":"https:\/\/www.xmpie.com\/it\/#website"},"primaryImageOfPage":{"@id":"https:\/\/www.xmpie.com\/it\/informazioni-su-xmpie\/societ\/tecnologia-xmpie\/#primaryimage"},"image":{"@id":"https:\/\/www.xmpie.com\/it\/informazioni-su-xmpie\/societ\/tecnologia-xmpie\/#primaryimage"},"thumbnailUrl":"https:\/\/www.xmpie.com\/wp-content\/uploads\/2016\/04\/about-diagram-1.png","datePublished":"2016-04-11T13:41:39+00:00","dateModified":"2016-07-19T12:43:27+00:00","description":"L\u2019integrazione tra la stampa e i media digitali.\u00a0Rendiamo pi\u00f9 semplice per ogni azienda la creazione e la produzione di comunicazioni personalizzate.","breadcrumb":{"@id":"https:\/\/www.xmpie.com\/it\/informazioni-su-xmpie\/societ\/tecnologia-xmpie\/#breadcrumb"},"inLanguage":"it-IT","potentialAction":[{"@type":"ReadAction","target":["https:\/\/www.xmpie.com\/it\/informazioni-su-xmpie\/societ\/tecnologia-xmpie\/"]}]},{"@type":"ImageObject","inLanguage":"it-IT","@id":"https:\/\/www.xmpie.com\/it\/informazioni-su-xmpie\/societ\/tecnologia-xmpie\/#primaryimage","url":"https:\/\/www.xmpie.com\/wp-content\/uploads\/2016\/04\/about-diagram-1.png","contentUrl":"https:\/\/www.xmpie.com\/wp-content\/uploads\/2016\/04\/about-diagram-1.png"},{"@type":"BreadcrumbList","@id":"https:\/\/www.xmpie.com\/it\/informazioni-su-xmpie\/societ\/tecnologia-xmpie\/#breadcrumb","itemListElement":[{"@type":"ListItem","position":1,"name":"Home","item":"https:\/\/www.xmpie.com\/it\/"},{"@type":"ListItem","position":2,"name":"Informazioni su XMPie","item":"https:\/\/www.xmpie.com\/it\/informazioni-su-xmpie\/"},{"@type":"ListItem","position":3,"name":"Societ\u00e0","item":"https:\/\/www.xmpie.com\/it\/informazioni-su-xmpie\/societ\/"},{"@type":"ListItem","position":4,"name":"Tecnologia XMPie"}]},{"@type":"WebSite","@id":"https:\/\/www.xmpie.com\/it\/#website","url":"https:\/\/www.xmpie.com\/it\/","name":"XMPie","description":"Our Technology Integrates print and digital media to improve the brand experience","publisher":{"@id":"https:\/\/www.xmpie.com\/it\/#organization"},"potentialAction":[{"@type":"SearchAction","target":{"@type":"EntryPoint","urlTemplate":"https:\/\/www.xmpie.com\/it\/?s={search_term_string}"},"query-input":{"@type":"PropertyValueSpecification","valueRequired":true,"valueName":"search_term_string"}}],"inLanguage":"it-IT"},{"@type":"Organization","@id":"https:\/\/www.xmpie.com\/it\/#organization","name":"XMPie","url":"https:\/\/www.xmpie.com\/it\/","logo":{"@type":"ImageObject","inLanguage":"it-IT","@id":"https:\/\/www.xmpie.com\/it\/#\/schema\/logo\/image\/","url":"https:\/\/www.xmpie.com\/wp-content\/uploads\/2015\/07\/logo.png","contentUrl":"https:\/\/www.xmpie.com\/wp-content\/uploads\/2015\/07\/logo.png","width":62,"height":62,"caption":"XMPie"},"image":{"@id":"https:\/\/www.xmpie.com\/it\/#\/schema\/logo\/image\/"},"sameAs":["https:\/\/www.facebook.com\/xmpie","https:\/\/x.com\/XMPie","http:\/\/www.linkedin.com\/company\/xmpie","https:\/\/www.pinterest.com\/XMPieCreate\/","http:\/\/www.youtube.com\/xmpie"]}]}},"_links":{"self":[{"href":"https:\/\/www.xmpie.com\/it\/wp-json\/wp\/v2\/pages\/9187","targetHints":{"allow":["GET"]}}],"collection":[{"href":"https:\/\/www.xmpie.com\/it\/wp-json\/wp\/v2\/pages"}],"about":[{"href":"https:\/\/www.xmpie.com\/it\/wp-json\/wp\/v2\/types\/page"}],"author":[{"embeddable":true,"href":"https:\/\/www.xmpie.com\/it\/wp-json\/wp\/v2\/users\/12"}],"replies":[{"embeddable":true,"href":"https:\/\/www.xmpie.com\/it\/wp-json\/wp\/v2\/comments?post=9187"}],"version-history":[{"count":2,"href":"https:\/\/www.xmpie.com\/it\/wp-json\/wp\/v2\/pages\/9187\/revisions"}],"predecessor-version":[{"id":18087,"href":"https:\/\/www.xmpie.com\/it\/wp-json\/wp\/v2\/pages\/9187\/revisions\/18087"}],"up":[{"embeddable":true,"href":"https:\/\/www.xmpie.com\/it\/wp-json\/wp\/v2\/pages\/9173"}],"wp:attachment":[{"href":"https:\/\/www.xmpie.com\/it\/wp-json\/wp\/v2\/media?parent=9187"}],"curies":[{"name":"wp","href":"https:\/\/api.w.org\/{rel}","templated":true}]}}