{"id":9196,"date":"2015-08-02T10:50:05","date_gmt":"2015-08-02T10:50:05","guid":{"rendered":"https:\/\/www.xmpie.com\/web-to-print\/personaleffect-storeflow\/?lang=it"},"modified":"2019-09-10T07:27:00","modified_gmt":"2019-09-10T07:27:00","slug":"storeflow","status":"publish","type":"page","link":"https:\/\/www.xmpie.com\/it\/products\/web-to-print-2\/storeflow\/","title":{"rendered":"PersonalEffect StoreFlow"},"content":{"rendered":"<p>PersonalEffect StoreFlow<br \/>\nWEB-TO-PRINT CON AUTOMAZIONE PRESTAMPA INTEGRATA<br \/>\nUna soluzione eCommerce completa che supporta documenti variabili, prodotti statici e documenti Microsoft\u00ae Word, PowerPoint e Adobe\u00ae PDF inviati dagli utenti.<\/p>\n<p>La migliore soluzione software Web-to-print tutto-in-uno per creare e gestire negozi online e portali di marketing.<\/p>\n<p>Riduce i costi fissi e abbassa i costi associati a ogni ordine di stampa. Grazie all\u2019automazione prestampa integrata, PersonalEffect StoreFlow automatizza l\u2019acquisizione degli ordini e implementa un flusso di lavoro efficiente senza sacrificare le funzionalit\u00e0 chiave, consentendo ai fornitori di servizi di aprire i loro negozi a clienti B2B o B2C 24 ore su 24, 7 giorni alla settimana.<\/p>\n<p>Flusso di lavoro completo per il Web-to-print<br \/>\nAutomazione prestampa integrata<br \/>\nNegozi intuitivi da mobile<br \/>\nComoda impostazione e manutenzione del negozio<br \/>\nFlussi di lavoro JDF\/JMF conformi agli standard di settore<br \/>\nAggiornabile per includere i cross-media<br \/>\nTORNA AL WEB-TO-PRINT<br \/>\nALTRI PRODOTTI WEB-TO-PRINT<br \/>\nPersonalEffect StoreFlow Pro<br \/>\nSTORIE DI SUCCESSO<br \/>\nCONTATTA IL NOSTRO TEAM VENDITE<br \/>\nPer documenti variabili e statici<br \/>\nPer documenti variabili e statici<br \/>\nGli utenti finali possono caricare e ordinare facilmente i propri documenti statici, oppure selezionare e ordinare documenti variabili dal catalogo. \u00c8 possibile inserire sia pagine con dati variabili che statici nello stesso documento, consentendo la produzione di una vasta gamma di prodotti, da volantini e brochure a opuscoli e molti altro.<\/p>\n<p>L\u2019aggiunta di copertine personalizzate, schede dinamiche e altre opzioni customizzate costituisce una versatilit\u00e0 senza precedenti e valore aggiunto nella produzione degli ordini dei clienti.<\/p>\n<p>Progettato per supportare tutti i pi\u00f9 recenti browser e piattaforme<br \/>\nProgettato per supportare tutti i pi\u00f9 recenti browser e piattaforme<br \/>\nIl software web-to-print StoreFlow mantiene il tuo negozio aggiornato e accessibile da diversi dispositivi: PC, tablet e smartphone.<\/p>\n<p>L\u2019interfaccia utente intuitiva e semplice da usare garantir\u00e0 ai tuoi clienti un\u2019esperienza di e-commerce facile e familiare; inoltre \u00e8 semplice modificare l\u2019aspetto del negozio per controllarne l\u2019aspetto o per adattarlo al proprio marchio, perch\u00e9 StoreFlow Cloud si basa sullo standard CSS. Strumenti all\u2019avanguardia, come l\u2019accesso con i social media e video di YouTube incorporati, miglioreranno ulteriormente la user experience e renderanno il tuo negozio pi\u00f9 appetibile.<\/p>\n<p>Semplice impostazione e manutenzione del negozio<br \/>\nSemplice impostazione e manutenzione del negozio<br \/>\nLa dashboard di StoreFlow consente agli amministratori di configurare e gestire rapidamente i negozi. Naviga tra le schede di configurazione per definire le informazioni base del negozio e metterlo rapidamente online. \u00c8 possibile creare facilmente i cataloghi dei prodotti a partire da template di documenti creati usando uCreate Print, che funziona in modalit\u00e0 nativa in Adobe InDesign. Devi solo selezionare un template, specificare quali variabili possono essere modificate da un cliente e definire i parametri di produzione e completamento.<\/p>\n<p>Per accelerare l\u2019impostazione di prodotti simili, StoreFlow si basa su profili prodotto, che consentono agli amministratori di definire propriet\u00e0 di prodotto globali, inclusi prezzo e parametri di produzione, che verranno applicate a un gruppo di prodotti. Queste propriet\u00e0 si propagheranno automaticamente a tutti i prodotti con quel profilo, facendo risparmiare tempo ed evitare errori. Per garantire flessibilit\u00e0, gli amministratori possono decidere caso per caso quali parametri trasmettere e quali sovrascrivere in base al prodotto.<\/p>\n<p>Automazione della produzione a occhi chiusi<br \/>\nAutomazione della produzione a occhi chiusi<br \/>\nIl software web-to-print StoreFlow include Xerox\u00ae FreeFlow\u00ae Core, che consente agli amministratori di un negozio di definire flussi di lavoro articolati in diversi passaggi per la preimpaginazione di documenti, l\u2019automatizzazione dell\u2019imposizione e l\u2019invio dei lavori direttamente alla stampa digitale o a una cartella predefinita: tutto ci\u00f2 che serve per preparare e processare lavori web-to-print per la produzione in modo efficiente.<\/p>\n<p>Conformit\u00e0 a JDF e programmazione lavori<br \/>\nConformit\u00e0 a JDF e programmazione lavori<br \/>\nOgni lavoro di stampa creato in StoreFlow si accompagna a un job ticket JDF generato automaticamente, che consente di processare direttamente i lavori tramite dispositivi conformi a JDF. Grazie alle capacit\u00e0 JDF, i clienti possono beneficiare di maggiore automazione, velocit\u00e0, efficienza sotto il profilo dei costi e facilit\u00e0 di utilizzo. Lo schema JDF di StoreFlow \u00e8 stato validato con Xerox FreeFlow Process Manager\u00ae. Per questo motivo i clienti che lavorano gi\u00e0 con FreeFlow Process Manager possono ora integrarsi perfettamente con StoreFlow.<\/p>\n<p>Campaigns on Demand<br \/>\nCampaigns on Demand<br \/>\nLa soluzione Campaigns on Demand (Campagna-on-demand) rende le campagne multicanale facilmente accessibili per customizzazioni, personalizzazioni, utilizzi e riutilizzi, attraverso vetrine self-service ed e-commerce. Questo nuovo strumento consente a concessionarie o filiali di creare e distribuire innovative campagne multicanale, normalmente difficili da creare da zero. Ora gli operatori possono offrire flussi di campagne multicanale a marchio che includono punti di contatto su diversi media, e possono costruire campagne sfruttando internet, le e-mail o lo sviluppo di applicazioni mobili. L\u2019utente finale pu\u00f2 selezionare, customizzare, ordinare, eseguire e tracciare ogni singola campagna direttamente dalla vetrina Web-To-Print. Gli utenti possono visualizzare i dati analitici di una campagna in tempo reale e possono scaricare dati aggiornati sui clienti, il tutto in modalit\u00e0 self-service.<\/p>\n","protected":false},"excerpt":{"rendered":"<p>Una soluzione eCommerce completa che supporta documenti variabili, prodotti statici e documenti Microsoft\u00ae Word, PowerPoint e Adobe\u00ae PDF inviati dagli utenti.<\/p>\n","protected":false},"author":1,"featured_media":0,"parent":9193,"menu_order":0,"comment_status":"open","ping_status":"open","template":"templates\/product.php","meta":{"_acf_changed":false,"footnotes":""},"class_list":["post-9196","page","type-page","status-publish","hentry"],"acf":[],"yoast_head":"<!-- This site is optimized with the Yoast SEO Premium plugin v26.5 (Yoast SEO v27.1.1) - https:\/\/yoast.com\/product\/yoast-seo-premium-wordpress\/ -->\n<title>PersonalEffect StoreFlow | Automazione prestampa | XMPie<\/title>\n<meta name=\"description\" content=\"La migliore soluzione software Web-to-print tutto-in-uno per creare e gestire negozi online e portali di marketing.\" \/>\n<meta name=\"robots\" content=\"index, follow, max-snippet:-1, max-image-preview:large, max-video-preview:-1\" \/>\n<link rel=\"canonical\" href=\"https:\/\/www.xmpie.com\/it\/products\/web-to-print-2\/storeflow\/\" \/>\n<meta property=\"og:locale\" content=\"it_IT\" \/>\n<meta property=\"og:type\" content=\"article\" \/>\n<meta property=\"og:title\" content=\"PersonalEffect StoreFlow\" \/>\n<meta property=\"og:description\" content=\"La migliore soluzione software Web-to-print tutto-in-uno per creare e gestire negozi online e portali di marketing.\" \/>\n<meta property=\"og:url\" content=\"https:\/\/www.xmpie.com\/it\/products\/web-to-print-2\/storeflow\/\" \/>\n<meta property=\"og:site_name\" content=\"XMPie\" \/>\n<meta property=\"article:publisher\" content=\"https:\/\/www.facebook.com\/xmpie\" \/>\n<meta property=\"article:modified_time\" content=\"2019-09-10T07:27:00+00:00\" \/>\n<meta name=\"twitter:card\" content=\"summary_large_image\" \/>\n<meta name=\"twitter:site\" content=\"@XMPie\" \/>\n<meta name=\"twitter:label1\" content=\"Tempo di lettura stimato\" \/>\n\t<meta name=\"twitter:data1\" content=\"4 minuti\" \/>\n<script type=\"application\/ld+json\" class=\"yoast-schema-graph\">{\"@context\":\"https:\/\/schema.org\",\"@graph\":[{\"@type\":\"WebPage\",\"@id\":\"https:\/\/www.xmpie.com\/it\/products\/web-to-print-2\/storeflow\/\",\"url\":\"https:\/\/www.xmpie.com\/it\/products\/web-to-print-2\/storeflow\/\",\"name\":\"PersonalEffect StoreFlow | Automazione prestampa | XMPie\",\"isPartOf\":{\"@id\":\"https:\/\/www.xmpie.com\/it\/#website\"},\"datePublished\":\"2015-08-02T10:50:05+00:00\",\"dateModified\":\"2019-09-10T07:27:00+00:00\",\"description\":\"La migliore soluzione software Web-to-print tutto-in-uno per creare e gestire negozi online e portali di marketing.\",\"breadcrumb\":{\"@id\":\"https:\/\/www.xmpie.com\/it\/products\/web-to-print-2\/storeflow\/#breadcrumb\"},\"inLanguage\":\"it-IT\",\"potentialAction\":[{\"@type\":\"ReadAction\",\"target\":[\"https:\/\/www.xmpie.com\/it\/products\/web-to-print-2\/storeflow\/\"]}]},{\"@type\":\"BreadcrumbList\",\"@id\":\"https:\/\/www.xmpie.com\/it\/products\/web-to-print-2\/storeflow\/#breadcrumb\",\"itemListElement\":[{\"@type\":\"ListItem\",\"position\":1,\"name\":\"Home\",\"item\":\"https:\/\/www.xmpie.com\/it\/\"},{\"@type\":\"ListItem\",\"position\":2,\"name\":\"Prodotti\",\"item\":\"https:\/\/www.xmpie.com\/it\/products\/\"},{\"@type\":\"ListItem\",\"position\":3,\"name\":\"Web-To-Print\",\"item\":\"https:\/\/www.xmpie.com\/it\/products\/web-to-print-2\/\"},{\"@type\":\"ListItem\",\"position\":4,\"name\":\"PersonalEffect StoreFlow\"}]},{\"@type\":\"WebSite\",\"@id\":\"https:\/\/www.xmpie.com\/it\/#website\",\"url\":\"https:\/\/www.xmpie.com\/it\/\",\"name\":\"XMPie\",\"description\":\"Our Technology Integrates print and digital media to improve the brand experience\",\"publisher\":{\"@id\":\"https:\/\/www.xmpie.com\/it\/#organization\"},\"potentialAction\":[{\"@type\":\"SearchAction\",\"target\":{\"@type\":\"EntryPoint\",\"urlTemplate\":\"https:\/\/www.xmpie.com\/it\/?s={search_term_string}\"},\"query-input\":{\"@type\":\"PropertyValueSpecification\",\"valueRequired\":true,\"valueName\":\"search_term_string\"}}],\"inLanguage\":\"it-IT\"},{\"@type\":\"Organization\",\"@id\":\"https:\/\/www.xmpie.com\/it\/#organization\",\"name\":\"XMPie\",\"url\":\"https:\/\/www.xmpie.com\/it\/\",\"logo\":{\"@type\":\"ImageObject\",\"inLanguage\":\"it-IT\",\"@id\":\"https:\/\/www.xmpie.com\/it\/#\/schema\/logo\/image\/\",\"url\":\"https:\/\/www.xmpie.com\/wp-content\/uploads\/2015\/07\/logo.png\",\"contentUrl\":\"https:\/\/www.xmpie.com\/wp-content\/uploads\/2015\/07\/logo.png\",\"width\":62,\"height\":62,\"caption\":\"XMPie\"},\"image\":{\"@id\":\"https:\/\/www.xmpie.com\/it\/#\/schema\/logo\/image\/\"},\"sameAs\":[\"https:\/\/www.facebook.com\/xmpie\",\"https:\/\/x.com\/XMPie\",\"http:\/\/www.linkedin.com\/company\/xmpie\",\"https:\/\/www.pinterest.com\/XMPieCreate\/\",\"http:\/\/www.youtube.com\/xmpie\"]}]}<\/script>\n<!-- \/ Yoast SEO Premium plugin. -->","yoast_head_json":{"title":"PersonalEffect StoreFlow | Automazione prestampa | XMPie","description":"La migliore soluzione software Web-to-print tutto-in-uno per creare e gestire negozi online e portali di marketing.","robots":{"index":"index","follow":"follow","max-snippet":"max-snippet:-1","max-image-preview":"max-image-preview:large","max-video-preview":"max-video-preview:-1"},"canonical":"https:\/\/www.xmpie.com\/it\/products\/web-to-print-2\/storeflow\/","og_locale":"it_IT","og_type":"article","og_title":"PersonalEffect StoreFlow","og_description":"La migliore soluzione software Web-to-print tutto-in-uno per creare e gestire negozi online e portali di marketing.","og_url":"https:\/\/www.xmpie.com\/it\/products\/web-to-print-2\/storeflow\/","og_site_name":"XMPie","article_publisher":"https:\/\/www.facebook.com\/xmpie","article_modified_time":"2019-09-10T07:27:00+00:00","twitter_card":"summary_large_image","twitter_site":"@XMPie","twitter_misc":{"Tempo di lettura stimato":"4 minuti"},"schema":{"@context":"https:\/\/schema.org","@graph":[{"@type":"WebPage","@id":"https:\/\/www.xmpie.com\/it\/products\/web-to-print-2\/storeflow\/","url":"https:\/\/www.xmpie.com\/it\/products\/web-to-print-2\/storeflow\/","name":"PersonalEffect StoreFlow | Automazione prestampa | XMPie","isPartOf":{"@id":"https:\/\/www.xmpie.com\/it\/#website"},"datePublished":"2015-08-02T10:50:05+00:00","dateModified":"2019-09-10T07:27:00+00:00","description":"La migliore soluzione software Web-to-print tutto-in-uno per creare e gestire negozi online e portali di marketing.","breadcrumb":{"@id":"https:\/\/www.xmpie.com\/it\/products\/web-to-print-2\/storeflow\/#breadcrumb"},"inLanguage":"it-IT","potentialAction":[{"@type":"ReadAction","target":["https:\/\/www.xmpie.com\/it\/products\/web-to-print-2\/storeflow\/"]}]},{"@type":"BreadcrumbList","@id":"https:\/\/www.xmpie.com\/it\/products\/web-to-print-2\/storeflow\/#breadcrumb","itemListElement":[{"@type":"ListItem","position":1,"name":"Home","item":"https:\/\/www.xmpie.com\/it\/"},{"@type":"ListItem","position":2,"name":"Prodotti","item":"https:\/\/www.xmpie.com\/it\/products\/"},{"@type":"ListItem","position":3,"name":"Web-To-Print","item":"https:\/\/www.xmpie.com\/it\/products\/web-to-print-2\/"},{"@type":"ListItem","position":4,"name":"PersonalEffect StoreFlow"}]},{"@type":"WebSite","@id":"https:\/\/www.xmpie.com\/it\/#website","url":"https:\/\/www.xmpie.com\/it\/","name":"XMPie","description":"Our Technology Integrates print and digital media to improve the brand experience","publisher":{"@id":"https:\/\/www.xmpie.com\/it\/#organization"},"potentialAction":[{"@type":"SearchAction","target":{"@type":"EntryPoint","urlTemplate":"https:\/\/www.xmpie.com\/it\/?s={search_term_string}"},"query-input":{"@type":"PropertyValueSpecification","valueRequired":true,"valueName":"search_term_string"}}],"inLanguage":"it-IT"},{"@type":"Organization","@id":"https:\/\/www.xmpie.com\/it\/#organization","name":"XMPie","url":"https:\/\/www.xmpie.com\/it\/","logo":{"@type":"ImageObject","inLanguage":"it-IT","@id":"https:\/\/www.xmpie.com\/it\/#\/schema\/logo\/image\/","url":"https:\/\/www.xmpie.com\/wp-content\/uploads\/2015\/07\/logo.png","contentUrl":"https:\/\/www.xmpie.com\/wp-content\/uploads\/2015\/07\/logo.png","width":62,"height":62,"caption":"XMPie"},"image":{"@id":"https:\/\/www.xmpie.com\/it\/#\/schema\/logo\/image\/"},"sameAs":["https:\/\/www.facebook.com\/xmpie","https:\/\/x.com\/XMPie","http:\/\/www.linkedin.com\/company\/xmpie","https:\/\/www.pinterest.com\/XMPieCreate\/","http:\/\/www.youtube.com\/xmpie"]}]}},"_links":{"self":[{"href":"https:\/\/www.xmpie.com\/it\/wp-json\/wp\/v2\/pages\/9196","targetHints":{"allow":["GET"]}}],"collection":[{"href":"https:\/\/www.xmpie.com\/it\/wp-json\/wp\/v2\/pages"}],"about":[{"href":"https:\/\/www.xmpie.com\/it\/wp-json\/wp\/v2\/types\/page"}],"author":[{"embeddable":true,"href":"https:\/\/www.xmpie.com\/it\/wp-json\/wp\/v2\/users\/1"}],"replies":[{"embeddable":true,"href":"https:\/\/www.xmpie.com\/it\/wp-json\/wp\/v2\/comments?post=9196"}],"version-history":[{"count":3,"href":"https:\/\/www.xmpie.com\/it\/wp-json\/wp\/v2\/pages\/9196\/revisions"}],"predecessor-version":[{"id":64304,"href":"https:\/\/www.xmpie.com\/it\/wp-json\/wp\/v2\/pages\/9196\/revisions\/64304"}],"up":[{"embeddable":true,"href":"https:\/\/www.xmpie.com\/it\/wp-json\/wp\/v2\/pages\/9193"}],"wp:attachment":[{"href":"https:\/\/www.xmpie.com\/it\/wp-json\/wp\/v2\/media?parent=9196"}],"curies":[{"name":"wp","href":"https:\/\/api.w.org\/{rel}","templated":true}]}}